{"id":9288,"date":"2020-02-18T13:38:13","date_gmt":"2020-02-18T12:38:13","guid":{"rendered":"https:\/\/www.volpatolasm.com\/service\/collaudo\/"},"modified":"2020-02-25T15:05:31","modified_gmt":"2020-02-25T14:05:31","slug":"test-final-de-mise-en-service","status":"publish","type":"page","link":"https:\/\/volpatolasm.com\/fr\/service\/test-final-de-mise-en-service\/","title":{"rendered":"Test final de mise en service"},"content":{"rendered":"<p>[vc_row][vc_column width=&#8221;2\/3&#8243;][vc_custom_heading text=&#8221;La v\u00e9rification du fonctionnement de la machine de finissage avant la livraison<br \/>\n&#8221; use_theme_fonts=&#8221;yes&#8221;][vc_column_text]\u00c0 la fin de la production des machines, VOLPATO effectue le\u00a0<strong>test de mise en service des machines de finissage<\/strong>\u00a0pour v\u00e9rifier leur fonctionnement. Le service est supervis\u00e9 par une \u00e9quipe d\u2019experts professionnels hautement sp\u00e9cialis\u00e9s, en mesure de relever et r\u00e9soudre rapidement tout probl\u00e8me \u00e9ventuellement rencontr\u00e9 par la machine.[\/vc_column_text][\/vc_column][vc_column width=&#8221;1\/3&#8243;][vc_single_image image=&#8221;9187&#8243; img_size=&#8221;medium&#8221; alignment=&#8221;right&#8221;][\/vc_column][\/vc_row][vc_row][vc_column][vc_custom_heading text=&#8221;Quels avantages le service offre-t-il ?<br \/>\n&#8221; font_container=&#8221;tag:h3|text_align:left&#8221; use_theme_fonts=&#8221;yes&#8221; el_class=&#8221;bold&#8221;][vc_column_text]Le service propos\u00e9 par l\u2019entreprise comporte un<strong>\u00a0test de<\/strong>\u00a0<strong>mise en service des machines de finissage de haute qualit\u00e9.<\/strong>\u00a0Le test est effectu\u00e9 directement dans nos \u00e9tablissements, en pr\u00e9sence du client, qui peut ainsi v\u00e9rifier de lui-m\u00eame si, par exemple, la ponceuse command\u00e9e exerce bien toutes les op\u00e9rations pour lesquelles elle a \u00e9t\u00e9 con\u00e7ue. \u00c0 cette phase, par ailleurs, sont offerts d\u2019autres services avantageux tels que :<\/p>\n<ul>\n<li>Formation de l\u2019op\u00e9rateur du client<\/li>\n<li>Utilisation de ses \u00e9chantillons pour le test<\/li>\n<\/ul>\n<p>Naturellement, la machine sera livr\u00e9e uniquement au moment o\u00f9 elle satisfera pleinement les exigences du client.[\/vc_column_text][\/vc_column][\/vc_row][vc_row][vc_column width=&#8221;1\/2&#8243;][vc_custom_heading text=&#8221;Sur quelles machines est-il ex\u00e9cut\u00e9 ?<br \/>\n&#8221; font_container=&#8221;tag:h3|text_align:left&#8221; use_theme_fonts=&#8221;yes&#8221; el_class=&#8221;bold&#8221;][vc_column_text]De fa\u00e7on \u00e0 garantir le service le plus complet possible et \u00e0 satisfaire les exigences des clients qui op\u00e8rent avec diff\u00e9rents mat\u00e9riaux, l\u2019entreprise offre la possibilit\u00e9 d\u2019effectuer le test de\u00a0<strong>mise en service sur tous les mod\u00e8les de machines de finissage<\/strong>, avant qu\u2019elles ne soient livr\u00e9es. Les machines soumises au test de mise en service en question sont donc les suivantes :<\/p>\n<ul>\n<li>Machines pour finissage bois<\/li>\n<li>Machines pour finissage mat\u00e9riaux m\u00e9talliques<\/li>\n<li>Machines pour finissage aluminium<\/li>\n<li>Machines pour finissage mat\u00e9riaux plastiques<\/li>\n<\/ul>\n<p>[\/vc_column_text][\/vc_column][vc_column width=&#8221;1\/2&#8243;][vc_custom_heading text=&#8221;Vous souhaitez obtenir des informations suppl\u00e9mentaires sur le service de test de mise en service ?<br \/>\n&#8221; font_container=&#8221;tag:h3|text_align:left&#8221; use_theme_fonts=&#8221;yes&#8221; el_class=&#8221;bold&#8221;][vc_column_text]Si vous avez besoin de plus amples\u00a0<strong>informations sur le service de test de mise en service,<\/strong>\u00a0vous pouvez contacter l\u2019entreprise en remplissant simplement le formulaire que vous trouverez dans la section des contacts. Vous obtiendrez ainsi une r\u00e9ponse d\u00e9taill\u00e9e \u00e0 toutes vos demandes par un membre de notre \u00e9quipe d\u2019experts.[\/vc_column_text][\/vc_column][\/vc_row]<\/p>\n","protected":false},"excerpt":{"rendered":"<p>[vc_row][vc_column width=&#8221;2\/3&#8243;][vc_custom_heading text=&#8221;La v\u00e9rification du fonctionnement de la machine de finissage avant la livraison &#8221; use_theme_fonts=&#8221;yes&#8221;][vc_column_text]\u00c0 la fin de la production des machines, VOLPATO effectue le\u00a0test de mise en service des machines de finissage\u00a0pour v\u00e9rifier leur fonctionnement. Le service est supervis\u00e9 par une \u00e9quipe d\u2019experts professionnels hautement sp\u00e9cialis\u00e9s, en mesure de relever et r\u00e9soudre rapidement [&hellip;]<\/p>\n","protected":false},"author":4,"featured_media":0,"parent":9194,"menu_order":0,"comment_status":"closed","ping_status":"closed","template":"","meta":[],"yoast_head":"<!-- This site is optimized with the Yoast SEO plugin v19.5.1 - https:\/\/yoast.com\/wordpress\/plugins\/seo\/ -->\n<title>Test final de mise en service - Volpato LASM<\/title>\n<meta name=\"description\" content=\"\u00c0 la fin de la production des machines, VOLPATO effectue le\u00a0test de mise en service des machines de finissage\u00a0pour v\u00e9rifier leur fonctionnement. Le\" \/>\n<meta name=\"robots\" content=\"index, follow, max-snippet:-1, max-image-preview:large, max-video-preview:-1\" \/>\n<link rel=\"canonical\" href=\"https:\/\/volpatolasm.com\/fr\/wp-json\/wp\/v2\/pages\/9288\/\" \/>\n<meta property=\"og:locale\" content=\"fr_FR\" \/>\n<meta property=\"og:type\" content=\"article\" \/>\n<meta property=\"og:title\" content=\"Test final de mise en service - Volpato LASM\" \/>\n<meta property=\"og:description\" content=\"\u00c0 la fin de la production des machines, VOLPATO effectue le\u00a0test de mise en service des machines de finissage\u00a0pour v\u00e9rifier leur fonctionnement. Le\" \/>\n<meta property=\"og:url\" content=\"https:\/\/volpatolasm.com\/fr\/service\/test-final-de-mise-en-service\/\" \/>\n<meta property=\"og:site_name\" content=\"Volpato LASM\" \/>\n<meta property=\"article:modified_time\" content=\"2020-02-25T14:05:31+00:00\" \/>\n<meta name=\"twitter:card\" content=\"summary_large_image\" \/>\n<meta name=\"twitter:label1\" content=\"Dur\u00e9e de lecture estim\u00e9e\" \/>\n\t<meta name=\"twitter:data1\" content=\"2 minutes\" \/>\n<!-- \/ Yoast SEO plugin. -->","yoast_head_json":{"title":"Test final de mise en service - Volpato LASM","description":"\u00c0 la fin de la production des machines, VOLPATO effectue le\u00a0test de mise en service des machines de finissage\u00a0pour v\u00e9rifier leur fonctionnement. Le","robots":{"index":"index","follow":"follow","max-snippet":"max-snippet:-1","max-image-preview":"max-image-preview:large","max-video-preview":"max-video-preview:-1"},"canonical":"https:\/\/volpatolasm.com\/fr\/wp-json\/wp\/v2\/pages\/9288\/","og_locale":"fr_FR","og_type":"article","og_title":"Test final de mise en service - Volpato LASM","og_description":"\u00c0 la fin de la production des machines, VOLPATO effectue le\u00a0test de mise en service des machines de finissage\u00a0pour v\u00e9rifier leur fonctionnement. Le","og_url":"https:\/\/volpatolasm.com\/fr\/service\/test-final-de-mise-en-service\/","og_site_name":"Volpato LASM","article_modified_time":"2020-02-25T14:05:31+00:00","twitter_card":"summary_large_image","twitter_misc":{"Dur\u00e9e de lecture estim\u00e9e":"2 minutes"},"schema":{"@context":"https:\/\/schema.org","@graph":[{"@type":"WebPage","@id":"https:\/\/volpatolasm.com\/fr\/service\/test-final-de-mise-en-service\/","url":"https:\/\/volpatolasm.com\/fr\/service\/test-final-de-mise-en-service\/","name":"Test final de mise en service - Volpato LASM","isPartOf":{"@id":"https:\/\/volpatolasm.com\/#website"},"datePublished":"2020-02-18T12:38:13+00:00","dateModified":"2020-02-25T14:05:31+00:00","description":"\u00c0 la fin de la production des machines, VOLPATO effectue le\u00a0test de mise en service des machines de finissage\u00a0pour v\u00e9rifier leur fonctionnement. Le","breadcrumb":{"@id":"https:\/\/volpatolasm.com\/fr\/service\/test-final-de-mise-en-service\/#breadcrumb"},"inLanguage":"fr-FR","potentialAction":[{"@type":"ReadAction","target":["https:\/\/volpatolasm.com\/fr\/service\/test-final-de-mise-en-service\/"]}]},{"@type":"BreadcrumbList","@id":"https:\/\/volpatolasm.com\/fr\/service\/test-final-de-mise-en-service\/#breadcrumb","itemListElement":[{"@type":"ListItem","position":1,"name":"Home","item":"https:\/\/volpatolasm.com\/fr\/"},{"@type":"ListItem","position":2,"name":"Service","item":"https:\/\/volpatolasm.com\/fr\/service\/"},{"@type":"ListItem","position":3,"name":"Test final de mise en service"}]},{"@type":"WebSite","@id":"https:\/\/volpatolasm.com\/#website","url":"https:\/\/volpatolasm.com\/","name":"Volpato LASM","description":"","potentialAction":[{"@type":"SearchAction","target":{"@type":"EntryPoint","urlTemplate":"https:\/\/volpatolasm.com\/?s={search_term_string}"},"query-input":"required name=search_term_string"}],"inLanguage":"fr-FR"}]}},"_links":{"self":[{"href":"https:\/\/volpatolasm.com\/fr\/wp-json\/wp\/v2\/pages\/9288"}],"collection":[{"href":"https:\/\/volpatolasm.com\/fr\/wp-json\/wp\/v2\/pages"}],"about":[{"href":"https:\/\/volpatolasm.com\/fr\/wp-json\/wp\/v2\/types\/page"}],"author":[{"embeddable":true,"href":"https:\/\/volpatolasm.com\/fr\/wp-json\/wp\/v2\/users\/4"}],"replies":[{"embeddable":true,"href":"https:\/\/volpatolasm.com\/fr\/wp-json\/wp\/v2\/comments?post=9288"}],"version-history":[{"count":3,"href":"https:\/\/volpatolasm.com\/fr\/wp-json\/wp\/v2\/pages\/9288\/revisions"}],"predecessor-version":[{"id":9298,"href":"https:\/\/volpatolasm.com\/fr\/wp-json\/wp\/v2\/pages\/9288\/revisions\/9298"}],"up":[{"embeddable":true,"href":"https:\/\/volpatolasm.com\/fr\/wp-json\/wp\/v2\/pages\/9194"}],"wp:attachment":[{"href":"https:\/\/volpatolasm.com\/fr\/wp-json\/wp\/v2\/media?parent=9288"}],"curies":[{"name":"wp","href":"https:\/\/api.w.org\/{rel}","templated":true}]}}