{"id":9270,"date":"2020-02-18T13:37:52","date_gmt":"2020-02-18T12:37:52","guid":{"rendered":"https:\/\/www.volpatolasm.com\/service\/realizzazione-su-misura\/"},"modified":"2020-02-25T14:52:47","modified_gmt":"2020-02-25T13:52:47","slug":"realisation-sur-mesure","status":"publish","type":"page","link":"https:\/\/volpatolasm.com\/fr\/service\/realisation-sur-mesure\/","title":{"rendered":"R\u00e9alisation sur mesure"},"content":{"rendered":"<p>[vc_row][vc_column width=&#8221;2\/3&#8243;][vc_custom_heading text=&#8221;La production de machines de finissage con\u00e7ues en fonction des exigences des clients<br \/>\n&#8221; use_theme_fonts=&#8221;yes&#8221;][vc_column_text]De fa\u00e7on \u00e0 pouvoir produire des machines hautement efficaces pour divers contextes productifs, VOLPATO s\u2019est employ\u00e9 \u00e0 l\u2019am\u00e9lioration constante de ses technologies constructives et est en mesure d\u2019offrir un\u00a0<strong>service de r\u00e9alisation de<\/strong>\u00a0<strong>machines de finissage sur mesure.\u00a0<\/strong>Les clients qui choisissent de s\u2019appuyer sur notre entreprise auront la possibilit\u00e9 d\u2019obtenir une machine non standardis\u00e9e, con\u00e7ue pour satisfaire toutes leurs exigences.[\/vc_column_text][\/vc_column][vc_column width=&#8221;1\/3&#8243;][vc_single_image image=&#8221;9182&#8243; img_size=&#8221;medium&#8221; alignment=&#8221;right&#8221;][\/vc_column][\/vc_row][vc_row][vc_column][vc_custom_heading text=&#8221;Pourquoi faire confiance \u00e0 VOLPATO ?<br \/>\n&#8221; font_container=&#8221;tag:h3|text_align:left&#8221; use_theme_fonts=&#8221;yes&#8221; el_class=&#8221;bold&#8221;][vc_column_text]L\u2019avantage de faire confiance \u00e0 VOLPATO consiste \u00e0 s\u2019en remettre \u00e0 une \u00e9quipe de personnes hautement sp\u00e9cialis\u00e9es jouissant d\u2019une longue exp\u00e9rience technique et de finissage. C\u2019est la raison pour laquelle l\u2019entreprise assure la\u00a0<strong>r\u00e9alisation de ponceuses sur mesure de tr\u00e8s haute efficacit\u00e9<\/strong>. Choisir une production de ce type, en outre, permet aux entreprises d\u2019obtenir des avantages suppl\u00e9mentaires tels que :<\/p>\n<ul>\n<li>Possibilit\u00e9 de modifications sur des machines standards<\/li>\n<li>Test final de mise en service sur les machines personnalis\u00e9es<\/li>\n<\/ul>\n<p>[\/vc_column_text][\/vc_column][\/vc_row][vc_row][vc_column width=&#8221;1\/2&#8243;][vc_custom_heading text=&#8221;Quelles machines sont-elles r\u00e9alis\u00e9es ?<br \/>\n&#8221; font_container=&#8221;tag:h3|text_align:left&#8221; use_theme_fonts=&#8221;yes&#8221; el_class=&#8221;bold&#8221;][vc_column_text]Partant des diverses exigences de ses clients, VOLPATO s\u2019emploie \u00e0 am\u00e9liorer constamment son offre afin d\u2019offrir la\u00a0<strong>r\u00e9alisation sur mesure de nombreuses typologies de ponceuses<\/strong>. Gr\u00e2ce \u00e0 une \u00e9quipe d\u2019excellence, consacr\u00e9e \u00e0 la recherche et au d\u00e9veloppement de nouvelles technologies li\u00e9es au domaine int\u00e9ress\u00e9, l\u2019entreprise est en mesure de produire sur mesure les :<\/p>\n<ul>\n<li>Machines pour pon\u00e7age mat\u00e9riaux plastiques<\/li>\n<li>Machines pour pon\u00e7age mat\u00e9riaux m\u00e9talliques<\/li>\n<li>Machines pour pon\u00e7age bois<\/li>\n<\/ul>\n<p>[\/vc_column_text][\/vc_column][vc_column width=&#8221;1\/2&#8243;][vc_custom_heading text=&#8221;Des informations suppl\u00e9mentaires sur le service ?<br \/>\n&#8221; font_container=&#8221;tag:h3|text_align:left&#8221; use_theme_fonts=&#8221;yes&#8221; el_class=&#8221;bold&#8221;][vc_column_text]Si vous d\u00e9sirez conna\u00eetre des d\u00e9tails suppl\u00e9mentaires sur la\u00a0<strong>r\u00e9alisation sur mesure di ponceuses<\/strong>, remplissez le formulaire dans la section contact, et un technicien expert r\u00e9pondra \u00e0 toutes vos questions dans les plus brefs d\u00e9lais[\/vc_column_text][\/vc_column][\/vc_row]<\/p>\n","protected":false},"excerpt":{"rendered":"<p>[vc_row][vc_column width=&#8221;2\/3&#8243;][vc_custom_heading text=&#8221;La production de machines de finissage con\u00e7ues en fonction des exigences des clients &#8221; use_theme_fonts=&#8221;yes&#8221;][vc_column_text]De fa\u00e7on \u00e0 pouvoir produire des machines hautement efficaces pour divers contextes productifs, VOLPATO s\u2019est employ\u00e9 \u00e0 l\u2019am\u00e9lioration constante de ses technologies constructives et est en mesure d\u2019offrir un\u00a0service de r\u00e9alisation de\u00a0machines de finissage sur mesure.\u00a0Les clients qui choisissent [&hellip;]<\/p>\n","protected":false},"author":4,"featured_media":0,"parent":9194,"menu_order":0,"comment_status":"closed","ping_status":"closed","template":"","meta":[],"yoast_head":"<!-- This site is optimized with the Yoast SEO plugin v19.5.1 - https:\/\/yoast.com\/wordpress\/plugins\/seo\/ -->\n<title>R\u00e9alisation sur mesure - Volpato LASM<\/title>\n<meta name=\"description\" content=\"De fa\u00e7on \u00e0 pouvoir produire des machines hautement efficaces pour divers contextes productifs, VOLPATO s\u2019est employ\u00e9 \u00e0 l\u2019am\u00e9lioration constante de ses\" \/>\n<meta name=\"robots\" content=\"index, follow, max-snippet:-1, max-image-preview:large, max-video-preview:-1\" \/>\n<link rel=\"canonical\" href=\"https:\/\/volpatolasm.com\/fr\/wp-json\/wp\/v2\/pages\/9270\/\" \/>\n<meta property=\"og:locale\" content=\"fr_FR\" \/>\n<meta property=\"og:type\" content=\"article\" \/>\n<meta property=\"og:title\" content=\"R\u00e9alisation sur mesure - Volpato LASM\" \/>\n<meta property=\"og:description\" content=\"De fa\u00e7on \u00e0 pouvoir produire des machines hautement efficaces pour divers contextes productifs, VOLPATO s\u2019est employ\u00e9 \u00e0 l\u2019am\u00e9lioration constante de ses\" \/>\n<meta property=\"og:url\" content=\"https:\/\/volpatolasm.com\/fr\/service\/realisation-sur-mesure\/\" \/>\n<meta property=\"og:site_name\" content=\"Volpato LASM\" \/>\n<meta property=\"article:modified_time\" content=\"2020-02-25T13:52:47+00:00\" \/>\n<meta name=\"twitter:card\" content=\"summary_large_image\" \/>\n<meta name=\"twitter:label1\" content=\"Dur\u00e9e de lecture estim\u00e9e\" \/>\n\t<meta name=\"twitter:data1\" content=\"2 minutes\" \/>\n<!-- \/ Yoast SEO plugin. -->","yoast_head_json":{"title":"R\u00e9alisation sur mesure - Volpato LASM","description":"De fa\u00e7on \u00e0 pouvoir produire des machines hautement efficaces pour divers contextes productifs, VOLPATO s\u2019est employ\u00e9 \u00e0 l\u2019am\u00e9lioration constante de ses","robots":{"index":"index","follow":"follow","max-snippet":"max-snippet:-1","max-image-preview":"max-image-preview:large","max-video-preview":"max-video-preview:-1"},"canonical":"https:\/\/volpatolasm.com\/fr\/wp-json\/wp\/v2\/pages\/9270\/","og_locale":"fr_FR","og_type":"article","og_title":"R\u00e9alisation sur mesure - Volpato LASM","og_description":"De fa\u00e7on \u00e0 pouvoir produire des machines hautement efficaces pour divers contextes productifs, VOLPATO s\u2019est employ\u00e9 \u00e0 l\u2019am\u00e9lioration constante de ses","og_url":"https:\/\/volpatolasm.com\/fr\/service\/realisation-sur-mesure\/","og_site_name":"Volpato LASM","article_modified_time":"2020-02-25T13:52:47+00:00","twitter_card":"summary_large_image","twitter_misc":{"Dur\u00e9e de lecture estim\u00e9e":"2 minutes"},"schema":{"@context":"https:\/\/schema.org","@graph":[{"@type":"WebPage","@id":"https:\/\/volpatolasm.com\/fr\/service\/realisation-sur-mesure\/","url":"https:\/\/volpatolasm.com\/fr\/service\/realisation-sur-mesure\/","name":"R\u00e9alisation sur mesure - Volpato LASM","isPartOf":{"@id":"https:\/\/volpatolasm.com\/#website"},"datePublished":"2020-02-18T12:37:52+00:00","dateModified":"2020-02-25T13:52:47+00:00","description":"De fa\u00e7on \u00e0 pouvoir produire des machines hautement efficaces pour divers contextes productifs, VOLPATO s\u2019est employ\u00e9 \u00e0 l\u2019am\u00e9lioration constante de ses","breadcrumb":{"@id":"https:\/\/volpatolasm.com\/fr\/service\/realisation-sur-mesure\/#breadcrumb"},"inLanguage":"fr-FR","potentialAction":[{"@type":"ReadAction","target":["https:\/\/volpatolasm.com\/fr\/service\/realisation-sur-mesure\/"]}]},{"@type":"BreadcrumbList","@id":"https:\/\/volpatolasm.com\/fr\/service\/realisation-sur-mesure\/#breadcrumb","itemListElement":[{"@type":"ListItem","position":1,"name":"Home","item":"https:\/\/volpatolasm.com\/fr\/"},{"@type":"ListItem","position":2,"name":"Service","item":"https:\/\/volpatolasm.com\/fr\/service\/"},{"@type":"ListItem","position":3,"name":"R\u00e9alisation sur mesure"}]},{"@type":"WebSite","@id":"https:\/\/volpatolasm.com\/#website","url":"https:\/\/volpatolasm.com\/","name":"Volpato LASM","description":"","potentialAction":[{"@type":"SearchAction","target":{"@type":"EntryPoint","urlTemplate":"https:\/\/volpatolasm.com\/?s={search_term_string}"},"query-input":"required name=search_term_string"}],"inLanguage":"fr-FR"}]}},"_links":{"self":[{"href":"https:\/\/volpatolasm.com\/fr\/wp-json\/wp\/v2\/pages\/9270"}],"collection":[{"href":"https:\/\/volpatolasm.com\/fr\/wp-json\/wp\/v2\/pages"}],"about":[{"href":"https:\/\/volpatolasm.com\/fr\/wp-json\/wp\/v2\/types\/page"}],"author":[{"embeddable":true,"href":"https:\/\/volpatolasm.com\/fr\/wp-json\/wp\/v2\/users\/4"}],"replies":[{"embeddable":true,"href":"https:\/\/volpatolasm.com\/fr\/wp-json\/wp\/v2\/comments?post=9270"}],"version-history":[{"count":3,"href":"https:\/\/volpatolasm.com\/fr\/wp-json\/wp\/v2\/pages\/9270\/revisions"}],"predecessor-version":[{"id":9280,"href":"https:\/\/volpatolasm.com\/fr\/wp-json\/wp\/v2\/pages\/9270\/revisions\/9280"}],"up":[{"embeddable":true,"href":"https:\/\/volpatolasm.com\/fr\/wp-json\/wp\/v2\/pages\/9194"}],"wp:attachment":[{"href":"https:\/\/volpatolasm.com\/fr\/wp-json\/wp\/v2\/media?parent=9270"}],"curies":[{"name":"wp","href":"https:\/\/api.w.org\/{rel}","templated":true}]}}