{"id":9252,"date":"2020-02-18T13:37:32","date_gmt":"2020-02-18T12:37:32","guid":{"rendered":"https:\/\/www.volpatolasm.com\/service\/assemblaggio\/"},"modified":"2020-02-25T14:08:12","modified_gmt":"2020-02-25T13:08:12","slug":"assemblage","status":"publish","type":"page","link":"https:\/\/volpatolasm.com\/fr\/service\/assemblage\/","title":{"rendered":"Assemblage"},"content":{"rendered":"<p>[vc_row][vc_column width=&#8221;2\/3&#8243;][vc_custom_heading text=&#8221;L\u2019union des composants qui constituent la machine de pon\u00e7age<br \/>\n&#8221; use_theme_fonts=&#8221;yes&#8221;][vc_column_text]En plus de la production des simples composants des machines, VOLPATO proc\u00e8de \u00e0 l\u2019<strong>assemblage des ponceuses<\/strong>, au moyen d\u2019une technologie performante et d\u2019une chaine productive technologique. Cette phase est supervis\u00e9e par une \u00e9quipe technique suivant r\u00e9guli\u00e8rement des formations de mise \u00e0 jour technologique afin d\u2019offrir un service professionnel de haute qualit\u00e9 \u00e0 tous nos clients.[\/vc_column_text][\/vc_column][vc_column width=&#8221;1\/3&#8243;][vc_single_image image=&#8221;9177&#8243; img_size=&#8221;medium&#8221; alignment=&#8221;right&#8221;][\/vc_column][\/vc_row][vc_row][vc_column][vc_custom_heading text=&#8221;Quel type d\u2019avantage offre VOLPATO ?<br \/>\n&#8221; font_container=&#8221;tag:h3|text_align:left&#8221; use_theme_fonts=&#8221;yes&#8221; el_class=&#8221;bold&#8221;][vc_column_text]Accorder sa confiance \u00e0 VOLPATO signifie obtenir un\u00a0<strong>service d\u2019assemblage ponceuses de qualit\u00e9<\/strong>. En effet, l\u2019entreprise, avant d\u2019arriver au moment de la r\u00e9alisation de la machine, collabore avec ses clients afin de d\u00e9finir avec eux une solution en mesure de satisfaire leurs exigences. Lorsque l\u2019on passe \u00e0 la phase de fabrication, le client peut se rendre \u00e0 l\u2019entreprise pour superviser l\u2019\u00e9tat d\u2019avancement de la production et :<\/p>\n<ul>\n<li>Demander des modifications de la machine<\/li>\n<li>Effectuer un test final de mise en service avec ses \u00e9chantillons de production<\/li>\n<\/ul>\n<p>[\/vc_column_text][\/vc_column][\/vc_row][vc_row][vc_column width=&#8221;1\/2&#8243;][vc_custom_heading text=&#8221;Quelles machines sont-elles assembl\u00e9es ?<br \/>\n&#8221; font_container=&#8221;tag:h3|text_align:left&#8221; use_theme_fonts=&#8221;yes&#8221; el_class=&#8221;bold&#8221;][vc_column_text]\u00c0 travers une recherche et un d\u00e9veloppement constant, VOLPATO effectue l\u2019<strong>assemblage de nombreuses typologies de finissage<\/strong>, \u00e9labor\u00e9es pour travailler avec divers mat\u00e9riaux, utilis\u00e9s par des clients op\u00e9rant dans divers segments industriels. Notre team d\u2019experts, par exemple, et en mesure d\u2019effectuer le montage de :<\/p>\n<ul>\n<li>Machines ponceuses pour aluminium<\/li>\n<li>Machines ponceuses pour mati\u00e8res plastiques<\/li>\n<li>Machines ponceuses pour bois<\/li>\n<li>Machines ponceuses pour mati\u00e8res m\u00e9talliques<\/li>\n<\/ul>\n<p>[\/vc_column_text][\/vc_column][vc_column width=&#8221;1\/2&#8243;][vc_custom_heading text=&#8221;Comment obtenir des informations suppl\u00e9mentaires ?<br \/>\n&#8221; font_container=&#8221;tag:h3|text_align:left&#8221; use_theme_fonts=&#8221;yes&#8221; el_class=&#8221;bold&#8221;][vc_column_text]Si vous avez besoin d\u2019obtenir\u00a0<strong>des informations suppl\u00e9mentaires sur le service d\u2019assemblage ponceuses<\/strong>\u00a0propos\u00e9 par l\u2019entreprise remplissez le formulaire de contact, et un technicien expert r\u00e9pondra \u00e0 toutes vos questions dans les plus brefs d\u00e9lais.[\/vc_column_text][\/vc_column][\/vc_row]<\/p>\n","protected":false},"excerpt":{"rendered":"<p>[vc_row][vc_column width=&#8221;2\/3&#8243;][vc_custom_heading text=&#8221;L\u2019union des composants qui constituent la machine de pon\u00e7age &#8221; use_theme_fonts=&#8221;yes&#8221;][vc_column_text]En plus de la production des simples composants des machines, VOLPATO proc\u00e8de \u00e0 l\u2019assemblage des ponceuses, au moyen d\u2019une technologie performante et d\u2019une chaine productive technologique. Cette phase est supervis\u00e9e par une \u00e9quipe technique suivant r\u00e9guli\u00e8rement des formations de mise \u00e0 jour technologique [&hellip;]<\/p>\n","protected":false},"author":4,"featured_media":0,"parent":9194,"menu_order":0,"comment_status":"closed","ping_status":"closed","template":"","meta":[],"yoast_head":"<!-- This site is optimized with the Yoast SEO plugin v19.5.1 - https:\/\/yoast.com\/wordpress\/plugins\/seo\/ -->\n<title>Assemblage - Volpato LASM<\/title>\n<meta name=\"description\" content=\"En plus de la production des simples composants des machines, VOLPATO proc\u00e8de \u00e0 l\u2019assemblage des ponceuses, au moyen d\u2019une technologie performante et\" \/>\n<meta name=\"robots\" content=\"index, follow, max-snippet:-1, max-image-preview:large, max-video-preview:-1\" \/>\n<link rel=\"canonical\" href=\"https:\/\/volpatolasm.com\/fr\/wp-json\/wp\/v2\/pages\/9252\/\" \/>\n<meta property=\"og:locale\" content=\"fr_FR\" \/>\n<meta property=\"og:type\" content=\"article\" \/>\n<meta property=\"og:title\" content=\"Assemblage - Volpato LASM\" \/>\n<meta property=\"og:description\" content=\"En plus de la production des simples composants des machines, VOLPATO proc\u00e8de \u00e0 l\u2019assemblage des ponceuses, au moyen d\u2019une technologie performante et\" \/>\n<meta property=\"og:url\" content=\"https:\/\/volpatolasm.com\/fr\/service\/assemblage\/\" \/>\n<meta property=\"og:site_name\" content=\"Volpato LASM\" \/>\n<meta property=\"article:modified_time\" content=\"2020-02-25T13:08:12+00:00\" \/>\n<meta name=\"twitter:card\" content=\"summary_large_image\" \/>\n<meta name=\"twitter:label1\" content=\"Dur\u00e9e de lecture estim\u00e9e\" \/>\n\t<meta name=\"twitter:data1\" content=\"2 minutes\" \/>\n<!-- \/ Yoast SEO plugin. -->","yoast_head_json":{"title":"Assemblage - Volpato LASM","description":"En plus de la production des simples composants des machines, VOLPATO proc\u00e8de \u00e0 l\u2019assemblage des ponceuses, au moyen d\u2019une technologie performante et","robots":{"index":"index","follow":"follow","max-snippet":"max-snippet:-1","max-image-preview":"max-image-preview:large","max-video-preview":"max-video-preview:-1"},"canonical":"https:\/\/volpatolasm.com\/fr\/wp-json\/wp\/v2\/pages\/9252\/","og_locale":"fr_FR","og_type":"article","og_title":"Assemblage - Volpato LASM","og_description":"En plus de la production des simples composants des machines, VOLPATO proc\u00e8de \u00e0 l\u2019assemblage des ponceuses, au moyen d\u2019une technologie performante et","og_url":"https:\/\/volpatolasm.com\/fr\/service\/assemblage\/","og_site_name":"Volpato LASM","article_modified_time":"2020-02-25T13:08:12+00:00","twitter_card":"summary_large_image","twitter_misc":{"Dur\u00e9e de lecture estim\u00e9e":"2 minutes"},"schema":{"@context":"https:\/\/schema.org","@graph":[{"@type":"WebPage","@id":"https:\/\/volpatolasm.com\/fr\/service\/assemblage\/","url":"https:\/\/volpatolasm.com\/fr\/service\/assemblage\/","name":"Assemblage - Volpato LASM","isPartOf":{"@id":"https:\/\/volpatolasm.com\/#website"},"datePublished":"2020-02-18T12:37:32+00:00","dateModified":"2020-02-25T13:08:12+00:00","description":"En plus de la production des simples composants des machines, VOLPATO proc\u00e8de \u00e0 l\u2019assemblage des ponceuses, au moyen d\u2019une technologie performante et","breadcrumb":{"@id":"https:\/\/volpatolasm.com\/fr\/service\/assemblage\/#breadcrumb"},"inLanguage":"fr-FR","potentialAction":[{"@type":"ReadAction","target":["https:\/\/volpatolasm.com\/fr\/service\/assemblage\/"]}]},{"@type":"BreadcrumbList","@id":"https:\/\/volpatolasm.com\/fr\/service\/assemblage\/#breadcrumb","itemListElement":[{"@type":"ListItem","position":1,"name":"Home","item":"https:\/\/volpatolasm.com\/fr\/"},{"@type":"ListItem","position":2,"name":"Service","item":"https:\/\/volpatolasm.com\/fr\/service\/"},{"@type":"ListItem","position":3,"name":"Assemblage"}]},{"@type":"WebSite","@id":"https:\/\/volpatolasm.com\/#website","url":"https:\/\/volpatolasm.com\/","name":"Volpato LASM","description":"","potentialAction":[{"@type":"SearchAction","target":{"@type":"EntryPoint","urlTemplate":"https:\/\/volpatolasm.com\/?s={search_term_string}"},"query-input":"required name=search_term_string"}],"inLanguage":"fr-FR"}]}},"_links":{"self":[{"href":"https:\/\/volpatolasm.com\/fr\/wp-json\/wp\/v2\/pages\/9252"}],"collection":[{"href":"https:\/\/volpatolasm.com\/fr\/wp-json\/wp\/v2\/pages"}],"about":[{"href":"https:\/\/volpatolasm.com\/fr\/wp-json\/wp\/v2\/types\/page"}],"author":[{"embeddable":true,"href":"https:\/\/volpatolasm.com\/fr\/wp-json\/wp\/v2\/users\/4"}],"replies":[{"embeddable":true,"href":"https:\/\/volpatolasm.com\/fr\/wp-json\/wp\/v2\/comments?post=9252"}],"version-history":[{"count":3,"href":"https:\/\/volpatolasm.com\/fr\/wp-json\/wp\/v2\/pages\/9252\/revisions"}],"predecessor-version":[{"id":9262,"href":"https:\/\/volpatolasm.com\/fr\/wp-json\/wp\/v2\/pages\/9252\/revisions\/9262"}],"up":[{"embeddable":true,"href":"https:\/\/volpatolasm.com\/fr\/wp-json\/wp\/v2\/pages\/9194"}],"wp:attachment":[{"href":"https:\/\/volpatolasm.com\/fr\/wp-json\/wp\/v2\/media?parent=9252"}],"curies":[{"name":"wp","href":"https:\/\/api.w.org\/{rel}","templated":true}]}}