{"id":9234,"date":"2020-02-18T13:37:12","date_gmt":"2020-02-18T12:37:12","guid":{"rendered":"https:\/\/www.volpatolasm.com\/service\/progettazione\/"},"modified":"2020-02-25T13:54:58","modified_gmt":"2020-02-25T12:54:58","slug":"conception","status":"publish","type":"page","link":"https:\/\/volpatolasm.com\/fr\/service\/conception\/","title":{"rendered":"Conception"},"content":{"rendered":"<p>[vc_row][vc_column width=&#8221;2\/3&#8243;][vc_custom_heading text=&#8221;Conception de machines innovantes pour finissage sur mesure<br \/>\n&#8221; use_theme_fonts=&#8221;yes&#8221;][vc_column_text]Si vous \u00eates \u00e0 la recherche d\u2019un partenaire professionnel, en mesure d\u2019\u00e9laborer une\u00a0<strong>conception de machines de finissage personnalis\u00e9e<\/strong>, apte \u00e0 am\u00e9liorer les performances de votre chaine de production et les produits que vous offrez \u00e0 vos clients, choisissez l\u2019exp\u00e9rience de VOLPATO. Gr\u00e2ce \u00e0 une \u00e9quipe de professionnels hautement sp\u00e9cialis\u00e9s et en formation constante, notre entreprise est en mesure de concevoir des machines innovantes, adapt\u00e9es \u00e0 toutes les exigences.[\/vc_column_text][\/vc_column][vc_column width=&#8221;1\/3&#8243;][vc_single_image image=&#8221;9172&#8243; img_size=&#8221;medium&#8221; alignment=&#8221;right&#8221;][\/vc_column][\/vc_row][vc_row][vc_column][vc_custom_heading text=&#8221;Quelles typologies de ponceuses sont-elles projet\u00e9es ?<br \/>\n&#8221; font_container=&#8221;tag:h3|text_align:left&#8221; use_theme_fonts=&#8221;yes&#8221; el_class=&#8221;bold&#8221;][vc_column_text]Tout au long de son histoire, notre entreprise a connu une \u00e9volution de son public cible. Actuellement, elle peut par exemple offrir la\u00a0<strong>conception d\u2019une vaste gamme de machines de pon\u00e7age<\/strong>, en mesure de travailler avec diverses typologies de mat\u00e9riaux. Le personnel de l\u2019entreprise est en effet en mesure de fournir un excellent support dans la conception des typologies de machine suivantes :<\/p>\n<ul>\n<li>Ponceuses pour bois<\/li>\n<li>Ponceuses pour mat\u00e9riaux plastiques<\/li>\n<li>Ponceuses pour mat\u00e9riaux m\u00e9talliques<\/li>\n<\/ul>\n<p>[\/vc_column_text][\/vc_column][\/vc_row][vc_row][vc_column][vc_custom_heading text=&#8221;Pourquoi choisir VOLPATO ?<br \/>\n&#8221; font_container=&#8221;tag:h3|text_align:left&#8221; use_theme_fonts=&#8221;yes&#8221; el_class=&#8221;bold&#8221;][vc_column_text]<\/p>\n<div class=\"et_pb_row et_pb_row_3\">\n<div class=\"et_pb_column et_pb_column_4_4 et_pb_column_4 et_pb_css_mix_blend_mode_passthrough et-last-child\">\n<div class=\"et_pb_module et_pb_text et_pb_text_2 et_pb_text_align_left et_pb_bg_layout_light\">\n<div class=\"et_pb_text_inner\">\n<p>Pour \u00eatre en mesure de satisfaire tous les besoins des soci\u00e9t\u00e9s qui travaillent dans ce secteur, VOLPATO est en mesure d\u2019\u00e9laborer une\u00a0<strong>conception personnalis\u00e9e de machines de finissage<\/strong>. Ce type de service est rendu possible par l\u2019utilisation d\u2019un logiciel particulier permettant de r\u00e9aliser un mod\u00e8le 3D de la machine, avant de passer \u00e0 la phase de r\u00e9alisation proprement dite. Le client pourra en outre superviser les diverses phases de fabrication et en tirer certains avantages, tels que :<\/p>\n<ul>\n<li>Possibilit\u00e9 de demander des modifications en cours de r\u00e9alisation<\/li>\n<li>Possibilit\u00e9 de tester le fonctionnement avec ses propres \u00e9chantillons<\/li>\n<\/ul>\n<\/div>\n<\/div>\n<\/div>\n<\/div>\n<div class=\"et_pb_row et_pb_row_4\">\n<div class=\"et_pb_column et_pb_column_4_4 et_pb_column_5 et_pb_css_mix_blend_mode_passthrough et-last-child\">\n<div class=\"et_pb_module et_pb_text et_pb_text_3 et_pb_text_align_left et_pb_bg_layout_light\">\n<div class=\"et_pb_text_inner\">\n<p>Ce n\u2019est que quand les exigences de l\u2019utilisateur final seront satisfaites, et apr\u00e8s avoir effectu\u00e9 le test final de mise en service, la machine sera livr\u00e9e.<\/p>\n<\/div>\n<\/div>\n<\/div>\n<\/div>\n<p>[\/vc_column_text][\/vc_column][\/vc_row][vc_row][vc_column][vc_custom_heading text=&#8221;De plus amples d\u00e9tails sur le service de conception ?<br \/>\n&#8221; font_container=&#8221;tag:h3|text_align:left&#8221; use_theme_fonts=&#8221;yes&#8221; el_class=&#8221;bold&#8221;][vc_column_text]Si vous avez besoin de plus amples\u00a0<strong>informations sur la conception de ponceuses<\/strong>, n\u2019h\u00e9sitez pas \u00e0 nous contacter. Vous aurez toutes les informations n\u00e9cessaires dans les plus brefs d\u00e9lais.[\/vc_column_text][\/vc_column][\/vc_row]<\/p>\n","protected":false},"excerpt":{"rendered":"<p>[vc_row][vc_column width=&#8221;2\/3&#8243;][vc_custom_heading text=&#8221;Conception de machines innovantes pour finissage sur mesure &#8221; use_theme_fonts=&#8221;yes&#8221;][vc_column_text]Si vous \u00eates \u00e0 la recherche d\u2019un partenaire professionnel, en mesure d\u2019\u00e9laborer une\u00a0conception de machines de finissage personnalis\u00e9e, apte \u00e0 am\u00e9liorer les performances de votre chaine de production et les produits que vous offrez \u00e0 vos clients, choisissez l\u2019exp\u00e9rience de VOLPATO. Gr\u00e2ce \u00e0 une [&hellip;]<\/p>\n","protected":false},"author":4,"featured_media":0,"parent":9194,"menu_order":0,"comment_status":"closed","ping_status":"closed","template":"","meta":[],"yoast_head":"<!-- This site is optimized with the Yoast SEO plugin v19.5.1 - https:\/\/yoast.com\/wordpress\/plugins\/seo\/ -->\n<title>Conception - Volpato LASM<\/title>\n<meta name=\"description\" content=\"Si vous \u00eates \u00e0 la recherche d\u2019un partenaire professionnel, en mesure d\u2019\u00e9laborer une\u00a0conception de machines de finissage personnalis\u00e9e, apte \u00e0 am\u00e9liorer\" \/>\n<meta name=\"robots\" content=\"index, follow, max-snippet:-1, max-image-preview:large, max-video-preview:-1\" \/>\n<link rel=\"canonical\" href=\"https:\/\/volpatolasm.com\/fr\/wp-json\/wp\/v2\/pages\/9234\/\" \/>\n<meta property=\"og:locale\" content=\"fr_FR\" \/>\n<meta property=\"og:type\" content=\"article\" \/>\n<meta property=\"og:title\" content=\"Conception - Volpato LASM\" \/>\n<meta property=\"og:description\" content=\"Si vous \u00eates \u00e0 la recherche d\u2019un partenaire professionnel, en mesure d\u2019\u00e9laborer une\u00a0conception de machines de finissage personnalis\u00e9e, apte \u00e0 am\u00e9liorer\" \/>\n<meta property=\"og:url\" content=\"https:\/\/volpatolasm.com\/fr\/service\/conception\/\" \/>\n<meta property=\"og:site_name\" content=\"Volpato LASM\" \/>\n<meta property=\"article:modified_time\" content=\"2020-02-25T12:54:58+00:00\" \/>\n<meta name=\"twitter:card\" content=\"summary_large_image\" \/>\n<meta name=\"twitter:label1\" content=\"Dur\u00e9e de lecture estim\u00e9e\" \/>\n\t<meta name=\"twitter:data1\" content=\"2 minutes\" \/>\n<!-- \/ Yoast SEO plugin. -->","yoast_head_json":{"title":"Conception - Volpato LASM","description":"Si vous \u00eates \u00e0 la recherche d\u2019un partenaire professionnel, en mesure d\u2019\u00e9laborer une\u00a0conception de machines de finissage personnalis\u00e9e, apte \u00e0 am\u00e9liorer","robots":{"index":"index","follow":"follow","max-snippet":"max-snippet:-1","max-image-preview":"max-image-preview:large","max-video-preview":"max-video-preview:-1"},"canonical":"https:\/\/volpatolasm.com\/fr\/wp-json\/wp\/v2\/pages\/9234\/","og_locale":"fr_FR","og_type":"article","og_title":"Conception - Volpato LASM","og_description":"Si vous \u00eates \u00e0 la recherche d\u2019un partenaire professionnel, en mesure d\u2019\u00e9laborer une\u00a0conception de machines de finissage personnalis\u00e9e, apte \u00e0 am\u00e9liorer","og_url":"https:\/\/volpatolasm.com\/fr\/service\/conception\/","og_site_name":"Volpato LASM","article_modified_time":"2020-02-25T12:54:58+00:00","twitter_card":"summary_large_image","twitter_misc":{"Dur\u00e9e de lecture estim\u00e9e":"2 minutes"},"schema":{"@context":"https:\/\/schema.org","@graph":[{"@type":"WebPage","@id":"https:\/\/volpatolasm.com\/fr\/service\/conception\/","url":"https:\/\/volpatolasm.com\/fr\/service\/conception\/","name":"Conception - Volpato LASM","isPartOf":{"@id":"https:\/\/volpatolasm.com\/#website"},"datePublished":"2020-02-18T12:37:12+00:00","dateModified":"2020-02-25T12:54:58+00:00","description":"Si vous \u00eates \u00e0 la recherche d\u2019un partenaire professionnel, en mesure d\u2019\u00e9laborer une\u00a0conception de machines de finissage personnalis\u00e9e, apte \u00e0 am\u00e9liorer","breadcrumb":{"@id":"https:\/\/volpatolasm.com\/fr\/service\/conception\/#breadcrumb"},"inLanguage":"fr-FR","potentialAction":[{"@type":"ReadAction","target":["https:\/\/volpatolasm.com\/fr\/service\/conception\/"]}]},{"@type":"BreadcrumbList","@id":"https:\/\/volpatolasm.com\/fr\/service\/conception\/#breadcrumb","itemListElement":[{"@type":"ListItem","position":1,"name":"Home","item":"https:\/\/volpatolasm.com\/fr\/"},{"@type":"ListItem","position":2,"name":"Service","item":"https:\/\/volpatolasm.com\/fr\/service\/"},{"@type":"ListItem","position":3,"name":"Conception"}]},{"@type":"WebSite","@id":"https:\/\/volpatolasm.com\/#website","url":"https:\/\/volpatolasm.com\/","name":"Volpato LASM","description":"","potentialAction":[{"@type":"SearchAction","target":{"@type":"EntryPoint","urlTemplate":"https:\/\/volpatolasm.com\/?s={search_term_string}"},"query-input":"required name=search_term_string"}],"inLanguage":"fr-FR"}]}},"_links":{"self":[{"href":"https:\/\/volpatolasm.com\/fr\/wp-json\/wp\/v2\/pages\/9234"}],"collection":[{"href":"https:\/\/volpatolasm.com\/fr\/wp-json\/wp\/v2\/pages"}],"about":[{"href":"https:\/\/volpatolasm.com\/fr\/wp-json\/wp\/v2\/types\/page"}],"author":[{"embeddable":true,"href":"https:\/\/volpatolasm.com\/fr\/wp-json\/wp\/v2\/users\/4"}],"replies":[{"embeddable":true,"href":"https:\/\/volpatolasm.com\/fr\/wp-json\/wp\/v2\/comments?post=9234"}],"version-history":[{"count":3,"href":"https:\/\/volpatolasm.com\/fr\/wp-json\/wp\/v2\/pages\/9234\/revisions"}],"predecessor-version":[{"id":9244,"href":"https:\/\/volpatolasm.com\/fr\/wp-json\/wp\/v2\/pages\/9234\/revisions\/9244"}],"up":[{"embeddable":true,"href":"https:\/\/volpatolasm.com\/fr\/wp-json\/wp\/v2\/pages\/9194"}],"wp:attachment":[{"href":"https:\/\/volpatolasm.com\/fr\/wp-json\/wp\/v2\/media?parent=9234"}],"curies":[{"name":"wp","href":"https:\/\/api.w.org\/{rel}","templated":true}]}}