{"id":9216,"date":"2020-02-18T13:36:49","date_gmt":"2020-02-18T12:36:49","guid":{"rendered":"https:\/\/www.volpatolasm.com\/service\/consulenza\/"},"modified":"2020-02-25T13:34:49","modified_gmt":"2020-02-25T12:34:49","slug":"consultance","status":"publish","type":"page","link":"https:\/\/volpatolasm.com\/fr\/service\/consultance\/","title":{"rendered":"Consultance"},"content":{"rendered":"<p>[vc_row][vc_column width=&#8221;2\/3&#8243;][vc_custom_heading text=&#8221;Le service de consultance pour la conception personnalis\u00e9e de machines de pon\u00e7age<br \/>\n&#8221; use_theme_fonts=&#8221;yes&#8221;][vc_column_text]Gr\u00e2ce \u00e0 une \u00e9quipe de professionnels op\u00e9rant depuis des ann\u00e9es dans le secteur, VOLPATO est en mesure d\u2019offrir un excellent service de consultance pour machines de pon\u00e7age, afin de r\u00e9soudre les probl\u00e8mes inh\u00e9rents aux diverses phases de production des clients et leur proposer des solutions aptes \u00e0 am\u00e9liorer leur syst\u00e8me productif ainsi que les caract\u00e9ristiques des produits finis.<\/p>\n<p>[\/vc_column_text][\/vc_column][vc_column width=&#8221;1\/3&#8243;][vc_single_image image=&#8221;9167&#8243; img_size=&#8221;medium&#8221; alignment=&#8221;right&#8221;][\/vc_column][\/vc_row][vc_row][vc_column][vc_custom_heading text=&#8221;Pourquoi contacter VOLPATO pour une consultance ?<br \/>\n&#8221; font_container=&#8221;tag:h3|text_align:left&#8221; use_theme_fonts=&#8221;yes&#8221; el_class=&#8221;bold&#8221;][vc_column_text]Ce que propose VOLPATO est un service de consultance pour machines de finissage de haut niveau, con\u00e7u pour aider ses clients \u00e0 choisir la meilleure machine en fonction de leur fili\u00e8re de production.<\/p>\n<p>Ce type de r\u00e9sultat est rendu possible par la pr\u00e9sence au sein de l\u2019entreprise de professionnels ayant re\u00e7u une formation de tr\u00e8s haute qualit\u00e9, en mesure d\u2019\u00e9valuer attentivement chaque typologie de probl\u00e8me pos\u00e9 par les entreprises op\u00e9rant dans ce secteur et de leur fournir une assistance efficace en ce qui concerne :<\/p>\n<ul>\n<li>R\u00e9solution de probl\u00e8mes productifs<\/li>\n<li>Conception d\u2019une machine sur mesure<\/li>\n<li>Augmentation des performances de la chaine de production<\/li>\n<\/ul>\n<p>[\/vc_column_text][\/vc_column][\/vc_row][vc_row][vc_column width=&#8221;1\/2&#8243;][vc_custom_heading text=&#8221;\u00c0 qui s\u2019adresse ce service ?<br \/>\n&#8221; font_container=&#8221;tag:h3|text_align:left&#8221; use_theme_fonts=&#8221;yes&#8221; el_class=&#8221;bold&#8221;][vc_column_text]La soci\u00e9t\u00e9 fournit le service de consultance aux entreprises op\u00e9rant dans le secteur du finissage ayant la n\u00e9cessit\u00e9 de r\u00e9soudre un probl\u00e8me donn\u00e9 de production, qui est le plus souvent li\u00e9 au finissage de surface et au niveau de production. Pour trouver une solution professionnelle, le client peut envoyer directement ses \u00e9chantillons afin qu\u2019ils puissent \u00eatre test\u00e9s et analys\u00e9s dans les laboratoires VOLPATO \u00e0 l\u2019aide d\u2019une instrumentation sp\u00e9cifique. S\u2019il n\u2019existe aucune machine apte \u00e0 r\u00e9soudre le probl\u00e8me, en \u00e9troite collaboration avec notre client, notre bureau technique r\u00e9alisera le projet d\u2019une machine sur mesure.<\/p>\n<p>[\/vc_column_text][\/vc_column][vc_column width=&#8221;1\/2&#8243;][vc_custom_heading text=&#8221;De plus amples d\u00e9tails sur le service de consultance ?<br \/>\n&#8221; font_container=&#8221;tag:h3|text_align:left&#8221; use_theme_fonts=&#8221;yes&#8221; el_class=&#8221;bold&#8221;][vc_column_text]Si vous d\u00e9sirez obtenir de plus amples informations sur le service de consultance propos\u00e9 par VOLPATO, rendez-vous \u00e0 la section des contacts et remplissez le formulaire que vous y trouverez. Un de techniciens vous r\u00e9pondra au plus afin de vous fournir toute l\u2019assistance utile.<\/p>\n<p>[\/vc_column_text][\/vc_column][\/vc_row]<\/p>\n","protected":false},"excerpt":{"rendered":"<p>[vc_row][vc_column width=&#8221;2\/3&#8243;][vc_custom_heading text=&#8221;Le service de consultance pour la conception personnalis\u00e9e de machines de pon\u00e7age &#8221; use_theme_fonts=&#8221;yes&#8221;][vc_column_text]Gr\u00e2ce \u00e0 une \u00e9quipe de professionnels op\u00e9rant depuis des ann\u00e9es dans le secteur, VOLPATO est en mesure d\u2019offrir un excellent service de consultance pour machines de pon\u00e7age, afin de r\u00e9soudre les probl\u00e8mes inh\u00e9rents aux diverses phases de production des clients [&hellip;]<\/p>\n","protected":false},"author":4,"featured_media":0,"parent":9194,"menu_order":0,"comment_status":"closed","ping_status":"closed","template":"","meta":[],"yoast_head":"<!-- This site is optimized with the Yoast SEO plugin v19.5.1 - https:\/\/yoast.com\/wordpress\/plugins\/seo\/ -->\n<title>Consultance - Volpato LASM<\/title>\n<meta name=\"description\" content=\"Gr\u00e2ce \u00e0 une \u00e9quipe de professionnels op\u00e9rant depuis des ann\u00e9es dans le secteur, VOLPATO est en mesure d\u2019offrir un excellent service de consultance pour\" \/>\n<meta name=\"robots\" content=\"index, follow, max-snippet:-1, max-image-preview:large, max-video-preview:-1\" \/>\n<link rel=\"canonical\" href=\"https:\/\/volpatolasm.com\/fr\/wp-json\/wp\/v2\/pages\/9216\/\" \/>\n<meta property=\"og:locale\" content=\"fr_FR\" \/>\n<meta property=\"og:type\" content=\"article\" \/>\n<meta property=\"og:title\" content=\"Consultance - Volpato LASM\" \/>\n<meta property=\"og:description\" content=\"Gr\u00e2ce \u00e0 une \u00e9quipe de professionnels op\u00e9rant depuis des ann\u00e9es dans le secteur, VOLPATO est en mesure d\u2019offrir un excellent service de consultance pour\" \/>\n<meta property=\"og:url\" content=\"https:\/\/volpatolasm.com\/fr\/service\/consultance\/\" \/>\n<meta property=\"og:site_name\" content=\"Volpato LASM\" \/>\n<meta property=\"article:modified_time\" content=\"2020-02-25T12:34:49+00:00\" \/>\n<meta name=\"twitter:card\" content=\"summary_large_image\" \/>\n<meta name=\"twitter:label1\" content=\"Dur\u00e9e de lecture estim\u00e9e\" \/>\n\t<meta name=\"twitter:data1\" content=\"3 minutes\" \/>\n<!-- \/ Yoast SEO plugin. -->","yoast_head_json":{"title":"Consultance - Volpato LASM","description":"Gr\u00e2ce \u00e0 une \u00e9quipe de professionnels op\u00e9rant depuis des ann\u00e9es dans le secteur, VOLPATO est en mesure d\u2019offrir un excellent service de consultance pour","robots":{"index":"index","follow":"follow","max-snippet":"max-snippet:-1","max-image-preview":"max-image-preview:large","max-video-preview":"max-video-preview:-1"},"canonical":"https:\/\/volpatolasm.com\/fr\/wp-json\/wp\/v2\/pages\/9216\/","og_locale":"fr_FR","og_type":"article","og_title":"Consultance - Volpato LASM","og_description":"Gr\u00e2ce \u00e0 une \u00e9quipe de professionnels op\u00e9rant depuis des ann\u00e9es dans le secteur, VOLPATO est en mesure d\u2019offrir un excellent service de consultance pour","og_url":"https:\/\/volpatolasm.com\/fr\/service\/consultance\/","og_site_name":"Volpato LASM","article_modified_time":"2020-02-25T12:34:49+00:00","twitter_card":"summary_large_image","twitter_misc":{"Dur\u00e9e de lecture estim\u00e9e":"3 minutes"},"schema":{"@context":"https:\/\/schema.org","@graph":[{"@type":"WebPage","@id":"https:\/\/volpatolasm.com\/fr\/service\/consultance\/","url":"https:\/\/volpatolasm.com\/fr\/service\/consultance\/","name":"Consultance - Volpato LASM","isPartOf":{"@id":"https:\/\/volpatolasm.com\/#website"},"datePublished":"2020-02-18T12:36:49+00:00","dateModified":"2020-02-25T12:34:49+00:00","description":"Gr\u00e2ce \u00e0 une \u00e9quipe de professionnels op\u00e9rant depuis des ann\u00e9es dans le secteur, VOLPATO est en mesure d\u2019offrir un excellent service de consultance pour","breadcrumb":{"@id":"https:\/\/volpatolasm.com\/fr\/service\/consultance\/#breadcrumb"},"inLanguage":"fr-FR","potentialAction":[{"@type":"ReadAction","target":["https:\/\/volpatolasm.com\/fr\/service\/consultance\/"]}]},{"@type":"BreadcrumbList","@id":"https:\/\/volpatolasm.com\/fr\/service\/consultance\/#breadcrumb","itemListElement":[{"@type":"ListItem","position":1,"name":"Home","item":"https:\/\/volpatolasm.com\/fr\/"},{"@type":"ListItem","position":2,"name":"Service","item":"https:\/\/volpatolasm.com\/fr\/service\/"},{"@type":"ListItem","position":3,"name":"Consultance"}]},{"@type":"WebSite","@id":"https:\/\/volpatolasm.com\/#website","url":"https:\/\/volpatolasm.com\/","name":"Volpato LASM","description":"","potentialAction":[{"@type":"SearchAction","target":{"@type":"EntryPoint","urlTemplate":"https:\/\/volpatolasm.com\/?s={search_term_string}"},"query-input":"required name=search_term_string"}],"inLanguage":"fr-FR"}]}},"_links":{"self":[{"href":"https:\/\/volpatolasm.com\/fr\/wp-json\/wp\/v2\/pages\/9216"}],"collection":[{"href":"https:\/\/volpatolasm.com\/fr\/wp-json\/wp\/v2\/pages"}],"about":[{"href":"https:\/\/volpatolasm.com\/fr\/wp-json\/wp\/v2\/types\/page"}],"author":[{"embeddable":true,"href":"https:\/\/volpatolasm.com\/fr\/wp-json\/wp\/v2\/users\/4"}],"replies":[{"embeddable":true,"href":"https:\/\/volpatolasm.com\/fr\/wp-json\/wp\/v2\/comments?post=9216"}],"version-history":[{"count":3,"href":"https:\/\/volpatolasm.com\/fr\/wp-json\/wp\/v2\/pages\/9216\/revisions"}],"predecessor-version":[{"id":9226,"href":"https:\/\/volpatolasm.com\/fr\/wp-json\/wp\/v2\/pages\/9216\/revisions\/9226"}],"up":[{"embeddable":true,"href":"https:\/\/volpatolasm.com\/fr\/wp-json\/wp\/v2\/pages\/9194"}],"wp:attachment":[{"href":"https:\/\/volpatolasm.com\/fr\/wp-json\/wp\/v2\/media?parent=9216"}],"curies":[{"name":"wp","href":"https:\/\/api.w.org\/{rel}","templated":true}]}}