{"id":9194,"date":"2020-02-18T13:36:21","date_gmt":"2020-02-18T12:36:21","guid":{"rendered":"https:\/\/www.volpatolasm.com\/servizi\/"},"modified":"2020-02-25T15:16:07","modified_gmt":"2020-02-25T14:16:07","slug":"service","status":"publish","type":"page","link":"https:\/\/volpatolasm.com\/fr\/service\/","title":{"rendered":"Service"},"content":{"rendered":"<p>[vc_row][vc_column][vc_custom_heading text=&#8221;Le support pour le client afin de r\u00e9aliser des machines sur mesure.&#8221; use_theme_fonts=&#8221;yes&#8221;][vc_column_text]La longue exp\u00e9rience de VOLPATO permet \u00e0 l\u2019entreprise d\u2019offrir divers services pour la r\u00e9alisation de machines de finissage sur mesure. L\u2019\u00e9quipe de l\u2019entreprise est constitu\u00e9e de professionnels \u00e0 la formation de tr\u00e8s haut niveau qui travaillent avec passion pour offrir un excellent support technique et commercial \u00e0 nos clients, en les suivants depuis la phase de consultance jusqu\u2019\u00e0 le test final de mise en service de la machine.<\/p>\n<p>[\/vc_column_text][\/vc_column][\/vc_row][vc_row el_id=&#8221;boxServizi&#8221;][vc_column width=&#8221;1\/5&#8243;][vc_single_image image=&#8221;9167&#8243; img_size=&#8221;medium&#8221; onclick=&#8221;custom_link&#8221; link=&#8221;http:\/\/volpatolasm.com\/fr\/service\/consultance\/&#8221;][vc_custom_heading text=&#8221;Consultance&#8221; font_container=&#8221;tag:h4|text_align:center&#8221; use_theme_fonts=&#8221;yes&#8221;][vc_column_text]<\/p>\n<p style=\"text-align: center;\">Gr\u00e2ce \u00e0 une \u00e9quipe professionnelle caract\u00e9ris\u00e9e par une solide formation, VOLPATO offre un service de consultance pour machines de pon\u00e7age particuli\u00e8rement performant.<\/p>\n<p>[\/vc_column_text][\/vc_column][vc_column width=&#8221;1\/5&#8243;][vc_single_image image=&#8221;9172&#8243; img_size=&#8221;medium&#8221; onclick=&#8221;custom_link&#8221; link=&#8221;http:\/\/volpatolasm.com\/fr\/service\/conception\/&#8221;][vc_custom_heading text=&#8221;Conception&#8221; font_container=&#8221;tag:h4|text_align:center&#8221; use_theme_fonts=&#8221;yes&#8221;][vc_column_text]<\/p>\n<p style=\"text-align: center;\">VOLPATO con\u00e7oit des machines pour des finitions personnalis\u00e9es, r\u00e9alis\u00e9es sur mesure en fonction de vos exigences de production, afin d\u2019am\u00e9liorer vos performances<\/p>\n<p>[\/vc_column_text][\/vc_column][vc_column width=&#8221;1\/5&#8243;][vc_single_image image=&#8221;9177&#8243; img_size=&#8221;medium&#8221; onclick=&#8221;custom_link&#8221; link=&#8221;http:\/\/volpatolasm.com\/fr\/service\/assemblage\/&#8221;][vc_custom_heading text=&#8221;Assemblage&#8221; font_container=&#8221;tag:h4|text_align:center&#8221; use_theme_fonts=&#8221;yes&#8221;][vc_column_text]<\/p>\n<p style=\"text-align: center;\">Outre la production de machines sp\u00e9cialis\u00e9es, VOLPATO assemble des machines de pon\u00e7age employant une technologie de chaine productive.<\/p>\n<p>[\/vc_column_text][\/vc_column][vc_column width=&#8221;1\/5&#8243;][vc_single_image image=&#8221;9182&#8243; img_size=&#8221;medium&#8221; onclick=&#8221;custom_link&#8221; link=&#8221;http:\/\/volpatolasm.com\/fr\/service\/realisation-sur-mesure\/&#8221;][vc_custom_heading text=&#8221;R\u00e9alisation sur mesure&#8221; font_container=&#8221;tag:h4|text_align:center&#8221; use_theme_fonts=&#8221;yes&#8221;][vc_column_text]<\/p>\n<p style=\"text-align: center;\">VOLPATO am\u00e9liore constamment ses comp\u00e9tences afin de r\u00e9aliser des machines avec des finitions personnalis\u00e9es<\/p>\n<p>[\/vc_column_text][\/vc_column][vc_column width=&#8221;1\/5&#8243;][vc_single_image image=&#8221;9187&#8243; img_size=&#8221;medium&#8221; onclick=&#8221;custom_link&#8221; link=&#8221;http:\/\/volpatolasm.com\/fr\/service\/test-final-de-mise-en-service\/&#8221;][vc_custom_heading text=&#8221;Mise en service&#8221; font_container=&#8221;tag:h4|text_align:center&#8221; use_theme_fonts=&#8221;yes&#8221;][vc_column_text]<\/p>\n<p style=\"text-align: center;\">En fin de production de la machine, Volpato effectue une mise en service des machines de finissage pour en v\u00e9rifier le bon fonctionnement<\/p>\n<p>[\/vc_column_text][\/vc_column][\/vc_row]<\/p>\n","protected":false},"excerpt":{"rendered":"<p>[vc_row][vc_column][vc_custom_heading text=&#8221;Le support pour le client afin de r\u00e9aliser des machines sur mesure.&#8221; use_theme_fonts=&#8221;yes&#8221;][vc_column_text]La longue exp\u00e9rience de VOLPATO permet \u00e0 l\u2019entreprise d\u2019offrir divers services pour la r\u00e9alisation de machines de finissage sur mesure. L\u2019\u00e9quipe de l\u2019entreprise est constitu\u00e9e de professionnels \u00e0 la formation de tr\u00e8s haut niveau qui travaillent avec passion pour offrir un excellent [&hellip;]<\/p>\n","protected":false},"author":4,"featured_media":0,"parent":0,"menu_order":0,"comment_status":"closed","ping_status":"closed","template":"","meta":[],"yoast_head":"<!-- This site is optimized with the Yoast SEO plugin v19.5.1 - https:\/\/yoast.com\/wordpress\/plugins\/seo\/ -->\n<title>Service - Volpato LASM<\/title>\n<meta name=\"description\" content=\"La longue exp\u00e9rience de VOLPATO permet \u00e0 l\u2019entreprise d\u2019offrir divers services pour la r\u00e9alisation de machines de finissage sur mesure. L\u2019\u00e9quipe de\" \/>\n<meta name=\"robots\" content=\"index, follow, max-snippet:-1, max-image-preview:large, max-video-preview:-1\" \/>\n<link rel=\"canonical\" href=\"https:\/\/volpatolasm.com\/fr\/wp-json\/wp\/v2\/pages\/9194\/\" \/>\n<meta property=\"og:locale\" content=\"fr_FR\" \/>\n<meta property=\"og:type\" content=\"article\" \/>\n<meta property=\"og:title\" content=\"Service - Volpato LASM\" \/>\n<meta property=\"og:description\" content=\"La longue exp\u00e9rience de VOLPATO permet \u00e0 l\u2019entreprise d\u2019offrir divers services pour la r\u00e9alisation de machines de finissage sur mesure. L\u2019\u00e9quipe de\" \/>\n<meta property=\"og:url\" content=\"https:\/\/volpatolasm.com\/fr\/service\/\" \/>\n<meta property=\"og:site_name\" content=\"Volpato LASM\" \/>\n<meta property=\"article:modified_time\" content=\"2020-02-25T14:16:07+00:00\" \/>\n<meta name=\"twitter:card\" content=\"summary_large_image\" \/>\n<meta name=\"twitter:label1\" content=\"Dur\u00e9e de lecture estim\u00e9e\" \/>\n\t<meta name=\"twitter:data1\" content=\"2 minutes\" \/>\n<!-- \/ Yoast SEO plugin. -->","yoast_head_json":{"title":"Service - Volpato LASM","description":"La longue exp\u00e9rience de VOLPATO permet \u00e0 l\u2019entreprise d\u2019offrir divers services pour la r\u00e9alisation de machines de finissage sur mesure. L\u2019\u00e9quipe de","robots":{"index":"index","follow":"follow","max-snippet":"max-snippet:-1","max-image-preview":"max-image-preview:large","max-video-preview":"max-video-preview:-1"},"canonical":"https:\/\/volpatolasm.com\/fr\/wp-json\/wp\/v2\/pages\/9194\/","og_locale":"fr_FR","og_type":"article","og_title":"Service - Volpato LASM","og_description":"La longue exp\u00e9rience de VOLPATO permet \u00e0 l\u2019entreprise d\u2019offrir divers services pour la r\u00e9alisation de machines de finissage sur mesure. L\u2019\u00e9quipe de","og_url":"https:\/\/volpatolasm.com\/fr\/service\/","og_site_name":"Volpato LASM","article_modified_time":"2020-02-25T14:16:07+00:00","twitter_card":"summary_large_image","twitter_misc":{"Dur\u00e9e de lecture estim\u00e9e":"2 minutes"},"schema":{"@context":"https:\/\/schema.org","@graph":[{"@type":"WebPage","@id":"https:\/\/volpatolasm.com\/fr\/service\/","url":"https:\/\/volpatolasm.com\/fr\/service\/","name":"Service - Volpato LASM","isPartOf":{"@id":"https:\/\/volpatolasm.com\/#website"},"datePublished":"2020-02-18T12:36:21+00:00","dateModified":"2020-02-25T14:16:07+00:00","description":"La longue exp\u00e9rience de VOLPATO permet \u00e0 l\u2019entreprise d\u2019offrir divers services pour la r\u00e9alisation de machines de finissage sur mesure. L\u2019\u00e9quipe de","breadcrumb":{"@id":"https:\/\/volpatolasm.com\/fr\/service\/#breadcrumb"},"inLanguage":"fr-FR","potentialAction":[{"@type":"ReadAction","target":["https:\/\/volpatolasm.com\/fr\/service\/"]}]},{"@type":"BreadcrumbList","@id":"https:\/\/volpatolasm.com\/fr\/service\/#breadcrumb","itemListElement":[{"@type":"ListItem","position":1,"name":"Home","item":"https:\/\/volpatolasm.com\/fr\/"},{"@type":"ListItem","position":2,"name":"Service"}]},{"@type":"WebSite","@id":"https:\/\/volpatolasm.com\/#website","url":"https:\/\/volpatolasm.com\/","name":"Volpato LASM","description":"","potentialAction":[{"@type":"SearchAction","target":{"@type":"EntryPoint","urlTemplate":"https:\/\/volpatolasm.com\/?s={search_term_string}"},"query-input":"required name=search_term_string"}],"inLanguage":"fr-FR"}]}},"_links":{"self":[{"href":"https:\/\/volpatolasm.com\/fr\/wp-json\/wp\/v2\/pages\/9194"}],"collection":[{"href":"https:\/\/volpatolasm.com\/fr\/wp-json\/wp\/v2\/pages"}],"about":[{"href":"https:\/\/volpatolasm.com\/fr\/wp-json\/wp\/v2\/types\/page"}],"author":[{"embeddable":true,"href":"https:\/\/volpatolasm.com\/fr\/wp-json\/wp\/v2\/users\/4"}],"replies":[{"embeddable":true,"href":"https:\/\/volpatolasm.com\/fr\/wp-json\/wp\/v2\/comments?post=9194"}],"version-history":[{"count":4,"href":"https:\/\/volpatolasm.com\/fr\/wp-json\/wp\/v2\/pages\/9194\/revisions"}],"predecessor-version":[{"id":9372,"href":"https:\/\/volpatolasm.com\/fr\/wp-json\/wp\/v2\/pages\/9194\/revisions\/9372"}],"wp:attachment":[{"href":"https:\/\/volpatolasm.com\/fr\/wp-json\/wp\/v2\/media?parent=9194"}],"curies":[{"name":"wp","href":"https:\/\/api.w.org\/{rel}","templated":true}]}}