{"id":9135,"date":"2020-02-18T13:54:51","date_gmt":"2020-02-18T12:54:51","guid":{"rendered":"https:\/\/www.volpatolasm.com\/rete-vendita\/"},"modified":"2020-02-25T11:15:17","modified_gmt":"2020-02-25T10:15:17","slug":"reseau-de-vente","status":"publish","type":"page","link":"https:\/\/volpatolasm.com\/fr\/reseau-de-vente\/","title":{"rendered":"R\u00e9seau de vente"},"content":{"rendered":"<p>[vc_row][vc_column][vc_custom_heading text=&#8221;Distribution nationale et internationale de machines de finissage<br \/>\n&#8221; use_theme_fonts=&#8221;yes&#8221;][vc_column_text]En croissance constante sur le plan technologique et commercial, VOLPATO pr\u00e9sente un vaste r\u00e9seau de vente de machines pour le finissage du bois, de l\u2019aluminium, du plastique et de m\u00e9taux divers \u00e0 la fois au niveau national et international, avec un repr\u00e9sentant dans chaque pays o\u00f9 l\u2019entreprise est pr\u00e9sente. Si un probl\u00e8me de finissage d\u2019un mat\u00e9riau devait surgir, nos clients peuvent contacter le revendeur du territoire o\u00f9 il op\u00e8re.<\/p>\n<p>[\/vc_column_text][vc_single_image image=&#8221;9130&#8243; img_size=&#8221;large&#8221; alignment=&#8221;center&#8221;][\/vc_column][\/vc_row]<\/p>\n","protected":false},"excerpt":{"rendered":"<p>[vc_row][vc_column][vc_custom_heading text=&#8221;Distribution nationale et internationale de machines de finissage &#8221; use_theme_fonts=&#8221;yes&#8221;][vc_column_text]En croissance constante sur le plan technologique et commercial, VOLPATO pr\u00e9sente un vaste r\u00e9seau de vente de machines pour le finissage du bois, de l\u2019aluminium, du plastique et de m\u00e9taux divers \u00e0 la fois au niveau national et international, avec un repr\u00e9sentant dans chaque pays [&hellip;]<\/p>\n","protected":false},"author":4,"featured_media":0,"parent":0,"menu_order":0,"comment_status":"closed","ping_status":"closed","template":"","meta":[],"yoast_head":"<!-- This site is optimized with the Yoast SEO plugin v19.5.1 - https:\/\/yoast.com\/wordpress\/plugins\/seo\/ -->\n<title>R\u00e9seau de vente - Volpato LASM<\/title>\n<meta name=\"description\" content=\"En croissance constante sur le plan technologique et commercial, VOLPATO pr\u00e9sente un vaste r\u00e9seau de vente de machines pour le finissage du bois, de\" \/>\n<meta name=\"robots\" content=\"index, follow, max-snippet:-1, max-image-preview:large, max-video-preview:-1\" \/>\n<link rel=\"canonical\" href=\"https:\/\/volpatolasm.com\/fr\/wp-json\/wp\/v2\/pages\/9135\/\" \/>\n<meta property=\"og:locale\" content=\"fr_FR\" \/>\n<meta property=\"og:type\" content=\"article\" \/>\n<meta property=\"og:title\" content=\"R\u00e9seau de vente - Volpato LASM\" \/>\n<meta property=\"og:description\" content=\"En croissance constante sur le plan technologique et commercial, VOLPATO pr\u00e9sente un vaste r\u00e9seau de vente de machines pour le finissage du bois, de\" \/>\n<meta property=\"og:url\" content=\"https:\/\/volpatolasm.com\/fr\/reseau-de-vente\/\" \/>\n<meta property=\"og:site_name\" content=\"Volpato LASM\" \/>\n<meta property=\"article:modified_time\" content=\"2020-02-25T10:15:17+00:00\" \/>\n<meta name=\"twitter:card\" content=\"summary_large_image\" \/>\n<meta name=\"twitter:label1\" content=\"Dur\u00e9e de lecture estim\u00e9e\" \/>\n\t<meta name=\"twitter:data1\" content=\"1 minute\" \/>\n<!-- \/ Yoast SEO plugin. -->","yoast_head_json":{"title":"R\u00e9seau de vente - Volpato LASM","description":"En croissance constante sur le plan technologique et commercial, VOLPATO pr\u00e9sente un vaste r\u00e9seau de vente de machines pour le finissage du bois, de","robots":{"index":"index","follow":"follow","max-snippet":"max-snippet:-1","max-image-preview":"max-image-preview:large","max-video-preview":"max-video-preview:-1"},"canonical":"https:\/\/volpatolasm.com\/fr\/wp-json\/wp\/v2\/pages\/9135\/","og_locale":"fr_FR","og_type":"article","og_title":"R\u00e9seau de vente - Volpato LASM","og_description":"En croissance constante sur le plan technologique et commercial, VOLPATO pr\u00e9sente un vaste r\u00e9seau de vente de machines pour le finissage du bois, de","og_url":"https:\/\/volpatolasm.com\/fr\/reseau-de-vente\/","og_site_name":"Volpato LASM","article_modified_time":"2020-02-25T10:15:17+00:00","twitter_card":"summary_large_image","twitter_misc":{"Dur\u00e9e de lecture estim\u00e9e":"1 minute"},"schema":{"@context":"https:\/\/schema.org","@graph":[{"@type":"WebPage","@id":"https:\/\/volpatolasm.com\/fr\/reseau-de-vente\/","url":"https:\/\/volpatolasm.com\/fr\/reseau-de-vente\/","name":"R\u00e9seau de vente - Volpato LASM","isPartOf":{"@id":"https:\/\/volpatolasm.com\/#website"},"datePublished":"2020-02-18T12:54:51+00:00","dateModified":"2020-02-25T10:15:17+00:00","description":"En croissance constante sur le plan technologique et commercial, VOLPATO pr\u00e9sente un vaste r\u00e9seau de vente de machines pour le finissage du bois, de","breadcrumb":{"@id":"https:\/\/volpatolasm.com\/fr\/reseau-de-vente\/#breadcrumb"},"inLanguage":"fr-FR","potentialAction":[{"@type":"ReadAction","target":["https:\/\/volpatolasm.com\/fr\/reseau-de-vente\/"]}]},{"@type":"BreadcrumbList","@id":"https:\/\/volpatolasm.com\/fr\/reseau-de-vente\/#breadcrumb","itemListElement":[{"@type":"ListItem","position":1,"name":"Home","item":"https:\/\/volpatolasm.com\/fr\/"},{"@type":"ListItem","position":2,"name":"R\u00e9seau de vente"}]},{"@type":"WebSite","@id":"https:\/\/volpatolasm.com\/#website","url":"https:\/\/volpatolasm.com\/","name":"Volpato LASM","description":"","potentialAction":[{"@type":"SearchAction","target":{"@type":"EntryPoint","urlTemplate":"https:\/\/volpatolasm.com\/?s={search_term_string}"},"query-input":"required name=search_term_string"}],"inLanguage":"fr-FR"}]}},"_links":{"self":[{"href":"https:\/\/volpatolasm.com\/fr\/wp-json\/wp\/v2\/pages\/9135"}],"collection":[{"href":"https:\/\/volpatolasm.com\/fr\/wp-json\/wp\/v2\/pages"}],"about":[{"href":"https:\/\/volpatolasm.com\/fr\/wp-json\/wp\/v2\/types\/page"}],"author":[{"embeddable":true,"href":"https:\/\/volpatolasm.com\/fr\/wp-json\/wp\/v2\/users\/4"}],"replies":[{"embeddable":true,"href":"https:\/\/volpatolasm.com\/fr\/wp-json\/wp\/v2\/comments?post=9135"}],"version-history":[{"count":2,"href":"https:\/\/volpatolasm.com\/fr\/wp-json\/wp\/v2\/pages\/9135\/revisions"}],"predecessor-version":[{"id":9143,"href":"https:\/\/volpatolasm.com\/fr\/wp-json\/wp\/v2\/pages\/9135\/revisions\/9143"}],"wp:attachment":[{"href":"https:\/\/volpatolasm.com\/fr\/wp-json\/wp\/v2\/media?parent=9135"}],"curies":[{"name":"wp","href":"https:\/\/api.w.org\/{rel}","templated":true}]}}