{"id":9116,"date":"2020-02-18T13:34:34","date_gmt":"2020-02-18T12:34:34","guid":{"rendered":"https:\/\/www.volpatolasm.com\/entreprise\/ricerca-e-sviluppo\/"},"modified":"2020-02-25T11:05:09","modified_gmt":"2020-02-25T10:05:09","slug":"recherche-developpement","status":"publish","type":"page","link":"https:\/\/volpatolasm.com\/fr\/entreprise\/recherche-developpement\/","title":{"rendered":"Recherche &#038; D\u00e9veloppement"},"content":{"rendered":"<p>[vc_row][vc_column][vc_custom_heading text=&#8221;L\u2019\u00e9quipe pour l\u2019am\u00e9lioration des prestations des ponceuses<br \/>\n&#8221; use_theme_fonts=&#8221;yes&#8221;][\/vc_column][\/vc_row][vc_row][vc_column width=&#8221;1\/2&#8243;][vc_column_text]Le bureau technique de l\u2019entreprise comprend une \u00e9quipe compos\u00e9e de professionnels hautement sp\u00e9cialis\u00e9s qui s\u2019occupent exclusivement de recherche et d\u00e9veloppement pour les ponceuses. Cette section est n\u00e9e de la volont\u00e9 de satisfaire les diverses exigences des clients qui, souvent, ont besoin de machines dont les prestations soient au-del\u00e0 de ce qu\u2019offrent les dispositifs standards et permettent d\u2019am\u00e9liorer leur produit final, en s\u2019adaptant parfaitement aux diverses fili\u00e8res productives.<\/p>\n<p>[\/vc_column_text][\/vc_column][vc_column width=&#8221;1\/2&#8243;][vc_gallery type=&#8221;flexslider_slide&#8221; interval=&#8221;3&#8243; images=&#8221;9096,9101,9106,9111&#8243; img_size=&#8221;medium&#8221;][\/vc_column][\/vc_row]<\/p>\n","protected":false},"excerpt":{"rendered":"<p>[vc_row][vc_column][vc_custom_heading text=&#8221;L\u2019\u00e9quipe pour l\u2019am\u00e9lioration des prestations des ponceuses &#8221; use_theme_fonts=&#8221;yes&#8221;][\/vc_column][\/vc_row][vc_row][vc_column width=&#8221;1\/2&#8243;][vc_column_text]Le bureau technique de l\u2019entreprise comprend une \u00e9quipe compos\u00e9e de professionnels hautement sp\u00e9cialis\u00e9s qui s\u2019occupent exclusivement de recherche et d\u00e9veloppement pour les ponceuses. Cette section est n\u00e9e de la volont\u00e9 de satisfaire les diverses exigences des clients qui, souvent, ont besoin de machines dont les [&hellip;]<\/p>\n","protected":false},"author":4,"featured_media":0,"parent":8796,"menu_order":0,"comment_status":"closed","ping_status":"closed","template":"","meta":[],"yoast_head":"<!-- This site is optimized with the Yoast SEO plugin v19.5.1 - https:\/\/yoast.com\/wordpress\/plugins\/seo\/ -->\n<title>Recherche &amp; D\u00e9veloppement - Volpato LASM<\/title>\n<meta name=\"description\" content=\"Le bureau technique de l\u2019entreprise comprend une \u00e9quipe compos\u00e9e de professionnels hautement sp\u00e9cialis\u00e9s qui s\u2019occupent exclusivement de recherche et\" \/>\n<meta name=\"robots\" content=\"index, follow, max-snippet:-1, max-image-preview:large, max-video-preview:-1\" \/>\n<link rel=\"canonical\" href=\"https:\/\/volpatolasm.com\/fr\/wp-json\/wp\/v2\/pages\/9116\/\" \/>\n<meta property=\"og:locale\" content=\"fr_FR\" \/>\n<meta property=\"og:type\" content=\"article\" \/>\n<meta property=\"og:title\" content=\"Recherche &amp; D\u00e9veloppement - Volpato LASM\" \/>\n<meta property=\"og:description\" content=\"Le bureau technique de l\u2019entreprise comprend une \u00e9quipe compos\u00e9e de professionnels hautement sp\u00e9cialis\u00e9s qui s\u2019occupent exclusivement de recherche et\" \/>\n<meta property=\"og:url\" content=\"https:\/\/volpatolasm.com\/fr\/entreprise\/recherche-developpement\/\" \/>\n<meta property=\"og:site_name\" content=\"Volpato LASM\" \/>\n<meta property=\"article:modified_time\" content=\"2020-02-25T10:05:09+00:00\" \/>\n<meta name=\"twitter:card\" content=\"summary_large_image\" \/>\n<meta name=\"twitter:label1\" content=\"Dur\u00e9e de lecture estim\u00e9e\" \/>\n\t<meta name=\"twitter:data1\" content=\"1 minute\" \/>\n<!-- \/ Yoast SEO plugin. -->","yoast_head_json":{"title":"Recherche & D\u00e9veloppement - Volpato LASM","description":"Le bureau technique de l\u2019entreprise comprend une \u00e9quipe compos\u00e9e de professionnels hautement sp\u00e9cialis\u00e9s qui s\u2019occupent exclusivement de recherche et","robots":{"index":"index","follow":"follow","max-snippet":"max-snippet:-1","max-image-preview":"max-image-preview:large","max-video-preview":"max-video-preview:-1"},"canonical":"https:\/\/volpatolasm.com\/fr\/wp-json\/wp\/v2\/pages\/9116\/","og_locale":"fr_FR","og_type":"article","og_title":"Recherche & D\u00e9veloppement - Volpato LASM","og_description":"Le bureau technique de l\u2019entreprise comprend une \u00e9quipe compos\u00e9e de professionnels hautement sp\u00e9cialis\u00e9s qui s\u2019occupent exclusivement de recherche et","og_url":"https:\/\/volpatolasm.com\/fr\/entreprise\/recherche-developpement\/","og_site_name":"Volpato LASM","article_modified_time":"2020-02-25T10:05:09+00:00","twitter_card":"summary_large_image","twitter_misc":{"Dur\u00e9e de lecture estim\u00e9e":"1 minute"},"schema":{"@context":"https:\/\/schema.org","@graph":[{"@type":"WebPage","@id":"https:\/\/volpatolasm.com\/fr\/entreprise\/recherche-developpement\/","url":"https:\/\/volpatolasm.com\/fr\/entreprise\/recherche-developpement\/","name":"Recherche & D\u00e9veloppement - Volpato LASM","isPartOf":{"@id":"https:\/\/volpatolasm.com\/#website"},"datePublished":"2020-02-18T12:34:34+00:00","dateModified":"2020-02-25T10:05:09+00:00","description":"Le bureau technique de l\u2019entreprise comprend une \u00e9quipe compos\u00e9e de professionnels hautement sp\u00e9cialis\u00e9s qui s\u2019occupent exclusivement de recherche et","breadcrumb":{"@id":"https:\/\/volpatolasm.com\/fr\/entreprise\/recherche-developpement\/#breadcrumb"},"inLanguage":"fr-FR","potentialAction":[{"@type":"ReadAction","target":["https:\/\/volpatolasm.com\/fr\/entreprise\/recherche-developpement\/"]}]},{"@type":"BreadcrumbList","@id":"https:\/\/volpatolasm.com\/fr\/entreprise\/recherche-developpement\/#breadcrumb","itemListElement":[{"@type":"ListItem","position":1,"name":"Home","item":"https:\/\/volpatolasm.com\/fr\/"},{"@type":"ListItem","position":2,"name":"Entreprise","item":"https:\/\/volpatolasm.com\/fr\/entreprise\/"},{"@type":"ListItem","position":3,"name":"Recherche &#038; D\u00e9veloppement"}]},{"@type":"WebSite","@id":"https:\/\/volpatolasm.com\/#website","url":"https:\/\/volpatolasm.com\/","name":"Volpato LASM","description":"","potentialAction":[{"@type":"SearchAction","target":{"@type":"EntryPoint","urlTemplate":"https:\/\/volpatolasm.com\/?s={search_term_string}"},"query-input":"required name=search_term_string"}],"inLanguage":"fr-FR"}]}},"_links":{"self":[{"href":"https:\/\/volpatolasm.com\/fr\/wp-json\/wp\/v2\/pages\/9116"}],"collection":[{"href":"https:\/\/volpatolasm.com\/fr\/wp-json\/wp\/v2\/pages"}],"about":[{"href":"https:\/\/volpatolasm.com\/fr\/wp-json\/wp\/v2\/types\/page"}],"author":[{"embeddable":true,"href":"https:\/\/volpatolasm.com\/fr\/wp-json\/wp\/v2\/users\/4"}],"replies":[{"embeddable":true,"href":"https:\/\/volpatolasm.com\/fr\/wp-json\/wp\/v2\/comments?post=9116"}],"version-history":[{"count":2,"href":"https:\/\/volpatolasm.com\/fr\/wp-json\/wp\/v2\/pages\/9116\/revisions"}],"predecessor-version":[{"id":9124,"href":"https:\/\/volpatolasm.com\/fr\/wp-json\/wp\/v2\/pages\/9116\/revisions\/9124"}],"up":[{"embeddable":true,"href":"https:\/\/volpatolasm.com\/fr\/wp-json\/wp\/v2\/pages\/8796"}],"wp:attachment":[{"href":"https:\/\/volpatolasm.com\/fr\/wp-json\/wp\/v2\/media?parent=9116"}],"curies":[{"name":"wp","href":"https:\/\/api.w.org\/{rel}","templated":true}]}}