{"id":9081,"date":"2020-02-18T13:34:09","date_gmt":"2020-02-18T12:34:09","guid":{"rendered":"https:\/\/www.volpatolasm.com\/entreprise\/tecnologie\/"},"modified":"2020-02-25T10:52:19","modified_gmt":"2020-02-25T09:52:19","slug":"technologies","status":"publish","type":"page","link":"https:\/\/volpatolasm.com\/fr\/entreprise\/technologies\/","title":{"rendered":"Technologies"},"content":{"rendered":"<p>[vc_row][vc_column][vc_custom_heading text=&#8221;Les solutions innovantes pour la r\u00e9alisation des machines de pon\u00e7age<br \/>\n&#8221; use_theme_fonts=&#8221;yes&#8221;][\/vc_column][\/vc_row][vc_row][vc_column width=&#8221;1\/2&#8243;][vc_column_text]Une \u00e9quipe d\u2019experts form\u00e9e d\u2019ing\u00e9nieurs, de sp\u00e9cialistes et de techniciens travaille, au sein de l\u2019entreprise, \u00e0 l\u2019am\u00e9lioration constante des technologies des machines pour le pon\u00e7age du bois, de l\u2019aluminium et des divers mat\u00e9riaux m\u00e9talliques et plastiques, en fonction de ce qu\u2019offre le march\u00e9, en \u00e9volution continuelle.<\/p>\n<p>Les technologies concernent tout particuli\u00e8rement les innovations li\u00e9es aux logiciels, aux caract\u00e9ristiques m\u00e9caniques des mat\u00e9riaux, aux m\u00e9caniques de manutention, pneumatiques, \u00e9lectriques et \u00e9lectroniques, et sont appliqu\u00e9es aux ponceuses afin qu\u2019elles soient en mesure d\u2019affronter de nouvelles typologies de t\u00e2ches \u00e0 travers des solutions innovantes.[\/vc_column_text][\/vc_column][vc_column width=&#8221;1\/2&#8243;][vc_gallery interval=&#8221;3&#8243; images=&#8221;9076,8778&#8243; img_size=&#8221;medium&#8221;][\/vc_column][\/vc_row]<\/p>\n","protected":false},"excerpt":{"rendered":"<p>[vc_row][vc_column][vc_custom_heading text=&#8221;Les solutions innovantes pour la r\u00e9alisation des machines de pon\u00e7age &#8221; use_theme_fonts=&#8221;yes&#8221;][\/vc_column][\/vc_row][vc_row][vc_column width=&#8221;1\/2&#8243;][vc_column_text]Une \u00e9quipe d\u2019experts form\u00e9e d\u2019ing\u00e9nieurs, de sp\u00e9cialistes et de techniciens travaille, au sein de l\u2019entreprise, \u00e0 l\u2019am\u00e9lioration constante des technologies des machines pour le pon\u00e7age du bois, de l\u2019aluminium et des divers mat\u00e9riaux m\u00e9talliques et plastiques, en fonction de ce qu\u2019offre le [&hellip;]<\/p>\n","protected":false},"author":4,"featured_media":0,"parent":8796,"menu_order":0,"comment_status":"closed","ping_status":"closed","template":"","meta":[],"yoast_head":"<!-- This site is optimized with the Yoast SEO plugin v19.5.1 - https:\/\/yoast.com\/wordpress\/plugins\/seo\/ -->\n<title>Technologies - Volpato LASM<\/title>\n<meta name=\"description\" content=\"Une \u00e9quipe d\u2019experts form\u00e9e d\u2019ing\u00e9nieurs, de sp\u00e9cialistes et de techniciens travaille, au sein de l\u2019entreprise, \u00e0 l\u2019am\u00e9lioration constante des\" \/>\n<meta name=\"robots\" content=\"index, follow, max-snippet:-1, max-image-preview:large, max-video-preview:-1\" \/>\n<link rel=\"canonical\" href=\"https:\/\/volpatolasm.com\/fr\/wp-json\/wp\/v2\/pages\/9081\/\" \/>\n<meta property=\"og:locale\" content=\"fr_FR\" \/>\n<meta property=\"og:type\" content=\"article\" \/>\n<meta property=\"og:title\" content=\"Technologies - Volpato LASM\" \/>\n<meta property=\"og:description\" content=\"Une \u00e9quipe d\u2019experts form\u00e9e d\u2019ing\u00e9nieurs, de sp\u00e9cialistes et de techniciens travaille, au sein de l\u2019entreprise, \u00e0 l\u2019am\u00e9lioration constante des\" \/>\n<meta property=\"og:url\" content=\"https:\/\/volpatolasm.com\/fr\/entreprise\/technologies\/\" \/>\n<meta property=\"og:site_name\" content=\"Volpato LASM\" \/>\n<meta property=\"article:modified_time\" content=\"2020-02-25T09:52:19+00:00\" \/>\n<meta name=\"twitter:card\" content=\"summary_large_image\" \/>\n<meta name=\"twitter:label1\" content=\"Dur\u00e9e de lecture estim\u00e9e\" \/>\n\t<meta name=\"twitter:data1\" content=\"1 minute\" \/>\n<!-- \/ Yoast SEO plugin. -->","yoast_head_json":{"title":"Technologies - Volpato LASM","description":"Une \u00e9quipe d\u2019experts form\u00e9e d\u2019ing\u00e9nieurs, de sp\u00e9cialistes et de techniciens travaille, au sein de l\u2019entreprise, \u00e0 l\u2019am\u00e9lioration constante des","robots":{"index":"index","follow":"follow","max-snippet":"max-snippet:-1","max-image-preview":"max-image-preview:large","max-video-preview":"max-video-preview:-1"},"canonical":"https:\/\/volpatolasm.com\/fr\/wp-json\/wp\/v2\/pages\/9081\/","og_locale":"fr_FR","og_type":"article","og_title":"Technologies - Volpato LASM","og_description":"Une \u00e9quipe d\u2019experts form\u00e9e d\u2019ing\u00e9nieurs, de sp\u00e9cialistes et de techniciens travaille, au sein de l\u2019entreprise, \u00e0 l\u2019am\u00e9lioration constante des","og_url":"https:\/\/volpatolasm.com\/fr\/entreprise\/technologies\/","og_site_name":"Volpato LASM","article_modified_time":"2020-02-25T09:52:19+00:00","twitter_card":"summary_large_image","twitter_misc":{"Dur\u00e9e de lecture estim\u00e9e":"1 minute"},"schema":{"@context":"https:\/\/schema.org","@graph":[{"@type":"WebPage","@id":"https:\/\/volpatolasm.com\/fr\/entreprise\/technologies\/","url":"https:\/\/volpatolasm.com\/fr\/entreprise\/technologies\/","name":"Technologies - Volpato LASM","isPartOf":{"@id":"https:\/\/volpatolasm.com\/#website"},"datePublished":"2020-02-18T12:34:09+00:00","dateModified":"2020-02-25T09:52:19+00:00","description":"Une \u00e9quipe d\u2019experts form\u00e9e d\u2019ing\u00e9nieurs, de sp\u00e9cialistes et de techniciens travaille, au sein de l\u2019entreprise, \u00e0 l\u2019am\u00e9lioration constante des","breadcrumb":{"@id":"https:\/\/volpatolasm.com\/fr\/entreprise\/technologies\/#breadcrumb"},"inLanguage":"fr-FR","potentialAction":[{"@type":"ReadAction","target":["https:\/\/volpatolasm.com\/fr\/entreprise\/technologies\/"]}]},{"@type":"BreadcrumbList","@id":"https:\/\/volpatolasm.com\/fr\/entreprise\/technologies\/#breadcrumb","itemListElement":[{"@type":"ListItem","position":1,"name":"Home","item":"https:\/\/volpatolasm.com\/fr\/"},{"@type":"ListItem","position":2,"name":"Entreprise","item":"https:\/\/volpatolasm.com\/fr\/entreprise\/"},{"@type":"ListItem","position":3,"name":"Technologies"}]},{"@type":"WebSite","@id":"https:\/\/volpatolasm.com\/#website","url":"https:\/\/volpatolasm.com\/","name":"Volpato LASM","description":"","potentialAction":[{"@type":"SearchAction","target":{"@type":"EntryPoint","urlTemplate":"https:\/\/volpatolasm.com\/?s={search_term_string}"},"query-input":"required name=search_term_string"}],"inLanguage":"fr-FR"}]}},"_links":{"self":[{"href":"https:\/\/volpatolasm.com\/fr\/wp-json\/wp\/v2\/pages\/9081"}],"collection":[{"href":"https:\/\/volpatolasm.com\/fr\/wp-json\/wp\/v2\/pages"}],"about":[{"href":"https:\/\/volpatolasm.com\/fr\/wp-json\/wp\/v2\/types\/page"}],"author":[{"embeddable":true,"href":"https:\/\/volpatolasm.com\/fr\/wp-json\/wp\/v2\/users\/4"}],"replies":[{"embeddable":true,"href":"https:\/\/volpatolasm.com\/fr\/wp-json\/wp\/v2\/comments?post=9081"}],"version-history":[{"count":2,"href":"https:\/\/volpatolasm.com\/fr\/wp-json\/wp\/v2\/pages\/9081\/revisions"}],"predecessor-version":[{"id":9090,"href":"https:\/\/volpatolasm.com\/fr\/wp-json\/wp\/v2\/pages\/9081\/revisions\/9090"}],"up":[{"embeddable":true,"href":"https:\/\/volpatolasm.com\/fr\/wp-json\/wp\/v2\/pages\/8796"}],"wp:attachment":[{"href":"https:\/\/volpatolasm.com\/fr\/wp-json\/wp\/v2\/media?parent=9081"}],"curies":[{"name":"wp","href":"https:\/\/api.w.org\/{rel}","templated":true}]}}