{"id":9053,"date":"2020-02-18T13:33:47","date_gmt":"2020-02-18T12:33:47","guid":{"rendered":"https:\/\/www.volpatolasm.com\/entreprise\/brevetti-e-certificazioni\/"},"modified":"2020-02-25T10:42:38","modified_gmt":"2020-02-25T09:42:38","slug":"brevets-et-certifications","status":"publish","type":"page","link":"https:\/\/volpatolasm.com\/fr\/entreprise\/brevets-et-certifications\/","title":{"rendered":"Brevets et certifications"},"content":{"rendered":"<p>[vc_row][vc_column][vc_custom_heading text=&#8221;Les documents relatifs aux ponceuses exclusives produites par l\u2019entreprise<br \/>\n&#8221; use_theme_fonts=&#8221;yes&#8221;][\/vc_column][\/vc_row][vc_row][vc_column width=&#8221;1\/2&#8243;][vc_column_text]L\u2019entreprise, tout au long de son histoire, a fait preuve d\u2019une attention particuli\u00e8re \u00e0 l\u2019innovation et elle est en mesure de concevoir et breveter des ponceuses pour bois et d\u2019autres mat\u00e9riaux sur mesure aptes \u00e0 r\u00e9soudre les n\u00e9cessit\u00e9s sp\u00e9cifiques de certains clients, qui se r\u00e9v\u00e8lent souvent communes \u00e0 celles d\u2019autres entreprises du secteur. Parmi les machines con\u00e7ues par la soci\u00e9t\u00e9, nous avons par exemple la machine pour la r\u00e9alisation de la finition super lustranteHigh Gloss, pour la petite \/ moyenne entreprise artisanale et pour panneaux de dimensions hors normes, mod\u00e8le LBO 60 A STS. Ce processus de recherche et d\u00e9veloppement continu a, en outre, permis \u00e0 notre entreprise d\u2019\u00eatre consid\u00e9r\u00e9e comme l\u2019une des plus adaptables et des plus comp\u00e9titives dans le secteur du finissage.[\/vc_column_text][\/vc_column][vc_column width=&#8221;1\/2&#8243;][vc_gallery type=&#8221;flexslider_slide&#8221; interval=&#8221;3&#8243; images=&#8221;9038,9043,9048&#8243; img_size=&#8221;medium&#8221;][\/vc_column][\/vc_row]<\/p>\n","protected":false},"excerpt":{"rendered":"<p>[vc_row][vc_column][vc_custom_heading text=&#8221;Les documents relatifs aux ponceuses exclusives produites par l\u2019entreprise &#8221; use_theme_fonts=&#8221;yes&#8221;][\/vc_column][\/vc_row][vc_row][vc_column width=&#8221;1\/2&#8243;][vc_column_text]L\u2019entreprise, tout au long de son histoire, a fait preuve d\u2019une attention particuli\u00e8re \u00e0 l\u2019innovation et elle est en mesure de concevoir et breveter des ponceuses pour bois et d\u2019autres mat\u00e9riaux sur mesure aptes \u00e0 r\u00e9soudre les n\u00e9cessit\u00e9s sp\u00e9cifiques de certains clients, qui [&hellip;]<\/p>\n","protected":false},"author":4,"featured_media":0,"parent":8796,"menu_order":0,"comment_status":"closed","ping_status":"closed","template":"","meta":[],"yoast_head":"<!-- This site is optimized with the Yoast SEO plugin v19.5.1 - https:\/\/yoast.com\/wordpress\/plugins\/seo\/ -->\n<title>Brevets et certifications - Volpato LASM<\/title>\n<meta name=\"description\" content=\"L\u2019entreprise, tout au long de son histoire, a fait preuve d\u2019une attention particuli\u00e8re \u00e0 l\u2019innovation et elle est en mesure de concevoir et breveter des\" \/>\n<meta name=\"robots\" content=\"index, follow, max-snippet:-1, max-image-preview:large, max-video-preview:-1\" \/>\n<link rel=\"canonical\" href=\"https:\/\/volpatolasm.com\/fr\/wp-json\/wp\/v2\/pages\/9053\/\" \/>\n<meta property=\"og:locale\" content=\"fr_FR\" \/>\n<meta property=\"og:type\" content=\"article\" \/>\n<meta property=\"og:title\" content=\"Brevets et certifications - Volpato LASM\" \/>\n<meta property=\"og:description\" content=\"L\u2019entreprise, tout au long de son histoire, a fait preuve d\u2019une attention particuli\u00e8re \u00e0 l\u2019innovation et elle est en mesure de concevoir et breveter des\" \/>\n<meta property=\"og:url\" content=\"https:\/\/volpatolasm.com\/fr\/entreprise\/brevets-et-certifications\/\" \/>\n<meta property=\"og:site_name\" content=\"Volpato LASM\" \/>\n<meta property=\"article:modified_time\" content=\"2020-02-25T09:42:38+00:00\" \/>\n<meta name=\"twitter:card\" content=\"summary_large_image\" \/>\n<meta name=\"twitter:label1\" content=\"Dur\u00e9e de lecture estim\u00e9e\" \/>\n\t<meta name=\"twitter:data1\" content=\"1 minute\" \/>\n<!-- \/ Yoast SEO plugin. -->","yoast_head_json":{"title":"Brevets et certifications - Volpato LASM","description":"L\u2019entreprise, tout au long de son histoire, a fait preuve d\u2019une attention particuli\u00e8re \u00e0 l\u2019innovation et elle est en mesure de concevoir et breveter des","robots":{"index":"index","follow":"follow","max-snippet":"max-snippet:-1","max-image-preview":"max-image-preview:large","max-video-preview":"max-video-preview:-1"},"canonical":"https:\/\/volpatolasm.com\/fr\/wp-json\/wp\/v2\/pages\/9053\/","og_locale":"fr_FR","og_type":"article","og_title":"Brevets et certifications - Volpato LASM","og_description":"L\u2019entreprise, tout au long de son histoire, a fait preuve d\u2019une attention particuli\u00e8re \u00e0 l\u2019innovation et elle est en mesure de concevoir et breveter des","og_url":"https:\/\/volpatolasm.com\/fr\/entreprise\/brevets-et-certifications\/","og_site_name":"Volpato LASM","article_modified_time":"2020-02-25T09:42:38+00:00","twitter_card":"summary_large_image","twitter_misc":{"Dur\u00e9e de lecture estim\u00e9e":"1 minute"},"schema":{"@context":"https:\/\/schema.org","@graph":[{"@type":"WebPage","@id":"https:\/\/volpatolasm.com\/fr\/entreprise\/brevets-et-certifications\/","url":"https:\/\/volpatolasm.com\/fr\/entreprise\/brevets-et-certifications\/","name":"Brevets et certifications - Volpato LASM","isPartOf":{"@id":"https:\/\/volpatolasm.com\/#website"},"datePublished":"2020-02-18T12:33:47+00:00","dateModified":"2020-02-25T09:42:38+00:00","description":"L\u2019entreprise, tout au long de son histoire, a fait preuve d\u2019une attention particuli\u00e8re \u00e0 l\u2019innovation et elle est en mesure de concevoir et breveter des","breadcrumb":{"@id":"https:\/\/volpatolasm.com\/fr\/entreprise\/brevets-et-certifications\/#breadcrumb"},"inLanguage":"fr-FR","potentialAction":[{"@type":"ReadAction","target":["https:\/\/volpatolasm.com\/fr\/entreprise\/brevets-et-certifications\/"]}]},{"@type":"BreadcrumbList","@id":"https:\/\/volpatolasm.com\/fr\/entreprise\/brevets-et-certifications\/#breadcrumb","itemListElement":[{"@type":"ListItem","position":1,"name":"Home","item":"https:\/\/volpatolasm.com\/fr\/"},{"@type":"ListItem","position":2,"name":"Entreprise","item":"https:\/\/volpatolasm.com\/fr\/entreprise\/"},{"@type":"ListItem","position":3,"name":"Brevets et certifications"}]},{"@type":"WebSite","@id":"https:\/\/volpatolasm.com\/#website","url":"https:\/\/volpatolasm.com\/","name":"Volpato LASM","description":"","potentialAction":[{"@type":"SearchAction","target":{"@type":"EntryPoint","urlTemplate":"https:\/\/volpatolasm.com\/?s={search_term_string}"},"query-input":"required name=search_term_string"}],"inLanguage":"fr-FR"}]}},"_links":{"self":[{"href":"https:\/\/volpatolasm.com\/fr\/wp-json\/wp\/v2\/pages\/9053"}],"collection":[{"href":"https:\/\/volpatolasm.com\/fr\/wp-json\/wp\/v2\/pages"}],"about":[{"href":"https:\/\/volpatolasm.com\/fr\/wp-json\/wp\/v2\/types\/page"}],"author":[{"embeddable":true,"href":"https:\/\/volpatolasm.com\/fr\/wp-json\/wp\/v2\/users\/4"}],"replies":[{"embeddable":true,"href":"https:\/\/volpatolasm.com\/fr\/wp-json\/wp\/v2\/comments?post=9053"}],"version-history":[{"count":5,"href":"https:\/\/volpatolasm.com\/fr\/wp-json\/wp\/v2\/pages\/9053\/revisions"}],"predecessor-version":[{"id":9070,"href":"https:\/\/volpatolasm.com\/fr\/wp-json\/wp\/v2\/pages\/9053\/revisions\/9070"}],"up":[{"embeddable":true,"href":"https:\/\/volpatolasm.com\/fr\/wp-json\/wp\/v2\/pages\/8796"}],"wp:attachment":[{"href":"https:\/\/volpatolasm.com\/fr\/wp-json\/wp\/v2\/media?parent=9053"}],"curies":[{"name":"wp","href":"https:\/\/api.w.org\/{rel}","templated":true}]}}