{"id":9011,"date":"2020-02-18T13:33:24","date_gmt":"2020-02-18T12:33:24","guid":{"rendered":"https:\/\/www.volpatolasm.com\/entreprise\/made-in-italy\/"},"modified":"2020-02-25T10:21:52","modified_gmt":"2020-02-25T09:21:52","slug":"made-in-italy","status":"publish","type":"page","link":"https:\/\/volpatolasm.com\/fr\/entreprise\/made-in-italy\/","title":{"rendered":"Made in Italy"},"content":{"rendered":"<p>[vc_row][vc_column][vc_custom_heading text=&#8221;Les ponceuses pour bois, plastique et aluminium sont compl\u00e8tement italiennes.<br \/>\n&#8221; use_theme_fonts=&#8221;yes&#8221;][\/vc_column][\/vc_row][vc_row][vc_column width=&#8221;1\/2&#8243;][vc_column_text]La production de machines Made in Italy pour le pon\u00e7age de divers mat\u00e9riaux offre de nombreux avantages \u00e0 l\u2019utilisateur final, surtout en ce qui concerne le contr\u00f4le de la qualit\u00e9, la disponibilit\u00e9 des pi\u00e8ces de rechange ainsi que le d\u00e9veloppement des mat\u00e9riaux et d\u2019autres solutions innovantes, qui sont le fruit de la confrontation de techniciens hautement sp\u00e9cialis\u00e9s avec un savoir-faire de haut niveau. C\u2019est la raison pour laquelle les machines VOLPATO, \u00e0 l\u2019exception du panneau op\u00e9rateur et du PLC, sont r\u00e9alis\u00e9es exclusivement \u00e0 partir de composants et mat\u00e9riaux provenant du march\u00e9 italien, produits sous la supervision de personnes comp\u00e9tentes et fiables qui contr\u00f4lent et g\u00e8rent toute la fili\u00e8re productive de mani\u00e8re attentive afin d\u2019offrir un niveau de qualit\u00e9 tr\u00e8s \u00e9lev\u00e9.<\/p>\n<p>[\/vc_column_text][\/vc_column][vc_column width=&#8221;1\/2&#8243;][vc_gallery type=&#8221;flexslider_slide&#8221; interval=&#8221;5&#8243; images=&#8221;9001,8996,8991&#8243; img_size=&#8221;medium&#8221;][\/vc_column][\/vc_row]<\/p>\n","protected":false},"excerpt":{"rendered":"<p>[vc_row][vc_column][vc_custom_heading text=&#8221;Les ponceuses pour bois, plastique et aluminium sont compl\u00e8tement italiennes. &#8221; use_theme_fonts=&#8221;yes&#8221;][\/vc_column][\/vc_row][vc_row][vc_column width=&#8221;1\/2&#8243;][vc_column_text]La production de machines Made in Italy pour le pon\u00e7age de divers mat\u00e9riaux offre de nombreux avantages \u00e0 l\u2019utilisateur final, surtout en ce qui concerne le contr\u00f4le de la qualit\u00e9, la disponibilit\u00e9 des pi\u00e8ces de rechange ainsi que le d\u00e9veloppement des mat\u00e9riaux [&hellip;]<\/p>\n","protected":false},"author":4,"featured_media":0,"parent":8796,"menu_order":0,"comment_status":"closed","ping_status":"closed","template":"","meta":[],"yoast_head":"<!-- This site is optimized with the Yoast SEO plugin v19.5.1 - https:\/\/yoast.com\/wordpress\/plugins\/seo\/ -->\n<title>Made in Italy - Volpato LASM<\/title>\n<meta name=\"description\" content=\"La production de machines Made in Italy pour le pon\u00e7age de divers mat\u00e9riaux offre de nombreux avantages \u00e0 l\u2019utilisateur final, surtout en ce qui concerne\" \/>\n<meta name=\"robots\" content=\"index, follow, max-snippet:-1, max-image-preview:large, max-video-preview:-1\" \/>\n<link rel=\"canonical\" href=\"https:\/\/volpatolasm.com\/fr\/wp-json\/wp\/v2\/pages\/9011\/\" \/>\n<meta property=\"og:locale\" content=\"fr_FR\" \/>\n<meta property=\"og:type\" content=\"article\" \/>\n<meta property=\"og:title\" content=\"Made in Italy - Volpato LASM\" \/>\n<meta property=\"og:description\" content=\"La production de machines Made in Italy pour le pon\u00e7age de divers mat\u00e9riaux offre de nombreux avantages \u00e0 l\u2019utilisateur final, surtout en ce qui concerne\" \/>\n<meta property=\"og:url\" content=\"https:\/\/volpatolasm.com\/fr\/entreprise\/made-in-italy\/\" \/>\n<meta property=\"og:site_name\" content=\"Volpato LASM\" \/>\n<meta property=\"article:modified_time\" content=\"2020-02-25T09:21:52+00:00\" \/>\n<meta name=\"twitter:card\" content=\"summary_large_image\" \/>\n<meta name=\"twitter:label1\" content=\"Dur\u00e9e de lecture estim\u00e9e\" \/>\n\t<meta name=\"twitter:data1\" content=\"1 minute\" \/>\n<!-- \/ Yoast SEO plugin. -->","yoast_head_json":{"title":"Made in Italy - Volpato LASM","description":"La production de machines Made in Italy pour le pon\u00e7age de divers mat\u00e9riaux offre de nombreux avantages \u00e0 l\u2019utilisateur final, surtout en ce qui concerne","robots":{"index":"index","follow":"follow","max-snippet":"max-snippet:-1","max-image-preview":"max-image-preview:large","max-video-preview":"max-video-preview:-1"},"canonical":"https:\/\/volpatolasm.com\/fr\/wp-json\/wp\/v2\/pages\/9011\/","og_locale":"fr_FR","og_type":"article","og_title":"Made in Italy - Volpato LASM","og_description":"La production de machines Made in Italy pour le pon\u00e7age de divers mat\u00e9riaux offre de nombreux avantages \u00e0 l\u2019utilisateur final, surtout en ce qui concerne","og_url":"https:\/\/volpatolasm.com\/fr\/entreprise\/made-in-italy\/","og_site_name":"Volpato LASM","article_modified_time":"2020-02-25T09:21:52+00:00","twitter_card":"summary_large_image","twitter_misc":{"Dur\u00e9e de lecture estim\u00e9e":"1 minute"},"schema":{"@context":"https:\/\/schema.org","@graph":[{"@type":"WebPage","@id":"https:\/\/volpatolasm.com\/fr\/entreprise\/made-in-italy\/","url":"https:\/\/volpatolasm.com\/fr\/entreprise\/made-in-italy\/","name":"Made in Italy - Volpato LASM","isPartOf":{"@id":"https:\/\/volpatolasm.com\/#website"},"datePublished":"2020-02-18T12:33:24+00:00","dateModified":"2020-02-25T09:21:52+00:00","description":"La production de machines Made in Italy pour le pon\u00e7age de divers mat\u00e9riaux offre de nombreux avantages \u00e0 l\u2019utilisateur final, surtout en ce qui concerne","breadcrumb":{"@id":"https:\/\/volpatolasm.com\/fr\/entreprise\/made-in-italy\/#breadcrumb"},"inLanguage":"fr-FR","potentialAction":[{"@type":"ReadAction","target":["https:\/\/volpatolasm.com\/fr\/entreprise\/made-in-italy\/"]}]},{"@type":"BreadcrumbList","@id":"https:\/\/volpatolasm.com\/fr\/entreprise\/made-in-italy\/#breadcrumb","itemListElement":[{"@type":"ListItem","position":1,"name":"Home","item":"https:\/\/volpatolasm.com\/fr\/"},{"@type":"ListItem","position":2,"name":"Entreprise","item":"https:\/\/volpatolasm.com\/fr\/entreprise\/"},{"@type":"ListItem","position":3,"name":"Made in Italy"}]},{"@type":"WebSite","@id":"https:\/\/volpatolasm.com\/#website","url":"https:\/\/volpatolasm.com\/","name":"Volpato LASM","description":"","potentialAction":[{"@type":"SearchAction","target":{"@type":"EntryPoint","urlTemplate":"https:\/\/volpatolasm.com\/?s={search_term_string}"},"query-input":"required name=search_term_string"}],"inLanguage":"fr-FR"}]}},"_links":{"self":[{"href":"https:\/\/volpatolasm.com\/fr\/wp-json\/wp\/v2\/pages\/9011"}],"collection":[{"href":"https:\/\/volpatolasm.com\/fr\/wp-json\/wp\/v2\/pages"}],"about":[{"href":"https:\/\/volpatolasm.com\/fr\/wp-json\/wp\/v2\/types\/page"}],"author":[{"embeddable":true,"href":"https:\/\/volpatolasm.com\/fr\/wp-json\/wp\/v2\/users\/4"}],"replies":[{"embeddable":true,"href":"https:\/\/volpatolasm.com\/fr\/wp-json\/wp\/v2\/comments?post=9011"}],"version-history":[{"count":5,"href":"https:\/\/volpatolasm.com\/fr\/wp-json\/wp\/v2\/pages\/9011\/revisions"}],"predecessor-version":[{"id":9029,"href":"https:\/\/volpatolasm.com\/fr\/wp-json\/wp\/v2\/pages\/9011\/revisions\/9029"}],"up":[{"embeddable":true,"href":"https:\/\/volpatolasm.com\/fr\/wp-json\/wp\/v2\/pages\/8796"}],"wp:attachment":[{"href":"https:\/\/volpatolasm.com\/fr\/wp-json\/wp\/v2\/media?parent=9011"}],"curies":[{"name":"wp","href":"https:\/\/api.w.org\/{rel}","templated":true}]}}