{"id":8963,"date":"2020-02-18T13:33:00","date_gmt":"2020-02-18T12:33:00","guid":{"rendered":"https:\/\/www.volpatolasm.com\/entreprise\/dove-siamo\/"},"modified":"2020-02-25T09:46:38","modified_gmt":"2020-02-25T08:46:38","slug":"ou-nous-sommes","status":"publish","type":"page","link":"https:\/\/volpatolasm.com\/fr\/entreprise\/ou-nous-sommes\/","title":{"rendered":"O\u00f9 nous sommes"},"content":{"rendered":"<p>[vc_row][vc_column][vc_custom_heading text=&#8221;Comment se rendre \u00e0 notre entreprise&#8221; use_theme_fonts=&#8221;yes&#8221;][\/vc_column][\/vc_row][vc_row][vc_column width=&#8221;1\/2&#8243;][vc_column_text]VOLPATO Srl est situ\u00e9 \u00e0 Campodarsego (Padova), via C. Colombo 18. Pour se rendre \u00e0 notre entreprise en passant par l\u2019autoroute A4 Milan \u2013 Venise, il faut sortir \u00e0 Padova Est et suivre les indications pour Castelfranco. Il faut ensuite prendre la sortie Reschigliano di Campodarsego et tourner \u00e0 droite au stop. Continuer tout droit au premier rond-point, puis au deuxi\u00e8me tourner \u00e0 droite. Continuer pendant environ 200 m\u00e8tres et tourner \u00e0 gauche dans via C. Colombo.[\/vc_column_text][\/vc_column][vc_column width=&#8221;1\/2&#8243;][vc_single_image image=&#8221;8778&#8243; img_size=&#8221;large&#8221;][\/vc_column][\/vc_row][vc_row][vc_column][vc_gmaps link=&#8221;#E-8_JTNDaWZyYW1lJTIwc3JjJTNEJTIyaHR0cHMlM0ElMkYlMkZ3d3cuZ29vZ2xlLmNvbSUyRm1hcHMlMkZlbWJlZCUzRnBiJTNEJTIxMW0xOCUyMTFtMTIlMjExbTMlMjExZDI3OTcuMjM0NjQ3NDM3ODkxJTIxMmQxMS45MDQ5ODcxMTU4MjUwODMlMjEzZDQ1LjQ4NTIxOTM3OTEwMTIlMjEybTMlMjExZjAlMjEyZjAlMjEzZjAlMjEzbTIlMjExaTEwMjQlMjEyaTc2OCUyMTRmMTMuMSUyMTNtMyUyMTFtMiUyMTFzMHg0NzdlZDExMWU3MWNmOGY5JTI1M0EweGQ1ODAxYzgwNDdmMGZhMTMlMjEyc1ZvbHBhdG8lMjUyMFMuUi5MLiUyMTVlMCUyMTNtMiUyMTFzaXQlMjEyc2l0JTIxNHYxNTgyNTYyMjI2OTU3JTIxNW0yJTIxMXNpdCUyMTJzaXQlMjIlMjB3aWR0aCUzRCUyMjEwMCUyNSUyMiUyMGhlaWdodCUzRCUyMjQ1MCUyMiUyMGZyYW1lYm9yZGVyJTNEJTIyMCUyMiUyMHN0eWxlJTNEJTIyYm9yZGVyJTNBMCUzQiUyMiUyMGFsbG93ZnVsbHNjcmVlbiUzRCUyMiUyMiUzRSUzQyUyRmlmcmFtZSUzRQ==&#8221;][vc_column_text]VOLPATO Srl se trouve un peu plus loin, \u00e0 200 m\u00e8tres sur la droite. L\u2019a\u00e9roport le plus proche est l\u2019a\u00e9roport Marco Polo de Venise, dont le service Taxi peut vous amener directement au si\u00e8ge de VOLPATO srl en un peu plus de 30 min.[\/vc_column_text][\/vc_column][\/vc_row]<\/p>\n","protected":false},"excerpt":{"rendered":"<p>[vc_row][vc_column][vc_custom_heading text=&#8221;Comment se rendre \u00e0 notre entreprise&#8221; use_theme_fonts=&#8221;yes&#8221;][\/vc_column][\/vc_row][vc_row][vc_column width=&#8221;1\/2&#8243;][vc_column_text]VOLPATO Srl est situ\u00e9 \u00e0 Campodarsego (Padova), via C. Colombo 18. Pour se rendre \u00e0 notre entreprise en passant par l\u2019autoroute A4 Milan \u2013 Venise, il faut sortir \u00e0 Padova Est et suivre les indications pour Castelfranco. Il faut ensuite prendre la sortie Reschigliano di Campodarsego et [&hellip;]<\/p>\n","protected":false},"author":4,"featured_media":0,"parent":8796,"menu_order":0,"comment_status":"closed","ping_status":"closed","template":"","meta":[],"yoast_head":"<!-- This site is optimized with the Yoast SEO plugin v19.5.1 - https:\/\/yoast.com\/wordpress\/plugins\/seo\/ -->\n<title>O\u00f9 nous sommes - Volpato LASM<\/title>\n<meta name=\"description\" content=\"VOLPATO Srl est situ\u00e9 \u00e0 Campodarsego (Padova), via C. Colombo 18. Pour se rendre \u00e0 notre entreprise en passant par l\u2019autoroute A4 Milan \u2013 Venise, il faut\" \/>\n<meta name=\"robots\" content=\"index, follow, max-snippet:-1, max-image-preview:large, max-video-preview:-1\" \/>\n<link rel=\"canonical\" href=\"https:\/\/volpatolasm.com\/fr\/wp-json\/wp\/v2\/pages\/8963\/\" \/>\n<meta property=\"og:locale\" content=\"fr_FR\" \/>\n<meta property=\"og:type\" content=\"article\" \/>\n<meta property=\"og:title\" content=\"O\u00f9 nous sommes - Volpato LASM\" \/>\n<meta property=\"og:description\" content=\"VOLPATO Srl est situ\u00e9 \u00e0 Campodarsego (Padova), via C. Colombo 18. Pour se rendre \u00e0 notre entreprise en passant par l\u2019autoroute A4 Milan \u2013 Venise, il faut\" \/>\n<meta property=\"og:url\" content=\"https:\/\/volpatolasm.com\/fr\/entreprise\/ou-nous-sommes\/\" \/>\n<meta property=\"og:site_name\" content=\"Volpato LASM\" \/>\n<meta property=\"article:modified_time\" content=\"2020-02-25T08:46:38+00:00\" \/>\n<meta name=\"twitter:card\" content=\"summary_large_image\" \/>\n<meta name=\"twitter:label1\" content=\"Dur\u00e9e de lecture estim\u00e9e\" \/>\n\t<meta name=\"twitter:data1\" content=\"1 minute\" \/>\n<!-- \/ Yoast SEO plugin. -->","yoast_head_json":{"title":"O\u00f9 nous sommes - Volpato LASM","description":"VOLPATO Srl est situ\u00e9 \u00e0 Campodarsego (Padova), via C. Colombo 18. Pour se rendre \u00e0 notre entreprise en passant par l\u2019autoroute A4 Milan \u2013 Venise, il faut","robots":{"index":"index","follow":"follow","max-snippet":"max-snippet:-1","max-image-preview":"max-image-preview:large","max-video-preview":"max-video-preview:-1"},"canonical":"https:\/\/volpatolasm.com\/fr\/wp-json\/wp\/v2\/pages\/8963\/","og_locale":"fr_FR","og_type":"article","og_title":"O\u00f9 nous sommes - Volpato LASM","og_description":"VOLPATO Srl est situ\u00e9 \u00e0 Campodarsego (Padova), via C. Colombo 18. Pour se rendre \u00e0 notre entreprise en passant par l\u2019autoroute A4 Milan \u2013 Venise, il faut","og_url":"https:\/\/volpatolasm.com\/fr\/entreprise\/ou-nous-sommes\/","og_site_name":"Volpato LASM","article_modified_time":"2020-02-25T08:46:38+00:00","twitter_card":"summary_large_image","twitter_misc":{"Dur\u00e9e de lecture estim\u00e9e":"1 minute"},"schema":{"@context":"https:\/\/schema.org","@graph":[{"@type":"WebPage","@id":"https:\/\/volpatolasm.com\/fr\/entreprise\/ou-nous-sommes\/","url":"https:\/\/volpatolasm.com\/fr\/entreprise\/ou-nous-sommes\/","name":"O\u00f9 nous sommes - Volpato LASM","isPartOf":{"@id":"https:\/\/volpatolasm.com\/#website"},"datePublished":"2020-02-18T12:33:00+00:00","dateModified":"2020-02-25T08:46:38+00:00","description":"VOLPATO Srl est situ\u00e9 \u00e0 Campodarsego (Padova), via C. Colombo 18. Pour se rendre \u00e0 notre entreprise en passant par l\u2019autoroute A4 Milan \u2013 Venise, il faut","breadcrumb":{"@id":"https:\/\/volpatolasm.com\/fr\/entreprise\/ou-nous-sommes\/#breadcrumb"},"inLanguage":"fr-FR","potentialAction":[{"@type":"ReadAction","target":["https:\/\/volpatolasm.com\/fr\/entreprise\/ou-nous-sommes\/"]}]},{"@type":"BreadcrumbList","@id":"https:\/\/volpatolasm.com\/fr\/entreprise\/ou-nous-sommes\/#breadcrumb","itemListElement":[{"@type":"ListItem","position":1,"name":"Home","item":"https:\/\/volpatolasm.com\/fr\/"},{"@type":"ListItem","position":2,"name":"Entreprise","item":"https:\/\/volpatolasm.com\/fr\/entreprise\/"},{"@type":"ListItem","position":3,"name":"O\u00f9 nous sommes"}]},{"@type":"WebSite","@id":"https:\/\/volpatolasm.com\/#website","url":"https:\/\/volpatolasm.com\/","name":"Volpato LASM","description":"","potentialAction":[{"@type":"SearchAction","target":{"@type":"EntryPoint","urlTemplate":"https:\/\/volpatolasm.com\/?s={search_term_string}"},"query-input":"required name=search_term_string"}],"inLanguage":"fr-FR"}]}},"_links":{"self":[{"href":"https:\/\/volpatolasm.com\/fr\/wp-json\/wp\/v2\/pages\/8963"}],"collection":[{"href":"https:\/\/volpatolasm.com\/fr\/wp-json\/wp\/v2\/pages"}],"about":[{"href":"https:\/\/volpatolasm.com\/fr\/wp-json\/wp\/v2\/types\/page"}],"author":[{"embeddable":true,"href":"https:\/\/volpatolasm.com\/fr\/wp-json\/wp\/v2\/users\/4"}],"replies":[{"embeddable":true,"href":"https:\/\/volpatolasm.com\/fr\/wp-json\/wp\/v2\/comments?post=8963"}],"version-history":[{"count":6,"href":"https:\/\/volpatolasm.com\/fr\/wp-json\/wp\/v2\/pages\/8963\/revisions"}],"predecessor-version":[{"id":8982,"href":"https:\/\/volpatolasm.com\/fr\/wp-json\/wp\/v2\/pages\/8963\/revisions\/8982"}],"up":[{"embeddable":true,"href":"https:\/\/volpatolasm.com\/fr\/wp-json\/wp\/v2\/pages\/8796"}],"wp:attachment":[{"href":"https:\/\/volpatolasm.com\/fr\/wp-json\/wp\/v2\/media?parent=8963"}],"curies":[{"name":"wp","href":"https:\/\/api.w.org\/{rel}","templated":true}]}}