{"id":8817,"date":"2020-02-18T13:32:37","date_gmt":"2020-02-18T12:32:37","guid":{"rendered":"https:\/\/www.volpatolasm.com\/entreprise\/storia\/"},"modified":"2020-02-24T17:12:12","modified_gmt":"2020-02-24T16:12:12","slug":"histoire","status":"publish","type":"page","link":"https:\/\/volpatolasm.com\/fr\/entreprise\/histoire\/","title":{"rendered":"Histoire"},"content":{"rendered":"<p>[vc_row full_width=&#8221;stretch_row&#8221;][vc_column][vc_column_text]<\/p>\n<h2>De la r\u00e9alisation de machines standards pour le pon\u00e7age \u00e0 la production sur mesure<\/h2>\n<p>[\/vc_column_text][\/vc_column][\/vc_row][vc_row][vc_column width=&#8221;1\/2&#8243;][vc_column_text]<\/p>\n<div class=\"et_pb_column et_pb_column_1_2 et_pb_column_2 et_pb_css_mix_blend_mode_passthrough\">\n<div class=\"et_pb_module et_pb_text et_pb_text_1 et_pb_text_align_left et_pb_bg_layout_light\">\n<div class=\"et_pb_text_inner\">\n<p>Depuis sa naissance en 1957, l\u2019entreprise a chang\u00e9 d\u2019\u00e9tablissement de production, renouvelant \u00e9galement son parc de machines de production en 2001. Tout d\u2019abord connue sous le sigle LASM (acronyme des noms des fondateurs), elle se propose d\u00e8s lors sous le nom de VOLPATO, qui se pr\u00e9sente comme la v\u00e9ritable division op\u00e9rationnelle de la soci\u00e9t\u00e9, avec changement de la raison sociale de Snc en Srl.<\/p>\n<\/div>\n<\/div>\n<\/div>\n<div class=\"et_pb_column et_pb_column_1_2 et_pb_column_3 et_pb_css_mix_blend_mode_passthrough et-last-child\">\n<div class=\"et_pb_with_border et_pb_module et_pb_gallery et_pb_gallery_0 et_pb_bg_layout_light et_pb_slider et_pb_gallery_fullwidth et_slider_auto et_slider_speed_7000 clearfix\">\n<div class=\"et_pb_gallery_items et_post_gallery clearfix\" data-per_page=\"4\">\n<div class=\"et_pb_gallery_item et_pb_bg_layout_light et_pb_gallery_item_0_0 et-pb-active-slide\"><\/div>\n<\/div>\n<\/div>\n<\/div>\n<p>[\/vc_column_text][\/vc_column][vc_column width=&#8221;1\/2&#8243;][vc_single_image image=&#8221;8763&#8243; img_size=&#8221;full&#8221; alignment=&#8221;center&#8221;][\/vc_column][\/vc_row][vc_row][vc_column][vc_column_text]<\/p>\n<div id=\"main-content\">\n<article id=\"post-653\" class=\"post-653 page type-page status-publish hentry\">\n<div class=\"entry-content\">\n<div id=\"et-boc\" class=\"et-boc\">\n<div class=\"et-l et-l--post\">\n<div class=\"et_builder_inner_content et_pb_gutters3\">\n<div class=\"et_pb_section et_pb_section_4 et_section_regular\">\n<div class=\"et_pb_row et_pb_row_3\">\n<div class=\"et_pb_column et_pb_column_4_4 et_pb_column_4 et_pb_css_mix_blend_mode_passthrough et-last-child\">\n<div class=\"et_pb_module et_pb_text et_pb_text_2 et_pb_text_align_left et_pb_bg_layout_light\">\n<div class=\"et_pb_text_inner\">\n<p>Ces derni\u00e8res ann\u00e9es, l\u2019entreprise a explor\u00e9 de nouveaux march\u00e9s en termes g\u00e9ographiques et de secteur, construisant un r\u00e9seau de distribution couvrant une grande partie du monde et satisfaisant de plus en plus de clients de petites, moyennes et grandes entreprises, op\u00e9rant dans plusieurs secteurs industriels et artisanaux. C\u2019est pour cette raison que la soci\u00e9t\u00e9 est pass\u00e9e de la production de machines pour le travail du bois \u00e0 la cr\u00e9ation de machines personnalis\u00e9es pour le pon\u00e7age de mat\u00e9riaux tels que les composants plastiques, l\u2019aluminium, l\u2019acier, les m\u00e9taux pr\u00e9cieux, le caoutchouc et bien d\u2019autres encore.<\/p>\n<\/div>\n<\/div>\n<\/div>\n<\/div>\n<\/div>\n<\/div>\n<\/div>\n<\/div>\n<\/div>\n<\/article>\n<\/div>\n<footer id=\"main-footer\">\n<div class=\"container\">\n<div id=\"footer-widgets\" class=\"clearfix\">\n<div class=\"footer-widget\">\n<div id=\"ctatext-4\" class=\"fwidget et_pb_widget widget_cta\"><\/div>\n<\/div>\n<\/div>\n<\/div>\n<\/footer>\n<p>[\/vc_column_text][\/vc_column][\/vc_row]<\/p>\n","protected":false},"excerpt":{"rendered":"<p>[vc_row full_width=&#8221;stretch_row&#8221;][vc_column][vc_column_text] De la r\u00e9alisation de machines standards pour le pon\u00e7age \u00e0 la production sur mesure [\/vc_column_text][\/vc_column][\/vc_row][vc_row][vc_column width=&#8221;1\/2&#8243;][vc_column_text] Depuis sa naissance en 1957, l\u2019entreprise a chang\u00e9 d\u2019\u00e9tablissement de production, renouvelant \u00e9galement son parc de machines de production en 2001. Tout d\u2019abord connue sous le sigle LASM (acronyme des noms des fondateurs), elle se propose d\u00e8s [&hellip;]<\/p>\n","protected":false},"author":4,"featured_media":0,"parent":8796,"menu_order":0,"comment_status":"closed","ping_status":"closed","template":"","meta":[],"yoast_head":"<!-- This site is optimized with the Yoast SEO plugin v19.5.1 - https:\/\/yoast.com\/wordpress\/plugins\/seo\/ -->\n<title>Histoire - Volpato LASM<\/title>\n<meta name=\"description\" content=\"De la r\u00e9alisation de machines standards pour le pon\u00e7age \u00e0 la production sur mesure Depuis sa naissance en 1957, l\u2019entreprise a chang\u00e9 d\u2019\u00e9tablissement de\" \/>\n<meta name=\"robots\" content=\"index, follow, max-snippet:-1, max-image-preview:large, max-video-preview:-1\" \/>\n<link rel=\"canonical\" href=\"https:\/\/volpatolasm.com\/fr\/wp-json\/wp\/v2\/pages\/8817\/\" \/>\n<meta property=\"og:locale\" content=\"fr_FR\" \/>\n<meta property=\"og:type\" content=\"article\" \/>\n<meta property=\"og:title\" content=\"Histoire - Volpato LASM\" \/>\n<meta property=\"og:description\" content=\"De la r\u00e9alisation de machines standards pour le pon\u00e7age \u00e0 la production sur mesure Depuis sa naissance en 1957, l\u2019entreprise a chang\u00e9 d\u2019\u00e9tablissement de\" \/>\n<meta property=\"og:url\" content=\"https:\/\/volpatolasm.com\/fr\/entreprise\/histoire\/\" \/>\n<meta property=\"og:site_name\" content=\"Volpato LASM\" \/>\n<meta property=\"article:modified_time\" content=\"2020-02-24T16:12:12+00:00\" \/>\n<meta name=\"twitter:card\" content=\"summary_large_image\" \/>\n<meta name=\"twitter:label1\" content=\"Dur\u00e9e de lecture estim\u00e9e\" \/>\n\t<meta name=\"twitter:data1\" content=\"1 minute\" \/>\n<!-- \/ Yoast SEO plugin. -->","yoast_head_json":{"title":"Histoire - Volpato LASM","description":"De la r\u00e9alisation de machines standards pour le pon\u00e7age \u00e0 la production sur mesure Depuis sa naissance en 1957, l\u2019entreprise a chang\u00e9 d\u2019\u00e9tablissement de","robots":{"index":"index","follow":"follow","max-snippet":"max-snippet:-1","max-image-preview":"max-image-preview:large","max-video-preview":"max-video-preview:-1"},"canonical":"https:\/\/volpatolasm.com\/fr\/wp-json\/wp\/v2\/pages\/8817\/","og_locale":"fr_FR","og_type":"article","og_title":"Histoire - Volpato LASM","og_description":"De la r\u00e9alisation de machines standards pour le pon\u00e7age \u00e0 la production sur mesure Depuis sa naissance en 1957, l\u2019entreprise a chang\u00e9 d\u2019\u00e9tablissement de","og_url":"https:\/\/volpatolasm.com\/fr\/entreprise\/histoire\/","og_site_name":"Volpato LASM","article_modified_time":"2020-02-24T16:12:12+00:00","twitter_card":"summary_large_image","twitter_misc":{"Dur\u00e9e de lecture estim\u00e9e":"1 minute"},"schema":{"@context":"https:\/\/schema.org","@graph":[{"@type":"WebPage","@id":"https:\/\/volpatolasm.com\/fr\/entreprise\/histoire\/","url":"https:\/\/volpatolasm.com\/fr\/entreprise\/histoire\/","name":"Histoire - Volpato LASM","isPartOf":{"@id":"https:\/\/volpatolasm.com\/#website"},"datePublished":"2020-02-18T12:32:37+00:00","dateModified":"2020-02-24T16:12:12+00:00","description":"De la r\u00e9alisation de machines standards pour le pon\u00e7age \u00e0 la production sur mesure Depuis sa naissance en 1957, l\u2019entreprise a chang\u00e9 d\u2019\u00e9tablissement de","breadcrumb":{"@id":"https:\/\/volpatolasm.com\/fr\/entreprise\/histoire\/#breadcrumb"},"inLanguage":"fr-FR","potentialAction":[{"@type":"ReadAction","target":["https:\/\/volpatolasm.com\/fr\/entreprise\/histoire\/"]}]},{"@type":"BreadcrumbList","@id":"https:\/\/volpatolasm.com\/fr\/entreprise\/histoire\/#breadcrumb","itemListElement":[{"@type":"ListItem","position":1,"name":"Home","item":"https:\/\/volpatolasm.com\/fr\/"},{"@type":"ListItem","position":2,"name":"Entreprise","item":"https:\/\/volpatolasm.com\/fr\/entreprise\/"},{"@type":"ListItem","position":3,"name":"Histoire"}]},{"@type":"WebSite","@id":"https:\/\/volpatolasm.com\/#website","url":"https:\/\/volpatolasm.com\/","name":"Volpato LASM","description":"","potentialAction":[{"@type":"SearchAction","target":{"@type":"EntryPoint","urlTemplate":"https:\/\/volpatolasm.com\/?s={search_term_string}"},"query-input":"required name=search_term_string"}],"inLanguage":"fr-FR"}]}},"_links":{"self":[{"href":"https:\/\/volpatolasm.com\/fr\/wp-json\/wp\/v2\/pages\/8817"}],"collection":[{"href":"https:\/\/volpatolasm.com\/fr\/wp-json\/wp\/v2\/pages"}],"about":[{"href":"https:\/\/volpatolasm.com\/fr\/wp-json\/wp\/v2\/types\/page"}],"author":[{"embeddable":true,"href":"https:\/\/volpatolasm.com\/fr\/wp-json\/wp\/v2\/users\/4"}],"replies":[{"embeddable":true,"href":"https:\/\/volpatolasm.com\/fr\/wp-json\/wp\/v2\/comments?post=8817"}],"version-history":[{"count":5,"href":"https:\/\/volpatolasm.com\/fr\/wp-json\/wp\/v2\/pages\/8817\/revisions"}],"predecessor-version":[{"id":8835,"href":"https:\/\/volpatolasm.com\/fr\/wp-json\/wp\/v2\/pages\/8817\/revisions\/8835"}],"up":[{"embeddable":true,"href":"https:\/\/volpatolasm.com\/fr\/wp-json\/wp\/v2\/pages\/8796"}],"wp:attachment":[{"href":"https:\/\/volpatolasm.com\/fr\/wp-json\/wp\/v2\/media?parent=8817"}],"curies":[{"name":"wp","href":"https:\/\/api.w.org\/{rel}","templated":true}]}}