{"id":8796,"date":"2020-02-18T13:32:11","date_gmt":"2020-02-18T12:32:11","guid":{"rendered":"https:\/\/www.volpatolasm.com\/azienda\/"},"modified":"2020-02-24T16:46:42","modified_gmt":"2020-02-24T15:46:42","slug":"entreprise","status":"publish","type":"page","link":"https:\/\/volpatolasm.com\/fr\/entreprise\/","title":{"rendered":"Entreprise"},"content":{"rendered":"<p>[vc_row][vc_column][vc_column_text]<\/p>\n<h2>Producteurs de ponceuses personnalis\u00e9es pour bois, aluminium et mati\u00e8res m\u00e9talliques et plastiques.<\/h2>\n<div class=\"col_9 column\">\n<div class=\"inner\">\n<p align=\"justify\">N\u00e9e en 1957 sous le nom de LASM snc di VOLPATO M. &amp; C., devenue par la suite VOLPATO SRL, la soci\u00e9t\u00e9 a trouv\u00e9 d\u00e8s le d\u00e9but, dans le secteur du pon\u00e7age, le domaine qu\u2019il lui \u00e9tait plus ais\u00e9 de d\u00e9velopper. L\u2019exp\u00e9rience accumul\u00e9e dans ce secteur, la vari\u00e9t\u00e9 des mod\u00e8les offerts, l\u2019\u00e9ventail des prestations, la robustesse, la fiabilit\u00e9, l\u2019adaptabilit\u00e9, la simplicit\u00e9 d\u2019utilisation et de maintenance sont des facteurs qui ont contribu\u00e9 \u00e0 son succ\u00e8s croissant, lui permettant d\u2019atteindre rapidement une position privil\u00e9gi\u00e9e parmi les producteurs de ponceuses pour bois et d\u2019autres mat\u00e9riaux tels que l\u2019aluminium, le m\u00e9tal et les mati\u00e8res plastiques. Son affirmation dans ce secteur est \u00e9galement le m\u00e9rite d\u2019une client\u00e8le fid\u00e8le, se distinguant par un esprit extr\u00eamement collaboratif avec notre entreprise, qui a permis l\u2019am\u00e9lioration constante de son appareillage.<\/p>\n<\/div>\n<\/div>\n<p>[\/vc_column_text][\/vc_column][\/vc_row][vc_row][vc_column width=&#8221;1\/3&#8243;][vc_single_image image=&#8221;8763&#8243; img_size=&#8221;full&#8221; alignment=&#8221;center&#8221; onclick=&#8221;custom_link&#8221; link=&#8221;http:\/\/volpatolasm.com\/azienda\/storia\/&#8221;][vc_custom_heading text=&#8221;Histoire&#8221; font_container=&#8221;tag:h4|text_align:left&#8221; use_theme_fonts=&#8221;yes&#8221;][vc_column_text]<\/p>\n<div class=\"et_pb_column et_pb_column_1_3 et_pb_column_2 et_pb_css_mix_blend_mode_passthrough\">\n<div class=\"et_pb_module et_pb_blurb et_pb_blurb_0 et_pb_text_align_left et_pb_blurb_position_top et_pb_bg_layout_light\">\n<div class=\"et_pb_blurb_content\">\n<div class=\"et_pb_blurb_container\">\n<div class=\"et_pb_blurb_description\">\n<p>De la r\u00e9alisation de machines standards pour le pon\u00e7age \u00e0 la production sur mesure<\/p>\n<\/div>\n<\/div>\n<\/div>\n<\/div>\n<\/div>\n<p>[\/vc_column_text][\/vc_column][vc_column width=&#8221;1\/3&#8243;][vc_single_image image=&#8221;8778&#8243; img_size=&#8221;full&#8221; alignment=&#8221;center&#8221; onclick=&#8221;custom_link&#8221; link=&#8221;http:\/\/volpatolasm.com\/azienda\/dove-siamo\/&#8221;][vc_custom_heading text=&#8221;Ou nous sommes&#8221; font_container=&#8221;tag:h4|text_align:left&#8221; use_theme_fonts=&#8221;yes&#8221;][vc_column_text]<\/p>\n<div class=\"et_pb_column et_pb_column_1_3 et_pb_column_2 et_pb_css_mix_blend_mode_passthrough\">\n<div class=\"et_pb_module et_pb_blurb et_pb_blurb_0 et_pb_text_align_left et_pb_blurb_position_top et_pb_bg_layout_light\">\n<div class=\"et_pb_blurb_content\">\n<div class=\"et_pb_blurb_container\">\n<div class=\"et_pb_blurb_description\">\n<div class=\"et_pb_column et_pb_column_1_3 et_pb_column_3 et_pb_css_mix_blend_mode_passthrough\">\n<div class=\"et_pb_module et_pb_blurb et_pb_blurb_1 et_pb_text_align_left et_pb_blurb_position_top et_pb_bg_layout_light\">\n<div class=\"et_pb_blurb_content\">\n<div class=\"et_pb_blurb_container\">\n<div class=\"et_pb_blurb_description\">\n<p>Comment se rendre \u00e0 notre entreprise<\/p>\n<\/div>\n<\/div>\n<\/div>\n<\/div>\n<\/div>\n<div class=\"et_pb_column et_pb_column_1_3 et_pb_column_4 et_pb_css_mix_blend_mode_passthrough et-last-child\">\n<div class=\"et_pb_module et_pb_blurb et_pb_blurb_2 et_pb_text_align_left et_pb_blurb_position_top et_pb_bg_layout_light\">\n<div class=\"et_pb_blurb_content\">\n<div class=\"et_pb_main_blurb_image\"><\/div>\n<\/div>\n<\/div>\n<\/div>\n<\/div>\n<\/div>\n<\/div>\n<\/div>\n<\/div>\n<p>[\/vc_column_text][\/vc_column][vc_column width=&#8221;1\/3&#8243;][vc_single_image image=&#8221;8788&#8243; img_size=&#8221;full&#8221; alignment=&#8221;center&#8221; onclick=&#8221;custom_link&#8221; link=&#8221;http:\/\/volpatolasm.com\/azienda\/made-in-italy\/&#8221;][vc_custom_heading text=&#8221;Made in Italy&#8221; font_container=&#8221;tag:h4|text_align:left&#8221; use_theme_fonts=&#8221;yes&#8221;][vc_column_text]<\/p>\n<div class=\"et_pb_column et_pb_column_1_3 et_pb_column_2 et_pb_css_mix_blend_mode_passthrough\">\n<div class=\"et_pb_module et_pb_blurb et_pb_blurb_0 et_pb_text_align_left et_pb_blurb_position_top et_pb_bg_layout_light\">\n<div class=\"et_pb_blurb_content\">\n<div class=\"et_pb_blurb_container\">\n<div class=\"et_pb_blurb_description\">\n<p>Les ponceuses pour bois, plastique et aluminium sont compl\u00e8tement italiennes<\/p>\n<\/div>\n<\/div>\n<\/div>\n<\/div>\n<\/div>\n<p>[\/vc_column_text][\/vc_column][\/vc_row][vc_row][vc_column width=&#8221;1\/3&#8243;][vc_single_image image=&#8221;8768&#8243; img_size=&#8221;full&#8221; alignment=&#8221;center&#8221; onclick=&#8221;custom_link&#8221; link=&#8221;http:\/\/volpatolasm.com\/azienda\/brevetti-e-certificazioni\/&#8221;][vc_custom_heading text=&#8221;Brevets et certifications&#8221; font_container=&#8221;tag:h4|text_align:left&#8221; use_theme_fonts=&#8221;yes&#8221;][vc_column_text]<\/p>\n<div class=\"et_pb_column et_pb_column_1_3 et_pb_column_2 et_pb_css_mix_blend_mode_passthrough\">\n<div class=\"et_pb_module et_pb_blurb et_pb_blurb_0 et_pb_text_align_left et_pb_blurb_position_top et_pb_bg_layout_light\">\n<div class=\"et_pb_blurb_content\">\n<div class=\"et_pb_blurb_container\">\n<div class=\"et_pb_blurb_description\">\n<div class=\"et_pb_column et_pb_column_1_3 et_pb_column_5 et_pb_css_mix_blend_mode_passthrough\">\n<div class=\"et_pb_module et_pb_blurb et_pb_blurb_3 et_pb_text_align_left et_pb_blurb_position_top et_pb_bg_layout_light\">\n<div class=\"et_pb_blurb_content\">\n<div class=\"et_pb_blurb_container\">\n<div class=\"et_pb_blurb_description\">\n<p>Les documents relatifs aux ponceuses exclusives produites par l\u2019entreprise<\/p>\n<\/div>\n<\/div>\n<\/div>\n<\/div>\n<\/div>\n<\/div>\n<\/div>\n<\/div>\n<\/div>\n<\/div>\n<p>[\/vc_column_text][\/vc_column][vc_column width=&#8221;1\/3&#8243;][vc_single_image image=&#8221;8773&#8243; img_size=&#8221;full&#8221; alignment=&#8221;center&#8221; onclick=&#8221;custom_link&#8221; link=&#8221;http:\/\/volpatolasm.com\/azienda\/tecnologie\/&#8221;][vc_custom_heading text=&#8221;Technologies&#8221; font_container=&#8221;tag:h4|text_align:left&#8221; use_theme_fonts=&#8221;yes&#8221;][vc_column_text]<\/p>\n<div class=\"et_pb_column et_pb_column_1_3 et_pb_column_2 et_pb_css_mix_blend_mode_passthrough\">\n<div class=\"et_pb_module et_pb_blurb et_pb_blurb_0 et_pb_text_align_left et_pb_blurb_position_top et_pb_bg_layout_light\">\n<div class=\"et_pb_blurb_content\">\n<div class=\"et_pb_blurb_container\">\n<div class=\"et_pb_blurb_description\">\n<p>Les solutions innovantes pour la r\u00e9alisation des machines de pon\u00e7age<\/p>\n<\/div>\n<\/div>\n<\/div>\n<\/div>\n<\/div>\n<p>[\/vc_column_text][\/vc_column][vc_column width=&#8221;1\/3&#8243;][vc_single_image image=&#8221;8783&#8243; img_size=&#8221;full&#8221; alignment=&#8221;center&#8221; onclick=&#8221;custom_link&#8221; link=&#8221;http:\/\/volpatolasm.com\/azienda\/ricerca-e-sviluppo\/&#8221;][vc_custom_heading text=&#8221;Recherche &amp; D\u00e9veloppement&#8221; font_container=&#8221;tag:h4|text_align:left&#8221; use_theme_fonts=&#8221;yes&#8221;][vc_column_text]<\/p>\n<div class=\"et_pb_column et_pb_column_1_3 et_pb_column_2 et_pb_css_mix_blend_mode_passthrough\">\n<div class=\"et_pb_module et_pb_blurb et_pb_blurb_0 et_pb_text_align_left et_pb_blurb_position_top et_pb_bg_layout_light\">\n<div class=\"et_pb_blurb_content\">\n<div class=\"et_pb_blurb_container\">\n<div class=\"et_pb_blurb_description\">\n<p>L\u2019\u00e9quipe pour l\u2019am\u00e9lioration des prestations des ponceuses<\/p>\n<\/div>\n<\/div>\n<\/div>\n<\/div>\n<\/div>\n<p>[\/vc_column_text][\/vc_column][\/vc_row]<\/p>\n","protected":false},"excerpt":{"rendered":"<p>[vc_row][vc_column][vc_column_text] Producteurs de ponceuses personnalis\u00e9es pour bois, aluminium et mati\u00e8res m\u00e9talliques et plastiques. N\u00e9e en 1957 sous le nom de LASM snc di VOLPATO M. &amp; C., devenue par la suite VOLPATO SRL, la soci\u00e9t\u00e9 a trouv\u00e9 d\u00e8s le d\u00e9but, dans le secteur du pon\u00e7age, le domaine qu\u2019il lui \u00e9tait plus ais\u00e9 de d\u00e9velopper. L\u2019exp\u00e9rience [&hellip;]<\/p>\n","protected":false},"author":4,"featured_media":0,"parent":0,"menu_order":0,"comment_status":"closed","ping_status":"closed","template":"","meta":[],"yoast_head":"<!-- This site is optimized with the Yoast SEO plugin v19.5.1 - https:\/\/yoast.com\/wordpress\/plugins\/seo\/ -->\n<title>Entreprise - Volpato LASM<\/title>\n<meta name=\"description\" content=\"Producteurs de ponceuses personnalis\u00e9es pour bois, aluminium et mati\u00e8res m\u00e9talliques et plastiques. N\u00e9e en 1957 sous le nom de LASM snc di VOLPATO M.\" \/>\n<meta name=\"robots\" content=\"index, follow, max-snippet:-1, max-image-preview:large, max-video-preview:-1\" \/>\n<link rel=\"canonical\" href=\"https:\/\/volpatolasm.com\/fr\/wp-json\/wp\/v2\/pages\/8796\/\" \/>\n<meta property=\"og:locale\" content=\"fr_FR\" \/>\n<meta property=\"og:type\" content=\"article\" \/>\n<meta property=\"og:title\" content=\"Entreprise - Volpato LASM\" \/>\n<meta property=\"og:description\" content=\"Producteurs de ponceuses personnalis\u00e9es pour bois, aluminium et mati\u00e8res m\u00e9talliques et plastiques. N\u00e9e en 1957 sous le nom de LASM snc di VOLPATO M.\" \/>\n<meta property=\"og:url\" content=\"https:\/\/volpatolasm.com\/fr\/entreprise\/\" \/>\n<meta property=\"og:site_name\" content=\"Volpato LASM\" \/>\n<meta property=\"article:modified_time\" content=\"2020-02-24T15:46:42+00:00\" \/>\n<meta name=\"twitter:card\" content=\"summary_large_image\" \/>\n<meta name=\"twitter:label1\" content=\"Dur\u00e9e de lecture estim\u00e9e\" \/>\n\t<meta name=\"twitter:data1\" content=\"3 minutes\" \/>\n<!-- \/ Yoast SEO plugin. -->","yoast_head_json":{"title":"Entreprise - Volpato LASM","description":"Producteurs de ponceuses personnalis\u00e9es pour bois, aluminium et mati\u00e8res m\u00e9talliques et plastiques. N\u00e9e en 1957 sous le nom de LASM snc di VOLPATO M.","robots":{"index":"index","follow":"follow","max-snippet":"max-snippet:-1","max-image-preview":"max-image-preview:large","max-video-preview":"max-video-preview:-1"},"canonical":"https:\/\/volpatolasm.com\/fr\/wp-json\/wp\/v2\/pages\/8796\/","og_locale":"fr_FR","og_type":"article","og_title":"Entreprise - Volpato LASM","og_description":"Producteurs de ponceuses personnalis\u00e9es pour bois, aluminium et mati\u00e8res m\u00e9talliques et plastiques. N\u00e9e en 1957 sous le nom de LASM snc di VOLPATO M.","og_url":"https:\/\/volpatolasm.com\/fr\/entreprise\/","og_site_name":"Volpato LASM","article_modified_time":"2020-02-24T15:46:42+00:00","twitter_card":"summary_large_image","twitter_misc":{"Dur\u00e9e de lecture estim\u00e9e":"3 minutes"},"schema":{"@context":"https:\/\/schema.org","@graph":[{"@type":"WebPage","@id":"https:\/\/volpatolasm.com\/fr\/entreprise\/","url":"https:\/\/volpatolasm.com\/fr\/entreprise\/","name":"Entreprise - Volpato LASM","isPartOf":{"@id":"https:\/\/volpatolasm.com\/#website"},"datePublished":"2020-02-18T12:32:11+00:00","dateModified":"2020-02-24T15:46:42+00:00","description":"Producteurs de ponceuses personnalis\u00e9es pour bois, aluminium et mati\u00e8res m\u00e9talliques et plastiques. N\u00e9e en 1957 sous le nom de LASM snc di VOLPATO M.","breadcrumb":{"@id":"https:\/\/volpatolasm.com\/fr\/entreprise\/#breadcrumb"},"inLanguage":"fr-FR","potentialAction":[{"@type":"ReadAction","target":["https:\/\/volpatolasm.com\/fr\/entreprise\/"]}]},{"@type":"BreadcrumbList","@id":"https:\/\/volpatolasm.com\/fr\/entreprise\/#breadcrumb","itemListElement":[{"@type":"ListItem","position":1,"name":"Home","item":"https:\/\/volpatolasm.com\/fr\/"},{"@type":"ListItem","position":2,"name":"Entreprise"}]},{"@type":"WebSite","@id":"https:\/\/volpatolasm.com\/#website","url":"https:\/\/volpatolasm.com\/","name":"Volpato LASM","description":"","potentialAction":[{"@type":"SearchAction","target":{"@type":"EntryPoint","urlTemplate":"https:\/\/volpatolasm.com\/?s={search_term_string}"},"query-input":"required name=search_term_string"}],"inLanguage":"fr-FR"}]}},"_links":{"self":[{"href":"https:\/\/volpatolasm.com\/fr\/wp-json\/wp\/v2\/pages\/8796"}],"collection":[{"href":"https:\/\/volpatolasm.com\/fr\/wp-json\/wp\/v2\/pages"}],"about":[{"href":"https:\/\/volpatolasm.com\/fr\/wp-json\/wp\/v2\/types\/page"}],"author":[{"embeddable":true,"href":"https:\/\/volpatolasm.com\/fr\/wp-json\/wp\/v2\/users\/4"}],"replies":[{"embeddable":true,"href":"https:\/\/volpatolasm.com\/fr\/wp-json\/wp\/v2\/comments?post=8796"}],"version-history":[{"count":3,"href":"https:\/\/volpatolasm.com\/fr\/wp-json\/wp\/v2\/pages\/8796\/revisions"}],"predecessor-version":[{"id":8807,"href":"https:\/\/volpatolasm.com\/fr\/wp-json\/wp\/v2\/pages\/8796\/revisions\/8807"}],"wp:attachment":[{"href":"https:\/\/volpatolasm.com\/fr\/wp-json\/wp\/v2\/media?parent=8796"}],"curies":[{"name":"wp","href":"https:\/\/api.w.org\/{rel}","templated":true}]}}