{"id":10214,"date":"2020-02-18T13:56:02","date_gmt":"2020-02-18T12:56:02","guid":{"rendered":"https:\/\/www.volpatolasm.com\/cookie\/"},"modified":"2024-07-27T08:27:12","modified_gmt":"2024-07-27T06:27:12","slug":"cookie","status":"publish","type":"page","link":"https:\/\/volpatolasm.com\/fr\/cookie\/","title":{"rendered":"Cookie"},"content":{"rendered":"<p>[vc_row][vc_column][vc_column_text]<\/p>\n<h2>Informations sur les cookies<\/h2>\n<p><strong>1. QUE SONT LES COOKIES ?<\/strong><\/p>\n<p>Que sont les cookies ? Un cookie est un fichier t\u00e9l\u00e9charg\u00e9 sur votre ordinateur, tablette, smartphone ou autre terminal (ci-apr\u00e8s &#8220;Appareil&#8221;) lorsque vous acc\u00e9dez \u00e0 notre page web ou ex\u00e9cutez notre application.<\/p>\n<p>Les cookies nous permettent de stocker et de r\u00e9cup\u00e9rer des informations sur vos habitudes de navigation ou sur l&#8217;Appareil \u00e0 partir duquel vous acc\u00e9dez g\u00e9n\u00e9ralement de mani\u00e8re anonyme et, selon les informations qu&#8217;ils contiennent, si vous \u00eates pr\u00e9alablement enregistr\u00e9, de vous reconna\u00eetre en tant qu&#8217;utilisateur ou client.<\/p>\n<p>Les informations que nous obtenons se r\u00e9f\u00e8rent au nombre de pages que vous visitez, \u00e0 la langue, au lieu \u00e0 partir duquel vous acc\u00e9dez, au nombre de nouveaux utilisateurs, \u00e0 la fr\u00e9quence et \u00e0 la r\u00e9p\u00e9titivit\u00e9 des visites, \u00e0 la dur\u00e9e de la visite, au navigateur ou \u00e0 l&#8217;Appareil \u00e0 partir duquel vous vous connectez ou ex\u00e9cutez l&#8217;application.<\/p>\n<p>&nbsp;<\/p>\n<p><strong>2. QUELS COOKIES UTILISE CE SITE ?<\/strong><\/p>\n<p><strong>Cookies techniques :<\/strong><\/p>\n<p>Les cookies de ce type sont n\u00e9cessaires au bon fonctionnement de certaines zones du site. Les cookies de cette cat\u00e9gorie comprennent \u00e0 la fois des cookies persistants et des cookies de session :<\/p>\n<p>\u00b7 <strong>Persistants<\/strong> : une fois le navigateur ferm\u00e9, ils ne sont pas d\u00e9truits mais restent jusqu&#8217;\u00e0 une date d&#8217;expiration pr\u00e9\u00e9tablie<\/p>\n<p>\u00b7 <strong>De session<\/strong> : ils sont d\u00e9truits chaque fois que le navigateur est ferm\u00e9<\/p>\n<p>Sans ces cookies, le site ou certaines parties de celui-ci pourraient ne pas fonctionner correctement. Par cons\u00e9quent, ils sont toujours utilis\u00e9s, ind\u00e9pendamment des pr\u00e9f\u00e9rences de l&#8217;utilisateur. Les cookies de cette cat\u00e9gorie sont toujours envoy\u00e9s depuis notre domaine.<\/p>\n<p>&nbsp;<\/p>\n<p>Liste des cookies utilis\u00e9s :<br \/>\n<strong>_unam<\/strong> (dur\u00e9e 1 jour)<\/p>\n<p>Ce cookie propri\u00e9taire est utilis\u00e9 par le service ShareThis et vous permet d&#8217;utiliser les boutons de partage sur chaque page du site web pour partager du contenu sur divers r\u00e9seaux sociaux tels que Twitter, Facebook, etc. Le cookie &#8220;_unam&#8221; surveille les pages web consult\u00e9es, la navigation et le temps pass\u00e9 sur chaque page. Le service ShareThis ne vous identifie personnellement que si vous vous \u00eates inscrit s\u00e9par\u00e9ment \u00e0 ShareThis et lui avez donn\u00e9 votre consentement.<\/p>\n<p><strong>_GA<\/strong> (dur\u00e9e 2 ans)<\/p>\n<p>Cookie utilis\u00e9 par le service tiers Google Analytics. Il sert uniquement \u00e0 identifier les utilisateurs qui visitent le site web (contient des identifiants).<\/p>\n<p><strong>_pk_id.XX.9aXX1<\/strong> (dur\u00e9e 1 an et 1 mois)<\/p>\n<p>Cookie utilis\u00e9 par le service tiers PIWIK, qui est utilis\u00e9 pour collecter des informations sur la fa\u00e7on dont les utilisateurs utilisent le site. Nous utilisons ces informations pour compiler des rapports et nous aider \u00e0 am\u00e9liorer le site. Le cookie collecte des informations de mani\u00e8re anonyme, y compris le nombre de visiteurs du site, d&#8217;o\u00f9 les visiteurs sont venus sur le site et les pages qu&#8217;ils ont visit\u00e9es.<\/p>\n<p><strong>_pk_ses.XX.9aXX<\/strong> (dur\u00e9e 30 min)<\/p>\n<p>Cookie utilis\u00e9 par le service tiers PIWIK, qui est utilis\u00e9 pour collecter des informations sur la fa\u00e7on dont les utilisateurs utilisent le site. Nous utilisons ces informations pour compiler des rapports et nous aider \u00e0 am\u00e9liorer le site. Le cookie collecte des informations de mani\u00e8re anonyme, y compris le nombre de visiteurs du site, d&#8217;o\u00f9 les visiteurs sont venus sur le site et les pages qu&#8217;ils ont visit\u00e9es.<\/p>\n<p><strong>PHPSESSID<\/strong> (dur\u00e9e Session de navigation)<\/p>\n<p>Cookie utilis\u00e9 par PHP pour suivre les sessions (contient un identifiant unique pour votre session sur le site web).<\/p>\n<p>&nbsp;<\/p>\n<p><strong>Cookies de profilage :<\/strong><\/p>\n<p>Les cookies de profilage visent \u00e0 cr\u00e9er des profils relatifs \u00e0 l&#8217;utilisateur et sont utilis\u00e9s dans le but d&#8217;envoyer des messages publicitaires en ligne avec les pr\u00e9f\u00e9rences manifest\u00e9es par l&#8217;utilisateur lors de sa navigation sur le web. En raison de l&#8217;invasivit\u00e9 particuli\u00e8re que ces dispositifs peuvent avoir dans la sph\u00e8re priv\u00e9e des utilisateurs, la r\u00e9glementation europ\u00e9enne et italienne pr\u00e9voit que l&#8217;utilisateur doit \u00eatre correctement inform\u00e9 de leur utilisation et ainsi exprimer son consentement valide.<\/p>\n<p>L&#8217;article 122 du Code de la protection des donn\u00e9es s&#8217;y r\u00e9f\u00e8re lorsqu&#8217;il stipule que &#8220;le stockage d&#8217;informations, ou l&#8217;acc\u00e8s \u00e0 des informations d\u00e9j\u00e0 stock\u00e9es, dans l&#8217;\u00e9quipement terminal d&#8217;un abonn\u00e9 ou d&#8217;un utilisateur n&#8217;est autoris\u00e9 qu&#8217;\u00e0 condition que l&#8217;abonn\u00e9 ou l&#8217;utilisateur ait donn\u00e9 son consentement apr\u00e8s avoir \u00e9t\u00e9 inform\u00e9 selon les modalit\u00e9s simplifi\u00e9es vis\u00e9es \u00e0 l&#8217;article 13, paragraphe 3 du Code de la protection des donn\u00e9es&#8221;.<\/p>\n<p><em>Notre site n&#8217;utilise pas de cookies de profilage, cependant, les services tiers utilis\u00e9s pour les fonctionnalit\u00e9s de partage ou les plugins sp\u00e9cifiques peuvent en faire usage. \u00c0 cet \u00e9gard, nous vous invitons \u00e0 lire le paragraphe sur les cookies tiers et \u00e0 vous informer sur leurs politiques d&#8217;utilisation respectives.<\/em><\/p>\n<p>&nbsp;<\/p>\n<p><strong>Cookies tiers :<\/strong><\/p>\n<p><strong>Cookies d&#8217;analyse de services tiers<\/strong><\/p>\n<p>Ces cookies sont utilis\u00e9s afin de collecter des informations sur l&#8217;utilisation du Site par les utilisateurs de mani\u00e8re anonyme telles que : pages visit\u00e9es, temps de s\u00e9jour, origines du trafic de provenance, provenance g\u00e9ographique, \u00e2ge, sexe et int\u00e9r\u00eats \u00e0 des fins de campagnes marketing. Ces cookies sont envoy\u00e9s par des domaines tiers externes au Site.<\/p>\n<p><strong>Cookies pour int\u00e9grer des produits et des fonctions de logiciels tiers<\/strong><\/p>\n<p>Ce type de cookie int\u00e8gre des fonctionnalit\u00e9s d\u00e9velopp\u00e9es par des tiers dans les pages du Site telles que les ic\u00f4nes et les pr\u00e9f\u00e9rences exprim\u00e9es dans les r\u00e9seaux sociaux afin de partager le contenu du site ou pour l&#8217;utilisation de services logiciels tiers (comme les logiciels pour g\u00e9n\u00e9rer des cartes et d&#8217;autres logiciels offrant des services suppl\u00e9mentaires). Ces cookies sont envoy\u00e9s par des domaines tiers et des sites partenaires qui offrent leurs fonctionnalit\u00e9s entre les pages du Site.<\/p>\n<p><strong>Source : Google Youtube<\/strong><\/p>\n<p>Cookies : GEUP (dur\u00e9e 2 ans), PREF (dur\u00e9e 8 mois), VISITOR_INFO1_LIVE (dur\u00e9e 8 mois), YSC (dur\u00e9e Session courante)<\/p>\n<p><strong>Source : ShareThis<\/strong><\/p>\n<p>Cookies : __stacxiommap (dur\u00e9e 1 jour), __stamap (dur\u00e9e 5 jours), __stdlx (dur\u00e9e 1 jour), __stdlxmap (dur\u00e9e 5 jours), __stdstillery (dur\u00e9e 1 jour), __stgmap (dur\u00e9e 5 jours), __stid (dur\u00e9e 2 semaines), __stneustar (dur\u00e9e 1 jour), __uset (dur\u00e9e 1 jour)<\/p>\n<p><strong>Source : AddThis<\/strong><\/p>\n<p>Cookies : _conv_r (dur\u00e9e 6 mois), _conv_s (dur\u00e9e 1 jour), _conv_v (dur\u00e9e 1 an), bt (dur\u00e9e 2 ans), di2 (dur\u00e9e 2 ans), dt (dur\u00e9e 1 mois), loc (dur\u00e9e 2 ans), uid (dur\u00e9e 2 ans), uit (dur\u00e9e 1 jour), um (dur\u00e9e 2 ans), uvc (dur\u00e9e 2 ans), _ar_v4 (dur\u00e9e 6 ans), _atuvc (dur\u00e9e 2 ans), _atuvs (1 jour), ana_svc (dur\u00e9e 1 an), km_kv (dur\u00e9e 5 ans), siteud (dur\u00e9e 10 ans), siteaud (dur\u00e9e 10 ans)<\/p>\n<p>&nbsp;<\/p>\n<p><strong>3. COMMENT D\u00c9SACTIVER LES COOKIES PAR LA CONFIGURATION DU NAVIGATEUR ?<\/strong><\/p>\n<p><strong>Chrome<\/strong><\/p>\n<ol start=\"1\">\n<li>Lancez le navigateur Chrome<\/li>\n<li>Cliquez sur le menu dans la barre d&#8217;outils du navigateur \u00e0 c\u00f4t\u00e9 de la fen\u00eatre d&#8217;insertion de l&#8217;URL pour la navigation<\/li>\n<li>S\u00e9lectionnez <strong>Param\u00e8tres<\/strong><\/li>\n<li>Cliquez sur <strong>Afficher les param\u00e8tres avanc\u00e9s<\/strong><\/li>\n<li>Dans la section &#8220;Confidentialit\u00e9&#8221;, cliquez sur le bouton &#8220;<strong>Param\u00e8tres de contenu<\/strong>&#8220;<\/li>\n<li>Dans la section &#8220;Cookies&#8221;, vous pouvez modifier les param\u00e8tres suivants relatifs aux cookies :\n<ul>\n<li>Autoriser l&#8217;enregistrement des donn\u00e9es locales<\/li>\n<li>Modifier les donn\u00e9es locales uniquement jusqu&#8217;\u00e0 la fermeture du navigateur<\/li>\n<li>Emp\u00eacher les sites de d\u00e9finir des cookies<\/li>\n<li>Bloquer les cookies tiers et les donn\u00e9es de sites<\/li>\n<li>G\u00e9rer les exceptions pour certains sites internet<\/li>\n<li>Suppression d&#8217;un ou de tous les cookies<\/li>\n<\/ul>\n<\/li>\n<\/ol>\n<p>Pour plus d&#8217;informations, visitez la <a href=\"https:\/\/support.google.com\/accounts\/answer\/61416?hl=fr\" target=\"_parent\" rel=\"noopener noreferrer\">page d\u00e9di\u00e9e<\/a>.<\/p>\n<p>&nbsp;<\/p>\n<p><strong>Mozilla Firefox<\/strong><\/p>\n<ol start=\"1\">\n<li>Lancez le navigateur Mozilla Firefox<\/li>\n<li>Cliquez sur le menu dans la barre d&#8217;outils du navigateur \u00e0 c\u00f4t\u00e9 de la fen\u00eatre d&#8217;insertion de l&#8217;URL pour la navigation<\/li>\n<li>S\u00e9lectionnez <strong>Options<\/strong><\/li>\n<li>S\u00e9lectionnez le panneau <strong>Vie priv\u00e9e<\/strong><\/li>\n<li>Cliquez sur <strong>Afficher les param\u00e8tres avanc\u00e9s<\/strong><\/li>\n<li>Dans la section &#8220;Vie priv\u00e9e&#8221;, cliquez sur le bouton &#8220;<strong>Param\u00e8tres de contenu<\/strong>&#8220;<\/li>\n<li>Dans la section &#8220;<strong>Suivi<\/strong>&#8220;, vous pouvez modifier les param\u00e8tres suivants relatifs aux cookies :\n<ul>\n<li>Demander aux sites de ne pas effectuer de suivi<\/li>\n<li>Communiquer aux sites la disponibilit\u00e9 \u00e0 \u00eatre suivi<\/li>\n<li>Ne communiquer aucune pr\u00e9f\u00e9rence relative au suivi des donn\u00e9es personnelles<\/li>\n<\/ul>\n<\/li>\n<li>Dans la section &#8220;<strong>Historique<\/strong>&#8220;, vous pouvez :\n<ul>\n<li>En activant &#8220;Utiliser les param\u00e8tres personnalis\u00e9s&#8221;, s\u00e9lectionner d&#8217;accepter les cookies tiers (toujours, des sites les plus visit\u00e9s ou jamais) et les conserver pour une p\u00e9riode d\u00e9termin\u00e9e (jusqu&#8217;\u00e0 leur expiration, \u00e0 la fermeture de Firefox ou demander chaque fois)<\/li>\n<li>Supprimer les cookies individuels stock\u00e9s<\/li>\n<\/ul>\n<\/li>\n<\/ol>\n<p>Pour plus d&#8217;informations, visitez la <a href=\"https:\/\/support.mozilla.org\/fr\/kb\/activer-desactiver-cookies-preferences\" target=\"_parent\" rel=\"noopener noreferrer\">page d\u00e9di\u00e9e<\/a>.<\/p>\n<p>&nbsp;<\/p>\n<p><strong>Internet Explorer<\/strong><\/p>\n<ol start=\"1\">\n<li>Lancez le navigateur Internet Explorer<\/li>\n<li>Cliquez sur le bouton <strong>Outils<\/strong> et choisissez <strong>Options Internet<\/strong><\/li>\n<li>Cliquez sur l&#8217;onglet <strong>Confidentialit\u00e9<\/strong> et dans la section Param\u00e8tres, modifiez le curseur en fonction de l&#8217;action souhait\u00e9e pour les cookies :\n<ul>\n<li>Bloquer tous les cookies<\/li>\n<li>Autoriser tous les cookies<\/li>\n<li>S\u00e9lection des sites \u00e0 partir desquels obtenir des cookies : d\u00e9placez le curseur sur une position interm\u00e9diaire de fa\u00e7on \u00e0 ne pas bloquer ou autoriser tous les cookies, appuyez ensuite sur Sites, dans la zone Adresse du site Web, ins\u00e9rez un site internet et appuyez ensuite sur Bloquer ou Autoriser<\/li>\n<\/ul>\n<\/li>\n<\/ol>\n<p>Pour plus d&#8217;informations, visitez la <a href=\"https:\/\/support.microsoft.com\/fr-fr\/help\/17442\/windows-internet-explorer-delete-manage-cookies\" target=\"_parent\" rel=\"noopener noreferrer\">page d\u00e9di\u00e9e<\/a>.<\/p>\n<p>&nbsp;<\/p>\n<p><strong>Safari 6<\/strong><\/p>\n<ol start=\"1\">\n<li>Lancez le navigateur Safari<\/li>\n<li>Cliquez sur <strong>Safari<\/strong>, s\u00e9lectionnez <strong>Pr\u00e9f\u00e9rences<\/strong> et appuyez sur <strong>Confidentialit\u00e9<\/strong><\/li>\n<li>Dans la section <em>Bloquer les cookies<\/em>, sp\u00e9cifiez comment Safari doit accepter les cookies des sites internet.<\/li>\n<li>Pour voir quels sites ont stock\u00e9 des cookies, cliquez sur <strong>D\u00e9tails<\/strong><\/li>\n<\/ol>\n<p>Pour plus d&#8217;informations, visitez la <a href=\"https:\/\/support.apple.com\/fr-fr\/guide\/safari\/sfri11471\/mac\" target=\"_parent\" rel=\"noopener noreferrer\">page d\u00e9di\u00e9e<\/a>.<\/p>\n<p>&nbsp;<\/p>\n<p><strong>Safari iOS (appareils mobiles)<\/strong><\/p>\n<ol start=\"1\">\n<li>Lancez le navigateur Safari iOS<\/li>\n<li>Appuyez sur <strong>R\u00e9glages<\/strong> puis sur <strong>Safari<\/strong><\/li>\n<li>Appuyez sur <strong>Bloquer les cookies<\/strong> et choisissez parmi les diverses options : &#8220;Jamais&#8221;, &#8220;Tiers et annonceurs&#8221; ou &#8220;Toujours&#8221;<\/li>\n<li>Pour effacer tous les cookies stock\u00e9s par Safari, appuyez sur <strong>R\u00e9glages<\/strong>, puis sur <strong>Safari<\/strong> et enfin sur <strong>Effacer cookies et donn\u00e9es<\/strong><\/li>\n<\/ol>\n<p>Pour plus d&#8217;informations, visitez la <a href=\"https:\/\/support.apple.com\/fr-fr\/HT201265\" target=\"_parent\" rel=\"noopener noreferrer\">page d\u00e9di\u00e9e<\/a>.<\/p>\n<p>&nbsp;<\/p>\n<p><strong>Travail<\/strong><\/p>\n<ol start=\"1\">\n<li>Ex\u00e9cutez le navigateur Opera<\/li>\n<li>Cliquez sur Pr\u00e9f\u00e9rences puis sur Avanc\u00e9 et enfin sur Cookies<\/li>\n<li>S\u00e9lectionnez l&#8217;une des options suivantes\u00a0:\n<ul>\n<li>Accepter tous les cookies<\/li>\n<li>Acceptez les cookies uniquement du site que vous visitez\u00a0: les cookies tiers envoy\u00e9s depuis un domaine autre que celui que vous visitez seront rejet\u00e9s<\/li>\n<li>Ne jamais accepter les cookies\u00a0: tous les cookies ne seront jamais enregistr\u00e9s<\/li>\n<\/ul>\n<\/li>\n<\/ol>\n<p>Pour plus d&#8217;informations, visitez la <a href=\"https:\/\/windows.microsoft.com\/it-it\/windows-vista\/block-or-allow-cookies\" target=\"_parent\" rel=\"noopener noreferrer\">page d\u00e9di\u00e9e <\/a>.<\/p>\n<p>&nbsp;<\/p>\n<p><strong>Comment d\u00e9sactiver les cookies des services tiers<\/strong><\/p>\n<ul>\n<li><a href=\"https:\/\/www.google.com\/ads\/preferences\/?hl=it\" target=\"_parent\" rel=\"noopener noreferrer\">Services Google<\/a><\/li>\n<li><a href=\"https:\/\/www.facebook.com\/help\/cookies?ref_type=sitefooter\" target=\"_parent\" rel=\"noopener noreferrer\">Facebook<\/a><\/li>\n<li><a href=\"https:\/\/support.twitter.com\/articles\/20170519-use-of-cookies-and-other-similar-technologies-by-twitter\" target=\"_parent \" rel=\"noopener noreferrer\">Twitter<\/a><\/li>\n<li><a href=\"https:\/\/www.google.com\/intl\/it\/policies\/privacy\/\" target=\"_parent\" rel=\"noopener noreferrer\">Politique de confidentialit\u00e9 de Google<\/a><\/li>\n<li><a href=\"https:\/\/sharethis.com\/privacy\" target=\"_parent\" rel=\"noopener noreferrer\">Partager ceci<\/a><\/li>\n<li><a href=\"https:\/\/piwik.org\/blog\/2011\/03\/piwik-1-2-custom-variables-first-party-cookies-and-more\/\" target=\"_parent\" rel=\"noopener noreferrer\">Piwik<\/a><\/li>\n<\/ul>\n<p>Outil pour d\u00e9sactiver Google Analytics sur votre navigateur\u00a0: <a href=\"https:\/\/tools.google.com\/dlpage\/gaoptout\/\" target=\"_parent\" rel=\"noopener noreferrer\">https:\/\/tools.google.com \/dlpage\/gaoptout\/<\/a><\/p>\n<p>&nbsp;<\/p>\n<p>Cette page est visible via le lien pr\u00e9sent en bas de toutes les pages du Site conform\u00e9ment \u00e0 l&#8217;art. 122 deuxi\u00e8me alin\u00e9a du d\u00e9cret l\u00e9gislatif. 196\/2003 et suivant les modalit\u00e9s simplifi\u00e9es d&#8217;information et d&#8217;obtention du consentement pour l&#8217;utilisation de cookies publi\u00e9es au Journal Officiel n.126 du 3 juin 2014 et au registre des mesures connexe n.229 du 8 mai 2014.[\/vc_column_text][\/vc_column][\/vc_row]<\/p>\n","protected":false},"excerpt":{"rendered":"<p>[vc_row][vc_column][vc_column_text] Informations sur les cookies 1. QUE SONT LES COOKIES ? Que sont les cookies ? Un cookie est un fichier t\u00e9l\u00e9charg\u00e9 sur votre ordinateur, tablette, smartphone ou autre terminal (ci-apr\u00e8s &#8220;Appareil&#8221;) lorsque vous acc\u00e9dez \u00e0 notre page web ou ex\u00e9cutez notre application. Les cookies nous permettent de stocker et de r\u00e9cup\u00e9rer des informations sur [&hellip;]<\/p>\n","protected":false},"author":4,"featured_media":0,"parent":0,"menu_order":0,"comment_status":"closed","ping_status":"closed","template":"","meta":[],"yoast_head":"<!-- This site is optimized with the Yoast SEO plugin v19.5.1 - https:\/\/yoast.com\/wordpress\/plugins\/seo\/ -->\n<title>Cookie - Volpato LASM<\/title>\n<meta name=\"description\" content=\"Informations sur les cookies 1. QUE SONT LES COOKIES ? Que sont les cookies ? Un cookie est un fichier t\u00e9l\u00e9charg\u00e9 sur votre ordinateur, tablette,\" \/>\n<meta name=\"robots\" content=\"index, follow, max-snippet:-1, max-image-preview:large, max-video-preview:-1\" \/>\n<link rel=\"canonical\" href=\"https:\/\/volpatolasm.com\/fr\/wp-json\/wp\/v2\/pages\/10214\/\" \/>\n<meta property=\"og:locale\" content=\"fr_FR\" \/>\n<meta property=\"og:type\" content=\"article\" \/>\n<meta property=\"og:title\" content=\"Cookie - Volpato LASM\" \/>\n<meta property=\"og:description\" content=\"Informations sur les cookies 1. QUE SONT LES COOKIES ? Que sont les cookies ? Un cookie est un fichier t\u00e9l\u00e9charg\u00e9 sur votre ordinateur, tablette,\" \/>\n<meta property=\"og:url\" content=\"https:\/\/volpatolasm.com\/fr\/cookie\/\" \/>\n<meta property=\"og:site_name\" content=\"Volpato LASM\" \/>\n<meta property=\"article:modified_time\" content=\"2024-07-27T06:27:12+00:00\" \/>\n<meta name=\"twitter:card\" content=\"summary_large_image\" \/>\n<meta name=\"twitter:label1\" content=\"Dur\u00e9e de lecture estim\u00e9e\" \/>\n\t<meta name=\"twitter:data1\" content=\"9 minutes\" \/>\n<!-- \/ Yoast SEO plugin. -->","yoast_head_json":{"title":"Cookie - Volpato LASM","description":"Informations sur les cookies 1. QUE SONT LES COOKIES ? Que sont les cookies ? Un cookie est un fichier t\u00e9l\u00e9charg\u00e9 sur votre ordinateur, tablette,","robots":{"index":"index","follow":"follow","max-snippet":"max-snippet:-1","max-image-preview":"max-image-preview:large","max-video-preview":"max-video-preview:-1"},"canonical":"https:\/\/volpatolasm.com\/fr\/wp-json\/wp\/v2\/pages\/10214\/","og_locale":"fr_FR","og_type":"article","og_title":"Cookie - Volpato LASM","og_description":"Informations sur les cookies 1. QUE SONT LES COOKIES ? Que sont les cookies ? Un cookie est un fichier t\u00e9l\u00e9charg\u00e9 sur votre ordinateur, tablette,","og_url":"https:\/\/volpatolasm.com\/fr\/cookie\/","og_site_name":"Volpato LASM","article_modified_time":"2024-07-27T06:27:12+00:00","twitter_card":"summary_large_image","twitter_misc":{"Dur\u00e9e de lecture estim\u00e9e":"9 minutes"},"schema":{"@context":"https:\/\/schema.org","@graph":[{"@type":"WebPage","@id":"https:\/\/volpatolasm.com\/fr\/cookie\/","url":"https:\/\/volpatolasm.com\/fr\/cookie\/","name":"Cookie - Volpato LASM","isPartOf":{"@id":"https:\/\/volpatolasm.com\/#website"},"datePublished":"2020-02-18T12:56:02+00:00","dateModified":"2024-07-27T06:27:12+00:00","description":"Informations sur les cookies 1. QUE SONT LES COOKIES ? Que sont les cookies ? Un cookie est un fichier t\u00e9l\u00e9charg\u00e9 sur votre ordinateur, tablette,","breadcrumb":{"@id":"https:\/\/volpatolasm.com\/fr\/cookie\/#breadcrumb"},"inLanguage":"fr-FR","potentialAction":[{"@type":"ReadAction","target":["https:\/\/volpatolasm.com\/fr\/cookie\/"]}]},{"@type":"BreadcrumbList","@id":"https:\/\/volpatolasm.com\/fr\/cookie\/#breadcrumb","itemListElement":[{"@type":"ListItem","position":1,"name":"Home","item":"https:\/\/volpatolasm.com\/fr\/"},{"@type":"ListItem","position":2,"name":"Cookie"}]},{"@type":"WebSite","@id":"https:\/\/volpatolasm.com\/#website","url":"https:\/\/volpatolasm.com\/","name":"Volpato LASM","description":"","potentialAction":[{"@type":"SearchAction","target":{"@type":"EntryPoint","urlTemplate":"https:\/\/volpatolasm.com\/?s={search_term_string}"},"query-input":"required name=search_term_string"}],"inLanguage":"fr-FR"}]}},"_links":{"self":[{"href":"https:\/\/volpatolasm.com\/fr\/wp-json\/wp\/v2\/pages\/10214"}],"collection":[{"href":"https:\/\/volpatolasm.com\/fr\/wp-json\/wp\/v2\/pages"}],"about":[{"href":"https:\/\/volpatolasm.com\/fr\/wp-json\/wp\/v2\/types\/page"}],"author":[{"embeddable":true,"href":"https:\/\/volpatolasm.com\/fr\/wp-json\/wp\/v2\/users\/4"}],"replies":[{"embeddable":true,"href":"https:\/\/volpatolasm.com\/fr\/wp-json\/wp\/v2\/comments?post=10214"}],"version-history":[{"count":4,"href":"https:\/\/volpatolasm.com\/fr\/wp-json\/wp\/v2\/pages\/10214\/revisions"}],"predecessor-version":[{"id":11225,"href":"https:\/\/volpatolasm.com\/fr\/wp-json\/wp\/v2\/pages\/10214\/revisions\/11225"}],"wp:attachment":[{"href":"https:\/\/volpatolasm.com\/fr\/wp-json\/wp\/v2\/media?parent=10214"}],"curies":[{"name":"wp","href":"https:\/\/api.w.org\/{rel}","templated":true}]}}