{"id":10089,"date":"2020-02-18T14:10:32","date_gmt":"2020-02-18T13:10:32","guid":{"rendered":"https:\/\/www.volpatolasm.com\/case-history-page\/"},"modified":"2020-03-04T09:16:51","modified_gmt":"2020-03-04T08:16:51","slug":"historique","status":"publish","type":"page","link":"https:\/\/volpatolasm.com\/fr\/historique\/","title":{"rendered":"Historique"},"content":{"rendered":"<p>[vc_row][vc_column][vc_column_text]<\/p>\n<h2>Le machines pour finissage sp\u00e9ciales r\u00e9alis\u00e9es par VOLPATO<\/h2>\n<p>Tout au long de son histoire, VOLPATO s\u2019est toujours consacr\u00e9 \u00e0 la r\u00e9alisation de\u00a0<strong>machines de<\/strong>\u00a0<strong>finissage sp\u00e9ciales<\/strong>, projet\u00e9es sur la base des exigences et demandes sp\u00e9cifiques de chacun de nos clients. Dans cette section, vous trouverez tous les exemples de machines personnalis\u00e9es produites par l\u2019\u00e9quipe d\u2019experts de notre entreprise, des professionnels hautement qualifi\u00e9s se formant constamment aux nouvelles technologies et aux processus innovants.[\/vc_column_text][\/vc_column][\/vc_row]<\/p>\n","protected":false},"excerpt":{"rendered":"<p>[vc_row][vc_column][vc_column_text] Le machines pour finissage sp\u00e9ciales r\u00e9alis\u00e9es par VOLPATO Tout au long de son histoire, VOLPATO s\u2019est toujours consacr\u00e9 \u00e0 la r\u00e9alisation de\u00a0machines de\u00a0finissage sp\u00e9ciales, projet\u00e9es sur la base des exigences et demandes sp\u00e9cifiques de chacun de nos clients. Dans cette section, vous trouverez tous les exemples de machines personnalis\u00e9es produites par l\u2019\u00e9quipe d\u2019experts de [&hellip;]<\/p>\n","protected":false},"author":4,"featured_media":0,"parent":0,"menu_order":0,"comment_status":"closed","ping_status":"closed","template":"tpl-case-history-list.php","meta":[],"yoast_head":"<!-- This site is optimized with the Yoast SEO plugin v19.5.1 - https:\/\/yoast.com\/wordpress\/plugins\/seo\/ -->\n<title>Historique - Volpato LASM<\/title>\n<meta name=\"description\" content=\"Le machines pour finissage sp\u00e9ciales r\u00e9alis\u00e9es par VOLPATO Tout au long de son histoire, VOLPATO s\u2019est toujours consacr\u00e9 \u00e0 la r\u00e9alisation de\u00a0machines\" \/>\n<meta name=\"robots\" content=\"index, follow, max-snippet:-1, max-image-preview:large, max-video-preview:-1\" \/>\n<link rel=\"canonical\" href=\"https:\/\/volpatolasm.com\/fr\/wp-json\/wp\/v2\/pages\/10089\/\" \/>\n<meta property=\"og:locale\" content=\"fr_FR\" \/>\n<meta property=\"og:type\" content=\"article\" \/>\n<meta property=\"og:title\" content=\"Historique - Volpato LASM\" \/>\n<meta property=\"og:description\" content=\"Le machines pour finissage sp\u00e9ciales r\u00e9alis\u00e9es par VOLPATO Tout au long de son histoire, VOLPATO s\u2019est toujours consacr\u00e9 \u00e0 la r\u00e9alisation de\u00a0machines\" \/>\n<meta property=\"og:url\" content=\"https:\/\/volpatolasm.com\/fr\/historique\/\" \/>\n<meta property=\"og:site_name\" content=\"Volpato LASM\" \/>\n<meta property=\"article:modified_time\" content=\"2020-03-04T08:16:51+00:00\" \/>\n<meta name=\"twitter:card\" content=\"summary_large_image\" \/>\n<!-- \/ Yoast SEO plugin. -->","yoast_head_json":{"title":"Historique - Volpato LASM","description":"Le machines pour finissage sp\u00e9ciales r\u00e9alis\u00e9es par VOLPATO Tout au long de son histoire, VOLPATO s\u2019est toujours consacr\u00e9 \u00e0 la r\u00e9alisation de\u00a0machines","robots":{"index":"index","follow":"follow","max-snippet":"max-snippet:-1","max-image-preview":"max-image-preview:large","max-video-preview":"max-video-preview:-1"},"canonical":"https:\/\/volpatolasm.com\/fr\/wp-json\/wp\/v2\/pages\/10089\/","og_locale":"fr_FR","og_type":"article","og_title":"Historique - Volpato LASM","og_description":"Le machines pour finissage sp\u00e9ciales r\u00e9alis\u00e9es par VOLPATO Tout au long de son histoire, VOLPATO s\u2019est toujours consacr\u00e9 \u00e0 la r\u00e9alisation de\u00a0machines","og_url":"https:\/\/volpatolasm.com\/fr\/historique\/","og_site_name":"Volpato LASM","article_modified_time":"2020-03-04T08:16:51+00:00","twitter_card":"summary_large_image","schema":{"@context":"https:\/\/schema.org","@graph":[{"@type":"WebPage","@id":"https:\/\/volpatolasm.com\/fr\/historique\/","url":"https:\/\/volpatolasm.com\/fr\/historique\/","name":"Historique - Volpato LASM","isPartOf":{"@id":"https:\/\/volpatolasm.com\/#website"},"datePublished":"2020-02-18T13:10:32+00:00","dateModified":"2020-03-04T08:16:51+00:00","description":"Le machines pour finissage sp\u00e9ciales r\u00e9alis\u00e9es par VOLPATO Tout au long de son histoire, VOLPATO s\u2019est toujours consacr\u00e9 \u00e0 la r\u00e9alisation de\u00a0machines","breadcrumb":{"@id":"https:\/\/volpatolasm.com\/fr\/historique\/#breadcrumb"},"inLanguage":"fr-FR","potentialAction":[{"@type":"ReadAction","target":["https:\/\/volpatolasm.com\/fr\/historique\/"]}]},{"@type":"BreadcrumbList","@id":"https:\/\/volpatolasm.com\/fr\/historique\/#breadcrumb","itemListElement":[{"@type":"ListItem","position":1,"name":"Home","item":"https:\/\/volpatolasm.com\/fr\/"},{"@type":"ListItem","position":2,"name":"Historique"}]},{"@type":"WebSite","@id":"https:\/\/volpatolasm.com\/#website","url":"https:\/\/volpatolasm.com\/","name":"Volpato LASM","description":"","potentialAction":[{"@type":"SearchAction","target":{"@type":"EntryPoint","urlTemplate":"https:\/\/volpatolasm.com\/?s={search_term_string}"},"query-input":"required name=search_term_string"}],"inLanguage":"fr-FR"}]}},"_links":{"self":[{"href":"https:\/\/volpatolasm.com\/fr\/wp-json\/wp\/v2\/pages\/10089"}],"collection":[{"href":"https:\/\/volpatolasm.com\/fr\/wp-json\/wp\/v2\/pages"}],"about":[{"href":"https:\/\/volpatolasm.com\/fr\/wp-json\/wp\/v2\/types\/page"}],"author":[{"embeddable":true,"href":"https:\/\/volpatolasm.com\/fr\/wp-json\/wp\/v2\/users\/4"}],"replies":[{"embeddable":true,"href":"https:\/\/volpatolasm.com\/fr\/wp-json\/wp\/v2\/comments?post=10089"}],"version-history":[{"count":2,"href":"https:\/\/volpatolasm.com\/fr\/wp-json\/wp\/v2\/pages\/10089\/revisions"}],"predecessor-version":[{"id":10097,"href":"https:\/\/volpatolasm.com\/fr\/wp-json\/wp\/v2\/pages\/10089\/revisions\/10097"}],"wp:attachment":[{"href":"https:\/\/volpatolasm.com\/fr\/wp-json\/wp\/v2\/media?parent=10089"}],"curies":[{"name":"wp","href":"https:\/\/api.w.org\/{rel}","templated":true}]}}