{"id":9639,"date":"2020-02-18T13:54:04","date_gmt":"2020-02-18T12:54:04","guid":{"rendered":"https:\/\/www.volpatolasm.com\/lavorazioni_page\/"},"modified":"2020-02-28T14:45:19","modified_gmt":"2020-02-28T13:45:19","slug":"operaciones-de-mecanizado_page","status":"publish","type":"page","link":"https:\/\/volpatolasm.com\/es\/operaciones-de-mecanizado_page\/","title":{"rendered":"Operaciones de mecanizado"},"content":{"rendered":"<p>[vc_row][vc_column][vc_column_text]<\/p>\n<h2>Las funciones de las m\u00e1quinas de acabado para madera, metal, aluminio y pl\u00e1stico<\/h2>\n<div class=\"col_9 column\">\n<div class=\"inner\">\n<p align=\"justify\">Los equipos proyectados y fabricados por VOLPATO son m\u00e1quinas para\u00a0<strong>trabajos de acabado de distintos tipos de material<\/strong>\u00a0como la madera, el aluminio, los metales y el pl\u00e1stico. Adem\u00e1s, la empresa puede ofrecer m\u00e1quinas combinadas capaces de efectuar m\u00e1s tipos de acabado y obtener siempre un producto final de alt\u00edsima calidad.<\/p>\n<\/div>\n<\/div>\n<p>[\/vc_column_text][\/vc_column][\/vc_row][vc_row full_width=&#8221;stretch_row_content_no_spaces&#8221; equal_height=&#8221;yes&#8221; content_placement=&#8221;middle&#8221; el_id=&#8221;boxLavorazioni&#8221;][vc_column width=&#8221;1\/6&#8243;][vc_single_image image=&#8221;8160&#8243; img_size=&#8221;medium&#8221; alignment=&#8221;center&#8221; onclick=&#8221;custom_link&#8221; link=&#8221;http:\/\/volpatolasm.com\/es\/operaciones-de-mecanizado\/madera\/&#8221;][vc_custom_heading text=&#8221;Madera&#8221; font_container=&#8221;tag:h4|text_align:center&#8221; use_theme_fonts=&#8221;yes&#8221;][vc_column_text]<\/p>\n<div class=\"et_pb_column et_pb_column_1_5 et_pb_column_2 et_pb_css_mix_blend_mode_passthrough\">\n<div class=\"et_pb_module et_pb_blurb et_pb_blurb_0 et_pb_text_align_center et_pb_blurb_position_top et_pb_bg_layout_light\">\n<div class=\"et_pb_blurb_content\">\n<div class=\"et_pb_blurb_container\">\n<div class=\"et_pb_blurb_description\">\n<p style=\"text-align: center;\">VOLPATO fabrica m\u00e1quinas personalizadas de alta eficiencia para el acabado de madera.<\/p>\n<\/div>\n<\/div>\n<\/div>\n<\/div>\n<\/div>\n<p>[\/vc_column_text][\/vc_column][vc_column width=&#8221;1\/6&#8243;][vc_single_image image=&#8221;7668&#8243; img_size=&#8221;medium&#8221; alignment=&#8221;center&#8221; onclick=&#8221;custom_link&#8221; link=&#8221;http:\/\/volpatolasm.com\/es\/operaciones-de-mecanizado\/aluminum-es\/&#8221;][vc_custom_heading text=&#8221;Aluminio&#8221; font_container=&#8221;tag:h4|text_align:center&#8221; use_theme_fonts=&#8221;yes&#8221;][vc_column_text]<\/p>\n<div class=\"et_pb_column et_pb_column_1_5 et_pb_column_2 et_pb_css_mix_blend_mode_passthrough\">\n<div class=\"et_pb_module et_pb_blurb et_pb_blurb_0 et_pb_text_align_center et_pb_blurb_position_top et_pb_bg_layout_light\">\n<div class=\"et_pb_blurb_content\">\n<div class=\"et_pb_blurb_container\">\n<div class=\"et_pb_blurb_description\">\n<div class=\"et_pb_column et_pb_column_1_5 et_pb_column_3 et_pb_css_mix_blend_mode_passthrough\">\n<div class=\"et_pb_module et_pb_blurb et_pb_blurb_1 et_pb_text_align_center et_pb_blurb_position_top et_pb_bg_layout_light\">\n<div class=\"et_pb_blurb_content\">\n<div class=\"et_pb_blurb_container\">\n<div class=\"et_pb_blurb_description\">\n<p style=\"text-align: center;\">Las m\u00e1quinas dise\u00f1adas por VOLPATO garantizan eficientes procesos de acabado de aluminio.<\/p>\n<\/div>\n<\/div>\n<\/div>\n<\/div>\n<\/div>\n<\/div>\n<\/div>\n<\/div>\n<\/div>\n<\/div>\n<p>[\/vc_column_text][\/vc_column][vc_column width=&#8221;1\/6&#8243;][vc_single_image image=&#8221;7708&#8243; img_size=&#8221;medium&#8221; alignment=&#8221;center&#8221; onclick=&#8221;custom_link&#8221; link=&#8221;http:\/\/volpatolasm.com\/es\/operaciones-de-mecanizado\/plastico\/&#8221;][vc_custom_heading text=&#8221;Pl\u00e1stico&#8221; font_container=&#8221;tag:h4|text_align:center&#8221; use_theme_fonts=&#8221;yes&#8221;][vc_column_text]<\/p>\n<div class=\"et_pb_column et_pb_column_1_5 et_pb_column_2 et_pb_css_mix_blend_mode_passthrough\">\n<div class=\"et_pb_module et_pb_blurb et_pb_blurb_0 et_pb_text_align_center et_pb_blurb_position_top et_pb_bg_layout_light\">\n<div class=\"et_pb_blurb_content\">\n<div class=\"et_pb_blurb_container\">\n<div class=\"et_pb_blurb_description\">\n<div class=\"et_pb_column et_pb_column_1_5 et_pb_column_4 et_pb_css_mix_blend_mode_passthrough\">\n<div class=\"et_pb_module et_pb_blurb et_pb_blurb_2 et_pb_text_align_center et_pb_blurb_position_top et_pb_bg_layout_light\">\n<div class=\"et_pb_blurb_content\">\n<div class=\"et_pb_blurb_container\">\n<div class=\"et_pb_blurb_description\">\n<p style=\"text-align: center;\">Las m\u00e1quinas VOLPATO son ideales para operaciones de acabado de pl\u00e1stico de alta eficiencia<\/p>\n<\/div>\n<\/div>\n<\/div>\n<\/div>\n<\/div>\n<\/div>\n<\/div>\n<\/div>\n<\/div>\n<\/div>\n<p>[\/vc_column_text][\/vc_column][vc_column width=&#8221;1\/6&#8243;][vc_single_image image=&#8221;7698&#8243; img_size=&#8221;medium&#8221; alignment=&#8221;center&#8221; onclick=&#8221;custom_link&#8221; link=&#8221;http:\/\/volpatolasm.com\/es\/operaciones-de-mecanizado\/metal-es\/&#8221;][vc_custom_heading text=&#8221;Metal&#8221; font_container=&#8221;tag:h4|text_align:center&#8221; use_theme_fonts=&#8221;yes&#8221;][vc_column_text]<\/p>\n<div class=\"et_pb_column et_pb_column_1_5 et_pb_column_2 et_pb_css_mix_blend_mode_passthrough\">\n<div class=\"et_pb_module et_pb_blurb et_pb_blurb_0 et_pb_text_align_center et_pb_blurb_position_top et_pb_bg_layout_light\">\n<div class=\"et_pb_blurb_content\">\n<div class=\"et_pb_blurb_container\">\n<div class=\"et_pb_blurb_description\">\n<div class=\"et_pb_column et_pb_column_1_5 et_pb_column_5 et_pb_css_mix_blend_mode_passthrough\">\n<div class=\"et_pb_module et_pb_blurb et_pb_blurb_3 et_pb_text_align_center et_pb_blurb_position_top et_pb_bg_layout_light\">\n<div class=\"et_pb_blurb_content\">\n<div class=\"et_pb_blurb_container\">\n<div class=\"et_pb_blurb_description\">\n<p style=\"text-align: center;\">Las m\u00e1quinas a medida de VOLPATO est\u00e1n dise\u00f1adas para procesos de acabado de diferentes tipos de metal<\/p>\n<\/div>\n<\/div>\n<\/div>\n<\/div>\n<\/div>\n<\/div>\n<\/div>\n<\/div>\n<\/div>\n<\/div>\n<p>[\/vc_column_text][\/vc_column][vc_column width=&#8221;1\/6&#8243;][vc_single_image image=&#8221;7678&#8243; img_size=&#8221;medium&#8221; alignment=&#8221;center&#8221; onclick=&#8221;custom_link&#8221; link=&#8221;http:\/\/volpatolasm.com\/es\/operaciones-de-mecanizado\/mas\/&#8221;][vc_custom_heading text=&#8221;M\u00e1s&#8221; font_container=&#8221;tag:h4|text_align:center&#8221; use_theme_fonts=&#8221;yes&#8221;][vc_column_text]<\/p>\n<div class=\"et_pb_column et_pb_column_1_5 et_pb_column_2 et_pb_css_mix_blend_mode_passthrough\">\n<div class=\"et_pb_module et_pb_blurb et_pb_blurb_0 et_pb_text_align_center et_pb_blurb_position_top et_pb_bg_layout_light\">\n<div class=\"et_pb_blurb_content\">\n<div class=\"et_pb_blurb_container\">\n<div class=\"et_pb_blurb_description\">\n<div class=\"et_pb_section et_pb_section_2 et_section_regular\">\n<div class=\"et_pb_row et_pb_row_2 et_pb_gutters2 et_pb_row_5col et_had_animation\" data-animation-style=\"slide\" data-animation-repeat=\"\" data-animation-duration=\"1000ms\" data-animation-delay=\"0ms\" data-animation-intensity=\"50%\" data-animation-starting-opacity=\"0%\" data-animation-speed-curve=\"ease-in-out\">\n<div class=\"et_pb_column et_pb_column_1_5 et_pb_column_6 et_pb_css_mix_blend_mode_passthrough et-last-child\">\n<div class=\"et_pb_module et_pb_blurb et_pb_blurb_4 et_pb_text_align_center et_pb_blurb_position_top et_pb_bg_layout_light\">\n<div class=\"et_pb_blurb_content\">\n<div class=\"et_pb_blurb_container\">\n<div class=\"et_pb_blurb_description\">\n<p style=\"text-align: center;\">VOLPATO tambi\u00e9n dise\u00f1a m\u00e1quinas personalizadas para el acabado de otros materiales.<\/p>\n<\/div>\n<\/div>\n<\/div>\n<\/div>\n<\/div>\n<\/div>\n<\/div>\n<\/div>\n<\/div>\n<\/div>\n<\/div>\n<\/div>\n<p>[\/vc_column_text][\/vc_column][\/vc_row]<\/p>\n","protected":false},"excerpt":{"rendered":"<p>[vc_row][vc_column][vc_column_text] Las funciones de las m\u00e1quinas de acabado para madera, metal, aluminio y pl\u00e1stico Los equipos proyectados y fabricados por VOLPATO son m\u00e1quinas para\u00a0trabajos de acabado de distintos tipos de material\u00a0como la madera, el aluminio, los metales y el pl\u00e1stico. Adem\u00e1s, la empresa puede ofrecer m\u00e1quinas combinadas capaces de efectuar m\u00e1s tipos de acabado y [&hellip;]<\/p>\n","protected":false},"author":4,"featured_media":0,"parent":0,"menu_order":0,"comment_status":"closed","ping_status":"closed","template":"","meta":[],"yoast_head":"<!-- This site is optimized with the Yoast SEO plugin v19.5.1 - https:\/\/yoast.com\/wordpress\/plugins\/seo\/ -->\n<title>Operaciones de mecanizado - Volpato LASM<\/title>\n<meta name=\"description\" content=\"Las funciones de las m\u00e1quinas de acabado para madera, metal, aluminio y pl\u00e1stico Los equipos proyectados y fabricados por VOLPATO son m\u00e1quinas\" \/>\n<meta name=\"robots\" content=\"index, follow, max-snippet:-1, max-image-preview:large, max-video-preview:-1\" \/>\n<link rel=\"canonical\" href=\"https:\/\/volpatolasm.com\/es\/wp-json\/wp\/v2\/pages\/9639\/\" \/>\n<meta property=\"og:locale\" content=\"es_ES\" \/>\n<meta property=\"og:type\" content=\"article\" \/>\n<meta property=\"og:title\" content=\"Operaciones de mecanizado - Volpato LASM\" \/>\n<meta property=\"og:description\" content=\"Las funciones de las m\u00e1quinas de acabado para madera, metal, aluminio y pl\u00e1stico Los equipos proyectados y fabricados por VOLPATO son m\u00e1quinas\" \/>\n<meta property=\"og:url\" content=\"https:\/\/volpatolasm.com\/es\/operaciones-de-mecanizado_page\/\" \/>\n<meta property=\"og:site_name\" content=\"Volpato LASM\" \/>\n<meta property=\"article:modified_time\" content=\"2020-02-28T13:45:19+00:00\" \/>\n<meta name=\"twitter:card\" content=\"summary_large_image\" \/>\n<meta name=\"twitter:label1\" content=\"Tiempo de lectura\" \/>\n\t<meta name=\"twitter:data1\" content=\"2 minutos\" \/>\n<!-- \/ Yoast SEO plugin. -->","yoast_head_json":{"title":"Operaciones de mecanizado - Volpato LASM","description":"Las funciones de las m\u00e1quinas de acabado para madera, metal, aluminio y pl\u00e1stico Los equipos proyectados y fabricados por VOLPATO son m\u00e1quinas","robots":{"index":"index","follow":"follow","max-snippet":"max-snippet:-1","max-image-preview":"max-image-preview:large","max-video-preview":"max-video-preview:-1"},"canonical":"https:\/\/volpatolasm.com\/es\/wp-json\/wp\/v2\/pages\/9639\/","og_locale":"es_ES","og_type":"article","og_title":"Operaciones de mecanizado - Volpato LASM","og_description":"Las funciones de las m\u00e1quinas de acabado para madera, metal, aluminio y pl\u00e1stico Los equipos proyectados y fabricados por VOLPATO son m\u00e1quinas","og_url":"https:\/\/volpatolasm.com\/es\/operaciones-de-mecanizado_page\/","og_site_name":"Volpato LASM","article_modified_time":"2020-02-28T13:45:19+00:00","twitter_card":"summary_large_image","twitter_misc":{"Tiempo de lectura":"2 minutos"},"schema":{"@context":"https:\/\/schema.org","@graph":[{"@type":"WebPage","@id":"https:\/\/volpatolasm.com\/es\/operaciones-de-mecanizado_page\/","url":"https:\/\/volpatolasm.com\/es\/operaciones-de-mecanizado_page\/","name":"Operaciones de mecanizado - Volpato LASM","isPartOf":{"@id":"https:\/\/volpatolasm.com\/#website"},"datePublished":"2020-02-18T12:54:04+00:00","dateModified":"2020-02-28T13:45:19+00:00","description":"Las funciones de las m\u00e1quinas de acabado para madera, metal, aluminio y pl\u00e1stico Los equipos proyectados y fabricados por VOLPATO son m\u00e1quinas","breadcrumb":{"@id":"https:\/\/volpatolasm.com\/es\/operaciones-de-mecanizado_page\/#breadcrumb"},"inLanguage":"es","potentialAction":[{"@type":"ReadAction","target":["https:\/\/volpatolasm.com\/es\/operaciones-de-mecanizado_page\/"]}]},{"@type":"BreadcrumbList","@id":"https:\/\/volpatolasm.com\/es\/operaciones-de-mecanizado_page\/#breadcrumb","itemListElement":[{"@type":"ListItem","position":1,"name":"Home","item":"https:\/\/volpatolasm.com\/es\/"},{"@type":"ListItem","position":2,"name":"Operaciones de mecanizado"}]},{"@type":"WebSite","@id":"https:\/\/volpatolasm.com\/#website","url":"https:\/\/volpatolasm.com\/","name":"Volpato LASM","description":"","potentialAction":[{"@type":"SearchAction","target":{"@type":"EntryPoint","urlTemplate":"https:\/\/volpatolasm.com\/?s={search_term_string}"},"query-input":"required name=search_term_string"}],"inLanguage":"es"}]}},"_links":{"self":[{"href":"https:\/\/volpatolasm.com\/es\/wp-json\/wp\/v2\/pages\/9639"}],"collection":[{"href":"https:\/\/volpatolasm.com\/es\/wp-json\/wp\/v2\/pages"}],"about":[{"href":"https:\/\/volpatolasm.com\/es\/wp-json\/wp\/v2\/types\/page"}],"author":[{"embeddable":true,"href":"https:\/\/volpatolasm.com\/es\/wp-json\/wp\/v2\/users\/4"}],"replies":[{"embeddable":true,"href":"https:\/\/volpatolasm.com\/es\/wp-json\/wp\/v2\/comments?post=9639"}],"version-history":[{"count":6,"href":"https:\/\/volpatolasm.com\/es\/wp-json\/wp\/v2\/pages\/9639\/revisions"}],"predecessor-version":[{"id":9662,"href":"https:\/\/volpatolasm.com\/es\/wp-json\/wp\/v2\/pages\/9639\/revisions\/9662"}],"wp:attachment":[{"href":"https:\/\/volpatolasm.com\/es\/wp-json\/wp\/v2\/media?parent=9639"}],"curies":[{"name":"wp","href":"https:\/\/api.w.org\/{rel}","templated":true}]}}