{"id":9379,"date":"2020-02-18T13:52:38","date_gmt":"2020-02-18T12:52:38","guid":{"rendered":"https:\/\/www.volpatolasm.com\/macchinari_page\/"},"modified":"2020-02-26T10:49:12","modified_gmt":"2020-02-26T09:49:12","slug":"maquinas_page","status":"publish","type":"page","link":"https:\/\/volpatolasm.com\/es\/maquinas_page\/","title":{"rendered":"M\u00e1quinas"},"content":{"rendered":"<p>[vc_row][vc_column][vc_column_text]<\/p>\n<h2>El cat\u00e1logo de lijadoras y de m\u00e1quinas de acabado<br \/>\n<\/h2>\n<p class=\"macchine\">Gracias a un equipo de profesionales altamente cualificados y a una vasta experiencia en el sector de referencia, VOLPATO se ocupa de la fabricaci\u00f3n de m\u00e1quinas para el lijado y el acabado de la madera, as\u00ed como de materiales pl\u00e1sticos y met\u00e1licos, que son capaces de ofrecer a los clientes excelentes est\u00e1ndares de calidad. De hecho, confiar en la empresa significa obtener siempre el mejor soporte t\u00e9cnico, adem\u00e1s del apoyo comercial, as\u00ed como tener la posibilidad de obtener m\u00e1quinas de elevadas prestaciones, que permiten realizar un producto final de alt\u00edsimo nivel.<\/p>\n<p>[\/vc_column_text][\/vc_column][\/vc_row]<\/p>\n","protected":false},"excerpt":{"rendered":"<p>[vc_row][vc_column][vc_column_text] El cat\u00e1logo de lijadoras y de m\u00e1quinas de acabado Gracias a un equipo de profesionales altamente cualificados y a una vasta experiencia en el sector de referencia, VOLPATO se ocupa de la fabricaci\u00f3n de m\u00e1quinas para el lijado y el acabado de la madera, as\u00ed como de materiales pl\u00e1sticos y met\u00e1licos, que son capaces [&hellip;]<\/p>\n","protected":false},"author":4,"featured_media":0,"parent":0,"menu_order":0,"comment_status":"closed","ping_status":"closed","template":"tpl-macchinari-list.php","meta":[],"yoast_head":"<!-- This site is optimized with the Yoast SEO plugin v19.5.1 - https:\/\/yoast.com\/wordpress\/plugins\/seo\/ -->\n<title>M\u00e1quinas - Volpato LASM<\/title>\n<meta name=\"description\" content=\"El cat\u00e1logo de lijadoras y de m\u00e1quinas de acabado Gracias a un equipo de profesionales altamente cualificados y a una vasta experiencia en el sector de\" \/>\n<meta name=\"robots\" content=\"index, follow, max-snippet:-1, max-image-preview:large, max-video-preview:-1\" \/>\n<link rel=\"canonical\" href=\"https:\/\/volpatolasm.com\/es\/wp-json\/wp\/v2\/pages\/9379\/\" \/>\n<meta property=\"og:locale\" content=\"es_ES\" \/>\n<meta property=\"og:type\" content=\"article\" \/>\n<meta property=\"og:title\" content=\"M\u00e1quinas - Volpato LASM\" \/>\n<meta property=\"og:description\" content=\"El cat\u00e1logo de lijadoras y de m\u00e1quinas de acabado Gracias a un equipo de profesionales altamente cualificados y a una vasta experiencia en el sector de\" \/>\n<meta property=\"og:url\" content=\"https:\/\/volpatolasm.com\/es\/maquinas_page\/\" \/>\n<meta property=\"og:site_name\" content=\"Volpato LASM\" \/>\n<meta property=\"article:modified_time\" content=\"2020-02-26T09:49:12+00:00\" \/>\n<meta name=\"twitter:card\" content=\"summary_large_image\" \/>\n<meta name=\"twitter:label1\" content=\"Tiempo de lectura\" \/>\n\t<meta name=\"twitter:data1\" content=\"1 minuto\" \/>\n<!-- \/ Yoast SEO plugin. -->","yoast_head_json":{"title":"M\u00e1quinas - Volpato LASM","description":"El cat\u00e1logo de lijadoras y de m\u00e1quinas de acabado Gracias a un equipo de profesionales altamente cualificados y a una vasta experiencia en el sector de","robots":{"index":"index","follow":"follow","max-snippet":"max-snippet:-1","max-image-preview":"max-image-preview:large","max-video-preview":"max-video-preview:-1"},"canonical":"https:\/\/volpatolasm.com\/es\/wp-json\/wp\/v2\/pages\/9379\/","og_locale":"es_ES","og_type":"article","og_title":"M\u00e1quinas - Volpato LASM","og_description":"El cat\u00e1logo de lijadoras y de m\u00e1quinas de acabado Gracias a un equipo de profesionales altamente cualificados y a una vasta experiencia en el sector de","og_url":"https:\/\/volpatolasm.com\/es\/maquinas_page\/","og_site_name":"Volpato LASM","article_modified_time":"2020-02-26T09:49:12+00:00","twitter_card":"summary_large_image","twitter_misc":{"Tiempo de lectura":"1 minuto"},"schema":{"@context":"https:\/\/schema.org","@graph":[{"@type":"WebPage","@id":"https:\/\/volpatolasm.com\/es\/maquinas_page\/","url":"https:\/\/volpatolasm.com\/es\/maquinas_page\/","name":"M\u00e1quinas - Volpato LASM","isPartOf":{"@id":"https:\/\/volpatolasm.com\/#website"},"datePublished":"2020-02-18T12:52:38+00:00","dateModified":"2020-02-26T09:49:12+00:00","description":"El cat\u00e1logo de lijadoras y de m\u00e1quinas de acabado Gracias a un equipo de profesionales altamente cualificados y a una vasta experiencia en el sector de","breadcrumb":{"@id":"https:\/\/volpatolasm.com\/es\/maquinas_page\/#breadcrumb"},"inLanguage":"es","potentialAction":[{"@type":"ReadAction","target":["https:\/\/volpatolasm.com\/es\/maquinas_page\/"]}]},{"@type":"BreadcrumbList","@id":"https:\/\/volpatolasm.com\/es\/maquinas_page\/#breadcrumb","itemListElement":[{"@type":"ListItem","position":1,"name":"Home","item":"https:\/\/volpatolasm.com\/es\/"},{"@type":"ListItem","position":2,"name":"M\u00e1quinas"}]},{"@type":"WebSite","@id":"https:\/\/volpatolasm.com\/#website","url":"https:\/\/volpatolasm.com\/","name":"Volpato LASM","description":"","potentialAction":[{"@type":"SearchAction","target":{"@type":"EntryPoint","urlTemplate":"https:\/\/volpatolasm.com\/?s={search_term_string}"},"query-input":"required name=search_term_string"}],"inLanguage":"es"}]}},"_links":{"self":[{"href":"https:\/\/volpatolasm.com\/es\/wp-json\/wp\/v2\/pages\/9379"}],"collection":[{"href":"https:\/\/volpatolasm.com\/es\/wp-json\/wp\/v2\/pages"}],"about":[{"href":"https:\/\/volpatolasm.com\/es\/wp-json\/wp\/v2\/types\/page"}],"author":[{"embeddable":true,"href":"https:\/\/volpatolasm.com\/es\/wp-json\/wp\/v2\/users\/4"}],"replies":[{"embeddable":true,"href":"https:\/\/volpatolasm.com\/es\/wp-json\/wp\/v2\/comments?post=9379"}],"version-history":[{"count":2,"href":"https:\/\/volpatolasm.com\/es\/wp-json\/wp\/v2\/pages\/9379\/revisions"}],"predecessor-version":[{"id":9388,"href":"https:\/\/volpatolasm.com\/es\/wp-json\/wp\/v2\/pages\/9379\/revisions\/9388"}],"wp:attachment":[{"href":"https:\/\/volpatolasm.com\/es\/wp-json\/wp\/v2\/media?parent=9379"}],"curies":[{"name":"wp","href":"https:\/\/api.w.org\/{rel}","templated":true}]}}