{"id":9290,"date":"2020-02-18T13:38:13","date_gmt":"2020-02-18T12:38:13","guid":{"rendered":"https:\/\/www.volpatolasm.com\/servicios\/collaudo\/"},"modified":"2020-02-25T15:09:35","modified_gmt":"2020-02-25T14:09:35","slug":"ensayo-de-conformidad","status":"publish","type":"page","link":"https:\/\/volpatolasm.com\/es\/servicios\/ensayo-de-conformidad\/","title":{"rendered":"Ensayo de conformidad"},"content":{"rendered":"<p>[vc_row][vc_column width=&#8221;2\/3&#8243;][vc_custom_heading text=&#8221;La verificaci\u00f3n del correcto funcionamiento de la m\u00e1quina de acabado antes de su entrega<br \/>\n&#8221; use_theme_fonts=&#8221;yes&#8221;][vc_column_text]Al finalizar la fabricaci\u00f3n de los equipos, VOLPATO lleva a cabo el\u00a0<strong>ensayo de conformidad de las m\u00e1quinas de acabado<\/strong>\u00a0para controlar su correcto funcionamiento. El servicio est\u00e1 supervisado por un equipo experto de profesionales altamente especializados, que son capaces de detectar y resolver r\u00e1pidamente cualquier posible problema relativo a las m\u00e1quinas.[\/vc_column_text][\/vc_column][vc_column width=&#8221;1\/3&#8243;][vc_single_image image=&#8221;9189&#8243; img_size=&#8221;medium&#8221; alignment=&#8221;right&#8221;][\/vc_column][\/vc_row][vc_row][vc_column][vc_custom_heading text=&#8221;\u00bfQu\u00e9 ventajas ofrece el servicio?<br \/>\n&#8221; font_container=&#8221;tag:h3|text_align:left&#8221; use_theme_fonts=&#8221;yes&#8221; el_class=&#8221;bold&#8221;][vc_column_text]Lo que propone la empresa es un servicio de\u00a0<strong>ensayo de conformidad de m\u00e1quinas de acabado de excelente calidad<\/strong>. La verificaci\u00f3n se realiza directamente en el establecimiento mercantil, con la presencia del mismo cliente, que puede verificar personalmente, por ejemplo, si la lijadora lleva a cabo correctamente todas las funciones para las que ha sido proyectada. Adem\u00e1s, en esta fase se ofrecen algunos servicios ventajosos relativos a:<\/p>\n<ul>\n<li>Formaci\u00f3n del operador del cliente<\/li>\n<li>Utilizaci\u00f3n de muestras propias para el test<\/li>\n<\/ul>\n<p>Naturalmente, la m\u00e1quina solamente se entregar\u00e1 en el momento en el que se satisfagan plenamente todas las necesidades del cliente.[\/vc_column_text][\/vc_column][\/vc_row][vc_row][vc_column width=&#8221;1\/2&#8243;][vc_custom_heading text=&#8221;\u00bfEn qu\u00e9 m\u00e1quinas se lleva a cabo?<br \/>\n&#8221; font_container=&#8221;tag:h3|text_align:left&#8221; use_theme_fonts=&#8221;yes&#8221; el_class=&#8221;bold&#8221;][vc_column_text]Con la finalidad de garantizar un servicio lo m\u00e1s completo posible y satisfacer las necesidades de clientes que operan con distintos tipos de materiales, la empresa ofrece la posibilidad de efectuar el\u00a0<strong>ensayo de conformidad en todos los modelos de m\u00e1quinas de acabado<\/strong>, antes de su entrega. En particular, las m\u00e1quinas que se someten a la verificaci\u00f3n en cuesti\u00f3n son las siguientes:<\/p>\n<ul>\n<li>M\u00e1quinas de acabado para madera<\/li>\n<li>M\u00e1quinas de acabado para materiales met\u00e1licos<\/li>\n<li>M\u00e1quinas de acabado para el aluminio<\/li>\n<li>M\u00e1quinas de acabado para materiales pl\u00e1sticos<\/li>\n<\/ul>\n<p>[\/vc_column_text][\/vc_column][vc_column width=&#8221;1\/2&#8243;][vc_custom_heading text=&#8221;\u00bfDesean obtener m\u00e1s informaci\u00f3n sobre el servicio de ensayo de conformidad?<br \/>\n&#8221; font_container=&#8221;tag:h3|text_align:left&#8221; use_theme_fonts=&#8221;yes&#8221; el_class=&#8221;bold&#8221;][vc_column_text]En caso de que tengan necesidad de obtener m\u00e1s<strong>\u00a0informaci\u00f3n sobre el servicio de ensayo de conformidad<\/strong>, pueden ponerse en contacto con la empresa simplemente rellenando el formulario que encontrar\u00e1n en la secci\u00f3n de contactos. A trav\u00e9s de su uso, obtendr\u00e1n una respuesta detallada a todas sus preguntas por parte de un miembro experto del personal.[\/vc_column_text][\/vc_column][\/vc_row]<\/p>\n","protected":false},"excerpt":{"rendered":"<p>[vc_row][vc_column width=&#8221;2\/3&#8243;][vc_custom_heading text=&#8221;La verificaci\u00f3n del correcto funcionamiento de la m\u00e1quina de acabado antes de su entrega &#8221; use_theme_fonts=&#8221;yes&#8221;][vc_column_text]Al finalizar la fabricaci\u00f3n de los equipos, VOLPATO lleva a cabo el\u00a0ensayo de conformidad de las m\u00e1quinas de acabado\u00a0para controlar su correcto funcionamiento. El servicio est\u00e1 supervisado por un equipo experto de profesionales altamente especializados, que son capaces [&hellip;]<\/p>\n","protected":false},"author":4,"featured_media":0,"parent":9196,"menu_order":0,"comment_status":"closed","ping_status":"closed","template":"","meta":[],"yoast_head":"<!-- This site is optimized with the Yoast SEO plugin v19.5.1 - https:\/\/yoast.com\/wordpress\/plugins\/seo\/ -->\n<title>Ensayo de conformidad - Volpato LASM<\/title>\n<meta name=\"description\" content=\"Al finalizar la fabricaci\u00f3n de los equipos, VOLPATO lleva a cabo el\u00a0ensayo de conformidad de las m\u00e1quinas de acabado\u00a0para controlar su correcto\" \/>\n<meta name=\"robots\" content=\"index, follow, max-snippet:-1, max-image-preview:large, max-video-preview:-1\" \/>\n<link rel=\"canonical\" href=\"https:\/\/volpatolasm.com\/es\/wp-json\/wp\/v2\/pages\/9290\/\" \/>\n<meta property=\"og:locale\" content=\"es_ES\" \/>\n<meta property=\"og:type\" content=\"article\" \/>\n<meta property=\"og:title\" content=\"Ensayo de conformidad - Volpato LASM\" \/>\n<meta property=\"og:description\" content=\"Al finalizar la fabricaci\u00f3n de los equipos, VOLPATO lleva a cabo el\u00a0ensayo de conformidad de las m\u00e1quinas de acabado\u00a0para controlar su correcto\" \/>\n<meta property=\"og:url\" content=\"https:\/\/volpatolasm.com\/es\/servicios\/ensayo-de-conformidad\/\" \/>\n<meta property=\"og:site_name\" content=\"Volpato LASM\" \/>\n<meta property=\"article:modified_time\" content=\"2020-02-25T14:09:35+00:00\" \/>\n<meta name=\"twitter:card\" content=\"summary_large_image\" \/>\n<meta name=\"twitter:label1\" content=\"Tiempo de lectura\" \/>\n\t<meta name=\"twitter:data1\" content=\"2 minutos\" \/>\n<!-- \/ Yoast SEO plugin. -->","yoast_head_json":{"title":"Ensayo de conformidad - Volpato LASM","description":"Al finalizar la fabricaci\u00f3n de los equipos, VOLPATO lleva a cabo el\u00a0ensayo de conformidad de las m\u00e1quinas de acabado\u00a0para controlar su correcto","robots":{"index":"index","follow":"follow","max-snippet":"max-snippet:-1","max-image-preview":"max-image-preview:large","max-video-preview":"max-video-preview:-1"},"canonical":"https:\/\/volpatolasm.com\/es\/wp-json\/wp\/v2\/pages\/9290\/","og_locale":"es_ES","og_type":"article","og_title":"Ensayo de conformidad - Volpato LASM","og_description":"Al finalizar la fabricaci\u00f3n de los equipos, VOLPATO lleva a cabo el\u00a0ensayo de conformidad de las m\u00e1quinas de acabado\u00a0para controlar su correcto","og_url":"https:\/\/volpatolasm.com\/es\/servicios\/ensayo-de-conformidad\/","og_site_name":"Volpato LASM","article_modified_time":"2020-02-25T14:09:35+00:00","twitter_card":"summary_large_image","twitter_misc":{"Tiempo de lectura":"2 minutos"},"schema":{"@context":"https:\/\/schema.org","@graph":[{"@type":"WebPage","@id":"https:\/\/volpatolasm.com\/es\/servicios\/ensayo-de-conformidad\/","url":"https:\/\/volpatolasm.com\/es\/servicios\/ensayo-de-conformidad\/","name":"Ensayo de conformidad - Volpato LASM","isPartOf":{"@id":"https:\/\/volpatolasm.com\/#website"},"datePublished":"2020-02-18T12:38:13+00:00","dateModified":"2020-02-25T14:09:35+00:00","description":"Al finalizar la fabricaci\u00f3n de los equipos, VOLPATO lleva a cabo el\u00a0ensayo de conformidad de las m\u00e1quinas de acabado\u00a0para controlar su correcto","breadcrumb":{"@id":"https:\/\/volpatolasm.com\/es\/servicios\/ensayo-de-conformidad\/#breadcrumb"},"inLanguage":"es","potentialAction":[{"@type":"ReadAction","target":["https:\/\/volpatolasm.com\/es\/servicios\/ensayo-de-conformidad\/"]}]},{"@type":"BreadcrumbList","@id":"https:\/\/volpatolasm.com\/es\/servicios\/ensayo-de-conformidad\/#breadcrumb","itemListElement":[{"@type":"ListItem","position":1,"name":"Home","item":"https:\/\/volpatolasm.com\/es\/"},{"@type":"ListItem","position":2,"name":"Servicios","item":"https:\/\/volpatolasm.com\/es\/servicios\/"},{"@type":"ListItem","position":3,"name":"Ensayo de conformidad"}]},{"@type":"WebSite","@id":"https:\/\/volpatolasm.com\/#website","url":"https:\/\/volpatolasm.com\/","name":"Volpato LASM","description":"","potentialAction":[{"@type":"SearchAction","target":{"@type":"EntryPoint","urlTemplate":"https:\/\/volpatolasm.com\/?s={search_term_string}"},"query-input":"required name=search_term_string"}],"inLanguage":"es"}]}},"_links":{"self":[{"href":"https:\/\/volpatolasm.com\/es\/wp-json\/wp\/v2\/pages\/9290"}],"collection":[{"href":"https:\/\/volpatolasm.com\/es\/wp-json\/wp\/v2\/pages"}],"about":[{"href":"https:\/\/volpatolasm.com\/es\/wp-json\/wp\/v2\/types\/page"}],"author":[{"embeddable":true,"href":"https:\/\/volpatolasm.com\/es\/wp-json\/wp\/v2\/users\/4"}],"replies":[{"embeddable":true,"href":"https:\/\/volpatolasm.com\/es\/wp-json\/wp\/v2\/comments?post=9290"}],"version-history":[{"count":3,"href":"https:\/\/volpatolasm.com\/es\/wp-json\/wp\/v2\/pages\/9290\/revisions"}],"predecessor-version":[{"id":9302,"href":"https:\/\/volpatolasm.com\/es\/wp-json\/wp\/v2\/pages\/9290\/revisions\/9302"}],"up":[{"embeddable":true,"href":"https:\/\/volpatolasm.com\/es\/wp-json\/wp\/v2\/pages\/9196"}],"wp:attachment":[{"href":"https:\/\/volpatolasm.com\/es\/wp-json\/wp\/v2\/media?parent=9290"}],"curies":[{"name":"wp","href":"https:\/\/api.w.org\/{rel}","templated":true}]}}