{"id":9272,"date":"2020-02-18T13:37:52","date_gmt":"2020-02-18T12:37:52","guid":{"rendered":"https:\/\/www.volpatolasm.com\/servicios\/realizzazione-su-misura\/"},"modified":"2020-02-25T14:57:11","modified_gmt":"2020-02-25T13:57:11","slug":"fabricacion-a-medida","status":"publish","type":"page","link":"https:\/\/volpatolasm.com\/es\/servicios\/fabricacion-a-medida\/","title":{"rendered":"Fabricaci\u00f3n a medida"},"content":{"rendered":"<p>[vc_row][vc_column width=&#8221;2\/3&#8243;][vc_custom_heading text=&#8221;La producci\u00f3n de m\u00e1quinas de acabado proyectadas seg\u00fan las necesidades de los clientes<br \/>\n&#8221; use_theme_fonts=&#8221;yes&#8221;][vc_column_text]Con la finalidad de producir m\u00e1quinas muy eficientes para distintos contextos de producci\u00f3n, VOLPATO ha mejorado constantemente sus tecnolog\u00edas productivas y puede ofrecer un\u00a0<strong>servicio de fabricaci\u00f3n de m\u00e1quinas a medida<\/strong>. De hecho, los clientes que deciden confiar en la empresa, podr\u00e1n obtener una m\u00e1quina que no sea est\u00e1ndar proyectada para satisfacer cada una de sus necesidades.[\/vc_column_text][\/vc_column][vc_column width=&#8221;1\/3&#8243;][vc_single_image image=&#8221;9184&#8243; img_size=&#8221;medium&#8221; alignment=&#8221;right&#8221;][\/vc_column][\/vc_row][vc_row][vc_column][vc_custom_heading text=&#8221;\u00bfPor qu\u00e9 confiar en VOLPATO?<br \/>\n&#8221; font_container=&#8221;tag:h3|text_align:left&#8221; use_theme_fonts=&#8221;yes&#8221; el_class=&#8221;bold&#8221;][vc_column_text]La ventaja de confiar en VOLPATO consiste en la posibilidad de ponerse en manos de personas altamente especializadas, que tienen una vast\u00edsima experiencia t\u00e9cnica y de acabado. Por todos estos motivos, la empresa garantiza una\u00a0<strong>fabricaci\u00f3n de lijadoras a medida de alta eficiencia<\/strong>. Adem\u00e1s, el hecho de elegir una producci\u00f3n de este tipo, permitir\u00e1 a las empresas obtener otras ventajas, tales como:<\/p>\n<ul>\n<li>Posibilidad de modificar m\u00e1quinas est\u00e1ndar<\/li>\n<li>Ensayo de conformidad en m\u00e1quinas personalizadas<\/li>\n<\/ul>\n<p>[\/vc_column_text][\/vc_column][\/vc_row][vc_row][vc_column width=&#8221;1\/2&#8243;][vc_custom_heading text=&#8221;\u00bfQu\u00e9 m\u00e1quinas se fabrican?<br \/>\n&#8221; font_container=&#8221;tag:h3|text_align:left&#8221; use_theme_fonts=&#8221;yes&#8221; el_class=&#8221;bold&#8221;][vc_column_text]Siendo conocedores de las distintas necesidades de nuestros propios clientes, VOLPATO se compromete constantemente a ampliar su propia oferta y a ofrecer de este modo, la\u00a0<strong>fabricaci\u00f3n a medida de numerosos tipos de lijadoras<\/strong>. En particular, gracias a un equipo excelente que se ocupa de la investigaci\u00f3n y el desarrollo de nuevas tecnolog\u00edas relativas al sector de referencia, la empresa es capaz de fabricar a medida:<\/p>\n<ul>\n<li>M\u00e1quinas para el lijado de materiales pl\u00e1sticos<\/li>\n<li>M\u00e1quinas para el lijado de materiales met\u00e1licos<\/li>\n<li>M\u00e1quinas para el lijado de la madera<\/li>\n<\/ul>\n<p>[\/vc_column_text][\/vc_column][vc_column width=&#8221;1\/2&#8243;][vc_custom_heading text=&#8221;\u00bfDesean obtener m\u00e1s informaci\u00f3n acerca de este servicio?<br \/>\n&#8221; font_container=&#8221;tag:h3|text_align:left&#8221; use_theme_fonts=&#8221;yes&#8221; el_class=&#8221;bold&#8221;][vc_column_text]Si quieren descubrir m\u00e1s\u00a0<strong>detalles sobre la fabricaci\u00f3n a medida de lijadoras<\/strong>, rellenen el m\u00f3dulo que se encuentra en la secci\u00f3n de contactos. A la mayor brevedad posible, obtendr\u00e1n una respuesta por parte de un experto del personal de la empresa.[\/vc_column_text][\/vc_column][\/vc_row]<\/p>\n","protected":false},"excerpt":{"rendered":"<p>[vc_row][vc_column width=&#8221;2\/3&#8243;][vc_custom_heading text=&#8221;La producci\u00f3n de m\u00e1quinas de acabado proyectadas seg\u00fan las necesidades de los clientes &#8221; use_theme_fonts=&#8221;yes&#8221;][vc_column_text]Con la finalidad de producir m\u00e1quinas muy eficientes para distintos contextos de producci\u00f3n, VOLPATO ha mejorado constantemente sus tecnolog\u00edas productivas y puede ofrecer un\u00a0servicio de fabricaci\u00f3n de m\u00e1quinas a medida. De hecho, los clientes que deciden confiar en la [&hellip;]<\/p>\n","protected":false},"author":4,"featured_media":0,"parent":9196,"menu_order":0,"comment_status":"closed","ping_status":"closed","template":"","meta":[],"yoast_head":"<!-- This site is optimized with the Yoast SEO plugin v19.5.1 - https:\/\/yoast.com\/wordpress\/plugins\/seo\/ -->\n<title>Fabricaci\u00f3n a medida - Volpato LASM<\/title>\n<meta name=\"description\" content=\"Con la finalidad de producir m\u00e1quinas muy eficientes para distintos contextos de producci\u00f3n, VOLPATO ha mejorado constantemente sus tecnolog\u00edas\" \/>\n<meta name=\"robots\" content=\"index, follow, max-snippet:-1, max-image-preview:large, max-video-preview:-1\" \/>\n<link rel=\"canonical\" href=\"https:\/\/volpatolasm.com\/es\/wp-json\/wp\/v2\/pages\/9272\/\" \/>\n<meta property=\"og:locale\" content=\"es_ES\" \/>\n<meta property=\"og:type\" content=\"article\" \/>\n<meta property=\"og:title\" content=\"Fabricaci\u00f3n a medida - Volpato LASM\" \/>\n<meta property=\"og:description\" content=\"Con la finalidad de producir m\u00e1quinas muy eficientes para distintos contextos de producci\u00f3n, VOLPATO ha mejorado constantemente sus tecnolog\u00edas\" \/>\n<meta property=\"og:url\" content=\"https:\/\/volpatolasm.com\/es\/servicios\/fabricacion-a-medida\/\" \/>\n<meta property=\"og:site_name\" content=\"Volpato LASM\" \/>\n<meta property=\"article:modified_time\" content=\"2020-02-25T13:57:11+00:00\" \/>\n<meta name=\"twitter:card\" content=\"summary_large_image\" \/>\n<meta name=\"twitter:label1\" content=\"Tiempo de lectura\" \/>\n\t<meta name=\"twitter:data1\" content=\"2 minutos\" \/>\n<!-- \/ Yoast SEO plugin. -->","yoast_head_json":{"title":"Fabricaci\u00f3n a medida - Volpato LASM","description":"Con la finalidad de producir m\u00e1quinas muy eficientes para distintos contextos de producci\u00f3n, VOLPATO ha mejorado constantemente sus tecnolog\u00edas","robots":{"index":"index","follow":"follow","max-snippet":"max-snippet:-1","max-image-preview":"max-image-preview:large","max-video-preview":"max-video-preview:-1"},"canonical":"https:\/\/volpatolasm.com\/es\/wp-json\/wp\/v2\/pages\/9272\/","og_locale":"es_ES","og_type":"article","og_title":"Fabricaci\u00f3n a medida - Volpato LASM","og_description":"Con la finalidad de producir m\u00e1quinas muy eficientes para distintos contextos de producci\u00f3n, VOLPATO ha mejorado constantemente sus tecnolog\u00edas","og_url":"https:\/\/volpatolasm.com\/es\/servicios\/fabricacion-a-medida\/","og_site_name":"Volpato LASM","article_modified_time":"2020-02-25T13:57:11+00:00","twitter_card":"summary_large_image","twitter_misc":{"Tiempo de lectura":"2 minutos"},"schema":{"@context":"https:\/\/schema.org","@graph":[{"@type":"WebPage","@id":"https:\/\/volpatolasm.com\/es\/servicios\/fabricacion-a-medida\/","url":"https:\/\/volpatolasm.com\/es\/servicios\/fabricacion-a-medida\/","name":"Fabricaci\u00f3n a medida - Volpato LASM","isPartOf":{"@id":"https:\/\/volpatolasm.com\/#website"},"datePublished":"2020-02-18T12:37:52+00:00","dateModified":"2020-02-25T13:57:11+00:00","description":"Con la finalidad de producir m\u00e1quinas muy eficientes para distintos contextos de producci\u00f3n, VOLPATO ha mejorado constantemente sus tecnolog\u00edas","breadcrumb":{"@id":"https:\/\/volpatolasm.com\/es\/servicios\/fabricacion-a-medida\/#breadcrumb"},"inLanguage":"es","potentialAction":[{"@type":"ReadAction","target":["https:\/\/volpatolasm.com\/es\/servicios\/fabricacion-a-medida\/"]}]},{"@type":"BreadcrumbList","@id":"https:\/\/volpatolasm.com\/es\/servicios\/fabricacion-a-medida\/#breadcrumb","itemListElement":[{"@type":"ListItem","position":1,"name":"Home","item":"https:\/\/volpatolasm.com\/es\/"},{"@type":"ListItem","position":2,"name":"Servicios","item":"https:\/\/volpatolasm.com\/es\/servicios\/"},{"@type":"ListItem","position":3,"name":"Fabricaci\u00f3n a medida"}]},{"@type":"WebSite","@id":"https:\/\/volpatolasm.com\/#website","url":"https:\/\/volpatolasm.com\/","name":"Volpato LASM","description":"","potentialAction":[{"@type":"SearchAction","target":{"@type":"EntryPoint","urlTemplate":"https:\/\/volpatolasm.com\/?s={search_term_string}"},"query-input":"required name=search_term_string"}],"inLanguage":"es"}]}},"_links":{"self":[{"href":"https:\/\/volpatolasm.com\/es\/wp-json\/wp\/v2\/pages\/9272"}],"collection":[{"href":"https:\/\/volpatolasm.com\/es\/wp-json\/wp\/v2\/pages"}],"about":[{"href":"https:\/\/volpatolasm.com\/es\/wp-json\/wp\/v2\/types\/page"}],"author":[{"embeddable":true,"href":"https:\/\/volpatolasm.com\/es\/wp-json\/wp\/v2\/users\/4"}],"replies":[{"embeddable":true,"href":"https:\/\/volpatolasm.com\/es\/wp-json\/wp\/v2\/comments?post=9272"}],"version-history":[{"count":3,"href":"https:\/\/volpatolasm.com\/es\/wp-json\/wp\/v2\/pages\/9272\/revisions"}],"predecessor-version":[{"id":9284,"href":"https:\/\/volpatolasm.com\/es\/wp-json\/wp\/v2\/pages\/9272\/revisions\/9284"}],"up":[{"embeddable":true,"href":"https:\/\/volpatolasm.com\/es\/wp-json\/wp\/v2\/pages\/9196"}],"wp:attachment":[{"href":"https:\/\/volpatolasm.com\/es\/wp-json\/wp\/v2\/media?parent=9272"}],"curies":[{"name":"wp","href":"https:\/\/api.w.org\/{rel}","templated":true}]}}