{"id":9254,"date":"2020-02-18T13:37:32","date_gmt":"2020-02-18T12:37:32","guid":{"rendered":"https:\/\/www.volpatolasm.com\/servicios\/assemblaggio\/"},"modified":"2020-02-25T14:11:55","modified_gmt":"2020-02-25T13:11:55","slug":"ensamblaje","status":"publish","type":"page","link":"https:\/\/volpatolasm.com\/es\/servicios\/ensamblaje\/","title":{"rendered":"Ensamblaje"},"content":{"rendered":"<p>[vc_row][vc_column width=&#8221;2\/3&#8243;][vc_custom_heading text=&#8221;La uni\u00f3n de los componentes que forman la m\u00e1quina para el lijado<br \/>\n&#8221; use_theme_fonts=&#8221;yes&#8221;][vc_column_text]Adem\u00e1s de la producci\u00f3n de los componentes b\u00e1sicos de las m\u00e1quinas, VOLPATO procede al\u00a0<strong>ensamblaje de las lijadoras<\/strong>, a trav\u00e9s de una cadena de producci\u00f3n eficiente y tecnol\u00f3gica. Esta fase se supervisa por un personal t\u00e9cnico constantemente actualizado, que trabaja de modo profesional para ofrecer el mejor servicio posible a los clientes.[\/vc_column_text][\/vc_column][vc_column width=&#8221;1\/3&#8243;][vc_single_image image=&#8221;9179&#8243; img_size=&#8221;medium&#8221; alignment=&#8221;right&#8221;][\/vc_column][\/vc_row][vc_row][vc_column][vc_custom_heading text=&#8221;\u00bfQu\u00e9 tipo de ventajas ofrece VOLPATO?<br \/>\n&#8221; font_container=&#8221;tag:h3|text_align:left&#8221; use_theme_fonts=&#8221;yes&#8221; el_class=&#8221;bold&#8221;][vc_column_text]Confiar en VOLPATO quiere decir obtener un\u00a0<strong>servicio de ensamblaje de lijadoras de calidad<\/strong>. De hecho, la empresa, antes de llegar al momento de fabricaci\u00f3n de la m\u00e1quina, colabora con los clientes para proyectar con los mismos una soluci\u00f3n que satisfaga realmente sus necesidades. Adem\u00e1s, en el momento en el que pasa a la fabricaci\u00f3n del mismo proyecto, el comitente podr\u00e1 dirigirse a la empresa para supervisar el estado de avance de la producci\u00f3n y:<\/p>\n<ul>\n<li>Solicitar modificaciones de la m\u00e1quina<\/li>\n<li>Efectuar una ensayo de conformidad con sus muestras de producto<\/li>\n<\/ul>\n<p>[\/vc_column_text][\/vc_column][\/vc_row][vc_row][vc_column width=&#8221;1\/2&#8243;][vc_custom_heading text=&#8221;\u00bfQu\u00e9 m\u00e1quinas son ensambladas?<br \/>\n&#8221; font_container=&#8221;tag:h3|text_align:left&#8221; use_theme_fonts=&#8221;yes&#8221; el_class=&#8221;bold&#8221;][vc_column_text]A trav\u00e9s de la investigaci\u00f3n y el desarrollo constante de nuevas tecnolog\u00edas, VOLPATO realiza el\u00a0<strong>ensamblaje de numerosos tipos de acabado<\/strong>, proyectados para trabajar con distintos materiales utilizados por clientes que operan en diversos segmentos industriales. Por ejemplo, el equipo experto de la empresa es capaz de efectuar el montaje de:<\/p>\n<ul>\n<li>M\u00e1quinas lijadoras para aluminio<\/li>\n<li>M\u00e1quinas lijadoras para materiales pl\u00e1sticos<\/li>\n<li>M\u00e1quinas lijadoras para madera<\/li>\n<li>M\u00e1quinas lijadoras para materiales met\u00e1lico<\/li>\n<\/ul>\n<p>[\/vc_column_text][\/vc_column][vc_column width=&#8221;1\/2&#8243;][vc_custom_heading text=&#8221;\u00bfC\u00f3mo solicitar mayor informaci\u00f3n?<br \/>\n&#8221; font_container=&#8221;tag:h3|text_align:left&#8221; use_theme_fonts=&#8221;yes&#8221; el_class=&#8221;bold&#8221;][vc_column_text]Si necesitan obtener m\u00e1s\u00a0<strong>detalles sobre el servicio de ensamblaje de lijadoras<\/strong>\u00a0propuesto por la empresa, accedan a la secci\u00f3n de contactos y rellenen el m\u00f3dulo que encontrar\u00e1n dentro de la misma. A la mayor brevedad posible, un miembro experto del personal responder\u00e1 detalladamente a cada una de sus preguntas.[\/vc_column_text][\/vc_column][\/vc_row]<\/p>\n","protected":false},"excerpt":{"rendered":"<p>[vc_row][vc_column width=&#8221;2\/3&#8243;][vc_custom_heading text=&#8221;La uni\u00f3n de los componentes que forman la m\u00e1quina para el lijado &#8221; use_theme_fonts=&#8221;yes&#8221;][vc_column_text]Adem\u00e1s de la producci\u00f3n de los componentes b\u00e1sicos de las m\u00e1quinas, VOLPATO procede al\u00a0ensamblaje de las lijadoras, a trav\u00e9s de una cadena de producci\u00f3n eficiente y tecnol\u00f3gica. Esta fase se supervisa por un personal t\u00e9cnico constantemente actualizado, que trabaja de [&hellip;]<\/p>\n","protected":false},"author":4,"featured_media":0,"parent":9196,"menu_order":0,"comment_status":"closed","ping_status":"closed","template":"","meta":[],"yoast_head":"<!-- This site is optimized with the Yoast SEO plugin v19.5.1 - https:\/\/yoast.com\/wordpress\/plugins\/seo\/ -->\n<title>Ensamblaje - Volpato LASM<\/title>\n<meta name=\"description\" content=\"Adem\u00e1s de la producci\u00f3n de los componentes b\u00e1sicos de las m\u00e1quinas, VOLPATO procede al\u00a0ensamblaje de las lijadoras, a trav\u00e9s de una cadena de producci\u00f3n\" \/>\n<meta name=\"robots\" content=\"index, follow, max-snippet:-1, max-image-preview:large, max-video-preview:-1\" \/>\n<link rel=\"canonical\" href=\"https:\/\/volpatolasm.com\/es\/wp-json\/wp\/v2\/pages\/9254\/\" \/>\n<meta property=\"og:locale\" content=\"es_ES\" \/>\n<meta property=\"og:type\" content=\"article\" \/>\n<meta property=\"og:title\" content=\"Ensamblaje - Volpato LASM\" \/>\n<meta property=\"og:description\" content=\"Adem\u00e1s de la producci\u00f3n de los componentes b\u00e1sicos de las m\u00e1quinas, VOLPATO procede al\u00a0ensamblaje de las lijadoras, a trav\u00e9s de una cadena de producci\u00f3n\" \/>\n<meta property=\"og:url\" content=\"https:\/\/volpatolasm.com\/es\/servicios\/ensamblaje\/\" \/>\n<meta property=\"og:site_name\" content=\"Volpato LASM\" \/>\n<meta property=\"article:modified_time\" content=\"2020-02-25T13:11:55+00:00\" \/>\n<meta name=\"twitter:card\" content=\"summary_large_image\" \/>\n<meta name=\"twitter:label1\" content=\"Tiempo de lectura\" \/>\n\t<meta name=\"twitter:data1\" content=\"2 minutos\" \/>\n<!-- \/ Yoast SEO plugin. -->","yoast_head_json":{"title":"Ensamblaje - Volpato LASM","description":"Adem\u00e1s de la producci\u00f3n de los componentes b\u00e1sicos de las m\u00e1quinas, VOLPATO procede al\u00a0ensamblaje de las lijadoras, a trav\u00e9s de una cadena de producci\u00f3n","robots":{"index":"index","follow":"follow","max-snippet":"max-snippet:-1","max-image-preview":"max-image-preview:large","max-video-preview":"max-video-preview:-1"},"canonical":"https:\/\/volpatolasm.com\/es\/wp-json\/wp\/v2\/pages\/9254\/","og_locale":"es_ES","og_type":"article","og_title":"Ensamblaje - Volpato LASM","og_description":"Adem\u00e1s de la producci\u00f3n de los componentes b\u00e1sicos de las m\u00e1quinas, VOLPATO procede al\u00a0ensamblaje de las lijadoras, a trav\u00e9s de una cadena de producci\u00f3n","og_url":"https:\/\/volpatolasm.com\/es\/servicios\/ensamblaje\/","og_site_name":"Volpato LASM","article_modified_time":"2020-02-25T13:11:55+00:00","twitter_card":"summary_large_image","twitter_misc":{"Tiempo de lectura":"2 minutos"},"schema":{"@context":"https:\/\/schema.org","@graph":[{"@type":"WebPage","@id":"https:\/\/volpatolasm.com\/es\/servicios\/ensamblaje\/","url":"https:\/\/volpatolasm.com\/es\/servicios\/ensamblaje\/","name":"Ensamblaje - Volpato LASM","isPartOf":{"@id":"https:\/\/volpatolasm.com\/#website"},"datePublished":"2020-02-18T12:37:32+00:00","dateModified":"2020-02-25T13:11:55+00:00","description":"Adem\u00e1s de la producci\u00f3n de los componentes b\u00e1sicos de las m\u00e1quinas, VOLPATO procede al\u00a0ensamblaje de las lijadoras, a trav\u00e9s de una cadena de producci\u00f3n","breadcrumb":{"@id":"https:\/\/volpatolasm.com\/es\/servicios\/ensamblaje\/#breadcrumb"},"inLanguage":"es","potentialAction":[{"@type":"ReadAction","target":["https:\/\/volpatolasm.com\/es\/servicios\/ensamblaje\/"]}]},{"@type":"BreadcrumbList","@id":"https:\/\/volpatolasm.com\/es\/servicios\/ensamblaje\/#breadcrumb","itemListElement":[{"@type":"ListItem","position":1,"name":"Home","item":"https:\/\/volpatolasm.com\/es\/"},{"@type":"ListItem","position":2,"name":"Servicios","item":"https:\/\/volpatolasm.com\/es\/servicios\/"},{"@type":"ListItem","position":3,"name":"Ensamblaje"}]},{"@type":"WebSite","@id":"https:\/\/volpatolasm.com\/#website","url":"https:\/\/volpatolasm.com\/","name":"Volpato LASM","description":"","potentialAction":[{"@type":"SearchAction","target":{"@type":"EntryPoint","urlTemplate":"https:\/\/volpatolasm.com\/?s={search_term_string}"},"query-input":"required name=search_term_string"}],"inLanguage":"es"}]}},"_links":{"self":[{"href":"https:\/\/volpatolasm.com\/es\/wp-json\/wp\/v2\/pages\/9254"}],"collection":[{"href":"https:\/\/volpatolasm.com\/es\/wp-json\/wp\/v2\/pages"}],"about":[{"href":"https:\/\/volpatolasm.com\/es\/wp-json\/wp\/v2\/types\/page"}],"author":[{"embeddable":true,"href":"https:\/\/volpatolasm.com\/es\/wp-json\/wp\/v2\/users\/4"}],"replies":[{"embeddable":true,"href":"https:\/\/volpatolasm.com\/es\/wp-json\/wp\/v2\/comments?post=9254"}],"version-history":[{"count":3,"href":"https:\/\/volpatolasm.com\/es\/wp-json\/wp\/v2\/pages\/9254\/revisions"}],"predecessor-version":[{"id":9266,"href":"https:\/\/volpatolasm.com\/es\/wp-json\/wp\/v2\/pages\/9254\/revisions\/9266"}],"up":[{"embeddable":true,"href":"https:\/\/volpatolasm.com\/es\/wp-json\/wp\/v2\/pages\/9196"}],"wp:attachment":[{"href":"https:\/\/volpatolasm.com\/es\/wp-json\/wp\/v2\/media?parent=9254"}],"curies":[{"name":"wp","href":"https:\/\/api.w.org\/{rel}","templated":true}]}}