{"id":9236,"date":"2020-02-18T13:37:12","date_gmt":"2020-02-18T12:37:12","guid":{"rendered":"https:\/\/www.volpatolasm.com\/servicios\/progettazione\/"},"modified":"2020-02-25T13:59:06","modified_gmt":"2020-02-25T12:59:06","slug":"proyectacion","status":"publish","type":"page","link":"https:\/\/volpatolasm.com\/es\/servicios\/proyectacion\/","title":{"rendered":"Proyectaci\u00f3n"},"content":{"rendered":"<p>[vc_row][vc_column width=&#8221;2\/3&#8243;][vc_custom_heading text=&#8221;Dise\u00f1o de m\u00e1quinas de acabado a medida innovadoras<br \/>\n&#8221; use_theme_fonts=&#8221;yes&#8221;][vc_column_text]Si est\u00e1n buscando un socio profesional, capaz de efectuar una\u00a0<strong>proyectaci\u00f3n de m\u00e1quinas de acabado<\/strong>\u00a0personalizadas, que ayuden a mejorar las prestaciones de su cadena de producci\u00f3n y de los productos ofrecidos a sus clientes, elijan la experiencia de VOLPATO. Gracias a un equipo de profesionales altamente especializados y constantemente formados, la empresa es capaz de dise\u00f1ar m\u00e1quinas innovadoras adecuadas a cada tipo de necesidad.[\/vc_column_text][\/vc_column][vc_column width=&#8221;1\/3&#8243;][vc_single_image image=&#8221;9174&#8243; img_size=&#8221;medium&#8221; alignment=&#8221;right&#8221;][\/vc_column][\/vc_row][vc_row][vc_column][vc_custom_heading text=&#8221;\u00bfQu\u00e9 tipos de lijadoras se proyectan?<br \/>\n&#8221; font_container=&#8221;tag:h3|text_align:left&#8221; use_theme_fonts=&#8221;yes&#8221; el_class=&#8221;bold&#8221;][vc_column_text]A lo largo de su historia, la empresa ha modificado su enfoque y, actualmente, puede ofrecer por ejemplo, la\u00a0<strong>proyectaci\u00f3n de una amplia gama de m\u00e1quinas para el lijado<\/strong>, que son capaces de trabajar con distintos tipos de materiales. De hecho, el personal de la empresa podr\u00e1 ofrecerles un soporte excelente en el dise\u00f1o de los siguientes tipos de m\u00e1quinas:<\/p>\n<ul>\n<li>Lijadoras para madera<\/li>\n<li>Lijadoras para materiales pl\u00e1sticos<\/li>\n<li>Lijadoras para materiales met\u00e1licos<\/li>\n<\/ul>\n<p>[\/vc_column_text][\/vc_column][\/vc_row][vc_row][vc_column][vc_custom_heading text=&#8221;\u00bfPor qu\u00e9 elegir VOLPATO?<br \/>\n&#8221; font_container=&#8221;tag:h3|text_align:left&#8221; use_theme_fonts=&#8221;yes&#8221; el_class=&#8221;bold&#8221;][vc_column_text]<\/p>\n<div class=\"et_pb_row et_pb_row_3\">\n<div class=\"et_pb_column et_pb_column_4_4 et_pb_column_4 et_pb_css_mix_blend_mode_passthrough et-last-child\">\n<div class=\"et_pb_module et_pb_text et_pb_text_2 et_pb_text_align_left et_pb_bg_layout_light\">\n<div class=\"et_pb_text_inner\">\n<p>Para satisfacer las distintas necesidades de las empresas que trabajan en este sector, VOLPATO es capaz de efectuar una\u00a0<strong>proyectaci\u00f3n personalizada de m\u00e1quinas de acabado<\/strong>. Este tipo de servicio es posible gracias a un software espec\u00edfico que permite realizar un modelo en 3D de la m\u00e1quina, antes de pasar a la verdadera fase de fabricaci\u00f3n. Adem\u00e1s, el cliente podr\u00e1 supervisar las fases de fabricaci\u00f3n y obtener algunas ventajas, tales como:<\/p>\n<ul>\n<li>Posibilidad de solicitar modificaciones en curso de fabricaci\u00f3n<\/li>\n<li>Posibilidad de testar el funcionamiento con sus propias muestras<\/li>\n<\/ul>\n<\/div>\n<\/div>\n<\/div>\n<\/div>\n<div class=\"et_pb_row et_pb_row_4\">\n<div class=\"et_pb_column et_pb_column_4_4 et_pb_column_5 et_pb_css_mix_blend_mode_passthrough et-last-child\">\n<div class=\"et_pb_module et_pb_text et_pb_text_3 et_pb_text_align_left et_pb_bg_layout_light\">\n<div class=\"et_pb_text_inner\">\n<p>Solamente cuando se satisfacen las necesidades del cliente final y despu\u00e9s de haber llevado a cabo el ensayo de conformidad, se entregar\u00e1 la m\u00e1quina.<\/p>\n<\/div>\n<\/div>\n<\/div>\n<\/div>\n<p>[\/vc_column_text][\/vc_column][\/vc_row][vc_row][vc_column][vc_custom_heading text=&#8221;\u00bfDesean obtener m\u00e1s informaci\u00f3n acerca del servicio de proyectaci\u00f3n?<br \/>\n&#8221; font_container=&#8221;tag:h3|text_align:left&#8221; use_theme_fonts=&#8221;yes&#8221; el_class=&#8221;bold&#8221;][vc_column_text]Si necesitan obtener m\u00e1s<strong>\u00a0informaci\u00f3n sobre la proyectaci\u00f3n de las lijadoras<\/strong>, no duden en ponerse en contacto con la empresa a trav\u00e9s del formulario que se encuentra en la seccci\u00f3n de contactos. A la mayor brevedad posible, recibir\u00e1n todos los detalles solicitados.[\/vc_column_text][\/vc_column][\/vc_row]<\/p>\n","protected":false},"excerpt":{"rendered":"<p>[vc_row][vc_column width=&#8221;2\/3&#8243;][vc_custom_heading text=&#8221;Dise\u00f1o de m\u00e1quinas de acabado a medida innovadoras &#8221; use_theme_fonts=&#8221;yes&#8221;][vc_column_text]Si est\u00e1n buscando un socio profesional, capaz de efectuar una\u00a0proyectaci\u00f3n de m\u00e1quinas de acabado\u00a0personalizadas, que ayuden a mejorar las prestaciones de su cadena de producci\u00f3n y de los productos ofrecidos a sus clientes, elijan la experiencia de VOLPATO. Gracias a un equipo de profesionales [&hellip;]<\/p>\n","protected":false},"author":4,"featured_media":0,"parent":9196,"menu_order":0,"comment_status":"closed","ping_status":"closed","template":"","meta":[],"yoast_head":"<!-- This site is optimized with the Yoast SEO plugin v19.5.1 - https:\/\/yoast.com\/wordpress\/plugins\/seo\/ -->\n<title>Proyectaci\u00f3n - Volpato LASM<\/title>\n<meta name=\"description\" content=\"Si est\u00e1n buscando un socio profesional, capaz de efectuar una\u00a0proyectaci\u00f3n de m\u00e1quinas de acabado\u00a0personalizadas, que ayuden a mejorar las prestaciones de\" \/>\n<meta name=\"robots\" content=\"index, follow, max-snippet:-1, max-image-preview:large, max-video-preview:-1\" \/>\n<link rel=\"canonical\" href=\"https:\/\/volpatolasm.com\/es\/wp-json\/wp\/v2\/pages\/9236\/\" \/>\n<meta property=\"og:locale\" content=\"es_ES\" \/>\n<meta property=\"og:type\" content=\"article\" \/>\n<meta property=\"og:title\" content=\"Proyectaci\u00f3n - Volpato LASM\" \/>\n<meta property=\"og:description\" content=\"Si est\u00e1n buscando un socio profesional, capaz de efectuar una\u00a0proyectaci\u00f3n de m\u00e1quinas de acabado\u00a0personalizadas, que ayuden a mejorar las prestaciones de\" \/>\n<meta property=\"og:url\" content=\"https:\/\/volpatolasm.com\/es\/servicios\/proyectacion\/\" \/>\n<meta property=\"og:site_name\" content=\"Volpato LASM\" \/>\n<meta property=\"article:modified_time\" content=\"2020-02-25T12:59:06+00:00\" \/>\n<meta name=\"twitter:card\" content=\"summary_large_image\" \/>\n<meta name=\"twitter:label1\" content=\"Tiempo de lectura\" \/>\n\t<meta name=\"twitter:data1\" content=\"2 minutos\" \/>\n<!-- \/ Yoast SEO plugin. -->","yoast_head_json":{"title":"Proyectaci\u00f3n - Volpato LASM","description":"Si est\u00e1n buscando un socio profesional, capaz de efectuar una\u00a0proyectaci\u00f3n de m\u00e1quinas de acabado\u00a0personalizadas, que ayuden a mejorar las prestaciones de","robots":{"index":"index","follow":"follow","max-snippet":"max-snippet:-1","max-image-preview":"max-image-preview:large","max-video-preview":"max-video-preview:-1"},"canonical":"https:\/\/volpatolasm.com\/es\/wp-json\/wp\/v2\/pages\/9236\/","og_locale":"es_ES","og_type":"article","og_title":"Proyectaci\u00f3n - Volpato LASM","og_description":"Si est\u00e1n buscando un socio profesional, capaz de efectuar una\u00a0proyectaci\u00f3n de m\u00e1quinas de acabado\u00a0personalizadas, que ayuden a mejorar las prestaciones de","og_url":"https:\/\/volpatolasm.com\/es\/servicios\/proyectacion\/","og_site_name":"Volpato LASM","article_modified_time":"2020-02-25T12:59:06+00:00","twitter_card":"summary_large_image","twitter_misc":{"Tiempo de lectura":"2 minutos"},"schema":{"@context":"https:\/\/schema.org","@graph":[{"@type":"WebPage","@id":"https:\/\/volpatolasm.com\/es\/servicios\/proyectacion\/","url":"https:\/\/volpatolasm.com\/es\/servicios\/proyectacion\/","name":"Proyectaci\u00f3n - Volpato LASM","isPartOf":{"@id":"https:\/\/volpatolasm.com\/#website"},"datePublished":"2020-02-18T12:37:12+00:00","dateModified":"2020-02-25T12:59:06+00:00","description":"Si est\u00e1n buscando un socio profesional, capaz de efectuar una\u00a0proyectaci\u00f3n de m\u00e1quinas de acabado\u00a0personalizadas, que ayuden a mejorar las prestaciones de","breadcrumb":{"@id":"https:\/\/volpatolasm.com\/es\/servicios\/proyectacion\/#breadcrumb"},"inLanguage":"es","potentialAction":[{"@type":"ReadAction","target":["https:\/\/volpatolasm.com\/es\/servicios\/proyectacion\/"]}]},{"@type":"BreadcrumbList","@id":"https:\/\/volpatolasm.com\/es\/servicios\/proyectacion\/#breadcrumb","itemListElement":[{"@type":"ListItem","position":1,"name":"Home","item":"https:\/\/volpatolasm.com\/es\/"},{"@type":"ListItem","position":2,"name":"Servicios","item":"https:\/\/volpatolasm.com\/es\/servicios\/"},{"@type":"ListItem","position":3,"name":"Proyectaci\u00f3n"}]},{"@type":"WebSite","@id":"https:\/\/volpatolasm.com\/#website","url":"https:\/\/volpatolasm.com\/","name":"Volpato LASM","description":"","potentialAction":[{"@type":"SearchAction","target":{"@type":"EntryPoint","urlTemplate":"https:\/\/volpatolasm.com\/?s={search_term_string}"},"query-input":"required name=search_term_string"}],"inLanguage":"es"}]}},"_links":{"self":[{"href":"https:\/\/volpatolasm.com\/es\/wp-json\/wp\/v2\/pages\/9236"}],"collection":[{"href":"https:\/\/volpatolasm.com\/es\/wp-json\/wp\/v2\/pages"}],"about":[{"href":"https:\/\/volpatolasm.com\/es\/wp-json\/wp\/v2\/types\/page"}],"author":[{"embeddable":true,"href":"https:\/\/volpatolasm.com\/es\/wp-json\/wp\/v2\/users\/4"}],"replies":[{"embeddable":true,"href":"https:\/\/volpatolasm.com\/es\/wp-json\/wp\/v2\/comments?post=9236"}],"version-history":[{"count":3,"href":"https:\/\/volpatolasm.com\/es\/wp-json\/wp\/v2\/pages\/9236\/revisions"}],"predecessor-version":[{"id":9248,"href":"https:\/\/volpatolasm.com\/es\/wp-json\/wp\/v2\/pages\/9236\/revisions\/9248"}],"up":[{"embeddable":true,"href":"https:\/\/volpatolasm.com\/es\/wp-json\/wp\/v2\/pages\/9196"}],"wp:attachment":[{"href":"https:\/\/volpatolasm.com\/es\/wp-json\/wp\/v2\/media?parent=9236"}],"curies":[{"name":"wp","href":"https:\/\/api.w.org\/{rel}","templated":true}]}}