{"id":9218,"date":"2020-02-18T13:36:49","date_gmt":"2020-02-18T12:36:49","guid":{"rendered":"https:\/\/www.volpatolasm.com\/servicios\/consulenza\/"},"modified":"2020-02-25T13:38:58","modified_gmt":"2020-02-25T12:38:58","slug":"asesoramiento","status":"publish","type":"page","link":"https:\/\/volpatolasm.com\/es\/servicios\/asesoramiento\/","title":{"rendered":"Asesoramiento"},"content":{"rendered":"<p>[vc_row][vc_column width=&#8221;2\/3&#8243;][vc_custom_heading text=&#8221;El servicio de asesoramiento para una proyectaci\u00f3n personalizada de m\u00e1quinas lijadoras<br \/>\n&#8221; use_theme_fonts=&#8221;yes&#8221;][vc_column_text]A trav\u00e9s de un equipo de profesionales que operan desde hace tiempo en el sector de referencia, VOLPATO es capaz de ofrecer un servicio de asesoramiento de m\u00e1quinas lijadoras excelente, que ayuda a resolver los problemas relativos a las fases de producci\u00f3n de los clientes y a proponer soluciones encaminadas a mejorar el propio sistema de producci\u00f3n, adem\u00e1s de las caracter\u00edsticas del producto final.<\/p>\n<p>[\/vc_column_text][\/vc_column][vc_column width=&#8221;1\/3&#8243;][vc_single_image image=&#8221;9169&#8243; img_size=&#8221;medium&#8221; alignment=&#8221;right&#8221;][\/vc_column][\/vc_row][vc_row][vc_column][vc_custom_heading text=&#8221;\u00bfPor qu\u00e9 contactar VOLPATO para recibir asesoramiento?<br \/>\n&#8221; font_container=&#8221;tag:h3|text_align:left&#8221; use_theme_fonts=&#8221;yes&#8221; el_class=&#8221;bold&#8221;][vc_column_text]Lo que propone VOLPATO es un servicio de asesoramiento excelente para m\u00e1quinas de acabado, pensado para ayudar a los clientes en la elecci\u00f3n del mejor equipo para su propia hilera de producci\u00f3n. Este tipo de resultado es posible porque dentro de la empresa trabaja un grupo de profesionales altamente cualificados, capaces de evaluar meticulosamente todo tipo de problema de las empresas que operan en este sector y proporcionarles asistencia en lo que se refiere a:<\/p>\n<ul>\n<li>Resoluci\u00f3n de problemas productivos<\/li>\n<li>Proyectaci\u00f3n de una m\u00e1quina a medida<\/li>\n<li>Aumento del rendimiento de la cadena de producci\u00f3n<\/li>\n<\/ul>\n<p>[\/vc_column_text][\/vc_column][\/vc_row][vc_row][vc_column width=&#8221;1\/2&#8243;][vc_custom_heading text=&#8221;\u00bfA qui\u00e9n se dirige el servicio?<br \/>\n&#8221; font_container=&#8221;tag:h3|text_align:left&#8221; use_theme_fonts=&#8221;yes&#8221; el_class=&#8221;bold&#8221;][vc_column_text]La sociedad proporciona un servicio de asesoramiento para empresas operantes en el sector del acabado, que tienen la necesidad de resolver un determinado problema productivo, que a menudo se refiere al acabado superficial y al nivel de producci\u00f3n. Para encontrar una soluci\u00f3n profesional, el cliente podr\u00e1 enviar directamente sus muestras, de modo que las mismas puedan ser testadas y analizadas en los laboratorios VOLPATO, gracias a la utilizaci\u00f3n de instrumentos espec\u00edficos. En caso de que no haya una m\u00e1quina est\u00e1ndar capaz de resolver el problema, a trav\u00e9s de una estrecha colaboraci\u00f3n entre el cliente y la oficina t\u00e9cnica, se proyectar\u00e1 una m\u00e1quina a medida.<\/p>\n<p>[\/vc_column_text][\/vc_column][vc_column width=&#8221;1\/2&#8243;][vc_custom_heading text=&#8221;\u00bfDesea obtener mayor informaci\u00f3n acerca del servicio de asesoramiento?<br \/>\n&#8221; font_container=&#8221;tag:h3|text_align:left&#8221; use_theme_fonts=&#8221;yes&#8221; el_class=&#8221;bold&#8221;][vc_column_text]Si desea obtener m\u00e1s informaci\u00f3n sobre el servicio de asesoramiento propuesto por VOLPATO, accedan a la secci\u00f3n de contactos y rellenen el m\u00f3dulo que encontrar\u00e1n dentro de la misma. A la mayor brevedad posible, un t\u00e9cnico de la empresa estar\u00e1 encantado de ofrecerles todo el soporte que necesiten.<\/p>\n<p>[\/vc_column_text][\/vc_column][\/vc_row]<\/p>\n","protected":false},"excerpt":{"rendered":"<p>[vc_row][vc_column width=&#8221;2\/3&#8243;][vc_custom_heading text=&#8221;El servicio de asesoramiento para una proyectaci\u00f3n personalizada de m\u00e1quinas lijadoras &#8221; use_theme_fonts=&#8221;yes&#8221;][vc_column_text]A trav\u00e9s de un equipo de profesionales que operan desde hace tiempo en el sector de referencia, VOLPATO es capaz de ofrecer un servicio de asesoramiento de m\u00e1quinas lijadoras excelente, que ayuda a resolver los problemas relativos a las fases de [&hellip;]<\/p>\n","protected":false},"author":4,"featured_media":0,"parent":9196,"menu_order":0,"comment_status":"closed","ping_status":"closed","template":"","meta":[],"yoast_head":"<!-- This site is optimized with the Yoast SEO plugin v19.5.1 - https:\/\/yoast.com\/wordpress\/plugins\/seo\/ -->\n<title>Asesoramiento - Volpato LASM<\/title>\n<meta name=\"description\" content=\"A trav\u00e9s de un equipo de profesionales que operan desde hace tiempo en el sector de referencia, VOLPATO es capaz de ofrecer un servicio de asesoramiento\" \/>\n<meta name=\"robots\" content=\"index, follow, max-snippet:-1, max-image-preview:large, max-video-preview:-1\" \/>\n<link rel=\"canonical\" href=\"https:\/\/volpatolasm.com\/es\/wp-json\/wp\/v2\/pages\/9218\/\" \/>\n<meta property=\"og:locale\" content=\"es_ES\" \/>\n<meta property=\"og:type\" content=\"article\" \/>\n<meta property=\"og:title\" content=\"Asesoramiento - Volpato LASM\" \/>\n<meta property=\"og:description\" content=\"A trav\u00e9s de un equipo de profesionales que operan desde hace tiempo en el sector de referencia, VOLPATO es capaz de ofrecer un servicio de asesoramiento\" \/>\n<meta property=\"og:url\" content=\"https:\/\/volpatolasm.com\/es\/servicios\/asesoramiento\/\" \/>\n<meta property=\"og:site_name\" content=\"Volpato LASM\" \/>\n<meta property=\"article:modified_time\" content=\"2020-02-25T12:38:58+00:00\" \/>\n<meta name=\"twitter:card\" content=\"summary_large_image\" \/>\n<meta name=\"twitter:label1\" content=\"Tiempo de lectura\" \/>\n\t<meta name=\"twitter:data1\" content=\"3 minutos\" \/>\n<!-- \/ Yoast SEO plugin. -->","yoast_head_json":{"title":"Asesoramiento - Volpato LASM","description":"A trav\u00e9s de un equipo de profesionales que operan desde hace tiempo en el sector de referencia, VOLPATO es capaz de ofrecer un servicio de asesoramiento","robots":{"index":"index","follow":"follow","max-snippet":"max-snippet:-1","max-image-preview":"max-image-preview:large","max-video-preview":"max-video-preview:-1"},"canonical":"https:\/\/volpatolasm.com\/es\/wp-json\/wp\/v2\/pages\/9218\/","og_locale":"es_ES","og_type":"article","og_title":"Asesoramiento - Volpato LASM","og_description":"A trav\u00e9s de un equipo de profesionales que operan desde hace tiempo en el sector de referencia, VOLPATO es capaz de ofrecer un servicio de asesoramiento","og_url":"https:\/\/volpatolasm.com\/es\/servicios\/asesoramiento\/","og_site_name":"Volpato LASM","article_modified_time":"2020-02-25T12:38:58+00:00","twitter_card":"summary_large_image","twitter_misc":{"Tiempo de lectura":"3 minutos"},"schema":{"@context":"https:\/\/schema.org","@graph":[{"@type":"WebPage","@id":"https:\/\/volpatolasm.com\/es\/servicios\/asesoramiento\/","url":"https:\/\/volpatolasm.com\/es\/servicios\/asesoramiento\/","name":"Asesoramiento - Volpato LASM","isPartOf":{"@id":"https:\/\/volpatolasm.com\/#website"},"datePublished":"2020-02-18T12:36:49+00:00","dateModified":"2020-02-25T12:38:58+00:00","description":"A trav\u00e9s de un equipo de profesionales que operan desde hace tiempo en el sector de referencia, VOLPATO es capaz de ofrecer un servicio de asesoramiento","breadcrumb":{"@id":"https:\/\/volpatolasm.com\/es\/servicios\/asesoramiento\/#breadcrumb"},"inLanguage":"es","potentialAction":[{"@type":"ReadAction","target":["https:\/\/volpatolasm.com\/es\/servicios\/asesoramiento\/"]}]},{"@type":"BreadcrumbList","@id":"https:\/\/volpatolasm.com\/es\/servicios\/asesoramiento\/#breadcrumb","itemListElement":[{"@type":"ListItem","position":1,"name":"Home","item":"https:\/\/volpatolasm.com\/es\/"},{"@type":"ListItem","position":2,"name":"Servicios","item":"https:\/\/volpatolasm.com\/es\/servicios\/"},{"@type":"ListItem","position":3,"name":"Asesoramiento"}]},{"@type":"WebSite","@id":"https:\/\/volpatolasm.com\/#website","url":"https:\/\/volpatolasm.com\/","name":"Volpato LASM","description":"","potentialAction":[{"@type":"SearchAction","target":{"@type":"EntryPoint","urlTemplate":"https:\/\/volpatolasm.com\/?s={search_term_string}"},"query-input":"required name=search_term_string"}],"inLanguage":"es"}]}},"_links":{"self":[{"href":"https:\/\/volpatolasm.com\/es\/wp-json\/wp\/v2\/pages\/9218"}],"collection":[{"href":"https:\/\/volpatolasm.com\/es\/wp-json\/wp\/v2\/pages"}],"about":[{"href":"https:\/\/volpatolasm.com\/es\/wp-json\/wp\/v2\/types\/page"}],"author":[{"embeddable":true,"href":"https:\/\/volpatolasm.com\/es\/wp-json\/wp\/v2\/users\/4"}],"replies":[{"embeddable":true,"href":"https:\/\/volpatolasm.com\/es\/wp-json\/wp\/v2\/comments?post=9218"}],"version-history":[{"count":3,"href":"https:\/\/volpatolasm.com\/es\/wp-json\/wp\/v2\/pages\/9218\/revisions"}],"predecessor-version":[{"id":9230,"href":"https:\/\/volpatolasm.com\/es\/wp-json\/wp\/v2\/pages\/9218\/revisions\/9230"}],"up":[{"embeddable":true,"href":"https:\/\/volpatolasm.com\/es\/wp-json\/wp\/v2\/pages\/9196"}],"wp:attachment":[{"href":"https:\/\/volpatolasm.com\/es\/wp-json\/wp\/v2\/media?parent=9218"}],"curies":[{"name":"wp","href":"https:\/\/api.w.org\/{rel}","templated":true}]}}