{"id":9196,"date":"2020-02-18T13:36:21","date_gmt":"2020-02-18T12:36:21","guid":{"rendered":"https:\/\/www.volpatolasm.com\/servizi\/"},"modified":"2020-02-25T15:19:40","modified_gmt":"2020-02-25T14:19:40","slug":"servicios","status":"publish","type":"page","link":"https:\/\/volpatolasm.com\/es\/servicios\/","title":{"rendered":"Servicios"},"content":{"rendered":"<p>[vc_row][vc_column][vc_custom_heading text=&#8221;El soporte al cliente para la fabricaci\u00f3n de m\u00e1quinas de acabado a medida&#8221; use_theme_fonts=&#8221;yes&#8221;][vc_column_text]A trav\u00e9s de una vasta experiencia, VOLPATO puede proporcionar distintos servicios para la fabricaci\u00f3n de m\u00e1quinas de acabado a medida. El personal de la empresa est\u00e1 formado por profesionales altamente cualificados que trabajan con pasi\u00f3n, para ofrecer un soporte t\u00e9cnico y comercial excelente a los clientes, supervisando desde las fases de asesoramiento hasta el ensayo de conformidad de la m\u00e1quina.<\/p>\n<p>[\/vc_column_text][\/vc_column][\/vc_row][vc_row el_id=&#8221;boxServizi&#8221;][vc_column width=&#8221;1\/5&#8243;][vc_single_image image=&#8221;9169&#8243; img_size=&#8221;medium&#8221; onclick=&#8221;custom_link&#8221; link=&#8221;http:\/\/volpatolasm.com\/es\/servicios\/asesoramiento\/&#8221;][vc_custom_heading text=&#8221;Asesoramiento&#8221; font_container=&#8221;tag:h4|text_align:center&#8221; use_theme_fonts=&#8221;yes&#8221;][vc_column_text]<\/p>\n<p style=\"text-align: center;\">VOLPATO ofrece un servicio de asesoramiento eficiente para m\u00e1quinas lijadoras gracias a un equipo preparado y profesional, experto en el sector<\/p>\n<p>[\/vc_column_text][\/vc_column][vc_column width=&#8221;1\/5&#8243;][vc_single_image image=&#8221;9174&#8243; img_size=&#8221;medium&#8221; onclick=&#8221;custom_link&#8221; link=&#8221;http:\/\/volpatolasm.com\/es\/servicios\/proyectacion\/&#8221;][vc_custom_heading text=&#8221;Proyectaci\u00f3n&#8221; font_container=&#8221;tag:h4|text_align:center&#8221; use_theme_fonts=&#8221;yes&#8221;][vc_column_text]<\/p>\n<p style=\"text-align: center;\">VOLPATO proyecta m\u00e1quinas para acabados personalizados, fabricadas a medida en base a sus necesidades de mecanizado, para mejorar sus prestaciones<\/p>\n<p>[\/vc_column_text][\/vc_column][vc_column width=&#8221;1\/5&#8243;][vc_single_image image=&#8221;9179&#8243; img_size=&#8221;medium&#8221; onclick=&#8221;custom_link&#8221; link=&#8221;http:\/\/volpatolasm.com\/es\/servicios\/ensamblaje\/&#8221;][vc_custom_heading text=&#8221;Ensamblaje&#8221; font_container=&#8221;tag:h4|text_align:center&#8221; use_theme_fonts=&#8221;yes&#8221;][vc_column_text]<\/p>\n<p style=\"text-align: center;\">Adem\u00e1s de la producci\u00f3n de m\u00e1quinas personalizadas, VOLPATO ensambla m\u00e1quinas lijadoras usando una cadena de producci\u00f3n tecnol\u00f3gica<\/p>\n<p>[\/vc_column_text][\/vc_column][vc_column width=&#8221;1\/5&#8243;][vc_single_image image=&#8221;9184&#8243; img_size=&#8221;medium&#8221; onclick=&#8221;custom_link&#8221; link=&#8221;http:\/\/volpatolasm.com\/es\/servicios\/fabricacion-a-medida\/&#8221;][vc_custom_heading text=&#8221;Fabricaci\u00f3n a medida&#8221; font_container=&#8221;tag:h4|text_align:center&#8221; use_theme_fonts=&#8221;yes&#8221;][vc_column_text]<\/p>\n<p style=\"text-align: center;\">VOLPATO mejora constantemente sus competencias con la finalidad de fabricar m\u00e1quinas de acabado personalizadas<\/p>\n<p>[\/vc_column_text][\/vc_column][vc_column width=&#8221;1\/5&#8243;][vc_single_image image=&#8221;9189&#8243; img_size=&#8221;medium&#8221; onclick=&#8221;custom_link&#8221; link=&#8221;http:\/\/volpatolasm.com\/es\/servicios\/ensayo-de-conformidad\/&#8221;][vc_custom_heading text=&#8221;Ensayo de conformidad&#8221; font_container=&#8221;tag:h4|text_align:center&#8221; use_theme_fonts=&#8221;yes&#8221;][vc_column_text]<\/p>\n<p style=\"text-align: center;\">Al finalizar la producci\u00f3n de los equipos, Volpato lleva a cabo un ensayo de conformidad en las m\u00e1quinas de acabado para verificar su correcto funcionamiento.<\/p>\n<p>[\/vc_column_text][\/vc_column][\/vc_row]<\/p>\n","protected":false},"excerpt":{"rendered":"<p>[vc_row][vc_column][vc_custom_heading text=&#8221;El soporte al cliente para la fabricaci\u00f3n de m\u00e1quinas de acabado a medida&#8221; use_theme_fonts=&#8221;yes&#8221;][vc_column_text]A trav\u00e9s de una vasta experiencia, VOLPATO puede proporcionar distintos servicios para la fabricaci\u00f3n de m\u00e1quinas de acabado a medida. El personal de la empresa est\u00e1 formado por profesionales altamente cualificados que trabajan con pasi\u00f3n, para ofrecer un soporte t\u00e9cnico y [&hellip;]<\/p>\n","protected":false},"author":4,"featured_media":0,"parent":0,"menu_order":0,"comment_status":"closed","ping_status":"closed","template":"","meta":[],"yoast_head":"<!-- This site is optimized with the Yoast SEO plugin v19.5.1 - https:\/\/yoast.com\/wordpress\/plugins\/seo\/ -->\n<title>Servicios - Volpato LASM<\/title>\n<meta name=\"description\" content=\"A trav\u00e9s de una vasta experiencia, VOLPATO puede proporcionar distintos servicios para la fabricaci\u00f3n de m\u00e1quinas de acabado a medida. El personal de la\" \/>\n<meta name=\"robots\" content=\"index, follow, max-snippet:-1, max-image-preview:large, max-video-preview:-1\" \/>\n<link rel=\"canonical\" href=\"https:\/\/volpatolasm.com\/es\/wp-json\/wp\/v2\/pages\/9196\/\" \/>\n<meta property=\"og:locale\" content=\"es_ES\" \/>\n<meta property=\"og:type\" content=\"article\" \/>\n<meta property=\"og:title\" content=\"Servicios - Volpato LASM\" \/>\n<meta property=\"og:description\" content=\"A trav\u00e9s de una vasta experiencia, VOLPATO puede proporcionar distintos servicios para la fabricaci\u00f3n de m\u00e1quinas de acabado a medida. El personal de la\" \/>\n<meta property=\"og:url\" content=\"https:\/\/volpatolasm.com\/es\/servicios\/\" \/>\n<meta property=\"og:site_name\" content=\"Volpato LASM\" \/>\n<meta property=\"article:modified_time\" content=\"2020-02-25T14:19:40+00:00\" \/>\n<meta name=\"twitter:card\" content=\"summary_large_image\" \/>\n<meta name=\"twitter:label1\" content=\"Tiempo de lectura\" \/>\n\t<meta name=\"twitter:data1\" content=\"2 minutos\" \/>\n<!-- \/ Yoast SEO plugin. -->","yoast_head_json":{"title":"Servicios - Volpato LASM","description":"A trav\u00e9s de una vasta experiencia, VOLPATO puede proporcionar distintos servicios para la fabricaci\u00f3n de m\u00e1quinas de acabado a medida. El personal de la","robots":{"index":"index","follow":"follow","max-snippet":"max-snippet:-1","max-image-preview":"max-image-preview:large","max-video-preview":"max-video-preview:-1"},"canonical":"https:\/\/volpatolasm.com\/es\/wp-json\/wp\/v2\/pages\/9196\/","og_locale":"es_ES","og_type":"article","og_title":"Servicios - Volpato LASM","og_description":"A trav\u00e9s de una vasta experiencia, VOLPATO puede proporcionar distintos servicios para la fabricaci\u00f3n de m\u00e1quinas de acabado a medida. El personal de la","og_url":"https:\/\/volpatolasm.com\/es\/servicios\/","og_site_name":"Volpato LASM","article_modified_time":"2020-02-25T14:19:40+00:00","twitter_card":"summary_large_image","twitter_misc":{"Tiempo de lectura":"2 minutos"},"schema":{"@context":"https:\/\/schema.org","@graph":[{"@type":"WebPage","@id":"https:\/\/volpatolasm.com\/es\/servicios\/","url":"https:\/\/volpatolasm.com\/es\/servicios\/","name":"Servicios - Volpato LASM","isPartOf":{"@id":"https:\/\/volpatolasm.com\/#website"},"datePublished":"2020-02-18T12:36:21+00:00","dateModified":"2020-02-25T14:19:40+00:00","description":"A trav\u00e9s de una vasta experiencia, VOLPATO puede proporcionar distintos servicios para la fabricaci\u00f3n de m\u00e1quinas de acabado a medida. El personal de la","breadcrumb":{"@id":"https:\/\/volpatolasm.com\/es\/servicios\/#breadcrumb"},"inLanguage":"es","potentialAction":[{"@type":"ReadAction","target":["https:\/\/volpatolasm.com\/es\/servicios\/"]}]},{"@type":"BreadcrumbList","@id":"https:\/\/volpatolasm.com\/es\/servicios\/#breadcrumb","itemListElement":[{"@type":"ListItem","position":1,"name":"Home","item":"https:\/\/volpatolasm.com\/es\/"},{"@type":"ListItem","position":2,"name":"Servicios"}]},{"@type":"WebSite","@id":"https:\/\/volpatolasm.com\/#website","url":"https:\/\/volpatolasm.com\/","name":"Volpato LASM","description":"","potentialAction":[{"@type":"SearchAction","target":{"@type":"EntryPoint","urlTemplate":"https:\/\/volpatolasm.com\/?s={search_term_string}"},"query-input":"required name=search_term_string"}],"inLanguage":"es"}]}},"_links":{"self":[{"href":"https:\/\/volpatolasm.com\/es\/wp-json\/wp\/v2\/pages\/9196"}],"collection":[{"href":"https:\/\/volpatolasm.com\/es\/wp-json\/wp\/v2\/pages"}],"about":[{"href":"https:\/\/volpatolasm.com\/es\/wp-json\/wp\/v2\/types\/page"}],"author":[{"embeddable":true,"href":"https:\/\/volpatolasm.com\/es\/wp-json\/wp\/v2\/users\/4"}],"replies":[{"embeddable":true,"href":"https:\/\/volpatolasm.com\/es\/wp-json\/wp\/v2\/comments?post=9196"}],"version-history":[{"count":4,"href":"https:\/\/volpatolasm.com\/es\/wp-json\/wp\/v2\/pages\/9196\/revisions"}],"predecessor-version":[{"id":9374,"href":"https:\/\/volpatolasm.com\/es\/wp-json\/wp\/v2\/pages\/9196\/revisions\/9374"}],"wp:attachment":[{"href":"https:\/\/volpatolasm.com\/es\/wp-json\/wp\/v2\/media?parent=9196"}],"curies":[{"name":"wp","href":"https:\/\/api.w.org\/{rel}","templated":true}]}}