{"id":9137,"date":"2020-02-18T13:54:51","date_gmt":"2020-02-18T12:54:51","guid":{"rendered":"https:\/\/www.volpatolasm.com\/rete-vendita\/"},"modified":"2020-02-25T11:17:04","modified_gmt":"2020-02-25T10:17:04","slug":"red-de-venta","status":"publish","type":"page","link":"https:\/\/volpatolasm.com\/es\/red-de-venta\/","title":{"rendered":"Red de venta"},"content":{"rendered":"<p>[vc_row][vc_column][vc_custom_heading text=&#8221;Distribuci\u00f3n nacional e internacional de m\u00e1quinas de acabado<br \/>\n&#8221; use_theme_fonts=&#8221;yes&#8221;][vc_column_text]En constante crecimiento en \u00e1mbito tecnol\u00f3gico y comercial, VOLPATO puede ofrecer una amplia red de venta de m\u00e1quinas de acabado para madera, aluminio, pl\u00e1stico y metales de distinto tipo, tanto a nivel nacional como internacional, donde cuenta con un representante en cada Pa\u00eds en el que est\u00e1 presente. En caso de que se verificase un problema relativo al acabado del material, el cliente podr\u00e1 interactuar con el revendedor de la zona.<\/p>\n<p>[\/vc_column_text][vc_single_image image=&#8221;9132&#8243; img_size=&#8221;large&#8221; alignment=&#8221;center&#8221;][\/vc_column][\/vc_row]<\/p>\n","protected":false},"excerpt":{"rendered":"<p>[vc_row][vc_column][vc_custom_heading text=&#8221;Distribuci\u00f3n nacional e internacional de m\u00e1quinas de acabado &#8221; use_theme_fonts=&#8221;yes&#8221;][vc_column_text]En constante crecimiento en \u00e1mbito tecnol\u00f3gico y comercial, VOLPATO puede ofrecer una amplia red de venta de m\u00e1quinas de acabado para madera, aluminio, pl\u00e1stico y metales de distinto tipo, tanto a nivel nacional como internacional, donde cuenta con un representante en cada Pa\u00eds en el [&hellip;]<\/p>\n","protected":false},"author":4,"featured_media":0,"parent":0,"menu_order":0,"comment_status":"closed","ping_status":"closed","template":"","meta":[],"yoast_head":"<!-- This site is optimized with the Yoast SEO plugin v19.5.1 - https:\/\/yoast.com\/wordpress\/plugins\/seo\/ -->\n<title>Red de venta - Volpato LASM<\/title>\n<meta name=\"description\" content=\"En constante crecimiento en \u00e1mbito tecnol\u00f3gico y comercial, VOLPATO puede ofrecer una amplia red de venta de m\u00e1quinas de acabado para madera, aluminio,\" \/>\n<meta name=\"robots\" content=\"index, follow, max-snippet:-1, max-image-preview:large, max-video-preview:-1\" \/>\n<link rel=\"canonical\" href=\"https:\/\/volpatolasm.com\/es\/wp-json\/wp\/v2\/pages\/9137\/\" \/>\n<meta property=\"og:locale\" content=\"es_ES\" \/>\n<meta property=\"og:type\" content=\"article\" \/>\n<meta property=\"og:title\" content=\"Red de venta - Volpato LASM\" \/>\n<meta property=\"og:description\" content=\"En constante crecimiento en \u00e1mbito tecnol\u00f3gico y comercial, VOLPATO puede ofrecer una amplia red de venta de m\u00e1quinas de acabado para madera, aluminio,\" \/>\n<meta property=\"og:url\" content=\"https:\/\/volpatolasm.com\/es\/red-de-venta\/\" \/>\n<meta property=\"og:site_name\" content=\"Volpato LASM\" \/>\n<meta property=\"article:modified_time\" content=\"2020-02-25T10:17:04+00:00\" \/>\n<meta name=\"twitter:card\" content=\"summary_large_image\" \/>\n<meta name=\"twitter:label1\" content=\"Tiempo de lectura\" \/>\n\t<meta name=\"twitter:data1\" content=\"1 minuto\" \/>\n<!-- \/ Yoast SEO plugin. -->","yoast_head_json":{"title":"Red de venta - Volpato LASM","description":"En constante crecimiento en \u00e1mbito tecnol\u00f3gico y comercial, VOLPATO puede ofrecer una amplia red de venta de m\u00e1quinas de acabado para madera, aluminio,","robots":{"index":"index","follow":"follow","max-snippet":"max-snippet:-1","max-image-preview":"max-image-preview:large","max-video-preview":"max-video-preview:-1"},"canonical":"https:\/\/volpatolasm.com\/es\/wp-json\/wp\/v2\/pages\/9137\/","og_locale":"es_ES","og_type":"article","og_title":"Red de venta - Volpato LASM","og_description":"En constante crecimiento en \u00e1mbito tecnol\u00f3gico y comercial, VOLPATO puede ofrecer una amplia red de venta de m\u00e1quinas de acabado para madera, aluminio,","og_url":"https:\/\/volpatolasm.com\/es\/red-de-venta\/","og_site_name":"Volpato LASM","article_modified_time":"2020-02-25T10:17:04+00:00","twitter_card":"summary_large_image","twitter_misc":{"Tiempo de lectura":"1 minuto"},"schema":{"@context":"https:\/\/schema.org","@graph":[{"@type":"WebPage","@id":"https:\/\/volpatolasm.com\/es\/red-de-venta\/","url":"https:\/\/volpatolasm.com\/es\/red-de-venta\/","name":"Red de venta - Volpato LASM","isPartOf":{"@id":"https:\/\/volpatolasm.com\/#website"},"datePublished":"2020-02-18T12:54:51+00:00","dateModified":"2020-02-25T10:17:04+00:00","description":"En constante crecimiento en \u00e1mbito tecnol\u00f3gico y comercial, VOLPATO puede ofrecer una amplia red de venta de m\u00e1quinas de acabado para madera, aluminio,","breadcrumb":{"@id":"https:\/\/volpatolasm.com\/es\/red-de-venta\/#breadcrumb"},"inLanguage":"es","potentialAction":[{"@type":"ReadAction","target":["https:\/\/volpatolasm.com\/es\/red-de-venta\/"]}]},{"@type":"BreadcrumbList","@id":"https:\/\/volpatolasm.com\/es\/red-de-venta\/#breadcrumb","itemListElement":[{"@type":"ListItem","position":1,"name":"Home","item":"https:\/\/volpatolasm.com\/es\/"},{"@type":"ListItem","position":2,"name":"Red de venta"}]},{"@type":"WebSite","@id":"https:\/\/volpatolasm.com\/#website","url":"https:\/\/volpatolasm.com\/","name":"Volpato LASM","description":"","potentialAction":[{"@type":"SearchAction","target":{"@type":"EntryPoint","urlTemplate":"https:\/\/volpatolasm.com\/?s={search_term_string}"},"query-input":"required name=search_term_string"}],"inLanguage":"es"}]}},"_links":{"self":[{"href":"https:\/\/volpatolasm.com\/es\/wp-json\/wp\/v2\/pages\/9137"}],"collection":[{"href":"https:\/\/volpatolasm.com\/es\/wp-json\/wp\/v2\/pages"}],"about":[{"href":"https:\/\/volpatolasm.com\/es\/wp-json\/wp\/v2\/types\/page"}],"author":[{"embeddable":true,"href":"https:\/\/volpatolasm.com\/es\/wp-json\/wp\/v2\/users\/4"}],"replies":[{"embeddable":true,"href":"https:\/\/volpatolasm.com\/es\/wp-json\/wp\/v2\/comments?post=9137"}],"version-history":[{"count":2,"href":"https:\/\/volpatolasm.com\/es\/wp-json\/wp\/v2\/pages\/9137\/revisions"}],"predecessor-version":[{"id":9145,"href":"https:\/\/volpatolasm.com\/es\/wp-json\/wp\/v2\/pages\/9137\/revisions\/9145"}],"wp:attachment":[{"href":"https:\/\/volpatolasm.com\/es\/wp-json\/wp\/v2\/media?parent=9137"}],"curies":[{"name":"wp","href":"https:\/\/api.w.org\/{rel}","templated":true}]}}