{"id":9118,"date":"2020-02-18T13:34:34","date_gmt":"2020-02-18T12:34:34","guid":{"rendered":"https:\/\/www.volpatolasm.com\/empresa\/ricerca-e-sviluppo\/"},"modified":"2020-02-25T11:07:37","modified_gmt":"2020-02-25T10:07:37","slug":"investigacion-y-desarrollo","status":"publish","type":"page","link":"https:\/\/volpatolasm.com\/es\/empresa\/investigacion-y-desarrollo\/","title":{"rendered":"Investigaci\u00f3n y Desarrollo"},"content":{"rendered":"<p>[vc_row][vc_column][vc_custom_heading text=&#8221;El equipo para la mejora de las prestaciones de las lijadoras<br \/>\n&#8221; use_theme_fonts=&#8221;yes&#8221;][\/vc_column][\/vc_row][vc_row][vc_column width=&#8221;1\/2&#8243;][vc_column_text]En la oficina t\u00e9cnica de la empresa hay un equipo compuesto por profesionales altamente especializados, que se ocupa principalmente de investigaci\u00f3n y desarrollo para lijadoras. Este departamento nace por la voluntad de satisfacer las distintas exigencias de los clientes, que a menudo tienen necesidad de obtener m\u00e1quinas que vayan m\u00e1s all\u00e1 de las prestaciones ofrecidas por los dispositivos est\u00e1ndar y que sean capaces de mejorar su producto final, adapt\u00e1ndose perfectamente a las distintas hileras productivas.<\/p>\n<p>[\/vc_column_text][\/vc_column][vc_column width=&#8221;1\/2&#8243;][vc_gallery type=&#8221;flexslider_slide&#8221; interval=&#8221;3&#8243; images=&#8221;9098,9103,9108,9113&#8243; img_size=&#8221;medium&#8221;][\/vc_column][\/vc_row]<\/p>\n","protected":false},"excerpt":{"rendered":"<p>[vc_row][vc_column][vc_custom_heading text=&#8221;El equipo para la mejora de las prestaciones de las lijadoras &#8221; use_theme_fonts=&#8221;yes&#8221;][\/vc_column][\/vc_row][vc_row][vc_column width=&#8221;1\/2&#8243;][vc_column_text]En la oficina t\u00e9cnica de la empresa hay un equipo compuesto por profesionales altamente especializados, que se ocupa principalmente de investigaci\u00f3n y desarrollo para lijadoras. Este departamento nace por la voluntad de satisfacer las distintas exigencias de los clientes, que a [&hellip;]<\/p>\n","protected":false},"author":4,"featured_media":0,"parent":8798,"menu_order":0,"comment_status":"closed","ping_status":"closed","template":"","meta":[],"yoast_head":"<!-- This site is optimized with the Yoast SEO plugin v19.5.1 - https:\/\/yoast.com\/wordpress\/plugins\/seo\/ -->\n<title>Investigaci\u00f3n y Desarrollo - Volpato LASM<\/title>\n<meta name=\"description\" content=\"En la oficina t\u00e9cnica de la empresa hay un equipo compuesto por profesionales altamente especializados, que se ocupa principalmente de investigaci\u00f3n y\" \/>\n<meta name=\"robots\" content=\"index, follow, max-snippet:-1, max-image-preview:large, max-video-preview:-1\" \/>\n<link rel=\"canonical\" href=\"https:\/\/volpatolasm.com\/es\/wp-json\/wp\/v2\/pages\/9118\/\" \/>\n<meta property=\"og:locale\" content=\"es_ES\" \/>\n<meta property=\"og:type\" content=\"article\" \/>\n<meta property=\"og:title\" content=\"Investigaci\u00f3n y Desarrollo - Volpato LASM\" \/>\n<meta property=\"og:description\" content=\"En la oficina t\u00e9cnica de la empresa hay un equipo compuesto por profesionales altamente especializados, que se ocupa principalmente de investigaci\u00f3n y\" \/>\n<meta property=\"og:url\" content=\"https:\/\/volpatolasm.com\/es\/empresa\/investigacion-y-desarrollo\/\" \/>\n<meta property=\"og:site_name\" content=\"Volpato LASM\" \/>\n<meta property=\"article:modified_time\" content=\"2020-02-25T10:07:37+00:00\" \/>\n<meta name=\"twitter:card\" content=\"summary_large_image\" \/>\n<meta name=\"twitter:label1\" content=\"Tiempo de lectura\" \/>\n\t<meta name=\"twitter:data1\" content=\"1 minuto\" \/>\n<!-- \/ Yoast SEO plugin. -->","yoast_head_json":{"title":"Investigaci\u00f3n y Desarrollo - Volpato LASM","description":"En la oficina t\u00e9cnica de la empresa hay un equipo compuesto por profesionales altamente especializados, que se ocupa principalmente de investigaci\u00f3n y","robots":{"index":"index","follow":"follow","max-snippet":"max-snippet:-1","max-image-preview":"max-image-preview:large","max-video-preview":"max-video-preview:-1"},"canonical":"https:\/\/volpatolasm.com\/es\/wp-json\/wp\/v2\/pages\/9118\/","og_locale":"es_ES","og_type":"article","og_title":"Investigaci\u00f3n y Desarrollo - Volpato LASM","og_description":"En la oficina t\u00e9cnica de la empresa hay un equipo compuesto por profesionales altamente especializados, que se ocupa principalmente de investigaci\u00f3n y","og_url":"https:\/\/volpatolasm.com\/es\/empresa\/investigacion-y-desarrollo\/","og_site_name":"Volpato LASM","article_modified_time":"2020-02-25T10:07:37+00:00","twitter_card":"summary_large_image","twitter_misc":{"Tiempo de lectura":"1 minuto"},"schema":{"@context":"https:\/\/schema.org","@graph":[{"@type":"WebPage","@id":"https:\/\/volpatolasm.com\/es\/empresa\/investigacion-y-desarrollo\/","url":"https:\/\/volpatolasm.com\/es\/empresa\/investigacion-y-desarrollo\/","name":"Investigaci\u00f3n y Desarrollo - Volpato LASM","isPartOf":{"@id":"https:\/\/volpatolasm.com\/#website"},"datePublished":"2020-02-18T12:34:34+00:00","dateModified":"2020-02-25T10:07:37+00:00","description":"En la oficina t\u00e9cnica de la empresa hay un equipo compuesto por profesionales altamente especializados, que se ocupa principalmente de investigaci\u00f3n y","breadcrumb":{"@id":"https:\/\/volpatolasm.com\/es\/empresa\/investigacion-y-desarrollo\/#breadcrumb"},"inLanguage":"es","potentialAction":[{"@type":"ReadAction","target":["https:\/\/volpatolasm.com\/es\/empresa\/investigacion-y-desarrollo\/"]}]},{"@type":"BreadcrumbList","@id":"https:\/\/volpatolasm.com\/es\/empresa\/investigacion-y-desarrollo\/#breadcrumb","itemListElement":[{"@type":"ListItem","position":1,"name":"Home","item":"https:\/\/volpatolasm.com\/es\/"},{"@type":"ListItem","position":2,"name":"Empresa","item":"https:\/\/volpatolasm.com\/es\/empresa\/"},{"@type":"ListItem","position":3,"name":"Investigaci\u00f3n y Desarrollo"}]},{"@type":"WebSite","@id":"https:\/\/volpatolasm.com\/#website","url":"https:\/\/volpatolasm.com\/","name":"Volpato LASM","description":"","potentialAction":[{"@type":"SearchAction","target":{"@type":"EntryPoint","urlTemplate":"https:\/\/volpatolasm.com\/?s={search_term_string}"},"query-input":"required name=search_term_string"}],"inLanguage":"es"}]}},"_links":{"self":[{"href":"https:\/\/volpatolasm.com\/es\/wp-json\/wp\/v2\/pages\/9118"}],"collection":[{"href":"https:\/\/volpatolasm.com\/es\/wp-json\/wp\/v2\/pages"}],"about":[{"href":"https:\/\/volpatolasm.com\/es\/wp-json\/wp\/v2\/types\/page"}],"author":[{"embeddable":true,"href":"https:\/\/volpatolasm.com\/es\/wp-json\/wp\/v2\/users\/4"}],"replies":[{"embeddable":true,"href":"https:\/\/volpatolasm.com\/es\/wp-json\/wp\/v2\/comments?post=9118"}],"version-history":[{"count":2,"href":"https:\/\/volpatolasm.com\/es\/wp-json\/wp\/v2\/pages\/9118\/revisions"}],"predecessor-version":[{"id":9126,"href":"https:\/\/volpatolasm.com\/es\/wp-json\/wp\/v2\/pages\/9118\/revisions\/9126"}],"up":[{"embeddable":true,"href":"https:\/\/volpatolasm.com\/es\/wp-json\/wp\/v2\/pages\/8798"}],"wp:attachment":[{"href":"https:\/\/volpatolasm.com\/es\/wp-json\/wp\/v2\/media?parent=9118"}],"curies":[{"name":"wp","href":"https:\/\/api.w.org\/{rel}","templated":true}]}}