{"id":9083,"date":"2020-02-18T13:34:09","date_gmt":"2020-02-18T12:34:09","guid":{"rendered":"https:\/\/www.volpatolasm.com\/empresa\/tecnologie\/"},"modified":"2020-02-25T10:54:58","modified_gmt":"2020-02-25T09:54:58","slug":"tecnologias","status":"publish","type":"page","link":"https:\/\/volpatolasm.com\/es\/empresa\/tecnologias\/","title":{"rendered":"Tecnolog\u00edas"},"content":{"rendered":"<p>[vc_row][vc_column][vc_custom_heading text=&#8221;Las soluciones innovadoras para la realizaci\u00f3n de m\u00e1quinas para el lijado<br \/>\n&#8221; use_theme_fonts=&#8221;yes&#8221;][\/vc_column][\/vc_row][vc_row][vc_column width=&#8221;1\/2&#8243;][vc_column_text]<\/p>\n<div class=\"et_pb_column et_pb_column_1_2 et_pb_column_2 et_pb_css_mix_blend_mode_passthrough\">\n<div class=\"et_pb_module et_pb_text et_pb_text_1 et_pb_text_align_left et_pb_bg_layout_light\">\n<div class=\"et_pb_text_inner\">\n<p>Dentro de la empresa trabaja un equipo de expertos formado por ingenieros, peritos y t\u00e9cnicos del sector que se ocupan de mejorar constantemente las\u00a0<strong>tecnolog\u00edas de las m\u00e1quinas para el lijado de la madera<\/strong>, del aluminio y de diversos materiales met\u00e1licos y pl\u00e1sticos, en funci\u00f3n de lo que ofrece el mercado que est\u00e1 en continua evoluci\u00f3n. En concreto, las tecnolog\u00edas se refieren a innovaciones relativas al software, a las caracter\u00edsticas mec\u00e1nicas de los materiales, a las mec\u00e1nicas del movimiento, neum\u00e1ticas, el\u00e9ctricas y electr\u00f3nicas y, se aplican, a lijadoras que ser\u00e1n capaces, precisamente por ello, de afrontar nuevos tipos de mecanizado mediante soluciones innovadoras<\/p>\n<\/div>\n<\/div>\n<\/div>\n<div class=\"et_pb_column et_pb_column_1_2 et_pb_column_3 et_pb_css_mix_blend_mode_passthrough et-last-child\">\n<div class=\"et_pb_with_border et_pb_module et_pb_gallery et_pb_gallery_0 et_pb_slider et_pb_gallery_fullwidth et_slider_auto et_slider_speed_7000 clearfix et_slide_transition_to_next et_pb_bg_layout_light\">\n<div class=\"et_pb_gallery_items et_post_gallery clearfix\" data-per_page=\"4\">\n<div class=\"et_pb_gallery_item et_pb_bg_layout_light et_pb_gallery_item_0_0 et-pb-active-slide\"><\/div>\n<\/div>\n<\/div>\n<\/div>\n<p>[\/vc_column_text][\/vc_column][vc_column width=&#8221;1\/2&#8243;][vc_gallery interval=&#8221;3&#8243; images=&#8221;9078,8780&#8243; img_size=&#8221;medium&#8221;][\/vc_column][\/vc_row]<\/p>\n","protected":false},"excerpt":{"rendered":"<p>[vc_row][vc_column][vc_custom_heading text=&#8221;Las soluciones innovadoras para la realizaci\u00f3n de m\u00e1quinas para el lijado &#8221; use_theme_fonts=&#8221;yes&#8221;][\/vc_column][\/vc_row][vc_row][vc_column width=&#8221;1\/2&#8243;][vc_column_text] Dentro de la empresa trabaja un equipo de expertos formado por ingenieros, peritos y t\u00e9cnicos del sector que se ocupan de mejorar constantemente las\u00a0tecnolog\u00edas de las m\u00e1quinas para el lijado de la madera, del aluminio y de diversos materiales met\u00e1licos [&hellip;]<\/p>\n","protected":false},"author":4,"featured_media":0,"parent":8798,"menu_order":0,"comment_status":"closed","ping_status":"closed","template":"","meta":[],"yoast_head":"<!-- This site is optimized with the Yoast SEO plugin v19.5.1 - https:\/\/yoast.com\/wordpress\/plugins\/seo\/ -->\n<title>Tecnolog\u00edas - Volpato LASM<\/title>\n<meta name=\"description\" content=\"Dentro de la empresa trabaja un equipo de expertos formado por ingenieros, peritos y t\u00e9cnicos del sector que se ocupan de mejorar constantemente\" \/>\n<meta name=\"robots\" content=\"index, follow, max-snippet:-1, max-image-preview:large, max-video-preview:-1\" \/>\n<link rel=\"canonical\" href=\"https:\/\/volpatolasm.com\/es\/wp-json\/wp\/v2\/pages\/9083\/\" \/>\n<meta property=\"og:locale\" content=\"es_ES\" \/>\n<meta property=\"og:type\" content=\"article\" \/>\n<meta property=\"og:title\" content=\"Tecnolog\u00edas - Volpato LASM\" \/>\n<meta property=\"og:description\" content=\"Dentro de la empresa trabaja un equipo de expertos formado por ingenieros, peritos y t\u00e9cnicos del sector que se ocupan de mejorar constantemente\" \/>\n<meta property=\"og:url\" content=\"https:\/\/volpatolasm.com\/es\/empresa\/tecnologias\/\" \/>\n<meta property=\"og:site_name\" content=\"Volpato LASM\" \/>\n<meta property=\"article:modified_time\" content=\"2020-02-25T09:54:58+00:00\" \/>\n<meta name=\"twitter:card\" content=\"summary_large_image\" \/>\n<meta name=\"twitter:label1\" content=\"Tiempo de lectura\" \/>\n\t<meta name=\"twitter:data1\" content=\"1 minuto\" \/>\n<!-- \/ Yoast SEO plugin. -->","yoast_head_json":{"title":"Tecnolog\u00edas - Volpato LASM","description":"Dentro de la empresa trabaja un equipo de expertos formado por ingenieros, peritos y t\u00e9cnicos del sector que se ocupan de mejorar constantemente","robots":{"index":"index","follow":"follow","max-snippet":"max-snippet:-1","max-image-preview":"max-image-preview:large","max-video-preview":"max-video-preview:-1"},"canonical":"https:\/\/volpatolasm.com\/es\/wp-json\/wp\/v2\/pages\/9083\/","og_locale":"es_ES","og_type":"article","og_title":"Tecnolog\u00edas - Volpato LASM","og_description":"Dentro de la empresa trabaja un equipo de expertos formado por ingenieros, peritos y t\u00e9cnicos del sector que se ocupan de mejorar constantemente","og_url":"https:\/\/volpatolasm.com\/es\/empresa\/tecnologias\/","og_site_name":"Volpato LASM","article_modified_time":"2020-02-25T09:54:58+00:00","twitter_card":"summary_large_image","twitter_misc":{"Tiempo de lectura":"1 minuto"},"schema":{"@context":"https:\/\/schema.org","@graph":[{"@type":"WebPage","@id":"https:\/\/volpatolasm.com\/es\/empresa\/tecnologias\/","url":"https:\/\/volpatolasm.com\/es\/empresa\/tecnologias\/","name":"Tecnolog\u00edas - Volpato LASM","isPartOf":{"@id":"https:\/\/volpatolasm.com\/#website"},"datePublished":"2020-02-18T12:34:09+00:00","dateModified":"2020-02-25T09:54:58+00:00","description":"Dentro de la empresa trabaja un equipo de expertos formado por ingenieros, peritos y t\u00e9cnicos del sector que se ocupan de mejorar constantemente","breadcrumb":{"@id":"https:\/\/volpatolasm.com\/es\/empresa\/tecnologias\/#breadcrumb"},"inLanguage":"es","potentialAction":[{"@type":"ReadAction","target":["https:\/\/volpatolasm.com\/es\/empresa\/tecnologias\/"]}]},{"@type":"BreadcrumbList","@id":"https:\/\/volpatolasm.com\/es\/empresa\/tecnologias\/#breadcrumb","itemListElement":[{"@type":"ListItem","position":1,"name":"Home","item":"https:\/\/volpatolasm.com\/es\/"},{"@type":"ListItem","position":2,"name":"Empresa","item":"https:\/\/volpatolasm.com\/es\/empresa\/"},{"@type":"ListItem","position":3,"name":"Tecnolog\u00edas"}]},{"@type":"WebSite","@id":"https:\/\/volpatolasm.com\/#website","url":"https:\/\/volpatolasm.com\/","name":"Volpato LASM","description":"","potentialAction":[{"@type":"SearchAction","target":{"@type":"EntryPoint","urlTemplate":"https:\/\/volpatolasm.com\/?s={search_term_string}"},"query-input":"required name=search_term_string"}],"inLanguage":"es"}]}},"_links":{"self":[{"href":"https:\/\/volpatolasm.com\/es\/wp-json\/wp\/v2\/pages\/9083"}],"collection":[{"href":"https:\/\/volpatolasm.com\/es\/wp-json\/wp\/v2\/pages"}],"about":[{"href":"https:\/\/volpatolasm.com\/es\/wp-json\/wp\/v2\/types\/page"}],"author":[{"embeddable":true,"href":"https:\/\/volpatolasm.com\/es\/wp-json\/wp\/v2\/users\/4"}],"replies":[{"embeddable":true,"href":"https:\/\/volpatolasm.com\/es\/wp-json\/wp\/v2\/comments?post=9083"}],"version-history":[{"count":2,"href":"https:\/\/volpatolasm.com\/es\/wp-json\/wp\/v2\/pages\/9083\/revisions"}],"predecessor-version":[{"id":9092,"href":"https:\/\/volpatolasm.com\/es\/wp-json\/wp\/v2\/pages\/9083\/revisions\/9092"}],"up":[{"embeddable":true,"href":"https:\/\/volpatolasm.com\/es\/wp-json\/wp\/v2\/pages\/8798"}],"wp:attachment":[{"href":"https:\/\/volpatolasm.com\/es\/wp-json\/wp\/v2\/media?parent=9083"}],"curies":[{"name":"wp","href":"https:\/\/api.w.org\/{rel}","templated":true}]}}