{"id":9055,"date":"2020-02-18T13:33:47","date_gmt":"2020-02-18T12:33:47","guid":{"rendered":"https:\/\/www.volpatolasm.com\/empresa\/brevetti-e-certificazioni\/"},"modified":"2020-02-25T10:44:36","modified_gmt":"2020-02-25T09:44:36","slug":"patentes-y-certificados","status":"publish","type":"page","link":"https:\/\/volpatolasm.com\/es\/empresa\/patentes-y-certificados\/","title":{"rendered":"Patentes y certificados"},"content":{"rendered":"<p>[vc_row][vc_column][vc_custom_heading text=&#8221;Los documentos relativos a las lijadoras exclusivas fabricadas por la empresa<br \/>\n&#8221; use_theme_fonts=&#8221;yes&#8221;][\/vc_column][\/vc_row][vc_row][vc_column width=&#8221;1\/2&#8243;][vc_column_text]La empresa, a lo largo de su historia, ha demostrado una atenci\u00f3n especial a la innovaci\u00f3n y, hasta el d\u00eda de hoy, ha sido capaz de proyectar y patentar lijadoras para madera y para otros materiales a medida, as\u00ed como resolver las necesidades espec\u00edficas de algunos clientes, que a menudo demuestran ser comunes a las de otras empresas del sector. Entre las m\u00e1quinas dise\u00f1adas por la sociedad encontramos, por ejemplo, la m\u00e1quina para la realizaci\u00f3n de un acabado super brillante o High Gloss, para la peque\u00f1a y mediana empresa artesana y para paneles fuera de medida, como el modelo LBO 60 A STS. Adem\u00e1s, este continuo proceso de investigaci\u00f3n y desarrollo, le ha permitido ser considerada una de las empresas m\u00e1s vers\u00e1tiles y competitivas dentro del sector del acabado.<\/p>\n<p>[\/vc_column_text][\/vc_column][vc_column width=&#8221;1\/2&#8243;][vc_gallery type=&#8221;flexslider_slide&#8221; interval=&#8221;3&#8243; images=&#8221;9040,9045,9050&#8243; img_size=&#8221;medium&#8221;][\/vc_column][\/vc_row]<\/p>\n","protected":false},"excerpt":{"rendered":"<p>[vc_row][vc_column][vc_custom_heading text=&#8221;Los documentos relativos a las lijadoras exclusivas fabricadas por la empresa &#8221; use_theme_fonts=&#8221;yes&#8221;][\/vc_column][\/vc_row][vc_row][vc_column width=&#8221;1\/2&#8243;][vc_column_text]La empresa, a lo largo de su historia, ha demostrado una atenci\u00f3n especial a la innovaci\u00f3n y, hasta el d\u00eda de hoy, ha sido capaz de proyectar y patentar lijadoras para madera y para otros materiales a medida, as\u00ed como resolver [&hellip;]<\/p>\n","protected":false},"author":4,"featured_media":0,"parent":8798,"menu_order":0,"comment_status":"closed","ping_status":"closed","template":"","meta":[],"yoast_head":"<!-- This site is optimized with the Yoast SEO plugin v19.5.1 - https:\/\/yoast.com\/wordpress\/plugins\/seo\/ -->\n<title>Patentes y certificados - Volpato LASM<\/title>\n<meta name=\"description\" content=\"La empresa, a lo largo de su historia, ha demostrado una atenci\u00f3n especial a la innovaci\u00f3n y, hasta el d\u00eda de hoy, ha sido capaz de proyectar y patentar\" \/>\n<meta name=\"robots\" content=\"index, follow, max-snippet:-1, max-image-preview:large, max-video-preview:-1\" \/>\n<link rel=\"canonical\" href=\"https:\/\/volpatolasm.com\/es\/wp-json\/wp\/v2\/pages\/9055\/\" \/>\n<meta property=\"og:locale\" content=\"es_ES\" \/>\n<meta property=\"og:type\" content=\"article\" \/>\n<meta property=\"og:title\" content=\"Patentes y certificados - Volpato LASM\" \/>\n<meta property=\"og:description\" content=\"La empresa, a lo largo de su historia, ha demostrado una atenci\u00f3n especial a la innovaci\u00f3n y, hasta el d\u00eda de hoy, ha sido capaz de proyectar y patentar\" \/>\n<meta property=\"og:url\" content=\"https:\/\/volpatolasm.com\/es\/empresa\/patentes-y-certificados\/\" \/>\n<meta property=\"og:site_name\" content=\"Volpato LASM\" \/>\n<meta property=\"article:modified_time\" content=\"2020-02-25T09:44:36+00:00\" \/>\n<meta name=\"twitter:card\" content=\"summary_large_image\" \/>\n<meta name=\"twitter:label1\" content=\"Tiempo de lectura\" \/>\n\t<meta name=\"twitter:data1\" content=\"1 minuto\" \/>\n<!-- \/ Yoast SEO plugin. -->","yoast_head_json":{"title":"Patentes y certificados - Volpato LASM","description":"La empresa, a lo largo de su historia, ha demostrado una atenci\u00f3n especial a la innovaci\u00f3n y, hasta el d\u00eda de hoy, ha sido capaz de proyectar y patentar","robots":{"index":"index","follow":"follow","max-snippet":"max-snippet:-1","max-image-preview":"max-image-preview:large","max-video-preview":"max-video-preview:-1"},"canonical":"https:\/\/volpatolasm.com\/es\/wp-json\/wp\/v2\/pages\/9055\/","og_locale":"es_ES","og_type":"article","og_title":"Patentes y certificados - Volpato LASM","og_description":"La empresa, a lo largo de su historia, ha demostrado una atenci\u00f3n especial a la innovaci\u00f3n y, hasta el d\u00eda de hoy, ha sido capaz de proyectar y patentar","og_url":"https:\/\/volpatolasm.com\/es\/empresa\/patentes-y-certificados\/","og_site_name":"Volpato LASM","article_modified_time":"2020-02-25T09:44:36+00:00","twitter_card":"summary_large_image","twitter_misc":{"Tiempo de lectura":"1 minuto"},"schema":{"@context":"https:\/\/schema.org","@graph":[{"@type":"WebPage","@id":"https:\/\/volpatolasm.com\/es\/empresa\/patentes-y-certificados\/","url":"https:\/\/volpatolasm.com\/es\/empresa\/patentes-y-certificados\/","name":"Patentes y certificados - Volpato LASM","isPartOf":{"@id":"https:\/\/volpatolasm.com\/#website"},"datePublished":"2020-02-18T12:33:47+00:00","dateModified":"2020-02-25T09:44:36+00:00","description":"La empresa, a lo largo de su historia, ha demostrado una atenci\u00f3n especial a la innovaci\u00f3n y, hasta el d\u00eda de hoy, ha sido capaz de proyectar y patentar","breadcrumb":{"@id":"https:\/\/volpatolasm.com\/es\/empresa\/patentes-y-certificados\/#breadcrumb"},"inLanguage":"es","potentialAction":[{"@type":"ReadAction","target":["https:\/\/volpatolasm.com\/es\/empresa\/patentes-y-certificados\/"]}]},{"@type":"BreadcrumbList","@id":"https:\/\/volpatolasm.com\/es\/empresa\/patentes-y-certificados\/#breadcrumb","itemListElement":[{"@type":"ListItem","position":1,"name":"Home","item":"https:\/\/volpatolasm.com\/es\/"},{"@type":"ListItem","position":2,"name":"Empresa","item":"https:\/\/volpatolasm.com\/es\/empresa\/"},{"@type":"ListItem","position":3,"name":"Patentes y certificados"}]},{"@type":"WebSite","@id":"https:\/\/volpatolasm.com\/#website","url":"https:\/\/volpatolasm.com\/","name":"Volpato LASM","description":"","potentialAction":[{"@type":"SearchAction","target":{"@type":"EntryPoint","urlTemplate":"https:\/\/volpatolasm.com\/?s={search_term_string}"},"query-input":"required name=search_term_string"}],"inLanguage":"es"}]}},"_links":{"self":[{"href":"https:\/\/volpatolasm.com\/es\/wp-json\/wp\/v2\/pages\/9055"}],"collection":[{"href":"https:\/\/volpatolasm.com\/es\/wp-json\/wp\/v2\/pages"}],"about":[{"href":"https:\/\/volpatolasm.com\/es\/wp-json\/wp\/v2\/types\/page"}],"author":[{"embeddable":true,"href":"https:\/\/volpatolasm.com\/es\/wp-json\/wp\/v2\/users\/4"}],"replies":[{"embeddable":true,"href":"https:\/\/volpatolasm.com\/es\/wp-json\/wp\/v2\/comments?post=9055"}],"version-history":[{"count":4,"href":"https:\/\/volpatolasm.com\/es\/wp-json\/wp\/v2\/pages\/9055\/revisions"}],"predecessor-version":[{"id":9072,"href":"https:\/\/volpatolasm.com\/es\/wp-json\/wp\/v2\/pages\/9055\/revisions\/9072"}],"up":[{"embeddable":true,"href":"https:\/\/volpatolasm.com\/es\/wp-json\/wp\/v2\/pages\/8798"}],"wp:attachment":[{"href":"https:\/\/volpatolasm.com\/es\/wp-json\/wp\/v2\/media?parent=9055"}],"curies":[{"name":"wp","href":"https:\/\/api.w.org\/{rel}","templated":true}]}}