{"id":9013,"date":"2020-02-18T13:33:24","date_gmt":"2020-02-18T12:33:24","guid":{"rendered":"https:\/\/www.volpatolasm.com\/empresa\/made-in-italy\/"},"modified":"2020-02-25T10:25:52","modified_gmt":"2020-02-25T09:25:52","slug":"made-in-italy","status":"publish","type":"page","link":"https:\/\/volpatolasm.com\/es\/empresa\/made-in-italy\/","title":{"rendered":"Made in Italy"},"content":{"rendered":"<p>[vc_row][vc_column][vc_custom_heading text=&#8221;Las lijadoras para madera, pl\u00e1stico y aluminio totalmente italianas<br \/>\n&#8221; use_theme_fonts=&#8221;yes&#8221;][\/vc_column][\/vc_row][vc_row][vc_column width=&#8221;1\/2&#8243;][vc_column_text]<\/p>\n<div class=\"et_pb_column et_pb_column_1_2 et_pb_column_2 et_pb_css_mix_blend_mode_passthrough\">\n<div class=\"et_pb_module et_pb_text et_pb_text_1 et_pb_text_align_left et_pb_bg_layout_light\">\n<div class=\"et_pb_text_inner\">\n<p>La producci\u00f3n de\u00a0<strong>m\u00e1quinas Made in Italy para el lijado de diversos materiales<\/strong>\u00a0ofrece numerosas ventajas al usuario final, sobre todo en lo que se refiere al control de calidad, la localizaci\u00f3n de piezas de recambio y el desarrollo de materiales y otras soluciones innovadoras, que son fruto de una confrontaci\u00f3n con el extraordinario saber hacer de t\u00e9cnicos altamente especializados. Es precisamente por este motivo por el que las m\u00e1quinas VOLPATO, a excepci\u00f3n del panel de operador y el PLC, est\u00e1n fabricadas exclusivamente con componentes y materiales procedentes del mercado italiano, productos bajo la supervisi\u00f3n de personas competentes y fiables, que controlan y monitorizan toda la hilera productiva de modo meticuloso, para ofrecer est\u00e1ndares cualitativos muy altos.<\/p>\n<\/div>\n<\/div>\n<\/div>\n<div class=\"et_pb_column et_pb_column_1_2 et_pb_column_3 et_pb_css_mix_blend_mode_passthrough et-last-child\">\n<div class=\"et_pb_with_border et_pb_module et_pb_gallery et_pb_gallery_0 et_pb_slider et_pb_gallery_fullwidth et_slider_auto et_slider_speed_7000 clearfix et_slide_transition_to_next et_pb_bg_layout_light\">\n<div class=\"et_pb_gallery_items et_post_gallery clearfix\" data-per_page=\"4\">\n<div class=\"et_pb_gallery_item et_pb_bg_layout_light et_pb_gallery_item_0_0 et-pb-active-slide\"><\/div>\n<\/div>\n<\/div>\n<\/div>\n<p>[\/vc_column_text][\/vc_column][vc_column width=&#8221;1\/2&#8243;][vc_gallery type=&#8221;flexslider_slide&#8221; interval=&#8221;5&#8243; images=&#8221;9003,8998,8993&#8243; img_size=&#8221;medium&#8221;][\/vc_column][\/vc_row]<\/p>\n","protected":false},"excerpt":{"rendered":"<p>[vc_row][vc_column][vc_custom_heading text=&#8221;Las lijadoras para madera, pl\u00e1stico y aluminio totalmente italianas &#8221; use_theme_fonts=&#8221;yes&#8221;][\/vc_column][\/vc_row][vc_row][vc_column width=&#8221;1\/2&#8243;][vc_column_text] La producci\u00f3n de\u00a0m\u00e1quinas Made in Italy para el lijado de diversos materiales\u00a0ofrece numerosas ventajas al usuario final, sobre todo en lo que se refiere al control de calidad, la localizaci\u00f3n de piezas de recambio y el desarrollo de materiales y otras soluciones [&hellip;]<\/p>\n","protected":false},"author":4,"featured_media":0,"parent":8798,"menu_order":0,"comment_status":"closed","ping_status":"closed","template":"","meta":[],"yoast_head":"<!-- This site is optimized with the Yoast SEO plugin v19.5.1 - https:\/\/yoast.com\/wordpress\/plugins\/seo\/ -->\n<title>Made in Italy - Volpato LASM<\/title>\n<meta name=\"description\" content=\"La producci\u00f3n de\u00a0m\u00e1quinas Made in Italy para el lijado de diversos materiales\u00a0ofrece numerosas ventajas al usuario final, sobre todo en lo que se refiere\" \/>\n<meta name=\"robots\" content=\"index, follow, max-snippet:-1, max-image-preview:large, max-video-preview:-1\" \/>\n<link rel=\"canonical\" href=\"https:\/\/volpatolasm.com\/es\/wp-json\/wp\/v2\/pages\/9013\/\" \/>\n<meta property=\"og:locale\" content=\"es_ES\" \/>\n<meta property=\"og:type\" content=\"article\" \/>\n<meta property=\"og:title\" content=\"Made in Italy - Volpato LASM\" \/>\n<meta property=\"og:description\" content=\"La producci\u00f3n de\u00a0m\u00e1quinas Made in Italy para el lijado de diversos materiales\u00a0ofrece numerosas ventajas al usuario final, sobre todo en lo que se refiere\" \/>\n<meta property=\"og:url\" content=\"https:\/\/volpatolasm.com\/es\/empresa\/made-in-italy\/\" \/>\n<meta property=\"og:site_name\" content=\"Volpato LASM\" \/>\n<meta property=\"article:modified_time\" content=\"2020-02-25T09:25:52+00:00\" \/>\n<meta name=\"twitter:card\" content=\"summary_large_image\" \/>\n<meta name=\"twitter:label1\" content=\"Tiempo de lectura\" \/>\n\t<meta name=\"twitter:data1\" content=\"1 minuto\" \/>\n<!-- \/ Yoast SEO plugin. -->","yoast_head_json":{"title":"Made in Italy - Volpato LASM","description":"La producci\u00f3n de\u00a0m\u00e1quinas Made in Italy para el lijado de diversos materiales\u00a0ofrece numerosas ventajas al usuario final, sobre todo en lo que se refiere","robots":{"index":"index","follow":"follow","max-snippet":"max-snippet:-1","max-image-preview":"max-image-preview:large","max-video-preview":"max-video-preview:-1"},"canonical":"https:\/\/volpatolasm.com\/es\/wp-json\/wp\/v2\/pages\/9013\/","og_locale":"es_ES","og_type":"article","og_title":"Made in Italy - Volpato LASM","og_description":"La producci\u00f3n de\u00a0m\u00e1quinas Made in Italy para el lijado de diversos materiales\u00a0ofrece numerosas ventajas al usuario final, sobre todo en lo que se refiere","og_url":"https:\/\/volpatolasm.com\/es\/empresa\/made-in-italy\/","og_site_name":"Volpato LASM","article_modified_time":"2020-02-25T09:25:52+00:00","twitter_card":"summary_large_image","twitter_misc":{"Tiempo de lectura":"1 minuto"},"schema":{"@context":"https:\/\/schema.org","@graph":[{"@type":"WebPage","@id":"https:\/\/volpatolasm.com\/es\/empresa\/made-in-italy\/","url":"https:\/\/volpatolasm.com\/es\/empresa\/made-in-italy\/","name":"Made in Italy - Volpato LASM","isPartOf":{"@id":"https:\/\/volpatolasm.com\/#website"},"datePublished":"2020-02-18T12:33:24+00:00","dateModified":"2020-02-25T09:25:52+00:00","description":"La producci\u00f3n de\u00a0m\u00e1quinas Made in Italy para el lijado de diversos materiales\u00a0ofrece numerosas ventajas al usuario final, sobre todo en lo que se refiere","breadcrumb":{"@id":"https:\/\/volpatolasm.com\/es\/empresa\/made-in-italy\/#breadcrumb"},"inLanguage":"es","potentialAction":[{"@type":"ReadAction","target":["https:\/\/volpatolasm.com\/es\/empresa\/made-in-italy\/"]}]},{"@type":"BreadcrumbList","@id":"https:\/\/volpatolasm.com\/es\/empresa\/made-in-italy\/#breadcrumb","itemListElement":[{"@type":"ListItem","position":1,"name":"Home","item":"https:\/\/volpatolasm.com\/es\/"},{"@type":"ListItem","position":2,"name":"Empresa","item":"https:\/\/volpatolasm.com\/es\/empresa\/"},{"@type":"ListItem","position":3,"name":"Made in Italy"}]},{"@type":"WebSite","@id":"https:\/\/volpatolasm.com\/#website","url":"https:\/\/volpatolasm.com\/","name":"Volpato LASM","description":"","potentialAction":[{"@type":"SearchAction","target":{"@type":"EntryPoint","urlTemplate":"https:\/\/volpatolasm.com\/?s={search_term_string}"},"query-input":"required name=search_term_string"}],"inLanguage":"es"}]}},"_links":{"self":[{"href":"https:\/\/volpatolasm.com\/es\/wp-json\/wp\/v2\/pages\/9013"}],"collection":[{"href":"https:\/\/volpatolasm.com\/es\/wp-json\/wp\/v2\/pages"}],"about":[{"href":"https:\/\/volpatolasm.com\/es\/wp-json\/wp\/v2\/types\/page"}],"author":[{"embeddable":true,"href":"https:\/\/volpatolasm.com\/es\/wp-json\/wp\/v2\/users\/4"}],"replies":[{"embeddable":true,"href":"https:\/\/volpatolasm.com\/es\/wp-json\/wp\/v2\/comments?post=9013"}],"version-history":[{"count":5,"href":"https:\/\/volpatolasm.com\/es\/wp-json\/wp\/v2\/pages\/9013\/revisions"}],"predecessor-version":[{"id":9034,"href":"https:\/\/volpatolasm.com\/es\/wp-json\/wp\/v2\/pages\/9013\/revisions\/9034"}],"up":[{"embeddable":true,"href":"https:\/\/volpatolasm.com\/es\/wp-json\/wp\/v2\/pages\/8798"}],"wp:attachment":[{"href":"https:\/\/volpatolasm.com\/es\/wp-json\/wp\/v2\/media?parent=9013"}],"curies":[{"name":"wp","href":"https:\/\/api.w.org\/{rel}","templated":true}]}}