{"id":8965,"date":"2020-02-18T13:33:00","date_gmt":"2020-02-18T12:33:00","guid":{"rendered":"https:\/\/www.volpatolasm.com\/empresa\/dove-siamo\/"},"modified":"2020-02-25T09:50:04","modified_gmt":"2020-02-25T08:50:04","slug":"donde-estamos","status":"publish","type":"page","link":"https:\/\/volpatolasm.com\/es\/empresa\/donde-estamos\/","title":{"rendered":"D\u00f3nde estamos"},"content":{"rendered":"<p>[vc_row][vc_column][vc_custom_heading text=&#8221;C\u00f3mo llegar a la sede de la empresa<br \/>\n&#8221; use_theme_fonts=&#8221;yes&#8221;][\/vc_column][\/vc_row][vc_row][vc_column width=&#8221;1\/2&#8243;][vc_column_text]VOLPATO Srl est\u00e1 situada en Campodarsego (Padua), en via C. Colombo 18. Para llegar a la sede de la empresa, pasando por la autopista A4 Mil\u00e1n \u2013 Venecia, deber\u00e1n salir por Padua Este y seguir las indicaciones hacia Castelfranco. A continuaci\u00f3n, deber\u00e1n tomar la salida de Reschigliano di Campodarsego y al llegar al stop girar a la derecha. Al llegar a la primera rotonda deben continuar recto, mientras que en la segunda, hay que girar a la derecha y luego proseguir aproximadamente 200 metros y girar a la izquierda en via C. Colombo.<\/p>\n<p>[\/vc_column_text][\/vc_column][vc_column width=&#8221;1\/2&#8243;][vc_single_image image=&#8221;8780&#8243; img_size=&#8221;large&#8221;][\/vc_column][\/vc_row][vc_row][vc_column][vc_gmaps link=&#8221;#E-8_JTNDaWZyYW1lJTIwc3JjJTNEJTIyaHR0cHMlM0ElMkYlMkZ3d3cuZ29vZ2xlLmNvbSUyRm1hcHMlMkZlbWJlZCUzRnBiJTNEJTIxMW0xOCUyMTFtMTIlMjExbTMlMjExZDI3OTcuMjM0NjQ3NDM3ODkxJTIxMmQxMS45MDQ5ODcxMTU4MjUwODMlMjEzZDQ1LjQ4NTIxOTM3OTEwMTIlMjEybTMlMjExZjAlMjEyZjAlMjEzZjAlMjEzbTIlMjExaTEwMjQlMjEyaTc2OCUyMTRmMTMuMSUyMTNtMyUyMTFtMiUyMTFzMHg0NzdlZDExMWU3MWNmOGY5JTI1M0EweGQ1ODAxYzgwNDdmMGZhMTMlMjEyc1ZvbHBhdG8lMjUyMFMuUi5MLiUyMTVlMCUyMTNtMiUyMTFzaXQlMjEyc2l0JTIxNHYxNTgyNTYyMjI2OTU3JTIxNW0yJTIxMXNpdCUyMTJzaXQlMjIlMjB3aWR0aCUzRCUyMjEwMCUyNSUyMiUyMGhlaWdodCUzRCUyMjQ1MCUyMiUyMGZyYW1lYm9yZGVyJTNEJTIyMCUyMiUyMHN0eWxlJTNEJTIyYm9yZGVyJTNBMCUzQiUyMiUyMGFsbG93ZnVsbHNjcmVlbiUzRCUyMiUyMiUzRSUzQyUyRmlmcmFtZSUzRQ==&#8221;][vc_column_text]VOLPATO Srl se encuentra situada un poco m\u00e1s adelante, a unos 200 metros a la derecha. El aeropuerto m\u00e1s cercano es el Marco Polo de Venecia, desde el cual, un servicio de Taxi les llevar\u00e1 a la sede de VOLPATO srl en unos 30 min.<\/p>\n<p>[\/vc_column_text][\/vc_column][\/vc_row]<\/p>\n","protected":false},"excerpt":{"rendered":"<p>[vc_row][vc_column][vc_custom_heading text=&#8221;C\u00f3mo llegar a la sede de la empresa &#8221; use_theme_fonts=&#8221;yes&#8221;][\/vc_column][\/vc_row][vc_row][vc_column width=&#8221;1\/2&#8243;][vc_column_text]VOLPATO Srl est\u00e1 situada en Campodarsego (Padua), en via C. Colombo 18. Para llegar a la sede de la empresa, pasando por la autopista A4 Mil\u00e1n \u2013 Venecia, deber\u00e1n salir por Padua Este y seguir las indicaciones hacia Castelfranco. A continuaci\u00f3n, deber\u00e1n tomar la [&hellip;]<\/p>\n","protected":false},"author":4,"featured_media":0,"parent":8798,"menu_order":0,"comment_status":"closed","ping_status":"closed","template":"","meta":[],"yoast_head":"<!-- This site is optimized with the Yoast SEO plugin v19.5.1 - https:\/\/yoast.com\/wordpress\/plugins\/seo\/ -->\n<title>D\u00f3nde estamos - Volpato LASM<\/title>\n<meta name=\"description\" content=\"VOLPATO Srl est\u00e1 situada en Campodarsego (Padua), en via C. Colombo 18. Para llegar a la sede de la empresa, pasando por la autopista A4 Mil\u00e1n \u2013 Venecia,\" \/>\n<meta name=\"robots\" content=\"index, follow, max-snippet:-1, max-image-preview:large, max-video-preview:-1\" \/>\n<link rel=\"canonical\" href=\"https:\/\/volpatolasm.com\/es\/wp-json\/wp\/v2\/pages\/8965\/\" \/>\n<meta property=\"og:locale\" content=\"es_ES\" \/>\n<meta property=\"og:type\" content=\"article\" \/>\n<meta property=\"og:title\" content=\"D\u00f3nde estamos - Volpato LASM\" \/>\n<meta property=\"og:description\" content=\"VOLPATO Srl est\u00e1 situada en Campodarsego (Padua), en via C. Colombo 18. Para llegar a la sede de la empresa, pasando por la autopista A4 Mil\u00e1n \u2013 Venecia,\" \/>\n<meta property=\"og:url\" content=\"https:\/\/volpatolasm.com\/es\/empresa\/donde-estamos\/\" \/>\n<meta property=\"og:site_name\" content=\"Volpato LASM\" \/>\n<meta property=\"article:modified_time\" content=\"2020-02-25T08:50:04+00:00\" \/>\n<meta name=\"twitter:card\" content=\"summary_large_image\" \/>\n<meta name=\"twitter:label1\" content=\"Tiempo de lectura\" \/>\n\t<meta name=\"twitter:data1\" content=\"1 minuto\" \/>\n<!-- \/ Yoast SEO plugin. -->","yoast_head_json":{"title":"D\u00f3nde estamos - Volpato LASM","description":"VOLPATO Srl est\u00e1 situada en Campodarsego (Padua), en via C. Colombo 18. Para llegar a la sede de la empresa, pasando por la autopista A4 Mil\u00e1n \u2013 Venecia,","robots":{"index":"index","follow":"follow","max-snippet":"max-snippet:-1","max-image-preview":"max-image-preview:large","max-video-preview":"max-video-preview:-1"},"canonical":"https:\/\/volpatolasm.com\/es\/wp-json\/wp\/v2\/pages\/8965\/","og_locale":"es_ES","og_type":"article","og_title":"D\u00f3nde estamos - Volpato LASM","og_description":"VOLPATO Srl est\u00e1 situada en Campodarsego (Padua), en via C. Colombo 18. Para llegar a la sede de la empresa, pasando por la autopista A4 Mil\u00e1n \u2013 Venecia,","og_url":"https:\/\/volpatolasm.com\/es\/empresa\/donde-estamos\/","og_site_name":"Volpato LASM","article_modified_time":"2020-02-25T08:50:04+00:00","twitter_card":"summary_large_image","twitter_misc":{"Tiempo de lectura":"1 minuto"},"schema":{"@context":"https:\/\/schema.org","@graph":[{"@type":"WebPage","@id":"https:\/\/volpatolasm.com\/es\/empresa\/donde-estamos\/","url":"https:\/\/volpatolasm.com\/es\/empresa\/donde-estamos\/","name":"D\u00f3nde estamos - Volpato LASM","isPartOf":{"@id":"https:\/\/volpatolasm.com\/#website"},"datePublished":"2020-02-18T12:33:00+00:00","dateModified":"2020-02-25T08:50:04+00:00","description":"VOLPATO Srl est\u00e1 situada en Campodarsego (Padua), en via C. Colombo 18. Para llegar a la sede de la empresa, pasando por la autopista A4 Mil\u00e1n \u2013 Venecia,","breadcrumb":{"@id":"https:\/\/volpatolasm.com\/es\/empresa\/donde-estamos\/#breadcrumb"},"inLanguage":"es","potentialAction":[{"@type":"ReadAction","target":["https:\/\/volpatolasm.com\/es\/empresa\/donde-estamos\/"]}]},{"@type":"BreadcrumbList","@id":"https:\/\/volpatolasm.com\/es\/empresa\/donde-estamos\/#breadcrumb","itemListElement":[{"@type":"ListItem","position":1,"name":"Home","item":"https:\/\/volpatolasm.com\/es\/"},{"@type":"ListItem","position":2,"name":"Empresa","item":"https:\/\/volpatolasm.com\/es\/empresa\/"},{"@type":"ListItem","position":3,"name":"D\u00f3nde estamos"}]},{"@type":"WebSite","@id":"https:\/\/volpatolasm.com\/#website","url":"https:\/\/volpatolasm.com\/","name":"Volpato LASM","description":"","potentialAction":[{"@type":"SearchAction","target":{"@type":"EntryPoint","urlTemplate":"https:\/\/volpatolasm.com\/?s={search_term_string}"},"query-input":"required name=search_term_string"}],"inLanguage":"es"}]}},"_links":{"self":[{"href":"https:\/\/volpatolasm.com\/es\/wp-json\/wp\/v2\/pages\/8965"}],"collection":[{"href":"https:\/\/volpatolasm.com\/es\/wp-json\/wp\/v2\/pages"}],"about":[{"href":"https:\/\/volpatolasm.com\/es\/wp-json\/wp\/v2\/types\/page"}],"author":[{"embeddable":true,"href":"https:\/\/volpatolasm.com\/es\/wp-json\/wp\/v2\/users\/4"}],"replies":[{"embeddable":true,"href":"https:\/\/volpatolasm.com\/es\/wp-json\/wp\/v2\/comments?post=8965"}],"version-history":[{"count":5,"href":"https:\/\/volpatolasm.com\/es\/wp-json\/wp\/v2\/pages\/8965\/revisions"}],"predecessor-version":[{"id":8987,"href":"https:\/\/volpatolasm.com\/es\/wp-json\/wp\/v2\/pages\/8965\/revisions\/8987"}],"up":[{"embeddable":true,"href":"https:\/\/volpatolasm.com\/es\/wp-json\/wp\/v2\/pages\/8798"}],"wp:attachment":[{"href":"https:\/\/volpatolasm.com\/es\/wp-json\/wp\/v2\/media?parent=8965"}],"curies":[{"name":"wp","href":"https:\/\/api.w.org\/{rel}","templated":true}]}}