{"id":8819,"date":"2020-02-18T13:32:37","date_gmt":"2020-02-18T12:32:37","guid":{"rendered":"https:\/\/www.volpatolasm.com\/empresa\/storia\/"},"modified":"2020-02-24T17:31:47","modified_gmt":"2020-02-24T16:31:47","slug":"historia","status":"publish","type":"page","link":"https:\/\/volpatolasm.com\/es\/empresa\/historia\/","title":{"rendered":"Historia"},"content":{"rendered":"<p>[vc_row full_width=&#8221;stretch_row&#8221;][vc_column][vc_column_text]<\/p>\n<h2>De la fabricaci\u00f3n de m\u00e1quinas est\u00e1ndar para el lijado a la producci\u00f3n a medida<\/h2>\n<p>[\/vc_column_text][\/vc_column][\/vc_row][vc_row][vc_column width=&#8221;1\/2&#8243;][vc_column_text]Desde su fundaci\u00f3n en 1957, la empresa ha cambiado su sede de producci\u00f3n, renovando tambi\u00e9n el parque de m\u00e1quinas para la fabricaci\u00f3n en el a\u00f1o 2001. Aunque antes era conocida como LASM (acr\u00f3nimo de los nombres de los fundadores), desde entonces, se ha propuesto al mercado con el nombre de VOLPATO, que se ha convertido en la verdadera y propia divisi\u00f3n operativa de la sociedad con la modificaci\u00f3n de la raz\u00f3n social de Snc a Srl. En estos a\u00f1os, la empresa siempre ha explorado nuevos mercados en t\u00e9rminos geogr\u00e1ficos y de segmento, construyendo una red de distribuci\u00f3n que cubre gran parte del mundo y satisface a un n\u00famero cada vez mayor de clientes de peque\u00f1as, medianas y grandes empresas operantes en sectores industriales y artesanales diversos. Precisamente por este motivo, la sociedad ha pasado de la producci\u00f3n de m\u00e1quinas para el mecanizado de la madera a la creaci\u00f3n de m\u00e1quinas personalizadas para el lijado de los materiales, como los compuestos pl\u00e1sticos, el aluminio, el acero, los metales preciosos, el caucho y muchos m\u00e1s.<\/p>\n<p>[\/vc_column_text][\/vc_column][vc_column width=&#8221;1\/2&#8243;][vc_single_image image=&#8221;8765&#8243; img_size=&#8221;full&#8221; alignment=&#8221;center&#8221;][\/vc_column][\/vc_row]<\/p>\n","protected":false},"excerpt":{"rendered":"<p>[vc_row full_width=&#8221;stretch_row&#8221;][vc_column][vc_column_text] De la fabricaci\u00f3n de m\u00e1quinas est\u00e1ndar para el lijado a la producci\u00f3n a medida [\/vc_column_text][\/vc_column][\/vc_row][vc_row][vc_column width=&#8221;1\/2&#8243;][vc_column_text]Desde su fundaci\u00f3n en 1957, la empresa ha cambiado su sede de producci\u00f3n, renovando tambi\u00e9n el parque de m\u00e1quinas para la fabricaci\u00f3n en el a\u00f1o 2001. Aunque antes era conocida como LASM (acr\u00f3nimo de los nombres de los [&hellip;]<\/p>\n","protected":false},"author":4,"featured_media":0,"parent":8798,"menu_order":0,"comment_status":"closed","ping_status":"closed","template":"","meta":[],"yoast_head":"<!-- This site is optimized with the Yoast SEO plugin v19.5.1 - https:\/\/yoast.com\/wordpress\/plugins\/seo\/ -->\n<title>Historia - Volpato LASM<\/title>\n<meta name=\"description\" content=\"De la fabricaci\u00f3n de m\u00e1quinas est\u00e1ndar para el lijado a la producci\u00f3n a medida Desde su fundaci\u00f3n en 1957, la empresa ha cambiado su sede de producci\u00f3n,\" \/>\n<meta name=\"robots\" content=\"index, follow, max-snippet:-1, max-image-preview:large, max-video-preview:-1\" \/>\n<link rel=\"canonical\" href=\"https:\/\/volpatolasm.com\/es\/wp-json\/wp\/v2\/pages\/8819\/\" \/>\n<meta property=\"og:locale\" content=\"es_ES\" \/>\n<meta property=\"og:type\" content=\"article\" \/>\n<meta property=\"og:title\" content=\"Historia - Volpato LASM\" \/>\n<meta property=\"og:description\" content=\"De la fabricaci\u00f3n de m\u00e1quinas est\u00e1ndar para el lijado a la producci\u00f3n a medida Desde su fundaci\u00f3n en 1957, la empresa ha cambiado su sede de producci\u00f3n,\" \/>\n<meta property=\"og:url\" content=\"https:\/\/volpatolasm.com\/es\/empresa\/historia\/\" \/>\n<meta property=\"og:site_name\" content=\"Volpato LASM\" \/>\n<meta property=\"article:modified_time\" content=\"2020-02-24T16:31:47+00:00\" \/>\n<meta name=\"twitter:card\" content=\"summary_large_image\" \/>\n<meta name=\"twitter:label1\" content=\"Tiempo de lectura\" \/>\n\t<meta name=\"twitter:data1\" content=\"1 minuto\" \/>\n<!-- \/ Yoast SEO plugin. -->","yoast_head_json":{"title":"Historia - Volpato LASM","description":"De la fabricaci\u00f3n de m\u00e1quinas est\u00e1ndar para el lijado a la producci\u00f3n a medida Desde su fundaci\u00f3n en 1957, la empresa ha cambiado su sede de producci\u00f3n,","robots":{"index":"index","follow":"follow","max-snippet":"max-snippet:-1","max-image-preview":"max-image-preview:large","max-video-preview":"max-video-preview:-1"},"canonical":"https:\/\/volpatolasm.com\/es\/wp-json\/wp\/v2\/pages\/8819\/","og_locale":"es_ES","og_type":"article","og_title":"Historia - Volpato LASM","og_description":"De la fabricaci\u00f3n de m\u00e1quinas est\u00e1ndar para el lijado a la producci\u00f3n a medida Desde su fundaci\u00f3n en 1957, la empresa ha cambiado su sede de producci\u00f3n,","og_url":"https:\/\/volpatolasm.com\/es\/empresa\/historia\/","og_site_name":"Volpato LASM","article_modified_time":"2020-02-24T16:31:47+00:00","twitter_card":"summary_large_image","twitter_misc":{"Tiempo de lectura":"1 minuto"},"schema":{"@context":"https:\/\/schema.org","@graph":[{"@type":"WebPage","@id":"https:\/\/volpatolasm.com\/es\/empresa\/historia\/","url":"https:\/\/volpatolasm.com\/es\/empresa\/historia\/","name":"Historia - Volpato LASM","isPartOf":{"@id":"https:\/\/volpatolasm.com\/#website"},"datePublished":"2020-02-18T12:32:37+00:00","dateModified":"2020-02-24T16:31:47+00:00","description":"De la fabricaci\u00f3n de m\u00e1quinas est\u00e1ndar para el lijado a la producci\u00f3n a medida Desde su fundaci\u00f3n en 1957, la empresa ha cambiado su sede de producci\u00f3n,","breadcrumb":{"@id":"https:\/\/volpatolasm.com\/es\/empresa\/historia\/#breadcrumb"},"inLanguage":"es","potentialAction":[{"@type":"ReadAction","target":["https:\/\/volpatolasm.com\/es\/empresa\/historia\/"]}]},{"@type":"BreadcrumbList","@id":"https:\/\/volpatolasm.com\/es\/empresa\/historia\/#breadcrumb","itemListElement":[{"@type":"ListItem","position":1,"name":"Home","item":"https:\/\/volpatolasm.com\/es\/"},{"@type":"ListItem","position":2,"name":"Empresa","item":"https:\/\/volpatolasm.com\/es\/empresa\/"},{"@type":"ListItem","position":3,"name":"Historia"}]},{"@type":"WebSite","@id":"https:\/\/volpatolasm.com\/#website","url":"https:\/\/volpatolasm.com\/","name":"Volpato LASM","description":"","potentialAction":[{"@type":"SearchAction","target":{"@type":"EntryPoint","urlTemplate":"https:\/\/volpatolasm.com\/?s={search_term_string}"},"query-input":"required name=search_term_string"}],"inLanguage":"es"}]}},"_links":{"self":[{"href":"https:\/\/volpatolasm.com\/es\/wp-json\/wp\/v2\/pages\/8819"}],"collection":[{"href":"https:\/\/volpatolasm.com\/es\/wp-json\/wp\/v2\/pages"}],"about":[{"href":"https:\/\/volpatolasm.com\/es\/wp-json\/wp\/v2\/types\/page"}],"author":[{"embeddable":true,"href":"https:\/\/volpatolasm.com\/es\/wp-json\/wp\/v2\/users\/4"}],"replies":[{"embeddable":true,"href":"https:\/\/volpatolasm.com\/es\/wp-json\/wp\/v2\/comments?post=8819"}],"version-history":[{"count":4,"href":"https:\/\/volpatolasm.com\/es\/wp-json\/wp\/v2\/pages\/8819\/revisions"}],"predecessor-version":[{"id":8951,"href":"https:\/\/volpatolasm.com\/es\/wp-json\/wp\/v2\/pages\/8819\/revisions\/8951"}],"up":[{"embeddable":true,"href":"https:\/\/volpatolasm.com\/es\/wp-json\/wp\/v2\/pages\/8798"}],"wp:attachment":[{"href":"https:\/\/volpatolasm.com\/es\/wp-json\/wp\/v2\/media?parent=8819"}],"curies":[{"name":"wp","href":"https:\/\/api.w.org\/{rel}","templated":true}]}}