{"id":6956,"date":"2017-09-13T12:29:58","date_gmt":"2017-09-13T12:29:58","guid":{"rendered":"https:\/\/www.volpatolasm.com\/home\/"},"modified":"2020-03-16T12:56:09","modified_gmt":"2020-03-16T11:56:09","slug":"home","status":"publish","type":"page","link":"https:\/\/volpatolasm.com\/es\/","title":{"rendered":"Homepage"},"content":{"rendered":"<p>[vc_row full_width=&#8221;stretch_row&#8221; css=&#8221;.vc_custom_1582204222215{background-color: #fcfcfc !important;}&#8221; el_id=&#8221;firstRow&#8221;][vc_column][vc_custom_heading text=&#8221;Volpato srl: m\u00e1quinas de mecanizado a medida&#8221; font_container=&#8221;tag:h1|text_align:center|color:%23fe0000&#8243; use_theme_fonts=&#8221;yes&#8221; css=&#8221;.vc_custom_1582283761375{margin-bottom: 0px !important;}&#8221;][vc_column_text]<\/p>\n<p style=\"text-align: center;\">VOLPATO es una sociedad fabricante de\u00a0m\u00e1quinas a medida para el lijado de las superficies de madera, con sede en Campodarsego (PD). Fundada en 1957 como LASM Snc, la experiencia adquirida en el campo del lijado de la madera, ha hecho que ocupe una posici\u00f3n de notable relevancia en su sector de referencia. Este resultado ha sido obtenido a trav\u00e9s de una estructura interna vers\u00e1til y competente que muestra una atenci\u00f3n especial con respecto a sus propios clientes, ofreci\u00e9ndoles m\u00e1quinas especiales, proyectadas en base a sus necesidades y que son capaces de efectuar un lijado excelente en maderas, metales y materiales pl\u00e1sticos.<\/p>\n<p style=\"text-align: center;\">\u00a1Plantee su problema y juntos encontraremos una soluci\u00f3n!<\/p>\n<p>[\/vc_column_text][\/vc_column][\/vc_row][vc_row el_id=&#8221;secondRow&#8221;][vc_column][vc_custom_heading text=&#8221;NUESTRAS PRINCIPALES OPERACIONES DE MECANIZADO&#8221; font_container=&#8221;tag:h2|text_align:center&#8221; use_theme_fonts=&#8221;yes&#8221;][vc_column_text]<\/p>\n<p style=\"text-align: center;\">VOLPATO proyecta m\u00e1quinas a medida para trabajos de acabado con distintos materiales, garantizando un producto final de calidad.<\/p>\n<p>[\/vc_column_text][\/vc_column][\/vc_row][vc_row full_width=&#8221;stretch_row_content_no_spaces&#8221; equal_height=&#8221;yes&#8221; content_placement=&#8221;middle&#8221; el_id=&#8221;boxLavorazioni&#8221;][vc_column width=&#8221;1\/6&#8243;][vc_single_image image=&#8221;10324&#8243; img_size=&#8221;medium&#8221; alignment=&#8221;center&#8221; onclick=&#8221;custom_link&#8221; link=&#8221;http:\/\/volpatolasm.com\/es\/operaciones-de-mecanizado\/madera\/&#8221;][vc_custom_heading text=&#8221;Madera&#8221; font_container=&#8221;tag:h4|text_align:center&#8221; use_theme_fonts=&#8221;yes&#8221;][vc_column_text]<\/p>\n<p style=\"text-align: center;\">VOLPATO fabrica m\u00e1quinas a medida de alta eficiencia para trabajos de acabado de la madera<\/p>\n<p>[\/vc_column_text][\/vc_column][vc_column width=&#8221;1\/6&#8243;][vc_single_image image=&#8221;7668&#8243; img_size=&#8221;medium&#8221; alignment=&#8221;center&#8221; onclick=&#8221;custom_link&#8221; link=&#8221;http:\/\/volpatolasm.com\/es\/operaciones-de-mecanizado\/aluminum-es\/&#8221;][vc_custom_heading text=&#8221;Aluminio&#8221; font_container=&#8221;tag:h4|text_align:center&#8221; use_theme_fonts=&#8221;yes&#8221;][vc_column_text]<\/p>\n<p style=\"text-align: center;\">Las m\u00e1quinas proyectadas por VOLPATO garantizan trabajos de acabado del aluminio eficientes<\/p>\n<p>[\/vc_column_text][\/vc_column][vc_column width=&#8221;1\/6&#8243;][vc_single_image image=&#8221;7708&#8243; img_size=&#8221;medium&#8221; alignment=&#8221;center&#8221; onclick=&#8221;custom_link&#8221; link=&#8221;http:\/\/volpatolasm.com\/es\/operaciones-de-mecanizado\/plastico\/&#8221;][vc_custom_heading text=&#8221;Pl\u00e1stico&#8221; font_container=&#8221;tag:h4|text_align:center&#8221; use_theme_fonts=&#8221;yes&#8221;][vc_column_text]<\/p>\n<p style=\"text-align: center;\">Las m\u00e1quinas VOLPATO est\u00e1n dise\u00f1adas para realizar operaciones de acabado del pl\u00e1stico muy eficientes<\/p>\n<p>[\/vc_column_text][\/vc_column][vc_column width=&#8221;1\/6&#8243;][vc_single_image image=&#8221;7698&#8243; img_size=&#8221;medium&#8221; alignment=&#8221;center&#8221; onclick=&#8221;custom_link&#8221; link=&#8221;http:\/\/volpatolasm.com\/es\/operaciones-de-mecanizado\/metal-es\/&#8221;][vc_custom_heading text=&#8221;Metal&#8221; font_container=&#8221;tag:h4|text_align:center&#8221; use_theme_fonts=&#8221;yes&#8221;][vc_column_text]<\/p>\n<p style=\"text-align: center;\">Las m\u00e1quinas a medida de VOLPATO est\u00e1n proyectadas para procesos de acabado de distintos tipos de metal<\/p>\n<p>[\/vc_column_text][\/vc_column][vc_column width=&#8221;1\/6&#8243;][vc_single_image image=&#8221;7678&#8243; img_size=&#8221;medium&#8221; alignment=&#8221;center&#8221; onclick=&#8221;custom_link&#8221; link=&#8221;http:\/\/volpatolasm.com\/es\/operaciones-de-mecanizado\/otros\/&#8221;][vc_custom_heading text=&#8221;Otros&#8221; font_container=&#8221;tag:h4|text_align:center&#8221; use_theme_fonts=&#8221;yes&#8221;][vc_column_text]<\/p>\n<p style=\"text-align: center;\">VOLPATO proyecta tambi\u00e9n m\u00e1quinas personalizadas para el acabado de otros materiales<\/p>\n<p>[\/vc_column_text][\/vc_column][\/vc_row][vc_row el_id=&#8221;boxNewsHome&#8221;][vc_column width=&#8221;1\/2&#8243;][vc_column_text]<\/p>\n<p style=\"text-align: center;\"><strong>\u00daltimas noticias<\/strong><\/p>\n<p>[\/vc_column_text][vc_single_image image=&#8221;8170&#8243; img_size=&#8221;medium&#8221; alignment=&#8221;center&#8221;][vc_column_text]<\/p>\n<p style=\"text-align: center;\">Mant\u00e9ngase al d\u00eda con las noticias sobre las m\u00e1quinas de acabado personalizadas creadas por VOLPATO, hechas de madera, aluminio, pl\u00e1stico, metal y otros materiales y sobre las actividades realizadas, como la participaci\u00f3n en ferias comerciales y eventos de la industria.<\/p>\n<p>[\/vc_column_text][\/vc_column][vc_column width=&#8221;1\/2&#8243;][vc_column_text]<div class=\"boxlistCarousel\">\n\t<div class=\"listCarousel\">\n\t\t\t\t\t\t<div class=\"itemPost\">\n\t\t\t\t\t\t\t\t\t\t<!--<div class=\"imgPost\">\n\t\t\t\t\t\t<a href=\"https:\/\/volpatolasm.com\/es\/cuales-son-las-mejores-maquinas-para-aluminio\/\"><img width=\"300\" height=\"200\" src=\"https:\/\/volpatolasm.com\/wp-content\/uploads\/2020\/07\/come-scegliere-la-macchina-per-lavorare-alluminio-300x200.jpg\" class=\"attachment-medium size-medium wp-post-image\" alt=\"como-elegir-la-maquina-para-trabajar-aluminio\" loading=\"lazy\" srcset=\"https:\/\/volpatolasm.com\/wp-content\/uploads\/2020\/07\/come-scegliere-la-macchina-per-lavorare-alluminio-300x200.jpg 300w, https:\/\/volpatolasm.com\/wp-content\/uploads\/2020\/07\/come-scegliere-la-macchina-per-lavorare-alluminio-768x512.jpg 768w, https:\/\/volpatolasm.com\/wp-content\/uploads\/2020\/07\/come-scegliere-la-macchina-per-lavorare-alluminio.jpg 1000w\" sizes=\"(max-width: 300px) 100vw, 300px\" \/><\/a>\n\t\t\t\t\t<\/div>-->\n\t\t\t\t\t<div class=\"boxInfo\">\n\t\t\t\t\t\t<div class=\"postTitle\">\n\t\t\t\t\t\t\t<a href=\"https:\/\/volpatolasm.com\/es\/cuales-son-las-mejores-maquinas-para-aluminio\/\">\u00bfCu\u00e1les son las mejores m\u00e1quinas para aluminio?<\/a>\n\t\t\t\t\t\t<\/div>\n\t\t\t\t\t\t<a href=\"https:\/\/volpatolasm.com\/es\/cuales-son-las-mejores-maquinas-para-aluminio\/\" class=\"btn\">Leer<\/a>\n\t\t\t\t\t<\/div>\t\t\n\t\t\t\t<\/div>\n\t\t\t\t\t\t<div class=\"itemPost\">\n\t\t\t\t\t\t\t\t\t\t<!--<div class=\"imgPost\">\n\t\t\t\t\t\t<a href=\"https:\/\/volpatolasm.com\/es\/volpato-participa-en-la-mayor-exposicion-de-la-republica-checa-la-wood-tec-2019\/\"><img width=\"300\" height=\"191\" src=\"https:\/\/volpatolasm.com\/wp-content\/uploads\/2019\/01\/fiera-WOOD-TEC-400x255-300x191.jpg\" class=\"attachment-medium size-medium wp-post-image\" alt=\"fiera-wood-tec-400x255\" loading=\"lazy\" srcset=\"https:\/\/volpatolasm.com\/wp-content\/uploads\/2019\/01\/fiera-WOOD-TEC-400x255-300x191.jpg 300w, https:\/\/volpatolasm.com\/wp-content\/uploads\/2019\/01\/fiera-WOOD-TEC-400x255.jpg 400w\" sizes=\"(max-width: 300px) 100vw, 300px\" \/><\/a>\n\t\t\t\t\t<\/div>-->\n\t\t\t\t\t<div class=\"boxInfo\">\n\t\t\t\t\t\t<div class=\"postTitle\">\n\t\t\t\t\t\t\t<a href=\"https:\/\/volpatolasm.com\/es\/volpato-participa-en-la-mayor-exposicion-de-la-republica-checa-la-wood-tec-2019\/\">Volpato participa en la mayor exposici\u00f3n de la Rep\u00fablica Checa, la WOOD-TEC 2019.<\/a>\n\t\t\t\t\t\t<\/div>\n\t\t\t\t\t\t<a href=\"https:\/\/volpatolasm.com\/es\/volpato-participa-en-la-mayor-exposicion-de-la-republica-checa-la-wood-tec-2019\/\" class=\"btn\">Leer<\/a>\n\t\t\t\t\t<\/div>\t\t\n\t\t\t\t<\/div>\n\t\t\t\t\t\t<div class=\"itemPost\">\n\t\t\t\t\t\t\t\t\t\t<!--<div class=\"imgPost\">\n\t\t\t\t\t\t<a href=\"https:\/\/volpatolasm.com\/es\/volpato-participa-en-la-mayor-exposicion-de-suiza-la-holz-basel-2019\/\"><img width=\"208\" height=\"242\" src=\"https:\/\/volpatolasm.com\/wp-content\/uploads\/2019\/01\/fiera-holz-2019.png\" class=\"attachment-medium size-medium wp-post-image\" alt=\"fiera-holz-2019\" loading=\"lazy\" \/><\/a>\n\t\t\t\t\t<\/div>-->\n\t\t\t\t\t<div class=\"boxInfo\">\n\t\t\t\t\t\t<div class=\"postTitle\">\n\t\t\t\t\t\t\t<a href=\"https:\/\/volpatolasm.com\/es\/volpato-participa-en-la-mayor-exposicion-de-suiza-la-holz-basel-2019\/\">Volpato participa en la mayor exposici\u00f3n de\u00a0Suiza, la\u00a0HOLZ BASEL 2019.<\/a>\n\t\t\t\t\t\t<\/div>\n\t\t\t\t\t\t<a href=\"https:\/\/volpatolasm.com\/es\/volpato-participa-en-la-mayor-exposicion-de-suiza-la-holz-basel-2019\/\" class=\"btn\">Leer<\/a>\n\t\t\t\t\t<\/div>\t\t\n\t\t\t\t<\/div>\n\t\t\t\t\t\t<div class=\"itemPost\">\n\t\t\t\t\t\t\t\t\t\t<!--<div class=\"imgPost\">\n\t\t\t\t\t\t<a href=\"https:\/\/volpatolasm.com\/es\/volpato-participa-en-la-mayor-exposicion-de-polonia-la-drema-2019\/\"><img width=\"300\" height=\"84\" src=\"https:\/\/volpatolasm.com\/wp-content\/uploads\/2018\/12\/fiera-Drema-1-300x84.png\" class=\"attachment-medium size-medium wp-post-image\" alt=\"fiera-drema\" loading=\"lazy\" srcset=\"https:\/\/volpatolasm.com\/wp-content\/uploads\/2018\/12\/fiera-Drema-1-300x84.png 300w, https:\/\/volpatolasm.com\/wp-content\/uploads\/2018\/12\/fiera-Drema-1.png 712w\" sizes=\"(max-width: 300px) 100vw, 300px\" \/><\/a>\n\t\t\t\t\t<\/div>-->\n\t\t\t\t\t<div class=\"boxInfo\">\n\t\t\t\t\t\t<div class=\"postTitle\">\n\t\t\t\t\t\t\t<a href=\"https:\/\/volpatolasm.com\/es\/volpato-participa-en-la-mayor-exposicion-de-polonia-la-drema-2019\/\">\u00a0Volpato participa en la mayor exposici\u00f3n de\u00a0Polonia, la\u00a0DREMA 2019.<\/a>\n\t\t\t\t\t\t<\/div>\n\t\t\t\t\t\t<a href=\"https:\/\/volpatolasm.com\/es\/volpato-participa-en-la-mayor-exposicion-de-polonia-la-drema-2019\/\" class=\"btn\">Leer<\/a>\n\t\t\t\t\t<\/div>\t\t\n\t\t\t\t<\/div>\n\t\t\t\t\t\t<div class=\"itemPost\">\n\t\t\t\t\t\t\t\t\t\t<!--<div class=\"imgPost\">\n\t\t\t\t\t\t<a href=\"https:\/\/volpatolasm.com\/es\/volpato-participa-en-la-mayor-exposicion-de-india-la-awfs-vegas-2019\/\"><img width=\"300\" height=\"156\" src=\"https:\/\/volpatolasm.com\/wp-content\/uploads\/2018\/12\/fiera-LAs-vegas-300x156.jpeg\" class=\"attachment-medium size-medium wp-post-image\" alt=\"fiera-las-vegas\" loading=\"lazy\" srcset=\"https:\/\/volpatolasm.com\/wp-content\/uploads\/2018\/12\/fiera-LAs-vegas-300x156.jpeg 300w, https:\/\/volpatolasm.com\/wp-content\/uploads\/2018\/12\/fiera-LAs-vegas.jpeg 311w\" sizes=\"(max-width: 300px) 100vw, 300px\" \/><\/a>\n\t\t\t\t\t<\/div>-->\n\t\t\t\t\t<div class=\"boxInfo\">\n\t\t\t\t\t\t<div class=\"postTitle\">\n\t\t\t\t\t\t\t<a href=\"https:\/\/volpatolasm.com\/es\/volpato-participa-en-la-mayor-exposicion-de-india-la-awfs-vegas-2019\/\">Volpato participa en la mayor exposici\u00f3n de India, la AWFS VEGAS 2019.<\/a>\n\t\t\t\t\t\t<\/div>\n\t\t\t\t\t\t<a href=\"https:\/\/volpatolasm.com\/es\/volpato-participa-en-la-mayor-exposicion-de-india-la-awfs-vegas-2019\/\" class=\"btn\">Leer<\/a>\n\t\t\t\t\t<\/div>\t\t\n\t\t\t\t<\/div>\n\t\t\t\t\t\t<div class=\"itemPost\">\n\t\t\t\t\t\t\t\t\t\t<!--<div class=\"imgPost\">\n\t\t\t\t\t\t<a href=\"https:\/\/volpatolasm.com\/es\/volpato-en-la-exposicion-de-la-industria-del-metal\/\"><\/a>\n\t\t\t\t\t<\/div>-->\n\t\t\t\t\t<div class=\"boxInfo\">\n\t\t\t\t\t\t<div class=\"postTitle\">\n\t\t\t\t\t\t\t<a href=\"https:\/\/volpatolasm.com\/es\/volpato-en-la-exposicion-de-la-industria-del-metal\/\">Volpato en la exposici\u00f3n de la industria del metal<\/a>\n\t\t\t\t\t\t<\/div>\n\t\t\t\t\t\t<a href=\"https:\/\/volpatolasm.com\/es\/volpato-en-la-exposicion-de-la-industria-del-metal\/\" class=\"btn\">Leer<\/a>\n\t\t\t\t\t<\/div>\t\t\n\t\t\t\t<\/div>\n\t\t\t<\/div>\n\t<script type=\"text\/javascript\">\n\t\tjQuery( document ).ready(function() {\n\t\t\tjQuery('.listCarousel').slick({\n\t\t\t  arrows:false,\n\t\t\t  infinite: true,\n\t\t\t  slidesToShow: 1,\n\t\t\t  slidesToScroll: 1,\n\t\t\t  fade: true,\n\t\t\t  drag:true,\t\t\t\t\n\t\t\t  autoplay: true,\n\t\t\t  autoplaySpeed: 6000,\t  \n\t\t\t  dots: true,\n\t\t\t  speed: 300,\n\t\t\t  prevArrow: '<a href=\"javascript:void(0)\" class=\"prevSlick\"><i class=\"fa fa-caret-left\"><\/i><\/a>',\n\t\t\t  nextArrow: '<a href=\"javascript:void(0)\" class=\"nextSlick\"><i class=\"fa fa-caret-right\"><\/i><\/a>',\n\t\t\t  responsive: [\n\t\t\t  {\n\t\t\t      breakpoint: 768,\n\t\t\t      settings: {\n\t\t\t        slidesToShow: 1,\n\t\t\t        slidesToScroll: 1\t\t\t      }\n\t\t\t    },\n\t\t\t    {\n\t\t\t      breakpoint: 480,\n\t\t\t      settings: {\n\t\t\t        slidesToShow: 1,\n\t\t\t        slidesToScroll: 1\t\t\t      }\n\t\t\t    }\n\t\t\t  ]\t\t\t  \n\t\t\t});\n\t\t});\t\t\t\n\t<\/script> \t\t\t\n<\/div>\n\n[\/vc_column_text][\/vc_column][\/vc_row][vc_row full_width=&#8221;stretch_row&#8221; css=&#8221;.vc_custom_1582212341058{background-image: url(http:\/\/volpatolasm.com\/wp-content\/uploads\/2020\/02\/cta.jpg?id=8277) !important;background-position: center !important;background-repeat: no-repeat !important;background-size: cover !important;}&#8221; el_id=&#8221;boxContactUs&#8221;][vc_column][vc_row_inner el_class=&#8221;boxForm&#8221;][vc_column_inner][vc_column_text]<\/p>\n<p style=\"text-align: center;\"><strong>CONT\u00c1CTENOS<\/strong><br \/>\nSi desea obtener m\u00e1s informaci\u00f3n acerca de las m\u00e1quinas de acabado para madera, aluminio, pl\u00e1stico, metal y otros materiales, as\u00ed como los servicios que ofrece VOLPATO, rellene el m\u00f3dulo de contacto y nuestro Personal responder\u00e1 a la mayor brevedad posible a cualquier tipo de curiosidad que tenga al respecto.<\/p>\n<p>[\/vc_column_text]<div role=\"form\" class=\"wpcf7\" id=\"wpcf7-f8315-o1\" lang=\"it-IT\" dir=\"ltr\">\n<div class=\"screen-reader-response\"><p role=\"status\" aria-live=\"polite\" aria-atomic=\"true\"><\/p> <ul><\/ul><\/div>\n<form action=\"\/es\/wp-json\/wp\/v2\/pages\/6956#wpcf7-f8315-o1\" method=\"post\" class=\"wpcf7-form init\" novalidate=\"novalidate\" data-status=\"init\">\n<div style=\"display: none;\">\n<input type=\"hidden\" name=\"_wpcf7\" value=\"8315\" \/>\n<input type=\"hidden\" name=\"_wpcf7_version\" value=\"5.6.2\" \/>\n<input type=\"hidden\" name=\"_wpcf7_locale\" value=\"it_IT\" \/>\n<input type=\"hidden\" name=\"_wpcf7_unit_tag\" value=\"wpcf7-f8315-o1\" \/>\n<input type=\"hidden\" name=\"_wpcf7_container_post\" value=\"0\" \/>\n<input type=\"hidden\" name=\"_wpcf7_posted_data_hash\" value=\"\" \/>\n<input type=\"hidden\" name=\"_wpcf7_recaptcha_response\" value=\"\" \/>\n<\/div>\n<div class=\"inputBox\">\n<span class=\"wpcf7-form-control-wrap\" data-name=\"nome\"><input type=\"text\" name=\"nome\" value=\"\" size=\"40\" class=\"wpcf7-form-control wpcf7-text wpcf7-validates-as-required\" aria-required=\"true\" aria-invalid=\"false\" placeholder=\"Nombre y apellidos*\" \/><\/span>\n<\/div>\n<div class=\"inputBox\">\n<span class=\"wpcf7-form-control-wrap\" data-name=\"email\"><input type=\"text\" name=\"email\" value=\"\" size=\"40\" class=\"wpcf7-form-control wpcf7-text wpcf7-validates-as-required\" aria-required=\"true\" aria-invalid=\"false\" placeholder=\"E-Mail*\" \/><\/span>\n<\/div>\n<div class=\"inputBox\">\n<span class=\"wpcf7-form-control-wrap\" data-name=\"messaggio\"><input type=\"text\" name=\"messaggio\" value=\"\" size=\"40\" class=\"wpcf7-form-control wpcf7-text wpcf7-validates-as-required\" aria-required=\"true\" aria-invalid=\"false\" placeholder=\"Mensaje*\" \/><\/span>\n<\/div>\n<div class=\"inputBox\">\n<span class=\"wpcf7-form-control-wrap\" data-name=\"privacy\"><span class=\"wpcf7-form-control wpcf7-acceptance\"><span class=\"wpcf7-list-item\"><label><input type=\"checkbox\" name=\"privacy\" value=\"1\" aria-invalid=\"false\" \/><span class=\"wpcf7-list-item-label\">Acepto el procesamiento de datos <a href=\"privacy\">(info)*<\/a><\/span><\/label><\/span><\/span><\/span>\n<\/div>\n<div class=\"boxSubmit\">\n<div class=\"inputBox col-12\">\n\t\t<span class=\"wpcf7-form-control-wrap\" data-name=\"newsletter\"><span class=\"wpcf7-form-control wpcf7-acceptance optional\"><span class=\"wpcf7-list-item\"><label><input type=\"checkbox\" name=\"newsletter\" value=\"1\" aria-invalid=\"false\" \/><span class=\"wpcf7-list-item-label\">Suscr\u00edbase a nuestro Newsletter<\/span><\/label><\/span><\/span><\/span>\n\t<\/div>\n<p><input type=\"submit\" value=\"Presentar\" class=\"wpcf7-form-control has-spinner wpcf7-submit\" \/>\n<\/p><\/div>\n<div class=\"wpcf7-response-output\" aria-hidden=\"true\"><\/div><\/form><\/div>[\/vc_column_inner][\/vc_row_inner][\/vc_column][\/vc_row]<\/p>\n","protected":false},"excerpt":{"rendered":"<p>[vc_row full_width=&#8221;stretch_row&#8221; css=&#8221;.vc_custom_1582204222215{background-color: #fcfcfc !important;}&#8221; el_id=&#8221;firstRow&#8221;][vc_column][vc_custom_heading text=&#8221;Volpato srl: m\u00e1quinas de mecanizado a medida&#8221; font_container=&#8221;tag:h1|text_align:center|color:%23fe0000&#8243; use_theme_fonts=&#8221;yes&#8221; css=&#8221;.vc_custom_1582283761375{margin-bottom: 0px !important;}&#8221;][vc_column_text] VOLPATO es una sociedad fabricante de\u00a0m\u00e1quinas a medida para el lijado de las superficies de madera, con sede en Campodarsego (PD). Fundada en 1957 como LASM Snc, la experiencia adquirida en el campo del lijado de la [&hellip;]<\/p>\n","protected":false},"author":4,"featured_media":0,"parent":0,"menu_order":0,"comment_status":"closed","ping_status":"closed","template":"","meta":[],"yoast_head":"<!-- This site is optimized with the Yoast SEO plugin v19.5.1 - https:\/\/yoast.com\/wordpress\/plugins\/seo\/ -->\n<title>Homepage - Volpato LASM<\/title>\n<meta name=\"description\" content=\"VOLPATO es una sociedad fabricante de\u00a0m\u00e1quinas a medida para el lijado de las superficies de madera, con sede en Campodarsego (PD). Fundada en 1957 como\" \/>\n<meta name=\"robots\" content=\"index, follow, max-snippet:-1, max-image-preview:large, max-video-preview:-1\" \/>\n<link rel=\"canonical\" href=\"https:\/\/volpatolasm.com\/es\/wp-json\/wp\/v2\/pages\/6956\/\" \/>\n<meta property=\"og:locale\" content=\"es_ES\" \/>\n<meta property=\"og:type\" content=\"article\" \/>\n<meta property=\"og:title\" content=\"Homepage - Volpato LASM\" \/>\n<meta property=\"og:description\" content=\"VOLPATO es una sociedad fabricante de\u00a0m\u00e1quinas a medida para el lijado de las superficies de madera, con sede en Campodarsego (PD). Fundada en 1957 como\" \/>\n<meta property=\"og:url\" content=\"https:\/\/volpatolasm.com\/es\/\" \/>\n<meta property=\"og:site_name\" content=\"Volpato LASM\" \/>\n<meta property=\"article:modified_time\" content=\"2020-03-16T11:56:09+00:00\" \/>\n<meta name=\"twitter:card\" content=\"summary_large_image\" \/>\n<meta name=\"twitter:label1\" content=\"Tiempo de lectura\" \/>\n\t<meta name=\"twitter:data1\" content=\"4 minutos\" \/>\n<!-- \/ Yoast SEO plugin. -->","yoast_head_json":{"title":"Homepage - Volpato LASM","description":"VOLPATO es una sociedad fabricante de\u00a0m\u00e1quinas a medida para el lijado de las superficies de madera, con sede en Campodarsego (PD). Fundada en 1957 como","robots":{"index":"index","follow":"follow","max-snippet":"max-snippet:-1","max-image-preview":"max-image-preview:large","max-video-preview":"max-video-preview:-1"},"canonical":"https:\/\/volpatolasm.com\/es\/wp-json\/wp\/v2\/pages\/6956\/","og_locale":"es_ES","og_type":"article","og_title":"Homepage - Volpato LASM","og_description":"VOLPATO es una sociedad fabricante de\u00a0m\u00e1quinas a medida para el lijado de las superficies de madera, con sede en Campodarsego (PD). Fundada en 1957 como","og_url":"https:\/\/volpatolasm.com\/es\/","og_site_name":"Volpato LASM","article_modified_time":"2020-03-16T11:56:09+00:00","twitter_card":"summary_large_image","twitter_misc":{"Tiempo de lectura":"4 minutos"},"schema":{"@context":"https:\/\/schema.org","@graph":[{"@type":"WebPage","@id":"https:\/\/volpatolasm.com\/es\/","url":"https:\/\/volpatolasm.com\/es\/","name":"Homepage - Volpato LASM","isPartOf":{"@id":"https:\/\/volpatolasm.com\/#website"},"datePublished":"2017-09-13T12:29:58+00:00","dateModified":"2020-03-16T11:56:09+00:00","description":"VOLPATO es una sociedad fabricante de\u00a0m\u00e1quinas a medida para el lijado de las superficies de madera, con sede en Campodarsego (PD). Fundada en 1957 como","breadcrumb":{"@id":"https:\/\/volpatolasm.com\/es\/#breadcrumb"},"inLanguage":"es","potentialAction":[{"@type":"ReadAction","target":["https:\/\/volpatolasm.com\/es\/"]}]},{"@type":"BreadcrumbList","@id":"https:\/\/volpatolasm.com\/es\/#breadcrumb","itemListElement":[{"@type":"ListItem","position":1,"name":"Home","item":"https:\/\/volpatolasm.com\/es\/"},{"@type":"ListItem","position":2,"name":"Homepage"}]},{"@type":"WebSite","@id":"https:\/\/volpatolasm.com\/#website","url":"https:\/\/volpatolasm.com\/","name":"Volpato LASM","description":"","potentialAction":[{"@type":"SearchAction","target":{"@type":"EntryPoint","urlTemplate":"https:\/\/volpatolasm.com\/?s={search_term_string}"},"query-input":"required name=search_term_string"}],"inLanguage":"es"}]}},"_links":{"self":[{"href":"https:\/\/volpatolasm.com\/es\/wp-json\/wp\/v2\/pages\/6956"}],"collection":[{"href":"https:\/\/volpatolasm.com\/es\/wp-json\/wp\/v2\/pages"}],"about":[{"href":"https:\/\/volpatolasm.com\/es\/wp-json\/wp\/v2\/types\/page"}],"author":[{"embeddable":true,"href":"https:\/\/volpatolasm.com\/es\/wp-json\/wp\/v2\/users\/4"}],"replies":[{"embeddable":true,"href":"https:\/\/volpatolasm.com\/es\/wp-json\/wp\/v2\/comments?post=6956"}],"version-history":[{"count":89,"href":"https:\/\/volpatolasm.com\/es\/wp-json\/wp\/v2\/pages\/6956\/revisions"}],"predecessor-version":[{"id":10336,"href":"https:\/\/volpatolasm.com\/es\/wp-json\/wp\/v2\/pages\/6956\/revisions\/10336"}],"wp:attachment":[{"href":"https:\/\/volpatolasm.com\/es\/wp-json\/wp\/v2\/media?parent=6956"}],"curies":[{"name":"wp","href":"https:\/\/api.w.org\/{rel}","templated":true}]}}