{"id":10091,"date":"2020-02-18T14:10:32","date_gmt":"2020-02-18T13:10:32","guid":{"rendered":"https:\/\/www.volpatolasm.com\/case-history-page\/"},"modified":"2020-03-04T09:18:58","modified_gmt":"2020-03-04T08:18:58","slug":"antecedentes","status":"publish","type":"page","link":"https:\/\/volpatolasm.com\/es\/antecedentes\/","title":{"rendered":"Antecedentes"},"content":{"rendered":"<p>[vc_row][vc_column][vc_column_text]<\/p>\n<h2>Las m\u00e1quinas para acabados especiales fabricadas por VOLPATO<\/h2>\n<p>A lo largo de su historia, VOLPATO se ha ocupado de realizar\u00a0<strong>m\u00e1quinas de acabados especiales<\/strong>, que han sido proyectadas en base a las necesidades y exigencias espec\u00edficas de cada uno de sus clientes. En esta secci\u00f3n podr\u00e1n encontrar todos los ejemplos de m\u00e1quinas personalizadas fabricadas\u00a0 por un equipo excelente de la empresa que desarrolla constantemente soluciones tecnol\u00f3gicas de alto nivel innovador.[\/vc_column_text][\/vc_column][\/vc_row]<\/p>\n","protected":false},"excerpt":{"rendered":"<p>[vc_row][vc_column][vc_column_text] Las m\u00e1quinas para acabados especiales fabricadas por VOLPATO A lo largo de su historia, VOLPATO se ha ocupado de realizar\u00a0m\u00e1quinas de acabados especiales, que han sido proyectadas en base a las necesidades y exigencias espec\u00edficas de cada uno de sus clientes. En esta secci\u00f3n podr\u00e1n encontrar todos los ejemplos de m\u00e1quinas personalizadas fabricadas\u00a0 por [&hellip;]<\/p>\n","protected":false},"author":4,"featured_media":0,"parent":0,"menu_order":0,"comment_status":"closed","ping_status":"closed","template":"tpl-case-history-list.php","meta":[],"yoast_head":"<!-- This site is optimized with the Yoast SEO plugin v19.5.1 - https:\/\/yoast.com\/wordpress\/plugins\/seo\/ -->\n<title>Antecedentes - Volpato LASM<\/title>\n<meta name=\"description\" content=\"Las m\u00e1quinas para acabados especiales fabricadas por VOLPATO A lo largo de su historia, VOLPATO se ha ocupado de realizar\u00a0m\u00e1quinas de acabados especiales,\" \/>\n<meta name=\"robots\" content=\"index, follow, max-snippet:-1, max-image-preview:large, max-video-preview:-1\" \/>\n<link rel=\"canonical\" href=\"https:\/\/volpatolasm.com\/es\/wp-json\/wp\/v2\/pages\/10091\/\" \/>\n<meta property=\"og:locale\" content=\"es_ES\" \/>\n<meta property=\"og:type\" content=\"article\" \/>\n<meta property=\"og:title\" content=\"Antecedentes - Volpato LASM\" \/>\n<meta property=\"og:description\" content=\"Las m\u00e1quinas para acabados especiales fabricadas por VOLPATO A lo largo de su historia, VOLPATO se ha ocupado de realizar\u00a0m\u00e1quinas de acabados especiales,\" \/>\n<meta property=\"og:url\" content=\"https:\/\/volpatolasm.com\/es\/antecedentes\/\" \/>\n<meta property=\"og:site_name\" content=\"Volpato LASM\" \/>\n<meta property=\"article:modified_time\" content=\"2020-03-04T08:18:58+00:00\" \/>\n<meta name=\"twitter:card\" content=\"summary_large_image\" \/>\n<!-- \/ Yoast SEO plugin. -->","yoast_head_json":{"title":"Antecedentes - Volpato LASM","description":"Las m\u00e1quinas para acabados especiales fabricadas por VOLPATO A lo largo de su historia, VOLPATO se ha ocupado de realizar\u00a0m\u00e1quinas de acabados especiales,","robots":{"index":"index","follow":"follow","max-snippet":"max-snippet:-1","max-image-preview":"max-image-preview:large","max-video-preview":"max-video-preview:-1"},"canonical":"https:\/\/volpatolasm.com\/es\/wp-json\/wp\/v2\/pages\/10091\/","og_locale":"es_ES","og_type":"article","og_title":"Antecedentes - Volpato LASM","og_description":"Las m\u00e1quinas para acabados especiales fabricadas por VOLPATO A lo largo de su historia, VOLPATO se ha ocupado de realizar\u00a0m\u00e1quinas de acabados especiales,","og_url":"https:\/\/volpatolasm.com\/es\/antecedentes\/","og_site_name":"Volpato LASM","article_modified_time":"2020-03-04T08:18:58+00:00","twitter_card":"summary_large_image","schema":{"@context":"https:\/\/schema.org","@graph":[{"@type":"WebPage","@id":"https:\/\/volpatolasm.com\/es\/antecedentes\/","url":"https:\/\/volpatolasm.com\/es\/antecedentes\/","name":"Antecedentes - Volpato LASM","isPartOf":{"@id":"https:\/\/volpatolasm.com\/#website"},"datePublished":"2020-02-18T13:10:32+00:00","dateModified":"2020-03-04T08:18:58+00:00","description":"Las m\u00e1quinas para acabados especiales fabricadas por VOLPATO A lo largo de su historia, VOLPATO se ha ocupado de realizar\u00a0m\u00e1quinas de acabados especiales,","breadcrumb":{"@id":"https:\/\/volpatolasm.com\/es\/antecedentes\/#breadcrumb"},"inLanguage":"es","potentialAction":[{"@type":"ReadAction","target":["https:\/\/volpatolasm.com\/es\/antecedentes\/"]}]},{"@type":"BreadcrumbList","@id":"https:\/\/volpatolasm.com\/es\/antecedentes\/#breadcrumb","itemListElement":[{"@type":"ListItem","position":1,"name":"Home","item":"https:\/\/volpatolasm.com\/es\/"},{"@type":"ListItem","position":2,"name":"Antecedentes"}]},{"@type":"WebSite","@id":"https:\/\/volpatolasm.com\/#website","url":"https:\/\/volpatolasm.com\/","name":"Volpato LASM","description":"","potentialAction":[{"@type":"SearchAction","target":{"@type":"EntryPoint","urlTemplate":"https:\/\/volpatolasm.com\/?s={search_term_string}"},"query-input":"required name=search_term_string"}],"inLanguage":"es"}]}},"_links":{"self":[{"href":"https:\/\/volpatolasm.com\/es\/wp-json\/wp\/v2\/pages\/10091"}],"collection":[{"href":"https:\/\/volpatolasm.com\/es\/wp-json\/wp\/v2\/pages"}],"about":[{"href":"https:\/\/volpatolasm.com\/es\/wp-json\/wp\/v2\/types\/page"}],"author":[{"embeddable":true,"href":"https:\/\/volpatolasm.com\/es\/wp-json\/wp\/v2\/users\/4"}],"replies":[{"embeddable":true,"href":"https:\/\/volpatolasm.com\/es\/wp-json\/wp\/v2\/comments?post=10091"}],"version-history":[{"count":2,"href":"https:\/\/volpatolasm.com\/es\/wp-json\/wp\/v2\/pages\/10091\/revisions"}],"predecessor-version":[{"id":10099,"href":"https:\/\/volpatolasm.com\/es\/wp-json\/wp\/v2\/pages\/10091\/revisions\/10099"}],"wp:attachment":[{"href":"https:\/\/volpatolasm.com\/es\/wp-json\/wp\/v2\/media?parent=10091"}],"curies":[{"name":"wp","href":"https:\/\/api.w.org\/{rel}","templated":true}]}}