{"id":9638,"date":"2020-02-18T13:54:04","date_gmt":"2020-02-18T12:54:04","guid":{"rendered":"https:\/\/www.volpatolasm.com\/lavorazioni_page\/"},"modified":"2020-02-28T14:38:39","modified_gmt":"2020-02-28T13:38:39","slug":"verarbeitung_page","status":"publish","type":"page","link":"https:\/\/volpatolasm.com\/de\/verarbeitung_page\/","title":{"rendered":"Verarbeitung"},"content":{"rendered":"<p>[vc_row][vc_column][vc_column_text]<\/p>\n<h2>Die Funktionen von Endbearbeitungsmaschinen f\u00fcr Holz, Metall, Aluminium und Kunststoff<\/h2>\n<p>Die von VOLPATO entworfenen und hergestellten Maschinen sind Maschinen f\u00fcr B<strong>earbeitungsprozesse f\u00fcr verschiedene Materialien<\/strong>\u00a0wie Holz, Aluminium, Metall und Kunststoff. Dar\u00fcber hinaus kann das Unternehmen kombinierte Maschinen anbieten, die in der Lage sind, verschiedene Arten von Bearbeitungen durchzuf\u00fchren und immer ein Endprodukt von h\u00f6chster Qualit\u00e4t zu erhalten.[\/vc_column_text][\/vc_column][\/vc_row][vc_row full_width=&#8221;stretch_row_content_no_spaces&#8221; equal_height=&#8221;yes&#8221; content_placement=&#8221;middle&#8221; el_id=&#8221;boxLavorazioni&#8221;][vc_column width=&#8221;1\/6&#8243;][vc_single_image image=&#8221;8159&#8243; img_size=&#8221;medium&#8221; alignment=&#8221;center&#8221; onclick=&#8221;custom_link&#8221; link=&#8221;http:\/\/volpatolasm.com\/de\/verarbeitung\/holz\/&#8221;][vc_custom_heading text=&#8221;Holz&#8221; font_container=&#8221;tag:h4|text_align:center&#8221; use_theme_fonts=&#8221;yes&#8221;][vc_column_text]<\/p>\n<div class=\"et_pb_column et_pb_column_1_5 et_pb_column_2 et_pb_css_mix_blend_mode_passthrough\">\n<div class=\"et_pb_module et_pb_blurb et_pb_blurb_0 et_pb_text_align_center et_pb_blurb_position_top et_pb_bg_layout_light\">\n<div class=\"et_pb_blurb_content\">\n<div class=\"et_pb_blurb_container\">\n<div class=\"et_pb_blurb_description\">\n<p style=\"text-align: center;\">VOLPATO fertigt hocheffiziente kundenspezifische Maschinen f\u00fcr die Holzbearbeitung<\/p>\n<\/div>\n<\/div>\n<\/div>\n<\/div>\n<\/div>\n<p>[\/vc_column_text][\/vc_column][vc_column width=&#8221;1\/6&#8243;][vc_single_image image=&#8221;7667&#8243; img_size=&#8221;medium&#8221; alignment=&#8221;center&#8221; onclick=&#8221;custom_link&#8221; link=&#8221;http:\/\/volpatolasm.com\/de\/verarbeitung\/aluminum-de\/&#8221;][vc_custom_heading text=&#8221;Aluminium&#8221; font_container=&#8221;tag:h4|text_align:center&#8221; use_theme_fonts=&#8221;yes&#8221;][vc_column_text]<\/p>\n<div class=\"et_pb_column et_pb_column_1_5 et_pb_column_2 et_pb_css_mix_blend_mode_passthrough\">\n<div class=\"et_pb_module et_pb_blurb et_pb_blurb_0 et_pb_text_align_center et_pb_blurb_position_top et_pb_bg_layout_light\">\n<div class=\"et_pb_blurb_content\">\n<div class=\"et_pb_blurb_container\">\n<div class=\"et_pb_blurb_description\">\n<div class=\"et_pb_column et_pb_column_1_5 et_pb_column_3 et_pb_css_mix_blend_mode_passthrough\">\n<div class=\"et_pb_module et_pb_blurb et_pb_blurb_1 et_pb_text_align_center et_pb_blurb_position_top et_pb_bg_layout_light\">\n<div class=\"et_pb_blurb_content\">\n<div class=\"et_pb_blurb_container\">\n<div class=\"et_pb_blurb_description\">\n<p style=\"text-align: center;\">Die von VOLPATO entwickelten Maschinen garantieren effiziente Aluminium-Veredelungsprozesse<\/p>\n<\/div>\n<\/div>\n<\/div>\n<\/div>\n<\/div>\n<\/div>\n<\/div>\n<\/div>\n<\/div>\n<\/div>\n<p>[\/vc_column_text][\/vc_column][vc_column width=&#8221;1\/6&#8243;][vc_single_image image=&#8221;7707&#8243; img_size=&#8221;medium&#8221; alignment=&#8221;center&#8221; onclick=&#8221;custom_link&#8221; link=&#8221;http:\/\/volpatolasm.com\/de\/verarbeitung\/kunststoff\/&#8221;][vc_custom_heading text=&#8221;Kunststoff&#8221; font_container=&#8221;tag:h4|text_align:center&#8221; use_theme_fonts=&#8221;yes&#8221;][vc_column_text]<\/p>\n<div class=\"et_pb_column et_pb_column_1_5 et_pb_column_2 et_pb_css_mix_blend_mode_passthrough\">\n<div class=\"et_pb_module et_pb_blurb et_pb_blurb_0 et_pb_text_align_center et_pb_blurb_position_top et_pb_bg_layout_light\">\n<div class=\"et_pb_blurb_content\">\n<div class=\"et_pb_blurb_container\">\n<div class=\"et_pb_blurb_description\">\n<div class=\"et_pb_column et_pb_column_1_5 et_pb_column_4 et_pb_css_mix_blend_mode_passthrough\">\n<div class=\"et_pb_module et_pb_blurb et_pb_blurb_2 et_pb_text_align_center et_pb_blurb_position_top et_pb_bg_layout_light\">\n<div class=\"et_pb_blurb_content\">\n<div class=\"et_pb_blurb_container\">\n<div class=\"et_pb_blurb_description\">\n<p style=\"text-align: center;\">VOLPATO-Maschinen sind f\u00fcr hocheffiziente Kunststoff-Endbearbeitungen ausgelegt\u2026<\/p>\n<\/div>\n<\/div>\n<\/div>\n<\/div>\n<\/div>\n<\/div>\n<\/div>\n<\/div>\n<\/div>\n<\/div>\n<p>[\/vc_column_text][\/vc_column][vc_column width=&#8221;1\/6&#8243;][vc_single_image image=&#8221;7697&#8243; img_size=&#8221;medium&#8221; alignment=&#8221;center&#8221; onclick=&#8221;custom_link&#8221; link=&#8221;http:\/\/volpatolasm.com\/de\/verarbeitung\/metall\/&#8221;][vc_custom_heading text=&#8221;Metall&#8221; font_container=&#8221;tag:h4|text_align:center&#8221; use_theme_fonts=&#8221;yes&#8221;][vc_column_text]<\/p>\n<div class=\"et_pb_column et_pb_column_1_5 et_pb_column_2 et_pb_css_mix_blend_mode_passthrough\">\n<div class=\"et_pb_module et_pb_blurb et_pb_blurb_0 et_pb_text_align_center et_pb_blurb_position_top et_pb_bg_layout_light\">\n<div class=\"et_pb_blurb_content\">\n<div class=\"et_pb_blurb_container\">\n<div class=\"et_pb_blurb_description\">\n<div class=\"et_pb_column et_pb_column_1_5 et_pb_column_5 et_pb_css_mix_blend_mode_passthrough\">\n<div class=\"et_pb_module et_pb_blurb et_pb_blurb_3 et_pb_text_align_center et_pb_blurb_position_top et_pb_bg_layout_light\">\n<div class=\"et_pb_blurb_content\">\n<div class=\"et_pb_blurb_container\">\n<div class=\"et_pb_blurb_description\">\n<p style=\"text-align: center;\">Die ma\u00dfgeschneiderten Maschinen von VOLPATO sind f\u00fcr die Endbearbeitung verschiedener Metallarten ausgelegt<\/p>\n<\/div>\n<\/div>\n<\/div>\n<\/div>\n<\/div>\n<\/div>\n<\/div>\n<\/div>\n<\/div>\n<\/div>\n<p>[\/vc_column_text][\/vc_column][vc_column width=&#8221;1\/6&#8243;][vc_single_image image=&#8221;7677&#8243; img_size=&#8221;medium&#8221; alignment=&#8221;center&#8221; onclick=&#8221;custom_link&#8221; link=&#8221;http:\/\/volpatolasm.com\/de\/verarbeitung\/mehr\/&#8221;][vc_custom_heading text=&#8221;Mehr&#8221; font_container=&#8221;tag:h4|text_align:center&#8221; use_theme_fonts=&#8221;yes&#8221;][vc_column_text]<\/p>\n<div class=\"et_pb_column et_pb_column_1_5 et_pb_column_2 et_pb_css_mix_blend_mode_passthrough\">\n<div class=\"et_pb_module et_pb_blurb et_pb_blurb_0 et_pb_text_align_center et_pb_blurb_position_top et_pb_bg_layout_light\">\n<div class=\"et_pb_blurb_content\">\n<div class=\"et_pb_blurb_container\">\n<div class=\"et_pb_blurb_description\">\n<div class=\"et_pb_section et_pb_section_2 et_section_regular\">\n<div class=\"et_pb_row et_pb_row_2 et_pb_gutters2 et_pb_row_5col et_had_animation\" data-animation-style=\"slide\" data-animation-repeat=\"\" data-animation-duration=\"1000ms\" data-animation-delay=\"0ms\" data-animation-intensity=\"50%\" data-animation-starting-opacity=\"0%\" data-animation-speed-curve=\"ease-in-out\">\n<div class=\"et_pb_column et_pb_column_1_5 et_pb_column_6 et_pb_css_mix_blend_mode_passthrough et-last-child\">\n<div class=\"et_pb_module et_pb_blurb et_pb_blurb_4 et_pb_text_align_center et_pb_blurb_position_top et_pb_bg_layout_light\">\n<div class=\"et_pb_blurb_content\">\n<div class=\"et_pb_blurb_container\">\n<div class=\"et_pb_blurb_description\">\n<p style=\"text-align: center;\">VOLPATO entwickelt auch kundenspezifische Maschinen f\u00fcr die Bearbeitung anderer Materialien<\/p>\n<\/div>\n<\/div>\n<\/div>\n<\/div>\n<\/div>\n<\/div>\n<\/div>\n<\/div>\n<\/div>\n<\/div>\n<\/div>\n<\/div>\n<p>[\/vc_column_text][\/vc_column][\/vc_row]<\/p>\n","protected":false},"excerpt":{"rendered":"<p>[vc_row][vc_column][vc_column_text] Die Funktionen von Endbearbeitungsmaschinen f\u00fcr Holz, Metall, Aluminium und Kunststoff Die von VOLPATO entworfenen und hergestellten Maschinen sind Maschinen f\u00fcr Bearbeitungsprozesse f\u00fcr verschiedene Materialien\u00a0wie Holz, Aluminium, Metall und Kunststoff. Dar\u00fcber hinaus kann das Unternehmen kombinierte Maschinen anbieten, die in der Lage sind, verschiedene Arten von Bearbeitungen durchzuf\u00fchren und immer ein Endprodukt von h\u00f6chster Qualit\u00e4t [&hellip;]<\/p>\n","protected":false},"author":4,"featured_media":0,"parent":0,"menu_order":0,"comment_status":"closed","ping_status":"closed","template":"","meta":[],"yoast_head":"<!-- This site is optimized with the Yoast SEO plugin v19.5.1 - https:\/\/yoast.com\/wordpress\/plugins\/seo\/ -->\n<title>Verarbeitung - Volpato LASM<\/title>\n<meta name=\"description\" content=\"Die Funktionen von Endbearbeitungsmaschinen f\u00fcr Holz, Metall, Aluminium und Kunststoff Die von VOLPATO entworfenen und hergestellten Maschinen sind\" \/>\n<meta name=\"robots\" content=\"index, follow, max-snippet:-1, max-image-preview:large, max-video-preview:-1\" \/>\n<link rel=\"canonical\" href=\"https:\/\/volpatolasm.com\/de\/wp-json\/wp\/v2\/pages\/9638\/\" \/>\n<meta property=\"og:locale\" content=\"de_DE\" \/>\n<meta property=\"og:type\" content=\"article\" \/>\n<meta property=\"og:title\" content=\"Verarbeitung - Volpato LASM\" \/>\n<meta property=\"og:description\" content=\"Die Funktionen von Endbearbeitungsmaschinen f\u00fcr Holz, Metall, Aluminium und Kunststoff Die von VOLPATO entworfenen und hergestellten Maschinen sind\" \/>\n<meta property=\"og:url\" content=\"https:\/\/volpatolasm.com\/de\/verarbeitung_page\/\" \/>\n<meta property=\"og:site_name\" content=\"Volpato LASM\" \/>\n<meta property=\"article:modified_time\" content=\"2020-02-28T13:38:39+00:00\" \/>\n<meta name=\"twitter:card\" content=\"summary_large_image\" \/>\n<meta name=\"twitter:label1\" content=\"Gesch\u00e4tzte Lesezeit\" \/>\n\t<meta name=\"twitter:data1\" content=\"2\u00a0Minuten\" \/>\n<!-- \/ Yoast SEO plugin. -->","yoast_head_json":{"title":"Verarbeitung - Volpato LASM","description":"Die Funktionen von Endbearbeitungsmaschinen f\u00fcr Holz, Metall, Aluminium und Kunststoff Die von VOLPATO entworfenen und hergestellten Maschinen sind","robots":{"index":"index","follow":"follow","max-snippet":"max-snippet:-1","max-image-preview":"max-image-preview:large","max-video-preview":"max-video-preview:-1"},"canonical":"https:\/\/volpatolasm.com\/de\/wp-json\/wp\/v2\/pages\/9638\/","og_locale":"de_DE","og_type":"article","og_title":"Verarbeitung - Volpato LASM","og_description":"Die Funktionen von Endbearbeitungsmaschinen f\u00fcr Holz, Metall, Aluminium und Kunststoff Die von VOLPATO entworfenen und hergestellten Maschinen sind","og_url":"https:\/\/volpatolasm.com\/de\/verarbeitung_page\/","og_site_name":"Volpato LASM","article_modified_time":"2020-02-28T13:38:39+00:00","twitter_card":"summary_large_image","twitter_misc":{"Gesch\u00e4tzte Lesezeit":"2\u00a0Minuten"},"schema":{"@context":"https:\/\/schema.org","@graph":[{"@type":"WebPage","@id":"https:\/\/volpatolasm.com\/de\/verarbeitung_page\/","url":"https:\/\/volpatolasm.com\/de\/verarbeitung_page\/","name":"Verarbeitung - Volpato LASM","isPartOf":{"@id":"https:\/\/volpatolasm.com\/#website"},"datePublished":"2020-02-18T12:54:04+00:00","dateModified":"2020-02-28T13:38:39+00:00","description":"Die Funktionen von Endbearbeitungsmaschinen f\u00fcr Holz, Metall, Aluminium und Kunststoff Die von VOLPATO entworfenen und hergestellten Maschinen sind","breadcrumb":{"@id":"https:\/\/volpatolasm.com\/de\/verarbeitung_page\/#breadcrumb"},"inLanguage":"de","potentialAction":[{"@type":"ReadAction","target":["https:\/\/volpatolasm.com\/de\/verarbeitung_page\/"]}]},{"@type":"BreadcrumbList","@id":"https:\/\/volpatolasm.com\/de\/verarbeitung_page\/#breadcrumb","itemListElement":[{"@type":"ListItem","position":1,"name":"Home","item":"https:\/\/volpatolasm.com\/de\/"},{"@type":"ListItem","position":2,"name":"Verarbeitung"}]},{"@type":"WebSite","@id":"https:\/\/volpatolasm.com\/#website","url":"https:\/\/volpatolasm.com\/","name":"Volpato LASM","description":"","potentialAction":[{"@type":"SearchAction","target":{"@type":"EntryPoint","urlTemplate":"https:\/\/volpatolasm.com\/?s={search_term_string}"},"query-input":"required name=search_term_string"}],"inLanguage":"de"}]}},"_links":{"self":[{"href":"https:\/\/volpatolasm.com\/de\/wp-json\/wp\/v2\/pages\/9638"}],"collection":[{"href":"https:\/\/volpatolasm.com\/de\/wp-json\/wp\/v2\/pages"}],"about":[{"href":"https:\/\/volpatolasm.com\/de\/wp-json\/wp\/v2\/types\/page"}],"author":[{"embeddable":true,"href":"https:\/\/volpatolasm.com\/de\/wp-json\/wp\/v2\/users\/4"}],"replies":[{"embeddable":true,"href":"https:\/\/volpatolasm.com\/de\/wp-json\/wp\/v2\/comments?post=9638"}],"version-history":[{"count":5,"href":"https:\/\/volpatolasm.com\/de\/wp-json\/wp\/v2\/pages\/9638\/revisions"}],"predecessor-version":[{"id":9659,"href":"https:\/\/volpatolasm.com\/de\/wp-json\/wp\/v2\/pages\/9638\/revisions\/9659"}],"wp:attachment":[{"href":"https:\/\/volpatolasm.com\/de\/wp-json\/wp\/v2\/media?parent=9638"}],"curies":[{"name":"wp","href":"https:\/\/api.w.org\/{rel}","templated":true}]}}