{"id":9378,"date":"2020-02-18T13:52:38","date_gmt":"2020-02-18T12:52:38","guid":{"rendered":"https:\/\/www.volpatolasm.com\/macchinari_page\/"},"modified":"2020-02-26T10:48:22","modified_gmt":"2020-02-26T09:48:22","slug":"maschinen_page","status":"publish","type":"page","link":"https:\/\/volpatolasm.com\/de\/maschinen_page\/","title":{"rendered":"Maschinen"},"content":{"rendered":"<p>[vc_row][vc_column][vc_column_text]<\/p>\n<h2>Der Katalog der Schleifmaschinen und Bearbeitungsmaschinen<br \/>\n<\/h2>\n<p class=\"macchine\">Dank eines Teams von hochqualifizierten Fachleuten und langj\u00e4hriger Erfahrung auf dem Gebiet der Referenztechnik besch\u00e4ftigt sich VOLPATO mit der Herstellung von Maschinen zum Schleifen und Bearbeiten von Holz, Kunststoffen und Metallwerkstoffen, die in der Lage sind, den Kunden hervorragende Qualit\u00e4tsstandards zu bieten. Sich auf das Unternehmen zu verlassen, bedeutet in der Tat immer, den besten technischen und kommerziellen Support zu erhalten und die M\u00f6glichkeit zu haben, Hochleistungs-Maschinen zu schaffen, die es Ihnen erm\u00f6glichen, ein Endprodukt auf h\u00f6chstem Niveau herzustellen.<\/p>\n<p>[\/vc_column_text][\/vc_column][\/vc_row]<\/p>\n","protected":false},"excerpt":{"rendered":"<p>[vc_row][vc_column][vc_column_text] Der Katalog der Schleifmaschinen und Bearbeitungsmaschinen Dank eines Teams von hochqualifizierten Fachleuten und langj\u00e4hriger Erfahrung auf dem Gebiet der Referenztechnik besch\u00e4ftigt sich VOLPATO mit der Herstellung von Maschinen zum Schleifen und Bearbeiten von Holz, Kunststoffen und Metallwerkstoffen, die in der Lage sind, den Kunden hervorragende Qualit\u00e4tsstandards zu bieten. Sich auf das Unternehmen zu verlassen, [&hellip;]<\/p>\n","protected":false},"author":4,"featured_media":0,"parent":0,"menu_order":0,"comment_status":"closed","ping_status":"closed","template":"tpl-macchinari-list.php","meta":[],"yoast_head":"<!-- This site is optimized with the Yoast SEO plugin v19.5.1 - https:\/\/yoast.com\/wordpress\/plugins\/seo\/ -->\n<title>Maschinen - Volpato LASM<\/title>\n<meta name=\"description\" content=\"Der Katalog der Schleifmaschinen und Bearbeitungsmaschinen Dank eines Teams von hochqualifizierten Fachleuten und langj\u00e4hriger Erfahrung auf dem Gebiet\" \/>\n<meta name=\"robots\" content=\"index, follow, max-snippet:-1, max-image-preview:large, max-video-preview:-1\" \/>\n<link rel=\"canonical\" href=\"https:\/\/volpatolasm.com\/de\/wp-json\/wp\/v2\/pages\/9378\/\" \/>\n<meta property=\"og:locale\" content=\"de_DE\" \/>\n<meta property=\"og:type\" content=\"article\" \/>\n<meta property=\"og:title\" content=\"Maschinen - Volpato LASM\" \/>\n<meta property=\"og:description\" content=\"Der Katalog der Schleifmaschinen und Bearbeitungsmaschinen Dank eines Teams von hochqualifizierten Fachleuten und langj\u00e4hriger Erfahrung auf dem Gebiet\" \/>\n<meta property=\"og:url\" content=\"https:\/\/volpatolasm.com\/de\/maschinen_page\/\" \/>\n<meta property=\"og:site_name\" content=\"Volpato LASM\" \/>\n<meta property=\"article:modified_time\" content=\"2020-02-26T09:48:22+00:00\" \/>\n<meta name=\"twitter:card\" content=\"summary_large_image\" \/>\n<meta name=\"twitter:label1\" content=\"Gesch\u00e4tzte Lesezeit\" \/>\n\t<meta name=\"twitter:data1\" content=\"1\u00a0Minute\" \/>\n<!-- \/ Yoast SEO plugin. -->","yoast_head_json":{"title":"Maschinen - Volpato LASM","description":"Der Katalog der Schleifmaschinen und Bearbeitungsmaschinen Dank eines Teams von hochqualifizierten Fachleuten und langj\u00e4hriger Erfahrung auf dem Gebiet","robots":{"index":"index","follow":"follow","max-snippet":"max-snippet:-1","max-image-preview":"max-image-preview:large","max-video-preview":"max-video-preview:-1"},"canonical":"https:\/\/volpatolasm.com\/de\/wp-json\/wp\/v2\/pages\/9378\/","og_locale":"de_DE","og_type":"article","og_title":"Maschinen - Volpato LASM","og_description":"Der Katalog der Schleifmaschinen und Bearbeitungsmaschinen Dank eines Teams von hochqualifizierten Fachleuten und langj\u00e4hriger Erfahrung auf dem Gebiet","og_url":"https:\/\/volpatolasm.com\/de\/maschinen_page\/","og_site_name":"Volpato LASM","article_modified_time":"2020-02-26T09:48:22+00:00","twitter_card":"summary_large_image","twitter_misc":{"Gesch\u00e4tzte Lesezeit":"1\u00a0Minute"},"schema":{"@context":"https:\/\/schema.org","@graph":[{"@type":"WebPage","@id":"https:\/\/volpatolasm.com\/de\/maschinen_page\/","url":"https:\/\/volpatolasm.com\/de\/maschinen_page\/","name":"Maschinen - Volpato LASM","isPartOf":{"@id":"https:\/\/volpatolasm.com\/#website"},"datePublished":"2020-02-18T12:52:38+00:00","dateModified":"2020-02-26T09:48:22+00:00","description":"Der Katalog der Schleifmaschinen und Bearbeitungsmaschinen Dank eines Teams von hochqualifizierten Fachleuten und langj\u00e4hriger Erfahrung auf dem Gebiet","breadcrumb":{"@id":"https:\/\/volpatolasm.com\/de\/maschinen_page\/#breadcrumb"},"inLanguage":"de","potentialAction":[{"@type":"ReadAction","target":["https:\/\/volpatolasm.com\/de\/maschinen_page\/"]}]},{"@type":"BreadcrumbList","@id":"https:\/\/volpatolasm.com\/de\/maschinen_page\/#breadcrumb","itemListElement":[{"@type":"ListItem","position":1,"name":"Home","item":"https:\/\/volpatolasm.com\/de\/"},{"@type":"ListItem","position":2,"name":"Maschinen"}]},{"@type":"WebSite","@id":"https:\/\/volpatolasm.com\/#website","url":"https:\/\/volpatolasm.com\/","name":"Volpato LASM","description":"","potentialAction":[{"@type":"SearchAction","target":{"@type":"EntryPoint","urlTemplate":"https:\/\/volpatolasm.com\/?s={search_term_string}"},"query-input":"required name=search_term_string"}],"inLanguage":"de"}]}},"_links":{"self":[{"href":"https:\/\/volpatolasm.com\/de\/wp-json\/wp\/v2\/pages\/9378"}],"collection":[{"href":"https:\/\/volpatolasm.com\/de\/wp-json\/wp\/v2\/pages"}],"about":[{"href":"https:\/\/volpatolasm.com\/de\/wp-json\/wp\/v2\/types\/page"}],"author":[{"embeddable":true,"href":"https:\/\/volpatolasm.com\/de\/wp-json\/wp\/v2\/users\/4"}],"replies":[{"embeddable":true,"href":"https:\/\/volpatolasm.com\/de\/wp-json\/wp\/v2\/comments?post=9378"}],"version-history":[{"count":2,"href":"https:\/\/volpatolasm.com\/de\/wp-json\/wp\/v2\/pages\/9378\/revisions"}],"predecessor-version":[{"id":9387,"href":"https:\/\/volpatolasm.com\/de\/wp-json\/wp\/v2\/pages\/9378\/revisions\/9387"}],"wp:attachment":[{"href":"https:\/\/volpatolasm.com\/de\/wp-json\/wp\/v2\/media?parent=9378"}],"curies":[{"name":"wp","href":"https:\/\/api.w.org\/{rel}","templated":true}]}}