{"id":9289,"date":"2020-02-18T13:38:13","date_gmt":"2020-02-18T12:38:13","guid":{"rendered":"https:\/\/www.volpatolasm.com\/serviceleistungen\/collaudo\/"},"modified":"2020-02-25T15:07:38","modified_gmt":"2020-02-25T14:07:38","slug":"abnahme","status":"publish","type":"page","link":"https:\/\/volpatolasm.com\/de\/serviceleistungen\/abnahme\/","title":{"rendered":"Abnahme"},"content":{"rendered":"<p>[vc_row][vc_column width=&#8221;2\/3&#8243;][vc_custom_heading text=&#8221;\u00dcberpr\u00fcfung der korrekten Funktion der Bearbeitungsmaschine vor der Auslieferung&#8221; use_theme_fonts=&#8221;yes&#8221;][vc_column_text]Am Ende der Produktion der Maschinen f\u00fchrt VOLPATO die Abnahme der Bearbeitungsmaschinen durch, um deren korrekte Funktion zu \u00fcberpr\u00fcfen. Der Service wird von einem erfahrenen Team hochspezialisierter Fachleute \u00fcberwacht, die in der Lage sind, jedes m\u00f6gliche Problem im Zusammenhang mit den Maschinen zu erkennen und umgehend zu l\u00f6sen.[\/vc_column_text][\/vc_column][vc_column width=&#8221;1\/3&#8243;][vc_single_image image=&#8221;9188&#8243; img_size=&#8221;medium&#8221; alignment=&#8221;right&#8221;][\/vc_column][\/vc_row][vc_row][vc_column][vc_custom_heading text=&#8221;Welche Vorteile bietet der Service?<br \/>\n&#8221; font_container=&#8221;tag:h3|text_align:left&#8221; use_theme_fonts=&#8221;yes&#8221; el_class=&#8221;bold&#8221;][vc_column_text]Der von dem Unternehmen angebotene Service ist eine ausgezeichnete\u00a0<strong>Qualit\u00e4tspr\u00fcfung bei der Abnahme von Bearbeitungsmaschinen<\/strong>. Die \u00dcberpr\u00fcfung erfolgt direkt im Werk des Unternehmens, mit der Anwesenheit desselben Kunden, der pers\u00f6nlich \u00fcberpr\u00fcfen kann, ob beispielsweise die Schleifmaschine alle Prozesse, f\u00fcr die sie konzipiert wurde, korrekt durchf\u00fchrt. In dieser Phase werden au\u00dferdem einige vorteilhafte Dienstleistungen angeboten, die diese betreffen:<\/p>\n<ul>\n<li>Schulung f\u00fcr Kundenbetreuer<\/li>\n<li>Verwendung eigener Proben f\u00fcr die Pr\u00fcfung<\/li>\n<\/ul>\n<p>Nat\u00fcrlich wird die Maschine nur dann ausgeliefert, wenn sie den Anforderungen des Kunden vollst\u00e4ndig entspricht.[\/vc_column_text][\/vc_column][\/vc_row][vc_row][vc_column width=&#8221;1\/2&#8243;][vc_custom_heading text=&#8221;Auf welchen Maschinen l\u00e4uft es?<br \/>\n&#8221; font_container=&#8221;tag:h3|text_align:left&#8221; use_theme_fonts=&#8221;yes&#8221; el_class=&#8221;bold&#8221;][vc_column_text]Um einen m\u00f6glichst umfassenden Service zu gew\u00e4hrleisten und die Bed\u00fcrfnisse von Kunden zu befriedigen, die mit verschiedenen Materialien arbeiten, bietet das Unternehmen die M\u00f6glichkeit, alle Modelle von Bearbeitungsmaschinen vor der Auslieferung zu testen. Im Einzelnen sind dies die Maschinen, die der jeweiligen \u00dcberpr\u00fcfung unterliegen:<\/p>\n<ul>\n<li>Maschinen f\u00fcr die Holzbearbeitung<\/li>\n<li>Maschinen zur Bearbeitung metallischer Werkstoffe<\/li>\n<li>Maschinen zur Aluminiumbearbeitung<\/li>\n<li>Maschinen zur Bearbeitung von Kunststoffen<\/li>\n<\/ul>\n<p>[\/vc_column_text][\/vc_column][vc_column width=&#8221;1\/2&#8243;][vc_custom_heading text=&#8221;M\u00f6chten Sie mehr \u00fcber den Abnahme-Dienst erfahren?<br \/>\n&#8221; font_container=&#8221;tag:h3|text_align:left&#8221; use_theme_fonts=&#8221;yes&#8221; el_class=&#8221;bold&#8221;][vc_column_text]Wenn Sie weitere Informationen \u00fcber den Abnahme-Dienst ben\u00f6tigen, k\u00f6nnen Sie sich einfach an das Unternehmen wenden, indem Sie das Formular ausf\u00fcllen, das Sie im Abschnitt Kontakt finden. Durch den Einsatz erhalten Sie von einem erfahrenen Mitarbeiter eine detaillierte Antwort auf alle Ihre Fragen.[\/vc_column_text][\/vc_column][\/vc_row]<\/p>\n","protected":false},"excerpt":{"rendered":"<p>[vc_row][vc_column width=&#8221;2\/3&#8243;][vc_custom_heading text=&#8221;\u00dcberpr\u00fcfung der korrekten Funktion der Bearbeitungsmaschine vor der Auslieferung&#8221; use_theme_fonts=&#8221;yes&#8221;][vc_column_text]Am Ende der Produktion der Maschinen f\u00fchrt VOLPATO die Abnahme der Bearbeitungsmaschinen durch, um deren korrekte Funktion zu \u00fcberpr\u00fcfen. Der Service wird von einem erfahrenen Team hochspezialisierter Fachleute \u00fcberwacht, die in der Lage sind, jedes m\u00f6gliche Problem im Zusammenhang mit den Maschinen zu erkennen [&hellip;]<\/p>\n","protected":false},"author":4,"featured_media":0,"parent":9195,"menu_order":0,"comment_status":"closed","ping_status":"closed","template":"","meta":[],"yoast_head":"<!-- This site is optimized with the Yoast SEO plugin v19.5.1 - https:\/\/yoast.com\/wordpress\/plugins\/seo\/ -->\n<title>Abnahme - Volpato LASM<\/title>\n<meta name=\"description\" content=\"Am Ende der Produktion der Maschinen f\u00fchrt VOLPATO die Abnahme der Bearbeitungsmaschinen durch, um deren korrekte Funktion zu \u00fcberpr\u00fcfen. Der Service wird\" \/>\n<meta name=\"robots\" content=\"index, follow, max-snippet:-1, max-image-preview:large, max-video-preview:-1\" \/>\n<link rel=\"canonical\" href=\"https:\/\/volpatolasm.com\/de\/wp-json\/wp\/v2\/pages\/9289\/\" \/>\n<meta property=\"og:locale\" content=\"de_DE\" \/>\n<meta property=\"og:type\" content=\"article\" \/>\n<meta property=\"og:title\" content=\"Abnahme - Volpato LASM\" \/>\n<meta property=\"og:description\" content=\"Am Ende der Produktion der Maschinen f\u00fchrt VOLPATO die Abnahme der Bearbeitungsmaschinen durch, um deren korrekte Funktion zu \u00fcberpr\u00fcfen. Der Service wird\" \/>\n<meta property=\"og:url\" content=\"https:\/\/volpatolasm.com\/de\/serviceleistungen\/abnahme\/\" \/>\n<meta property=\"og:site_name\" content=\"Volpato LASM\" \/>\n<meta property=\"article:modified_time\" content=\"2020-02-25T14:07:38+00:00\" \/>\n<meta name=\"twitter:card\" content=\"summary_large_image\" \/>\n<meta name=\"twitter:label1\" content=\"Gesch\u00e4tzte Lesezeit\" \/>\n\t<meta name=\"twitter:data1\" content=\"2\u00a0Minuten\" \/>\n<!-- \/ Yoast SEO plugin. -->","yoast_head_json":{"title":"Abnahme - Volpato LASM","description":"Am Ende der Produktion der Maschinen f\u00fchrt VOLPATO die Abnahme der Bearbeitungsmaschinen durch, um deren korrekte Funktion zu \u00fcberpr\u00fcfen. Der Service wird","robots":{"index":"index","follow":"follow","max-snippet":"max-snippet:-1","max-image-preview":"max-image-preview:large","max-video-preview":"max-video-preview:-1"},"canonical":"https:\/\/volpatolasm.com\/de\/wp-json\/wp\/v2\/pages\/9289\/","og_locale":"de_DE","og_type":"article","og_title":"Abnahme - Volpato LASM","og_description":"Am Ende der Produktion der Maschinen f\u00fchrt VOLPATO die Abnahme der Bearbeitungsmaschinen durch, um deren korrekte Funktion zu \u00fcberpr\u00fcfen. Der Service wird","og_url":"https:\/\/volpatolasm.com\/de\/serviceleistungen\/abnahme\/","og_site_name":"Volpato LASM","article_modified_time":"2020-02-25T14:07:38+00:00","twitter_card":"summary_large_image","twitter_misc":{"Gesch\u00e4tzte Lesezeit":"2\u00a0Minuten"},"schema":{"@context":"https:\/\/schema.org","@graph":[{"@type":"WebPage","@id":"https:\/\/volpatolasm.com\/de\/serviceleistungen\/abnahme\/","url":"https:\/\/volpatolasm.com\/de\/serviceleistungen\/abnahme\/","name":"Abnahme - Volpato LASM","isPartOf":{"@id":"https:\/\/volpatolasm.com\/#website"},"datePublished":"2020-02-18T12:38:13+00:00","dateModified":"2020-02-25T14:07:38+00:00","description":"Am Ende der Produktion der Maschinen f\u00fchrt VOLPATO die Abnahme der Bearbeitungsmaschinen durch, um deren korrekte Funktion zu \u00fcberpr\u00fcfen. Der Service wird","breadcrumb":{"@id":"https:\/\/volpatolasm.com\/de\/serviceleistungen\/abnahme\/#breadcrumb"},"inLanguage":"de","potentialAction":[{"@type":"ReadAction","target":["https:\/\/volpatolasm.com\/de\/serviceleistungen\/abnahme\/"]}]},{"@type":"BreadcrumbList","@id":"https:\/\/volpatolasm.com\/de\/serviceleistungen\/abnahme\/#breadcrumb","itemListElement":[{"@type":"ListItem","position":1,"name":"Home","item":"https:\/\/volpatolasm.com\/de\/"},{"@type":"ListItem","position":2,"name":"Serviceleistungen","item":"https:\/\/volpatolasm.com\/de\/serviceleistungen\/"},{"@type":"ListItem","position":3,"name":"Abnahme"}]},{"@type":"WebSite","@id":"https:\/\/volpatolasm.com\/#website","url":"https:\/\/volpatolasm.com\/","name":"Volpato LASM","description":"","potentialAction":[{"@type":"SearchAction","target":{"@type":"EntryPoint","urlTemplate":"https:\/\/volpatolasm.com\/?s={search_term_string}"},"query-input":"required name=search_term_string"}],"inLanguage":"de"}]}},"_links":{"self":[{"href":"https:\/\/volpatolasm.com\/de\/wp-json\/wp\/v2\/pages\/9289"}],"collection":[{"href":"https:\/\/volpatolasm.com\/de\/wp-json\/wp\/v2\/pages"}],"about":[{"href":"https:\/\/volpatolasm.com\/de\/wp-json\/wp\/v2\/types\/page"}],"author":[{"embeddable":true,"href":"https:\/\/volpatolasm.com\/de\/wp-json\/wp\/v2\/users\/4"}],"replies":[{"embeddable":true,"href":"https:\/\/volpatolasm.com\/de\/wp-json\/wp\/v2\/comments?post=9289"}],"version-history":[{"count":3,"href":"https:\/\/volpatolasm.com\/de\/wp-json\/wp\/v2\/pages\/9289\/revisions"}],"predecessor-version":[{"id":9300,"href":"https:\/\/volpatolasm.com\/de\/wp-json\/wp\/v2\/pages\/9289\/revisions\/9300"}],"up":[{"embeddable":true,"href":"https:\/\/volpatolasm.com\/de\/wp-json\/wp\/v2\/pages\/9195"}],"wp:attachment":[{"href":"https:\/\/volpatolasm.com\/de\/wp-json\/wp\/v2\/media?parent=9289"}],"curies":[{"name":"wp","href":"https:\/\/api.w.org\/{rel}","templated":true}]}}