{"id":9271,"date":"2020-02-18T13:37:52","date_gmt":"2020-02-18T12:37:52","guid":{"rendered":"https:\/\/www.volpatolasm.com\/serviceleistungen\/realizzazione-su-misura\/"},"modified":"2020-02-25T14:54:46","modified_gmt":"2020-02-25T13:54:46","slug":"massanfertigung","status":"publish","type":"page","link":"https:\/\/volpatolasm.com\/de\/serviceleistungen\/massanfertigung\/","title":{"rendered":"Ma\u00dfanfertigung"},"content":{"rendered":"<p>[vc_row][vc_column width=&#8221;2\/3&#8243;][vc_custom_heading text=&#8221;Die Herstellung von Endbearbeitungsmaschinen, die nach den Bed\u00fcrfnissen der Kunden entwickelt wurden.<br \/>\n&#8221; use_theme_fonts=&#8221;yes&#8221;][vc_column_text]Um \u00e4u\u00dferst effiziente Maschinen f\u00fcr verschiedene Produktionskontexte herzustellen, hat VOLPATO seine Fertigungstechnologien st\u00e4ndig verbessert und kann einen Service zur Herstellung von\u00a0<strong>kundenspezifischen Endbearbeitungsmaschinen<\/strong>\u00a0anbieten. Kunden, die sich entscheiden, sich auf das Unternehmen zu verlassen, haben die M\u00f6glichkeit, eine Sondermaschine zu erhalten, die auf alle Anforderungen zugeschnitten ist.[\/vc_column_text][\/vc_column][vc_column width=&#8221;1\/3&#8243;][vc_single_image image=&#8221;9183&#8243; img_size=&#8221;medium&#8221; alignment=&#8221;right&#8221;][\/vc_column][\/vc_row][vc_row][vc_column][vc_custom_heading text=&#8221;Warum sollten Sie sich auf VOLPATO verlassen?<br \/>\n&#8221; font_container=&#8221;tag:h3|text_align:left&#8221; use_theme_fonts=&#8221;yes&#8221; el_class=&#8221;bold&#8221;][vc_column_text]Der Vorteil, sich auf VOLPATO zu verlassen, liegt in der M\u00f6glichkeit, sich in die H\u00e4nde von hochspezialisierten Menschen zu begeben, die \u00fcber eine sehr lange technische und veredelte Erfahrung verf\u00fcgen. Aus all diesen Gr\u00fcnden stellt das Unternehmen sicher, dass\u00a0<strong>kundenspezifische Schleifmaschinen mit hohem Wirkungsgrad realisiert werden<\/strong>. Die Wahl einer solchen Produktion wird es den Unternehmen au\u00dferdem erm\u00f6glichen, andere Vorteile zu nutzen, wie z.B.:<\/p>\n<ul>\n<li>M\u00f6glichkeit der \u00c4nderungen an Standardmaschinen<\/li>\n<li>Abnahme an kundenspezifischen Maschinen<\/li>\n<\/ul>\n<p>[\/vc_column_text][\/vc_column][\/vc_row][vc_row][vc_column width=&#8221;1\/2&#8243;][vc_custom_heading text=&#8221;Welche Maschinen werden hergestellt?<br \/>\n&#8221; font_container=&#8221;tag:h3|text_align:left&#8221; use_theme_fonts=&#8221;yes&#8221; el_class=&#8221;bold&#8221;][vc_column_text]Im Bewusstsein der unterschiedlichen Bed\u00fcrfnisse seiner Kunden arbeitet VOLPATO st\u00e4ndig daran, sein Angebot zu erweitern und so die Realisierung zahlreicher Schleifmaschinentypen nach Ma\u00df anzubieten. Insbesondere dank eines exzellenten Teams, das sich mit der Erforschung und Entwicklung neuer Technologien auf dem Gebiet der Referenz besch\u00e4ftigt, ist das Unternehmen in der Lage, kundenspezifische Produkte herzustellen:<\/p>\n<ul>\n<li>Maschinen zum Schleifen von Kunststoffen<\/li>\n<li>Maschinen zum Schleifen von metallischen Werkstoffen<\/li>\n<li>Holzschleifmaschinen<\/li>\n<\/ul>\n<p>[\/vc_column_text][\/vc_column][vc_column width=&#8221;1\/2&#8243;][vc_custom_heading text=&#8221;Mehr Informationen \u00fcber den Service?<br \/>\n&#8221; font_container=&#8221;tag:h3|text_align:left&#8221; use_theme_fonts=&#8221;yes&#8221; el_class=&#8221;bold&#8221;][vc_column_text]Wenn Sie mehr \u00fcber die Sonderanfertigung von Schleifmaschinen erfahren m\u00f6chten, f\u00fcllen Sie bitte das Formular im Kontaktbereich aus. In kurzer Zeit erhalten Sie eine Antwort von einem Experten der Mitarbeiter des Unternehmens.[\/vc_column_text][\/vc_column][\/vc_row]<\/p>\n","protected":false},"excerpt":{"rendered":"<p>[vc_row][vc_column width=&#8221;2\/3&#8243;][vc_custom_heading text=&#8221;Die Herstellung von Endbearbeitungsmaschinen, die nach den Bed\u00fcrfnissen der Kunden entwickelt wurden. &#8221; use_theme_fonts=&#8221;yes&#8221;][vc_column_text]Um \u00e4u\u00dferst effiziente Maschinen f\u00fcr verschiedene Produktionskontexte herzustellen, hat VOLPATO seine Fertigungstechnologien st\u00e4ndig verbessert und kann einen Service zur Herstellung von\u00a0kundenspezifischen Endbearbeitungsmaschinen\u00a0anbieten. Kunden, die sich entscheiden, sich auf das Unternehmen zu verlassen, haben die M\u00f6glichkeit, eine Sondermaschine zu erhalten, die [&hellip;]<\/p>\n","protected":false},"author":4,"featured_media":0,"parent":9195,"menu_order":0,"comment_status":"closed","ping_status":"closed","template":"","meta":[],"yoast_head":"<!-- This site is optimized with the Yoast SEO plugin v19.5.1 - https:\/\/yoast.com\/wordpress\/plugins\/seo\/ -->\n<title>Ma\u00dfanfertigung - Volpato LASM<\/title>\n<meta name=\"description\" content=\"Um \u00e4u\u00dferst effiziente Maschinen f\u00fcr verschiedene Produktionskontexte herzustellen, hat VOLPATO seine Fertigungstechnologien st\u00e4ndig verbessert und kann\" \/>\n<meta name=\"robots\" content=\"index, follow, max-snippet:-1, max-image-preview:large, max-video-preview:-1\" \/>\n<link rel=\"canonical\" href=\"https:\/\/volpatolasm.com\/de\/wp-json\/wp\/v2\/pages\/9271\/\" \/>\n<meta property=\"og:locale\" content=\"de_DE\" \/>\n<meta property=\"og:type\" content=\"article\" \/>\n<meta property=\"og:title\" content=\"Ma\u00dfanfertigung - Volpato LASM\" \/>\n<meta property=\"og:description\" content=\"Um \u00e4u\u00dferst effiziente Maschinen f\u00fcr verschiedene Produktionskontexte herzustellen, hat VOLPATO seine Fertigungstechnologien st\u00e4ndig verbessert und kann\" \/>\n<meta property=\"og:url\" content=\"https:\/\/volpatolasm.com\/de\/serviceleistungen\/massanfertigung\/\" \/>\n<meta property=\"og:site_name\" content=\"Volpato LASM\" \/>\n<meta property=\"article:modified_time\" content=\"2020-02-25T13:54:46+00:00\" \/>\n<meta name=\"twitter:card\" content=\"summary_large_image\" \/>\n<meta name=\"twitter:label1\" content=\"Gesch\u00e4tzte Lesezeit\" \/>\n\t<meta name=\"twitter:data1\" content=\"2\u00a0Minuten\" \/>\n<!-- \/ Yoast SEO plugin. -->","yoast_head_json":{"title":"Ma\u00dfanfertigung - Volpato LASM","description":"Um \u00e4u\u00dferst effiziente Maschinen f\u00fcr verschiedene Produktionskontexte herzustellen, hat VOLPATO seine Fertigungstechnologien st\u00e4ndig verbessert und kann","robots":{"index":"index","follow":"follow","max-snippet":"max-snippet:-1","max-image-preview":"max-image-preview:large","max-video-preview":"max-video-preview:-1"},"canonical":"https:\/\/volpatolasm.com\/de\/wp-json\/wp\/v2\/pages\/9271\/","og_locale":"de_DE","og_type":"article","og_title":"Ma\u00dfanfertigung - Volpato LASM","og_description":"Um \u00e4u\u00dferst effiziente Maschinen f\u00fcr verschiedene Produktionskontexte herzustellen, hat VOLPATO seine Fertigungstechnologien st\u00e4ndig verbessert und kann","og_url":"https:\/\/volpatolasm.com\/de\/serviceleistungen\/massanfertigung\/","og_site_name":"Volpato LASM","article_modified_time":"2020-02-25T13:54:46+00:00","twitter_card":"summary_large_image","twitter_misc":{"Gesch\u00e4tzte Lesezeit":"2\u00a0Minuten"},"schema":{"@context":"https:\/\/schema.org","@graph":[{"@type":"WebPage","@id":"https:\/\/volpatolasm.com\/de\/serviceleistungen\/massanfertigung\/","url":"https:\/\/volpatolasm.com\/de\/serviceleistungen\/massanfertigung\/","name":"Ma\u00dfanfertigung - Volpato LASM","isPartOf":{"@id":"https:\/\/volpatolasm.com\/#website"},"datePublished":"2020-02-18T12:37:52+00:00","dateModified":"2020-02-25T13:54:46+00:00","description":"Um \u00e4u\u00dferst effiziente Maschinen f\u00fcr verschiedene Produktionskontexte herzustellen, hat VOLPATO seine Fertigungstechnologien st\u00e4ndig verbessert und kann","breadcrumb":{"@id":"https:\/\/volpatolasm.com\/de\/serviceleistungen\/massanfertigung\/#breadcrumb"},"inLanguage":"de","potentialAction":[{"@type":"ReadAction","target":["https:\/\/volpatolasm.com\/de\/serviceleistungen\/massanfertigung\/"]}]},{"@type":"BreadcrumbList","@id":"https:\/\/volpatolasm.com\/de\/serviceleistungen\/massanfertigung\/#breadcrumb","itemListElement":[{"@type":"ListItem","position":1,"name":"Home","item":"https:\/\/volpatolasm.com\/de\/"},{"@type":"ListItem","position":2,"name":"Serviceleistungen","item":"https:\/\/volpatolasm.com\/de\/serviceleistungen\/"},{"@type":"ListItem","position":3,"name":"Ma\u00dfanfertigung"}]},{"@type":"WebSite","@id":"https:\/\/volpatolasm.com\/#website","url":"https:\/\/volpatolasm.com\/","name":"Volpato LASM","description":"","potentialAction":[{"@type":"SearchAction","target":{"@type":"EntryPoint","urlTemplate":"https:\/\/volpatolasm.com\/?s={search_term_string}"},"query-input":"required name=search_term_string"}],"inLanguage":"de"}]}},"_links":{"self":[{"href":"https:\/\/volpatolasm.com\/de\/wp-json\/wp\/v2\/pages\/9271"}],"collection":[{"href":"https:\/\/volpatolasm.com\/de\/wp-json\/wp\/v2\/pages"}],"about":[{"href":"https:\/\/volpatolasm.com\/de\/wp-json\/wp\/v2\/types\/page"}],"author":[{"embeddable":true,"href":"https:\/\/volpatolasm.com\/de\/wp-json\/wp\/v2\/users\/4"}],"replies":[{"embeddable":true,"href":"https:\/\/volpatolasm.com\/de\/wp-json\/wp\/v2\/comments?post=9271"}],"version-history":[{"count":3,"href":"https:\/\/volpatolasm.com\/de\/wp-json\/wp\/v2\/pages\/9271\/revisions"}],"predecessor-version":[{"id":9282,"href":"https:\/\/volpatolasm.com\/de\/wp-json\/wp\/v2\/pages\/9271\/revisions\/9282"}],"up":[{"embeddable":true,"href":"https:\/\/volpatolasm.com\/de\/wp-json\/wp\/v2\/pages\/9195"}],"wp:attachment":[{"href":"https:\/\/volpatolasm.com\/de\/wp-json\/wp\/v2\/media?parent=9271"}],"curies":[{"name":"wp","href":"https:\/\/api.w.org\/{rel}","templated":true}]}}