{"id":9253,"date":"2020-02-18T13:37:32","date_gmt":"2020-02-18T12:37:32","guid":{"rendered":"https:\/\/www.volpatolasm.com\/serviceleistungen\/assemblaggio\/"},"modified":"2020-02-25T14:10:11","modified_gmt":"2020-02-25T13:10:11","slug":"montage","status":"publish","type":"page","link":"https:\/\/volpatolasm.com\/de\/serviceleistungen\/montage\/","title":{"rendered":"Montage"},"content":{"rendered":"<p>[vc_row][vc_column width=&#8221;2\/3&#8243;][vc_custom_heading text=&#8221;Die Verbindung der Komponenten, aus denen sich die Schleifmaschine zusammensetzt.<br \/>\n&#8221; use_theme_fonts=&#8221;yes&#8221;][vc_column_text]Neben der Herstellung einfacher Maschinenkomponenten\u00a0<strong>montiert<\/strong>\u00a0VOLPATO die\u00a0<strong>Schleifmaschinen<\/strong>\u00a0auch in einer effizienten und technologischen Produktionskette. Diese Phase wird von einem st\u00e4ndig aktualisierten technischen Personal \u00fcberwacht, das professionell arbeitet, um den Kunden den bestm\u00f6glichen Service zu bieten.[\/vc_column_text][\/vc_column][vc_column width=&#8221;1\/3&#8243;][vc_single_image image=&#8221;9178&#8243; img_size=&#8221;medium&#8221; alignment=&#8221;right&#8221;][\/vc_column][\/vc_row][vc_row][vc_column][vc_custom_heading text=&#8221;Welche Vorteile bietet VOLPATO?<br \/>\n&#8221; font_container=&#8221;tag:h3|text_align:left&#8221; use_theme_fonts=&#8221;yes&#8221; el_class=&#8221;bold&#8221;][vc_column_text]Sich auf VOLPATO zu verlassen bedeutet, einen\u00a0<strong>qualitativ hochwertigen Montageservice f\u00fcr Schleifmaschinen<\/strong>\u00a0zu erhalten. Das Unternehmen arbeitet bereits vor der Ankunft bei der Konstruktion der Maschinen mit den Kunden zusammen, um mit ihnen eine L\u00f6sung zu entwickeln, die ihren Bed\u00fcrfnissen wirklich entspricht. Dar\u00fcber hinaus, wenn das gleiche Projekt hergestellt wird, kann der Kunde in das Werk gehen, um den Fortschritt der Produktion zu \u00fcberwachen und:<\/p>\n<ul>\n<li>Anforderung von \u00c4nderungen an der Maschine<\/li>\n<li>F\u00fchren Sie eine Abnahme mit Ihren Produktmustern durch.<\/li>\n<\/ul>\n<p>[\/vc_column_text][\/vc_column][\/vc_row][vc_row][vc_column width=&#8221;1\/2&#8243;][vc_custom_heading text=&#8221;Welche Maschinen werden montiert?<br \/>\n&#8221; font_container=&#8221;tag:h3|text_align:left&#8221; use_theme_fonts=&#8221;yes&#8221; el_class=&#8221;bold&#8221;][vc_column_text]Durch st\u00e4ndige Forschung und Entwicklung neuer Technologien\u00a0<strong>montiert<\/strong>\u00a0VOLPATO\u00a0<strong>zahlreiche Arten von Oberfl\u00e4chen<\/strong>, die f\u00fcr die Verarbeitung verschiedener Materialien entwickelt wurden und von Kunden in verschiedenen Industriesegmenten verwendet werden. So ist beispielsweise das erfahrene Firmenteam in der Lage, die Montage von:<\/p>\n<ul>\n<li>Schleifmaschinen f\u00fcr Aluminium<\/li>\n<li>Schleifmaschinen f\u00fcr Kunststoffe<\/li>\n<li>Holzschleifmaschinen<\/li>\n<li>Metallschleifmaschinen<\/li>\n<\/ul>\n<p>[\/vc_column_text][\/vc_column][vc_column width=&#8221;1\/2&#8243;][vc_custom_heading text=&#8221;Wie kann ich weitere Informationen anfordern?<br \/>\n&#8221; font_container=&#8221;tag:h3|text_align:left&#8221; use_theme_fonts=&#8221;yes&#8221; el_class=&#8221;bold&#8221;][vc_column_text]Wenn Sie weitere<strong>\u00a0Informationen \u00fcber den Service der Montage von Schleifmaschinen<\/strong>\u00a0ben\u00f6tigen, die von der Firma vorgeschlagen werden, gehen Sie zum Kontaktbereich und f\u00fcllen Sie das Formular aus, das Sie darin finden. In k\u00fcrzester Zeit wird ein erfahrener Mitarbeiter alle Ihre Fragen ausf\u00fchrlich beantworten.[\/vc_column_text][\/vc_column][\/vc_row]<\/p>\n","protected":false},"excerpt":{"rendered":"<p>[vc_row][vc_column width=&#8221;2\/3&#8243;][vc_custom_heading text=&#8221;Die Verbindung der Komponenten, aus denen sich die Schleifmaschine zusammensetzt. &#8221; use_theme_fonts=&#8221;yes&#8221;][vc_column_text]Neben der Herstellung einfacher Maschinenkomponenten\u00a0montiert\u00a0VOLPATO die\u00a0Schleifmaschinen\u00a0auch in einer effizienten und technologischen Produktionskette. Diese Phase wird von einem st\u00e4ndig aktualisierten technischen Personal \u00fcberwacht, das professionell arbeitet, um den Kunden den bestm\u00f6glichen Service zu bieten.[\/vc_column_text][\/vc_column][vc_column width=&#8221;1\/3&#8243;][vc_single_image image=&#8221;9178&#8243; img_size=&#8221;medium&#8221; alignment=&#8221;right&#8221;][\/vc_column][\/vc_row][vc_row][vc_column][vc_custom_heading text=&#8221;Welche Vorteile bietet VOLPATO? &#8221; [&hellip;]<\/p>\n","protected":false},"author":4,"featured_media":0,"parent":9195,"menu_order":0,"comment_status":"closed","ping_status":"closed","template":"","meta":[],"yoast_head":"<!-- This site is optimized with the Yoast SEO plugin v19.5.1 - https:\/\/yoast.com\/wordpress\/plugins\/seo\/ -->\n<title>Montage - Volpato LASM<\/title>\n<meta name=\"description\" content=\"Neben der Herstellung einfacher Maschinenkomponenten\u00a0montiert\u00a0VOLPATO die\u00a0Schleifmaschinen\u00a0auch in einer effizienten und technologischen Produktionskette.\" \/>\n<meta name=\"robots\" content=\"index, follow, max-snippet:-1, max-image-preview:large, max-video-preview:-1\" \/>\n<link rel=\"canonical\" href=\"https:\/\/volpatolasm.com\/de\/wp-json\/wp\/v2\/pages\/9253\/\" \/>\n<meta property=\"og:locale\" content=\"de_DE\" \/>\n<meta property=\"og:type\" content=\"article\" \/>\n<meta property=\"og:title\" content=\"Montage - Volpato LASM\" \/>\n<meta property=\"og:description\" content=\"Neben der Herstellung einfacher Maschinenkomponenten\u00a0montiert\u00a0VOLPATO die\u00a0Schleifmaschinen\u00a0auch in einer effizienten und technologischen Produktionskette.\" \/>\n<meta property=\"og:url\" content=\"https:\/\/volpatolasm.com\/de\/serviceleistungen\/montage\/\" \/>\n<meta property=\"og:site_name\" content=\"Volpato LASM\" \/>\n<meta property=\"article:modified_time\" content=\"2020-02-25T13:10:11+00:00\" \/>\n<meta name=\"twitter:card\" content=\"summary_large_image\" \/>\n<meta name=\"twitter:label1\" content=\"Gesch\u00e4tzte Lesezeit\" \/>\n\t<meta name=\"twitter:data1\" content=\"2\u00a0Minuten\" \/>\n<!-- \/ Yoast SEO plugin. -->","yoast_head_json":{"title":"Montage - Volpato LASM","description":"Neben der Herstellung einfacher Maschinenkomponenten\u00a0montiert\u00a0VOLPATO die\u00a0Schleifmaschinen\u00a0auch in einer effizienten und technologischen Produktionskette.","robots":{"index":"index","follow":"follow","max-snippet":"max-snippet:-1","max-image-preview":"max-image-preview:large","max-video-preview":"max-video-preview:-1"},"canonical":"https:\/\/volpatolasm.com\/de\/wp-json\/wp\/v2\/pages\/9253\/","og_locale":"de_DE","og_type":"article","og_title":"Montage - Volpato LASM","og_description":"Neben der Herstellung einfacher Maschinenkomponenten\u00a0montiert\u00a0VOLPATO die\u00a0Schleifmaschinen\u00a0auch in einer effizienten und technologischen Produktionskette.","og_url":"https:\/\/volpatolasm.com\/de\/serviceleistungen\/montage\/","og_site_name":"Volpato LASM","article_modified_time":"2020-02-25T13:10:11+00:00","twitter_card":"summary_large_image","twitter_misc":{"Gesch\u00e4tzte Lesezeit":"2\u00a0Minuten"},"schema":{"@context":"https:\/\/schema.org","@graph":[{"@type":"WebPage","@id":"https:\/\/volpatolasm.com\/de\/serviceleistungen\/montage\/","url":"https:\/\/volpatolasm.com\/de\/serviceleistungen\/montage\/","name":"Montage - Volpato LASM","isPartOf":{"@id":"https:\/\/volpatolasm.com\/#website"},"datePublished":"2020-02-18T12:37:32+00:00","dateModified":"2020-02-25T13:10:11+00:00","description":"Neben der Herstellung einfacher Maschinenkomponenten\u00a0montiert\u00a0VOLPATO die\u00a0Schleifmaschinen\u00a0auch in einer effizienten und technologischen Produktionskette.","breadcrumb":{"@id":"https:\/\/volpatolasm.com\/de\/serviceleistungen\/montage\/#breadcrumb"},"inLanguage":"de","potentialAction":[{"@type":"ReadAction","target":["https:\/\/volpatolasm.com\/de\/serviceleistungen\/montage\/"]}]},{"@type":"BreadcrumbList","@id":"https:\/\/volpatolasm.com\/de\/serviceleistungen\/montage\/#breadcrumb","itemListElement":[{"@type":"ListItem","position":1,"name":"Home","item":"https:\/\/volpatolasm.com\/de\/"},{"@type":"ListItem","position":2,"name":"Serviceleistungen","item":"https:\/\/volpatolasm.com\/de\/serviceleistungen\/"},{"@type":"ListItem","position":3,"name":"Montage"}]},{"@type":"WebSite","@id":"https:\/\/volpatolasm.com\/#website","url":"https:\/\/volpatolasm.com\/","name":"Volpato LASM","description":"","potentialAction":[{"@type":"SearchAction","target":{"@type":"EntryPoint","urlTemplate":"https:\/\/volpatolasm.com\/?s={search_term_string}"},"query-input":"required name=search_term_string"}],"inLanguage":"de"}]}},"_links":{"self":[{"href":"https:\/\/volpatolasm.com\/de\/wp-json\/wp\/v2\/pages\/9253"}],"collection":[{"href":"https:\/\/volpatolasm.com\/de\/wp-json\/wp\/v2\/pages"}],"about":[{"href":"https:\/\/volpatolasm.com\/de\/wp-json\/wp\/v2\/types\/page"}],"author":[{"embeddable":true,"href":"https:\/\/volpatolasm.com\/de\/wp-json\/wp\/v2\/users\/4"}],"replies":[{"embeddable":true,"href":"https:\/\/volpatolasm.com\/de\/wp-json\/wp\/v2\/comments?post=9253"}],"version-history":[{"count":3,"href":"https:\/\/volpatolasm.com\/de\/wp-json\/wp\/v2\/pages\/9253\/revisions"}],"predecessor-version":[{"id":9264,"href":"https:\/\/volpatolasm.com\/de\/wp-json\/wp\/v2\/pages\/9253\/revisions\/9264"}],"up":[{"embeddable":true,"href":"https:\/\/volpatolasm.com\/de\/wp-json\/wp\/v2\/pages\/9195"}],"wp:attachment":[{"href":"https:\/\/volpatolasm.com\/de\/wp-json\/wp\/v2\/media?parent=9253"}],"curies":[{"name":"wp","href":"https:\/\/api.w.org\/{rel}","templated":true}]}}