{"id":9235,"date":"2020-02-18T13:37:12","date_gmt":"2020-02-18T12:37:12","guid":{"rendered":"https:\/\/www.volpatolasm.com\/serviceleistungen\/progettazione\/"},"modified":"2020-02-25T13:56:59","modified_gmt":"2020-02-25T12:56:59","slug":"projektplanung","status":"publish","type":"page","link":"https:\/\/volpatolasm.com\/de\/serviceleistungen\/projektplanung\/","title":{"rendered":"Projektplanung"},"content":{"rendered":"<p>[vc_row][vc_column width=&#8221;2\/3&#8243;][vc_custom_heading text=&#8221;Entwicklung innovativer Maschinen f\u00fcr die individuelle Bearbeitung<br \/>\n&#8221; use_theme_fonts=&#8221;yes&#8221;][vc_column_text]Wenn Sie auf der Suche nach einem professionellen Partner sind, der in der Lage ist, kundenspezifische\u00a0<strong>Bearbeitungsmaschinen zu entwickeln<\/strong>, um die Leistung Ihrer Produktionskette und der Produkte, die Ihren Kunden angeboten werden, zu verbessern, w\u00e4hlen Sie das VOLPATO-Erlebnis. Dank eines Teams von hochspezialisierten und st\u00e4ndig geschulten Fachleuten ist das Unternehmen in der Lage, innovative Maschinen zu entwickeln, die f\u00fcr jede Art von Bedarf geeignet sind.[\/vc_column_text][\/vc_column][vc_column width=&#8221;1\/3&#8243;][vc_single_image image=&#8221;9173&#8243; img_size=&#8221;medium&#8221; alignment=&#8221;right&#8221;][\/vc_column][\/vc_row][vc_row][vc_column][vc_custom_heading text=&#8221;Welche Arten von Schleifmaschinen werden entwickelt?<br \/>\n&#8221; font_container=&#8221;tag:h3|text_align:left&#8221; use_theme_fonts=&#8221;yes&#8221; el_class=&#8221;bold&#8221;][vc_column_text]Im Laufe seiner Geschichte hat das Unternehmen sein Ziel ge\u00e4ndert und kann nun beispielsweise die Konstruktion einer\u00a0<strong>breiten Palette von Schleifmaschine<\/strong>n anbieten, die in der Lage sind, Bearbeitungen an verschiedenen Materialien durchzuf\u00fchren. Die Mitarbeiter des Unternehmens k\u00f6nnen Sie bei der Entwicklung der folgenden Maschinentypen hervorragend unterst\u00fctzen:<\/p>\n<ul>\n<li>Holzschleifmaschinen<\/li>\n<li>Schleifmaschinen f\u00fcr Kunststoffe<\/li>\n<li>Schleifmaschinen f\u00fcr metallische Werkstoffe<\/li>\n<\/ul>\n<p>[\/vc_column_text][\/vc_column][\/vc_row][vc_row][vc_column][vc_custom_heading text=&#8221;Warum VOLPATO w\u00e4hlen?<br \/>\n&#8221; font_container=&#8221;tag:h3|text_align:left&#8221; use_theme_fonts=&#8221;yes&#8221; el_class=&#8221;bold&#8221;][vc_column_text]<\/p>\n<div class=\"et_pb_row et_pb_row_3\">\n<div class=\"et_pb_column et_pb_column_4_4 et_pb_column_4 et_pb_css_mix_blend_mode_passthrough et-last-child\">\n<div class=\"et_pb_module et_pb_text et_pb_text_2 et_pb_text_align_left et_pb_bg_layout_light\">\n<div class=\"et_pb_text_inner\">\n<p>Um den unterschiedlichen Anforderungen der in diesem Bereich t\u00e4tigen Unternehmen gerecht zu werden, ist VOLPATO in der Lage, eine\u00a0<strong>kundenspezifische Konstruktion von Bearbeitungsmaschinen<\/strong>\u00a0durchzuf\u00fchren. Diese Art von Service wird durch eine spezielle Software erm\u00f6glicht, die es Ihnen erm\u00f6glicht, ein 3D-Modell der Maschine zu erstellen, bevor Sie zur eigentlichen Phase der Umsetzung \u00fcbergehen. Der Kunde wird auch in der Lage sein, die Herstellungsphasen zu \u00fcberwachen und einige Vorteile zu erhalten, wie z.B.:<\/p>\n<ul>\n<li>M\u00f6glichkeit, \u00c4nderungen in Bearbeitung anzufordern<\/li>\n<li>M\u00f6glichkeit, die Funktionsf\u00e4higkeit mit eigenen Proben zu testen.<\/li>\n<\/ul>\n<\/div>\n<\/div>\n<\/div>\n<\/div>\n<div class=\"et_pb_row et_pb_row_4\">\n<div class=\"et_pb_column et_pb_column_4_4 et_pb_column_5 et_pb_css_mix_blend_mode_passthrough et-last-child\">\n<div class=\"et_pb_module et_pb_text et_pb_text_3 et_pb_text_align_left et_pb_bg_layout_light\">\n<div class=\"et_pb_text_inner\">\n<p>Nur wenn die Anforderungen des Endverbrauchers erf\u00fcllt sind und nach der Abnahme wird die Maschine ausgeliefert.<\/p>\n<\/div>\n<\/div>\n<\/div>\n<\/div>\n<p>[\/vc_column_text][\/vc_column][\/vc_row][vc_row][vc_column][vc_custom_heading text=&#8221;Mehr Details zum Planungsservice?<br \/>\n&#8221; font_container=&#8221;tag:h3|text_align:left&#8221; use_theme_fonts=&#8221;yes&#8221; el_class=&#8221;bold&#8221;][vc_column_text]Wenn Sie weitere Informationen \u00fcber die Konstruktion von Schleifmaschinen ben\u00f6tigen, z\u00f6gern Sie bitte nicht, das Unternehmen \u00fcber das Formular im Kontaktbereich zu kontaktieren. Sie werden so schnell wie m\u00f6glich alle gew\u00fcnschten Informationen erhalten.[\/vc_column_text][\/vc_column][\/vc_row]<\/p>\n","protected":false},"excerpt":{"rendered":"<p>[vc_row][vc_column width=&#8221;2\/3&#8243;][vc_custom_heading text=&#8221;Entwicklung innovativer Maschinen f\u00fcr die individuelle Bearbeitung &#8221; use_theme_fonts=&#8221;yes&#8221;][vc_column_text]Wenn Sie auf der Suche nach einem professionellen Partner sind, der in der Lage ist, kundenspezifische\u00a0Bearbeitungsmaschinen zu entwickeln, um die Leistung Ihrer Produktionskette und der Produkte, die Ihren Kunden angeboten werden, zu verbessern, w\u00e4hlen Sie das VOLPATO-Erlebnis. Dank eines Teams von hochspezialisierten und st\u00e4ndig geschulten [&hellip;]<\/p>\n","protected":false},"author":4,"featured_media":0,"parent":9195,"menu_order":0,"comment_status":"closed","ping_status":"closed","template":"","meta":[],"yoast_head":"<!-- This site is optimized with the Yoast SEO plugin v19.5.1 - https:\/\/yoast.com\/wordpress\/plugins\/seo\/ -->\n<title>Projektplanung - Volpato LASM<\/title>\n<meta name=\"description\" content=\"Wenn Sie auf der Suche nach einem professionellen Partner sind, der in der Lage ist, kundenspezifische\u00a0Bearbeitungsmaschinen zu entwickeln, um die\" \/>\n<meta name=\"robots\" content=\"index, follow, max-snippet:-1, max-image-preview:large, max-video-preview:-1\" \/>\n<link rel=\"canonical\" href=\"https:\/\/volpatolasm.com\/de\/wp-json\/wp\/v2\/pages\/9235\/\" \/>\n<meta property=\"og:locale\" content=\"de_DE\" \/>\n<meta property=\"og:type\" content=\"article\" \/>\n<meta property=\"og:title\" content=\"Projektplanung - Volpato LASM\" \/>\n<meta property=\"og:description\" content=\"Wenn Sie auf der Suche nach einem professionellen Partner sind, der in der Lage ist, kundenspezifische\u00a0Bearbeitungsmaschinen zu entwickeln, um die\" \/>\n<meta property=\"og:url\" content=\"https:\/\/volpatolasm.com\/de\/serviceleistungen\/projektplanung\/\" \/>\n<meta property=\"og:site_name\" content=\"Volpato LASM\" \/>\n<meta property=\"article:modified_time\" content=\"2020-02-25T12:56:59+00:00\" \/>\n<meta name=\"twitter:card\" content=\"summary_large_image\" \/>\n<meta name=\"twitter:label1\" content=\"Gesch\u00e4tzte Lesezeit\" \/>\n\t<meta name=\"twitter:data1\" content=\"2\u00a0Minuten\" \/>\n<!-- \/ Yoast SEO plugin. -->","yoast_head_json":{"title":"Projektplanung - Volpato LASM","description":"Wenn Sie auf der Suche nach einem professionellen Partner sind, der in der Lage ist, kundenspezifische\u00a0Bearbeitungsmaschinen zu entwickeln, um die","robots":{"index":"index","follow":"follow","max-snippet":"max-snippet:-1","max-image-preview":"max-image-preview:large","max-video-preview":"max-video-preview:-1"},"canonical":"https:\/\/volpatolasm.com\/de\/wp-json\/wp\/v2\/pages\/9235\/","og_locale":"de_DE","og_type":"article","og_title":"Projektplanung - Volpato LASM","og_description":"Wenn Sie auf der Suche nach einem professionellen Partner sind, der in der Lage ist, kundenspezifische\u00a0Bearbeitungsmaschinen zu entwickeln, um die","og_url":"https:\/\/volpatolasm.com\/de\/serviceleistungen\/projektplanung\/","og_site_name":"Volpato LASM","article_modified_time":"2020-02-25T12:56:59+00:00","twitter_card":"summary_large_image","twitter_misc":{"Gesch\u00e4tzte Lesezeit":"2\u00a0Minuten"},"schema":{"@context":"https:\/\/schema.org","@graph":[{"@type":"WebPage","@id":"https:\/\/volpatolasm.com\/de\/serviceleistungen\/projektplanung\/","url":"https:\/\/volpatolasm.com\/de\/serviceleistungen\/projektplanung\/","name":"Projektplanung - Volpato LASM","isPartOf":{"@id":"https:\/\/volpatolasm.com\/#website"},"datePublished":"2020-02-18T12:37:12+00:00","dateModified":"2020-02-25T12:56:59+00:00","description":"Wenn Sie auf der Suche nach einem professionellen Partner sind, der in der Lage ist, kundenspezifische\u00a0Bearbeitungsmaschinen zu entwickeln, um die","breadcrumb":{"@id":"https:\/\/volpatolasm.com\/de\/serviceleistungen\/projektplanung\/#breadcrumb"},"inLanguage":"de","potentialAction":[{"@type":"ReadAction","target":["https:\/\/volpatolasm.com\/de\/serviceleistungen\/projektplanung\/"]}]},{"@type":"BreadcrumbList","@id":"https:\/\/volpatolasm.com\/de\/serviceleistungen\/projektplanung\/#breadcrumb","itemListElement":[{"@type":"ListItem","position":1,"name":"Home","item":"https:\/\/volpatolasm.com\/de\/"},{"@type":"ListItem","position":2,"name":"Serviceleistungen","item":"https:\/\/volpatolasm.com\/de\/serviceleistungen\/"},{"@type":"ListItem","position":3,"name":"Projektplanung"}]},{"@type":"WebSite","@id":"https:\/\/volpatolasm.com\/#website","url":"https:\/\/volpatolasm.com\/","name":"Volpato LASM","description":"","potentialAction":[{"@type":"SearchAction","target":{"@type":"EntryPoint","urlTemplate":"https:\/\/volpatolasm.com\/?s={search_term_string}"},"query-input":"required name=search_term_string"}],"inLanguage":"de"}]}},"_links":{"self":[{"href":"https:\/\/volpatolasm.com\/de\/wp-json\/wp\/v2\/pages\/9235"}],"collection":[{"href":"https:\/\/volpatolasm.com\/de\/wp-json\/wp\/v2\/pages"}],"about":[{"href":"https:\/\/volpatolasm.com\/de\/wp-json\/wp\/v2\/types\/page"}],"author":[{"embeddable":true,"href":"https:\/\/volpatolasm.com\/de\/wp-json\/wp\/v2\/users\/4"}],"replies":[{"embeddable":true,"href":"https:\/\/volpatolasm.com\/de\/wp-json\/wp\/v2\/comments?post=9235"}],"version-history":[{"count":3,"href":"https:\/\/volpatolasm.com\/de\/wp-json\/wp\/v2\/pages\/9235\/revisions"}],"predecessor-version":[{"id":9246,"href":"https:\/\/volpatolasm.com\/de\/wp-json\/wp\/v2\/pages\/9235\/revisions\/9246"}],"up":[{"embeddable":true,"href":"https:\/\/volpatolasm.com\/de\/wp-json\/wp\/v2\/pages\/9195"}],"wp:attachment":[{"href":"https:\/\/volpatolasm.com\/de\/wp-json\/wp\/v2\/media?parent=9235"}],"curies":[{"name":"wp","href":"https:\/\/api.w.org\/{rel}","templated":true}]}}