{"id":9217,"date":"2020-02-18T13:36:49","date_gmt":"2020-02-18T12:36:49","guid":{"rendered":"https:\/\/www.volpatolasm.com\/serviceleistungen\/consulenza\/"},"modified":"2020-02-25T13:36:50","modified_gmt":"2020-02-25T12:36:50","slug":"beratung","status":"publish","type":"page","link":"https:\/\/volpatolasm.com\/de\/serviceleistungen\/beratung\/","title":{"rendered":"Beratung"},"content":{"rendered":"<p>[vc_row][vc_column width=&#8221;2\/3&#8243;][vc_custom_heading text=&#8221;Die Beratungsleistung f\u00fcr die individuelle Auslegung von Schleifmaschinen<br \/>\n&#8221; use_theme_fonts=&#8221;yes&#8221;][vc_column_text]Durch ein Team von Fachleuten, die seit einiger Zeit im Referenzbereich t\u00e4tig sind, ist VOLPATO in der Lage, einen ausgezeichneten Beratungsservice f\u00fcr Schleifmaschinen anzubieten, der bei der L\u00f6sung von Problemen im Zusammenhang mit den Produktionsphasen der Kunden hilfreich ist und L\u00f6sungen zur Verbesserung ihres Produktionssystems sowie der Eigenschaften des fertigen Produkts vorschl\u00e4gt.<\/p>\n<p>[\/vc_column_text][\/vc_column][vc_column width=&#8221;1\/3&#8243;][vc_single_image image=&#8221;9168&#8243; img_size=&#8221;medium&#8221; alignment=&#8221;right&#8221;][\/vc_column][\/vc_row][vc_row][vc_column][vc_custom_heading text=&#8221;Warum VOLPATO um Rat fragen?<br \/>\n&#8221; font_container=&#8221;tag:h3|text_align:left&#8221; use_theme_fonts=&#8221;yes&#8221; el_class=&#8221;bold&#8221;][vc_column_text]Der von VOLPATO angebotene Service ist ein ausgezeichneter Beratungsservice f\u00fcr Bearbeitungsmaschinen, der den Kunden bei der Auswahl der besten Maschinen f\u00fcr ihre Produktionskette helfen soll.<\/p>\n<p>Diese Art von Ergebnis ist m\u00f6glich, weil innerhalb des Unternehmens eine Gruppe von hochqualifizierten Fachleuten arbeitet, die in der Lage sind, alle Arten von Problemen von Unternehmen, die in diesem Sektor t\u00e4tig sind, genau zu beurteilen und ihnen Unterst\u00fctzung zu bieten:<\/p>\n<ul>\n<li>Fehlerbehebung in der Produktion<\/li>\n<li>Entwurf einer kundenspezifischen Maschine<\/li>\n<li>Steigerung der Leistung der Produktionskette<\/li>\n<\/ul>\n<p>[\/vc_column_text][\/vc_column][\/vc_row][vc_row][vc_column width=&#8221;1\/2&#8243;][vc_custom_heading text=&#8221;An wen richtet sich der Service?<br \/>\n&#8221; font_container=&#8221;tag:h3|text_align:left&#8221; use_theme_fonts=&#8221;yes&#8221; el_class=&#8221;bold&#8221;][vc_column_text]Das Unternehmen bietet Beratungsleistungen f\u00fcr Unternehmen der Bearbeitungsbranche an, die ein spezifisches Produktionsproblem l\u00f6sen m\u00fcssen, das oft die Oberfl\u00e4chenbeschaffenheit und das Produktionsniveau betrifft. Um eine professionelle L\u00f6sung zu finden, kann der Kunde seine eigenen Proben direkt versenden, so dass sie dank des Einsatzes spezieller Instrumente in den VOLPATO-Labors getestet und analysiert werden. Wenn es keine Standardmaschine gibt, die das Problem l\u00f6sen kann, wird in enger Zusammenarbeit zwischen dem Kunden und der technischen Abteilung eine kundenspezifische Maschine entwickelt.<\/p>\n<p>[\/vc_column_text][\/vc_column][vc_column width=&#8221;1\/2&#8243;][vc_custom_heading text=&#8221;Mehr Details zum Beratungsangebot?<br \/>\n&#8221; font_container=&#8221;tag:h3|text_align:left&#8221; use_theme_fonts=&#8221;yes&#8221; el_class=&#8221;bold&#8221;][vc_column_text]Wenn Sie mehr \u00fcber den Beratungsdienst von VOLPATO erfahren m\u00f6chten, gehen Sie zum Kontaktbereich und f\u00fcllen Sie das Formular aus, das Sie im Inneren finden. In k\u00fcrzester Zeit wird Ihnen ein Haustechniker gerne die n\u00f6tige Unterst\u00fctzung bieten.<\/p>\n<p>[\/vc_column_text][\/vc_column][\/vc_row]<\/p>\n","protected":false},"excerpt":{"rendered":"<p>[vc_row][vc_column width=&#8221;2\/3&#8243;][vc_custom_heading text=&#8221;Die Beratungsleistung f\u00fcr die individuelle Auslegung von Schleifmaschinen &#8221; use_theme_fonts=&#8221;yes&#8221;][vc_column_text]Durch ein Team von Fachleuten, die seit einiger Zeit im Referenzbereich t\u00e4tig sind, ist VOLPATO in der Lage, einen ausgezeichneten Beratungsservice f\u00fcr Schleifmaschinen anzubieten, der bei der L\u00f6sung von Problemen im Zusammenhang mit den Produktionsphasen der Kunden hilfreich ist und L\u00f6sungen zur Verbesserung ihres [&hellip;]<\/p>\n","protected":false},"author":4,"featured_media":0,"parent":9195,"menu_order":0,"comment_status":"closed","ping_status":"closed","template":"","meta":[],"yoast_head":"<!-- This site is optimized with the Yoast SEO plugin v19.5.1 - https:\/\/yoast.com\/wordpress\/plugins\/seo\/ -->\n<title>Beratung - Volpato LASM<\/title>\n<meta name=\"description\" content=\"Durch ein Team von Fachleuten, die seit einiger Zeit im Referenzbereich t\u00e4tig sind, ist VOLPATO in der Lage, einen ausgezeichneten Beratungsservice f\u00fcr\" \/>\n<meta name=\"robots\" content=\"index, follow, max-snippet:-1, max-image-preview:large, max-video-preview:-1\" \/>\n<link rel=\"canonical\" href=\"https:\/\/volpatolasm.com\/de\/wp-json\/wp\/v2\/pages\/9217\/\" \/>\n<meta property=\"og:locale\" content=\"de_DE\" \/>\n<meta property=\"og:type\" content=\"article\" \/>\n<meta property=\"og:title\" content=\"Beratung - Volpato LASM\" \/>\n<meta property=\"og:description\" content=\"Durch ein Team von Fachleuten, die seit einiger Zeit im Referenzbereich t\u00e4tig sind, ist VOLPATO in der Lage, einen ausgezeichneten Beratungsservice f\u00fcr\" \/>\n<meta property=\"og:url\" content=\"https:\/\/volpatolasm.com\/de\/serviceleistungen\/beratung\/\" \/>\n<meta property=\"og:site_name\" content=\"Volpato LASM\" \/>\n<meta property=\"article:modified_time\" content=\"2020-02-25T12:36:50+00:00\" \/>\n<meta name=\"twitter:card\" content=\"summary_large_image\" \/>\n<meta name=\"twitter:label1\" content=\"Gesch\u00e4tzte Lesezeit\" \/>\n\t<meta name=\"twitter:data1\" content=\"2\u00a0Minuten\" \/>\n<!-- \/ Yoast SEO plugin. -->","yoast_head_json":{"title":"Beratung - Volpato LASM","description":"Durch ein Team von Fachleuten, die seit einiger Zeit im Referenzbereich t\u00e4tig sind, ist VOLPATO in der Lage, einen ausgezeichneten Beratungsservice f\u00fcr","robots":{"index":"index","follow":"follow","max-snippet":"max-snippet:-1","max-image-preview":"max-image-preview:large","max-video-preview":"max-video-preview:-1"},"canonical":"https:\/\/volpatolasm.com\/de\/wp-json\/wp\/v2\/pages\/9217\/","og_locale":"de_DE","og_type":"article","og_title":"Beratung - Volpato LASM","og_description":"Durch ein Team von Fachleuten, die seit einiger Zeit im Referenzbereich t\u00e4tig sind, ist VOLPATO in der Lage, einen ausgezeichneten Beratungsservice f\u00fcr","og_url":"https:\/\/volpatolasm.com\/de\/serviceleistungen\/beratung\/","og_site_name":"Volpato LASM","article_modified_time":"2020-02-25T12:36:50+00:00","twitter_card":"summary_large_image","twitter_misc":{"Gesch\u00e4tzte Lesezeit":"2\u00a0Minuten"},"schema":{"@context":"https:\/\/schema.org","@graph":[{"@type":"WebPage","@id":"https:\/\/volpatolasm.com\/de\/serviceleistungen\/beratung\/","url":"https:\/\/volpatolasm.com\/de\/serviceleistungen\/beratung\/","name":"Beratung - Volpato LASM","isPartOf":{"@id":"https:\/\/volpatolasm.com\/#website"},"datePublished":"2020-02-18T12:36:49+00:00","dateModified":"2020-02-25T12:36:50+00:00","description":"Durch ein Team von Fachleuten, die seit einiger Zeit im Referenzbereich t\u00e4tig sind, ist VOLPATO in der Lage, einen ausgezeichneten Beratungsservice f\u00fcr","breadcrumb":{"@id":"https:\/\/volpatolasm.com\/de\/serviceleistungen\/beratung\/#breadcrumb"},"inLanguage":"de","potentialAction":[{"@type":"ReadAction","target":["https:\/\/volpatolasm.com\/de\/serviceleistungen\/beratung\/"]}]},{"@type":"BreadcrumbList","@id":"https:\/\/volpatolasm.com\/de\/serviceleistungen\/beratung\/#breadcrumb","itemListElement":[{"@type":"ListItem","position":1,"name":"Home","item":"https:\/\/volpatolasm.com\/de\/"},{"@type":"ListItem","position":2,"name":"Serviceleistungen","item":"https:\/\/volpatolasm.com\/de\/serviceleistungen\/"},{"@type":"ListItem","position":3,"name":"Beratung"}]},{"@type":"WebSite","@id":"https:\/\/volpatolasm.com\/#website","url":"https:\/\/volpatolasm.com\/","name":"Volpato LASM","description":"","potentialAction":[{"@type":"SearchAction","target":{"@type":"EntryPoint","urlTemplate":"https:\/\/volpatolasm.com\/?s={search_term_string}"},"query-input":"required name=search_term_string"}],"inLanguage":"de"}]}},"_links":{"self":[{"href":"https:\/\/volpatolasm.com\/de\/wp-json\/wp\/v2\/pages\/9217"}],"collection":[{"href":"https:\/\/volpatolasm.com\/de\/wp-json\/wp\/v2\/pages"}],"about":[{"href":"https:\/\/volpatolasm.com\/de\/wp-json\/wp\/v2\/types\/page"}],"author":[{"embeddable":true,"href":"https:\/\/volpatolasm.com\/de\/wp-json\/wp\/v2\/users\/4"}],"replies":[{"embeddable":true,"href":"https:\/\/volpatolasm.com\/de\/wp-json\/wp\/v2\/comments?post=9217"}],"version-history":[{"count":3,"href":"https:\/\/volpatolasm.com\/de\/wp-json\/wp\/v2\/pages\/9217\/revisions"}],"predecessor-version":[{"id":9228,"href":"https:\/\/volpatolasm.com\/de\/wp-json\/wp\/v2\/pages\/9217\/revisions\/9228"}],"up":[{"embeddable":true,"href":"https:\/\/volpatolasm.com\/de\/wp-json\/wp\/v2\/pages\/9195"}],"wp:attachment":[{"href":"https:\/\/volpatolasm.com\/de\/wp-json\/wp\/v2\/media?parent=9217"}],"curies":[{"name":"wp","href":"https:\/\/api.w.org\/{rel}","templated":true}]}}