{"id":9195,"date":"2020-02-18T13:36:21","date_gmt":"2020-02-18T12:36:21","guid":{"rendered":"https:\/\/www.volpatolasm.com\/servizi\/"},"modified":"2020-02-25T15:17:55","modified_gmt":"2020-02-25T14:17:55","slug":"serviceleistungen","status":"publish","type":"page","link":"https:\/\/volpatolasm.com\/de\/serviceleistungen\/","title":{"rendered":"Serviceleistungen"},"content":{"rendered":"<p>[vc_row][vc_column][vc_custom_heading text=&#8221;Kundenbetreuung bei der Herstellung von kundenspezifischen Bearbeitungsmaschinen&#8221; use_theme_fonts=&#8221;yes&#8221;][vc_column_text]Durch langj\u00e4hrige Erfahrung kann VOLPATO verschiedene Dienstleistungen f\u00fcr die Realisierung von kundenspezifischen Endbearbeitungsmaschinen anbieten. Die Mitarbeiter des Unternehmens bestehen aus hochqualifizierten Fachleuten, die mit Leidenschaft arbeiten, um den Kunden eine hervorragende technische und kaufm\u00e4nnische Unterst\u00fctzung zu bieten, die sie von der Beratungsphase bis hin zur Abnahme der Maschinen begleitet.<\/p>\n<p>[\/vc_column_text][\/vc_column][\/vc_row][vc_row el_id=&#8221;boxServizi&#8221;][vc_column width=&#8221;1\/5&#8243;][vc_single_image image=&#8221;9168&#8243; img_size=&#8221;medium&#8221; onclick=&#8221;custom_link&#8221; link=&#8221;http:\/\/volpatolasm.com\/de\/serviceleistungen\/beratung\/&#8221;][vc_custom_heading text=&#8221;Beratung&#8221; font_container=&#8221;tag:h4|text_align:center&#8221; use_theme_fonts=&#8221;yes&#8221;][vc_column_text]<\/p>\n<p style=\"text-align: center;\">VOLPATO bietet einen effizienten Beratungsservice f\u00fcr Schleifmaschinen dank eines kompetenten und professionellen Teams mit Erfahrung auf diesem Gebiet.<\/p>\n<p>[\/vc_column_text][\/vc_column][vc_column width=&#8221;1\/5&#8243;][vc_single_image image=&#8221;9173&#8243; img_size=&#8221;medium&#8221; onclick=&#8221;custom_link&#8221; link=&#8221;http:\/\/volpatolasm.com\/de\/serviceleistungen\/projektplanung\/&#8221;][vc_custom_heading text=&#8221;Projektplanung&#8221; font_container=&#8221;tag:h4|text_align:center&#8221; use_theme_fonts=&#8221;yes&#8221;][vc_column_text]<\/p>\n<p style=\"text-align: center;\">VOLPATO entwickelt kundenspezifische Bearbeitungsmaschinen, die auf Ihre Bearbeitungsbed\u00fcrfnisse zugeschnitten sind, um Ihre Leistung zu verbessern.<\/p>\n<p>[\/vc_column_text][\/vc_column][vc_column width=&#8221;1\/5&#8243;][vc_single_image image=&#8221;9178&#8243; img_size=&#8221;medium&#8221; onclick=&#8221;custom_link&#8221; link=&#8221;http:\/\/volpatolasm.com\/de\/serviceleistungen\/montage\/&#8221;][vc_custom_heading text=&#8221;Montage&#8221; font_container=&#8221;tag:h4|text_align:center&#8221; use_theme_fonts=&#8221;yes&#8221;][vc_column_text]<\/p>\n<p style=\"text-align: center;\">Neben der Herstellung von kundenspezifischen Maschinen montiert VOLPATO Schleifmaschinen mit einer technologischen Produktionskette.<\/p>\n<p>[\/vc_column_text][\/vc_column][vc_column width=&#8221;1\/5&#8243;][vc_single_image image=&#8221;9183&#8243; img_size=&#8221;medium&#8221; onclick=&#8221;custom_link&#8221; link=&#8221;http:\/\/volpatolasm.com\/de\/serviceleistungen\/massanfertigung\/&#8221;][vc_custom_heading text=&#8221;Ma\u00dfanfertigung&#8221; font_container=&#8221;tag:h4|text_align:center&#8221; use_theme_fonts=&#8221;yes&#8221;][vc_column_text]<\/p>\n<p style=\"text-align: center;\">VOLPATO verbessert st\u00e4ndig seine F\u00e4higkeiten mit dem Ziel, kundenspezifische Bearbeitungsmaschinen zu entwickeln.<\/p>\n<p>[\/vc_column_text][\/vc_column][vc_column width=&#8221;1\/5&#8243;][vc_single_image image=&#8221;9188&#8243; img_size=&#8221;medium&#8221; onclick=&#8221;custom_link&#8221; link=&#8221;http:\/\/volpatolasm.com\/de\/serviceleistungen\/abnahme\/&#8221;][vc_custom_heading text=&#8221;Abnahme&#8221; font_container=&#8221;tag:h4|text_align:center&#8221; use_theme_fonts=&#8221;yes&#8221;][vc_column_text]<\/p>\n<p style=\"text-align: center;\">Am Ende der Produktion der Maschinen f\u00fchrt Volpato einen Test an den Endbearbeitungsmaschinen durch, um deren korrekte Funktion zu \u00fcberpr\u00fcfen.<\/p>\n<p>[\/vc_column_text][\/vc_column][\/vc_row]<\/p>\n","protected":false},"excerpt":{"rendered":"<p>[vc_row][vc_column][vc_custom_heading text=&#8221;Kundenbetreuung bei der Herstellung von kundenspezifischen Bearbeitungsmaschinen&#8221; use_theme_fonts=&#8221;yes&#8221;][vc_column_text]Durch langj\u00e4hrige Erfahrung kann VOLPATO verschiedene Dienstleistungen f\u00fcr die Realisierung von kundenspezifischen Endbearbeitungsmaschinen anbieten. Die Mitarbeiter des Unternehmens bestehen aus hochqualifizierten Fachleuten, die mit Leidenschaft arbeiten, um den Kunden eine hervorragende technische und kaufm\u00e4nnische Unterst\u00fctzung zu bieten, die sie von der Beratungsphase bis hin zur Abnahme der [&hellip;]<\/p>\n","protected":false},"author":4,"featured_media":0,"parent":0,"menu_order":0,"comment_status":"closed","ping_status":"closed","template":"","meta":[],"yoast_head":"<!-- This site is optimized with the Yoast SEO plugin v19.5.1 - https:\/\/yoast.com\/wordpress\/plugins\/seo\/ -->\n<title>Serviceleistungen - Volpato LASM<\/title>\n<meta name=\"description\" content=\"Durch langj\u00e4hrige Erfahrung kann VOLPATO verschiedene Dienstleistungen f\u00fcr die Realisierung von kundenspezifischen Endbearbeitungsmaschinen anbieten. Die\" \/>\n<meta name=\"robots\" content=\"index, follow, max-snippet:-1, max-image-preview:large, max-video-preview:-1\" \/>\n<link rel=\"canonical\" href=\"https:\/\/volpatolasm.com\/de\/wp-json\/wp\/v2\/pages\/9195\/\" \/>\n<meta property=\"og:locale\" content=\"de_DE\" \/>\n<meta property=\"og:type\" content=\"article\" \/>\n<meta property=\"og:title\" content=\"Serviceleistungen - Volpato LASM\" \/>\n<meta property=\"og:description\" content=\"Durch langj\u00e4hrige Erfahrung kann VOLPATO verschiedene Dienstleistungen f\u00fcr die Realisierung von kundenspezifischen Endbearbeitungsmaschinen anbieten. Die\" \/>\n<meta property=\"og:url\" content=\"https:\/\/volpatolasm.com\/de\/serviceleistungen\/\" \/>\n<meta property=\"og:site_name\" content=\"Volpato LASM\" \/>\n<meta property=\"article:modified_time\" content=\"2020-02-25T14:17:55+00:00\" \/>\n<meta name=\"twitter:card\" content=\"summary_large_image\" \/>\n<meta name=\"twitter:label1\" content=\"Gesch\u00e4tzte Lesezeit\" \/>\n\t<meta name=\"twitter:data1\" content=\"2\u00a0Minuten\" \/>\n<!-- \/ Yoast SEO plugin. -->","yoast_head_json":{"title":"Serviceleistungen - Volpato LASM","description":"Durch langj\u00e4hrige Erfahrung kann VOLPATO verschiedene Dienstleistungen f\u00fcr die Realisierung von kundenspezifischen Endbearbeitungsmaschinen anbieten. Die","robots":{"index":"index","follow":"follow","max-snippet":"max-snippet:-1","max-image-preview":"max-image-preview:large","max-video-preview":"max-video-preview:-1"},"canonical":"https:\/\/volpatolasm.com\/de\/wp-json\/wp\/v2\/pages\/9195\/","og_locale":"de_DE","og_type":"article","og_title":"Serviceleistungen - Volpato LASM","og_description":"Durch langj\u00e4hrige Erfahrung kann VOLPATO verschiedene Dienstleistungen f\u00fcr die Realisierung von kundenspezifischen Endbearbeitungsmaschinen anbieten. Die","og_url":"https:\/\/volpatolasm.com\/de\/serviceleistungen\/","og_site_name":"Volpato LASM","article_modified_time":"2020-02-25T14:17:55+00:00","twitter_card":"summary_large_image","twitter_misc":{"Gesch\u00e4tzte Lesezeit":"2\u00a0Minuten"},"schema":{"@context":"https:\/\/schema.org","@graph":[{"@type":"WebPage","@id":"https:\/\/volpatolasm.com\/de\/serviceleistungen\/","url":"https:\/\/volpatolasm.com\/de\/serviceleistungen\/","name":"Serviceleistungen - Volpato LASM","isPartOf":{"@id":"https:\/\/volpatolasm.com\/#website"},"datePublished":"2020-02-18T12:36:21+00:00","dateModified":"2020-02-25T14:17:55+00:00","description":"Durch langj\u00e4hrige Erfahrung kann VOLPATO verschiedene Dienstleistungen f\u00fcr die Realisierung von kundenspezifischen Endbearbeitungsmaschinen anbieten. Die","breadcrumb":{"@id":"https:\/\/volpatolasm.com\/de\/serviceleistungen\/#breadcrumb"},"inLanguage":"de","potentialAction":[{"@type":"ReadAction","target":["https:\/\/volpatolasm.com\/de\/serviceleistungen\/"]}]},{"@type":"BreadcrumbList","@id":"https:\/\/volpatolasm.com\/de\/serviceleistungen\/#breadcrumb","itemListElement":[{"@type":"ListItem","position":1,"name":"Home","item":"https:\/\/volpatolasm.com\/de\/"},{"@type":"ListItem","position":2,"name":"Serviceleistungen"}]},{"@type":"WebSite","@id":"https:\/\/volpatolasm.com\/#website","url":"https:\/\/volpatolasm.com\/","name":"Volpato LASM","description":"","potentialAction":[{"@type":"SearchAction","target":{"@type":"EntryPoint","urlTemplate":"https:\/\/volpatolasm.com\/?s={search_term_string}"},"query-input":"required name=search_term_string"}],"inLanguage":"de"}]}},"_links":{"self":[{"href":"https:\/\/volpatolasm.com\/de\/wp-json\/wp\/v2\/pages\/9195"}],"collection":[{"href":"https:\/\/volpatolasm.com\/de\/wp-json\/wp\/v2\/pages"}],"about":[{"href":"https:\/\/volpatolasm.com\/de\/wp-json\/wp\/v2\/types\/page"}],"author":[{"embeddable":true,"href":"https:\/\/volpatolasm.com\/de\/wp-json\/wp\/v2\/users\/4"}],"replies":[{"embeddable":true,"href":"https:\/\/volpatolasm.com\/de\/wp-json\/wp\/v2\/comments?post=9195"}],"version-history":[{"count":4,"href":"https:\/\/volpatolasm.com\/de\/wp-json\/wp\/v2\/pages\/9195\/revisions"}],"predecessor-version":[{"id":9373,"href":"https:\/\/volpatolasm.com\/de\/wp-json\/wp\/v2\/pages\/9195\/revisions\/9373"}],"wp:attachment":[{"href":"https:\/\/volpatolasm.com\/de\/wp-json\/wp\/v2\/media?parent=9195"}],"curies":[{"name":"wp","href":"https:\/\/api.w.org\/{rel}","templated":true}]}}