{"id":9136,"date":"2020-02-18T13:54:51","date_gmt":"2020-02-18T12:54:51","guid":{"rendered":"https:\/\/www.volpatolasm.com\/rete-vendita\/"},"modified":"2020-02-25T11:16:09","modified_gmt":"2020-02-25T10:16:09","slug":"vertriebsnetz","status":"publish","type":"page","link":"https:\/\/volpatolasm.com\/de\/vertriebsnetz\/","title":{"rendered":"Vertriebsnetz"},"content":{"rendered":"<p>[vc_row][vc_column][vc_custom_heading text=&#8221;Nationaler und internationaler Vertrieb von Bearbeitungsmaschinen<br \/>\n&#8221; use_theme_fonts=&#8221;yes&#8221;][vc_column_text]VOLPATO w\u00e4chst st\u00e4ndig im technologischen und kommerziellen Bereich und verf\u00fcgt \u00fcber ein breites Vertriebsnetz von Maschinen f\u00fcr die Bearbeitung von Holz, Aluminium, Kunststoff und Metallen verschiedener Art im In- und Ausland, wo sich f\u00fcr jedes Land, in dem es vertreten ist, mindestens ein Vertreter befindet. Dar\u00fcber hinaus kann der Kunde, wenn es ein Problem mit der Oberfl\u00e4che eines Materials gibt, mit demselben H\u00e4ndler in seiner N\u00e4he zusammenarbeiten.<\/p>\n<p>[\/vc_column_text][vc_single_image image=&#8221;9131&#8243; img_size=&#8221;large&#8221; alignment=&#8221;center&#8221;][\/vc_column][\/vc_row]<\/p>\n","protected":false},"excerpt":{"rendered":"<p>[vc_row][vc_column][vc_custom_heading text=&#8221;Nationaler und internationaler Vertrieb von Bearbeitungsmaschinen &#8221; use_theme_fonts=&#8221;yes&#8221;][vc_column_text]VOLPATO w\u00e4chst st\u00e4ndig im technologischen und kommerziellen Bereich und verf\u00fcgt \u00fcber ein breites Vertriebsnetz von Maschinen f\u00fcr die Bearbeitung von Holz, Aluminium, Kunststoff und Metallen verschiedener Art im In- und Ausland, wo sich f\u00fcr jedes Land, in dem es vertreten ist, mindestens ein Vertreter befindet. Dar\u00fcber hinaus [&hellip;]<\/p>\n","protected":false},"author":4,"featured_media":0,"parent":0,"menu_order":0,"comment_status":"closed","ping_status":"closed","template":"","meta":[],"yoast_head":"<!-- This site is optimized with the Yoast SEO plugin v19.5.1 - https:\/\/yoast.com\/wordpress\/plugins\/seo\/ -->\n<title>Vertriebsnetz - Volpato LASM<\/title>\n<meta name=\"description\" content=\"VOLPATO w\u00e4chst st\u00e4ndig im technologischen und kommerziellen Bereich und verf\u00fcgt \u00fcber ein breites Vertriebsnetz von Maschinen f\u00fcr die Bearbeitung von Holz,\" \/>\n<meta name=\"robots\" content=\"index, follow, max-snippet:-1, max-image-preview:large, max-video-preview:-1\" \/>\n<link rel=\"canonical\" href=\"https:\/\/volpatolasm.com\/de\/wp-json\/wp\/v2\/pages\/9136\/\" \/>\n<meta property=\"og:locale\" content=\"de_DE\" \/>\n<meta property=\"og:type\" content=\"article\" \/>\n<meta property=\"og:title\" content=\"Vertriebsnetz - Volpato LASM\" \/>\n<meta property=\"og:description\" content=\"VOLPATO w\u00e4chst st\u00e4ndig im technologischen und kommerziellen Bereich und verf\u00fcgt \u00fcber ein breites Vertriebsnetz von Maschinen f\u00fcr die Bearbeitung von Holz,\" \/>\n<meta property=\"og:url\" content=\"https:\/\/volpatolasm.com\/de\/vertriebsnetz\/\" \/>\n<meta property=\"og:site_name\" content=\"Volpato LASM\" \/>\n<meta property=\"article:modified_time\" content=\"2020-02-25T10:16:09+00:00\" \/>\n<meta name=\"twitter:card\" content=\"summary_large_image\" \/>\n<meta name=\"twitter:label1\" content=\"Gesch\u00e4tzte Lesezeit\" \/>\n\t<meta name=\"twitter:data1\" content=\"1\u00a0Minute\" \/>\n<!-- \/ Yoast SEO plugin. -->","yoast_head_json":{"title":"Vertriebsnetz - Volpato LASM","description":"VOLPATO w\u00e4chst st\u00e4ndig im technologischen und kommerziellen Bereich und verf\u00fcgt \u00fcber ein breites Vertriebsnetz von Maschinen f\u00fcr die Bearbeitung von Holz,","robots":{"index":"index","follow":"follow","max-snippet":"max-snippet:-1","max-image-preview":"max-image-preview:large","max-video-preview":"max-video-preview:-1"},"canonical":"https:\/\/volpatolasm.com\/de\/wp-json\/wp\/v2\/pages\/9136\/","og_locale":"de_DE","og_type":"article","og_title":"Vertriebsnetz - Volpato LASM","og_description":"VOLPATO w\u00e4chst st\u00e4ndig im technologischen und kommerziellen Bereich und verf\u00fcgt \u00fcber ein breites Vertriebsnetz von Maschinen f\u00fcr die Bearbeitung von Holz,","og_url":"https:\/\/volpatolasm.com\/de\/vertriebsnetz\/","og_site_name":"Volpato LASM","article_modified_time":"2020-02-25T10:16:09+00:00","twitter_card":"summary_large_image","twitter_misc":{"Gesch\u00e4tzte Lesezeit":"1\u00a0Minute"},"schema":{"@context":"https:\/\/schema.org","@graph":[{"@type":"WebPage","@id":"https:\/\/volpatolasm.com\/de\/vertriebsnetz\/","url":"https:\/\/volpatolasm.com\/de\/vertriebsnetz\/","name":"Vertriebsnetz - Volpato LASM","isPartOf":{"@id":"https:\/\/volpatolasm.com\/#website"},"datePublished":"2020-02-18T12:54:51+00:00","dateModified":"2020-02-25T10:16:09+00:00","description":"VOLPATO w\u00e4chst st\u00e4ndig im technologischen und kommerziellen Bereich und verf\u00fcgt \u00fcber ein breites Vertriebsnetz von Maschinen f\u00fcr die Bearbeitung von Holz,","breadcrumb":{"@id":"https:\/\/volpatolasm.com\/de\/vertriebsnetz\/#breadcrumb"},"inLanguage":"de","potentialAction":[{"@type":"ReadAction","target":["https:\/\/volpatolasm.com\/de\/vertriebsnetz\/"]}]},{"@type":"BreadcrumbList","@id":"https:\/\/volpatolasm.com\/de\/vertriebsnetz\/#breadcrumb","itemListElement":[{"@type":"ListItem","position":1,"name":"Home","item":"https:\/\/volpatolasm.com\/de\/"},{"@type":"ListItem","position":2,"name":"Vertriebsnetz"}]},{"@type":"WebSite","@id":"https:\/\/volpatolasm.com\/#website","url":"https:\/\/volpatolasm.com\/","name":"Volpato LASM","description":"","potentialAction":[{"@type":"SearchAction","target":{"@type":"EntryPoint","urlTemplate":"https:\/\/volpatolasm.com\/?s={search_term_string}"},"query-input":"required name=search_term_string"}],"inLanguage":"de"}]}},"_links":{"self":[{"href":"https:\/\/volpatolasm.com\/de\/wp-json\/wp\/v2\/pages\/9136"}],"collection":[{"href":"https:\/\/volpatolasm.com\/de\/wp-json\/wp\/v2\/pages"}],"about":[{"href":"https:\/\/volpatolasm.com\/de\/wp-json\/wp\/v2\/types\/page"}],"author":[{"embeddable":true,"href":"https:\/\/volpatolasm.com\/de\/wp-json\/wp\/v2\/users\/4"}],"replies":[{"embeddable":true,"href":"https:\/\/volpatolasm.com\/de\/wp-json\/wp\/v2\/comments?post=9136"}],"version-history":[{"count":2,"href":"https:\/\/volpatolasm.com\/de\/wp-json\/wp\/v2\/pages\/9136\/revisions"}],"predecessor-version":[{"id":9144,"href":"https:\/\/volpatolasm.com\/de\/wp-json\/wp\/v2\/pages\/9136\/revisions\/9144"}],"wp:attachment":[{"href":"https:\/\/volpatolasm.com\/de\/wp-json\/wp\/v2\/media?parent=9136"}],"curies":[{"name":"wp","href":"https:\/\/api.w.org\/{rel}","templated":true}]}}