{"id":9117,"date":"2020-02-18T13:34:34","date_gmt":"2020-02-18T12:34:34","guid":{"rendered":"https:\/\/www.volpatolasm.com\/das-unternehmen\/ricerca-e-sviluppo\/"},"modified":"2020-02-25T11:06:28","modified_gmt":"2020-02-25T10:06:28","slug":"forschung-und-entwicklung","status":"publish","type":"page","link":"https:\/\/volpatolasm.com\/de\/das-unternehmen\/forschung-und-entwicklung\/","title":{"rendered":"Forschung und Entwicklung"},"content":{"rendered":"<p>[vc_row][vc_column][vc_custom_heading text=&#8221;Das Team zur Verbesserung der Leistung von Schleifmaschinen<br \/>\n&#8221; use_theme_fonts=&#8221;yes&#8221;][\/vc_column][\/vc_row][vc_row][vc_column width=&#8221;1\/2&#8243;][vc_column_text]Die technische Abteilung des Unternehmens verf\u00fcgt \u00fcber ein Team von hochspezialisierten Fachleuten, die haupts\u00e4chlich in der Forschung und Entwicklung von Schleifmaschinen t\u00e4tig sind. Dieser Bereich entstand aus dem Wunsch, die unterschiedlichen Bed\u00fcrfnisse der Kunden zu erf\u00fcllen, die oft Maschinen ben\u00f6tigen, die \u00fcber die Leistung von Standardger\u00e4ten hinausgehen und in der Lage sind, ihr Endprodukt zu verbessern und sich perfekt an die verschiedenen Produktionsketten anzupassen.<\/p>\n<p>[\/vc_column_text][\/vc_column][vc_column width=&#8221;1\/2&#8243;][vc_gallery type=&#8221;flexslider_slide&#8221; interval=&#8221;3&#8243; images=&#8221;9097,9102,9107,9112&#8243; img_size=&#8221;medium&#8221;][\/vc_column][\/vc_row]<\/p>\n","protected":false},"excerpt":{"rendered":"<p>[vc_row][vc_column][vc_custom_heading text=&#8221;Das Team zur Verbesserung der Leistung von Schleifmaschinen &#8221; use_theme_fonts=&#8221;yes&#8221;][\/vc_column][\/vc_row][vc_row][vc_column width=&#8221;1\/2&#8243;][vc_column_text]Die technische Abteilung des Unternehmens verf\u00fcgt \u00fcber ein Team von hochspezialisierten Fachleuten, die haupts\u00e4chlich in der Forschung und Entwicklung von Schleifmaschinen t\u00e4tig sind. Dieser Bereich entstand aus dem Wunsch, die unterschiedlichen Bed\u00fcrfnisse der Kunden zu erf\u00fcllen, die oft Maschinen ben\u00f6tigen, die \u00fcber die Leistung [&hellip;]<\/p>\n","protected":false},"author":4,"featured_media":0,"parent":8797,"menu_order":0,"comment_status":"closed","ping_status":"closed","template":"","meta":[],"yoast_head":"<!-- This site is optimized with the Yoast SEO plugin v19.5.1 - https:\/\/yoast.com\/wordpress\/plugins\/seo\/ -->\n<title>Forschung und Entwicklung - Volpato LASM<\/title>\n<meta name=\"description\" content=\"Die technische Abteilung des Unternehmens verf\u00fcgt \u00fcber ein Team von hochspezialisierten Fachleuten, die haupts\u00e4chlich in der Forschung und Entwicklung von\" \/>\n<meta name=\"robots\" content=\"index, follow, max-snippet:-1, max-image-preview:large, max-video-preview:-1\" \/>\n<link rel=\"canonical\" href=\"https:\/\/volpatolasm.com\/de\/wp-json\/wp\/v2\/pages\/9117\/\" \/>\n<meta property=\"og:locale\" content=\"de_DE\" \/>\n<meta property=\"og:type\" content=\"article\" \/>\n<meta property=\"og:title\" content=\"Forschung und Entwicklung - Volpato LASM\" \/>\n<meta property=\"og:description\" content=\"Die technische Abteilung des Unternehmens verf\u00fcgt \u00fcber ein Team von hochspezialisierten Fachleuten, die haupts\u00e4chlich in der Forschung und Entwicklung von\" \/>\n<meta property=\"og:url\" content=\"https:\/\/volpatolasm.com\/de\/das-unternehmen\/forschung-und-entwicklung\/\" \/>\n<meta property=\"og:site_name\" content=\"Volpato LASM\" \/>\n<meta property=\"article:modified_time\" content=\"2020-02-25T10:06:28+00:00\" \/>\n<meta name=\"twitter:card\" content=\"summary_large_image\" \/>\n<meta name=\"twitter:label1\" content=\"Gesch\u00e4tzte Lesezeit\" \/>\n\t<meta name=\"twitter:data1\" content=\"1\u00a0Minute\" \/>\n<!-- \/ Yoast SEO plugin. -->","yoast_head_json":{"title":"Forschung und Entwicklung - Volpato LASM","description":"Die technische Abteilung des Unternehmens verf\u00fcgt \u00fcber ein Team von hochspezialisierten Fachleuten, die haupts\u00e4chlich in der Forschung und Entwicklung von","robots":{"index":"index","follow":"follow","max-snippet":"max-snippet:-1","max-image-preview":"max-image-preview:large","max-video-preview":"max-video-preview:-1"},"canonical":"https:\/\/volpatolasm.com\/de\/wp-json\/wp\/v2\/pages\/9117\/","og_locale":"de_DE","og_type":"article","og_title":"Forschung und Entwicklung - Volpato LASM","og_description":"Die technische Abteilung des Unternehmens verf\u00fcgt \u00fcber ein Team von hochspezialisierten Fachleuten, die haupts\u00e4chlich in der Forschung und Entwicklung von","og_url":"https:\/\/volpatolasm.com\/de\/das-unternehmen\/forschung-und-entwicklung\/","og_site_name":"Volpato LASM","article_modified_time":"2020-02-25T10:06:28+00:00","twitter_card":"summary_large_image","twitter_misc":{"Gesch\u00e4tzte Lesezeit":"1\u00a0Minute"},"schema":{"@context":"https:\/\/schema.org","@graph":[{"@type":"WebPage","@id":"https:\/\/volpatolasm.com\/de\/das-unternehmen\/forschung-und-entwicklung\/","url":"https:\/\/volpatolasm.com\/de\/das-unternehmen\/forschung-und-entwicklung\/","name":"Forschung und Entwicklung - Volpato LASM","isPartOf":{"@id":"https:\/\/volpatolasm.com\/#website"},"datePublished":"2020-02-18T12:34:34+00:00","dateModified":"2020-02-25T10:06:28+00:00","description":"Die technische Abteilung des Unternehmens verf\u00fcgt \u00fcber ein Team von hochspezialisierten Fachleuten, die haupts\u00e4chlich in der Forschung und Entwicklung von","breadcrumb":{"@id":"https:\/\/volpatolasm.com\/de\/das-unternehmen\/forschung-und-entwicklung\/#breadcrumb"},"inLanguage":"de","potentialAction":[{"@type":"ReadAction","target":["https:\/\/volpatolasm.com\/de\/das-unternehmen\/forschung-und-entwicklung\/"]}]},{"@type":"BreadcrumbList","@id":"https:\/\/volpatolasm.com\/de\/das-unternehmen\/forschung-und-entwicklung\/#breadcrumb","itemListElement":[{"@type":"ListItem","position":1,"name":"Home","item":"https:\/\/volpatolasm.com\/de\/"},{"@type":"ListItem","position":2,"name":"Das Unternehmen","item":"https:\/\/volpatolasm.com\/de\/das-unternehmen\/"},{"@type":"ListItem","position":3,"name":"Forschung und Entwicklung"}]},{"@type":"WebSite","@id":"https:\/\/volpatolasm.com\/#website","url":"https:\/\/volpatolasm.com\/","name":"Volpato LASM","description":"","potentialAction":[{"@type":"SearchAction","target":{"@type":"EntryPoint","urlTemplate":"https:\/\/volpatolasm.com\/?s={search_term_string}"},"query-input":"required name=search_term_string"}],"inLanguage":"de"}]}},"_links":{"self":[{"href":"https:\/\/volpatolasm.com\/de\/wp-json\/wp\/v2\/pages\/9117"}],"collection":[{"href":"https:\/\/volpatolasm.com\/de\/wp-json\/wp\/v2\/pages"}],"about":[{"href":"https:\/\/volpatolasm.com\/de\/wp-json\/wp\/v2\/types\/page"}],"author":[{"embeddable":true,"href":"https:\/\/volpatolasm.com\/de\/wp-json\/wp\/v2\/users\/4"}],"replies":[{"embeddable":true,"href":"https:\/\/volpatolasm.com\/de\/wp-json\/wp\/v2\/comments?post=9117"}],"version-history":[{"count":2,"href":"https:\/\/volpatolasm.com\/de\/wp-json\/wp\/v2\/pages\/9117\/revisions"}],"predecessor-version":[{"id":9125,"href":"https:\/\/volpatolasm.com\/de\/wp-json\/wp\/v2\/pages\/9117\/revisions\/9125"}],"up":[{"embeddable":true,"href":"https:\/\/volpatolasm.com\/de\/wp-json\/wp\/v2\/pages\/8797"}],"wp:attachment":[{"href":"https:\/\/volpatolasm.com\/de\/wp-json\/wp\/v2\/media?parent=9117"}],"curies":[{"name":"wp","href":"https:\/\/api.w.org\/{rel}","templated":true}]}}