{"id":9054,"date":"2020-02-18T13:33:47","date_gmt":"2020-02-18T12:33:47","guid":{"rendered":"https:\/\/www.volpatolasm.com\/das-unternehmen\/brevetti-e-certificazioni\/"},"modified":"2020-02-25T10:43:42","modified_gmt":"2020-02-25T09:43:42","slug":"patente-und-zertifizierungen","status":"publish","type":"page","link":"https:\/\/volpatolasm.com\/de\/das-unternehmen\/patente-und-zertifizierungen\/","title":{"rendered":"Patente und Zertifizierungen"},"content":{"rendered":"<p>[vc_row][vc_column][vc_custom_heading text=&#8221;Dokumente zu den exklusiven Schleifmaschinen des Unternehmens<br \/>\n&#8221; use_theme_fonts=&#8221;yes&#8221;][\/vc_column][\/vc_row][vc_row][vc_column width=&#8221;1\/2&#8243;][vc_column_text]Das Unternehmen hat im Laufe seiner Geschichte ein besonderes Augenmerk auf Innovationen gelegt und ist immer noch in der Lage, Schleifmaschinen f\u00fcr Holz und andere kundenspezifische Materialien zu entwickeln und zu patentieren, die in der Lage sind, die spezifischen Bed\u00fcrfnisse einiger Kunden zu erf\u00fcllen, die sich oft als typisch f\u00fcr andere Unternehmen der Branche erweisen. Unter den von der Firma entwickelten Maschinen finden wir z.B. die Maschine zur Herstellung der hochgl\u00e4nzende-Oberfl\u00e4che, f\u00fcr kleine und mittlere Unternehmen und f\u00fcr \u00fcberdimensionale Platten, Modell LBO 60 A STS. Dieser kontinuierliche Prozess der Forschung und Entwicklung hat es auch erm\u00f6glicht, dass es als eines der vielseitigsten und wettbewerbsf\u00e4higsten Unternehmen in der Bearbeitungsbranche gilt.<\/p>\n<p>[\/vc_column_text][\/vc_column][vc_column width=&#8221;1\/2&#8243;][vc_gallery type=&#8221;flexslider_slide&#8221; interval=&#8221;3&#8243; images=&#8221;9039,9044,9049&#8243; img_size=&#8221;medium&#8221;][\/vc_column][\/vc_row][vc_row][vc_column][vc_column_text]Tra i macchinari ideati dalla societ\u00e0, troviamo, ad esempio, la macchina per la realizzazione della finitura super lucida High Gloss, per la piccola media impresa artigiana e per pannelli fuori misura, modello LBO 60 A STS. Questo continuo processo di ricerca e sviluppo, inoltre, le ha permesso di essere considerata una delle imprese pi\u00f9 versatili e competitive all\u2019interno del settore della finitura.<\/p>\n<p>[\/vc_column_text][\/vc_column][\/vc_row]<\/p>\n","protected":false},"excerpt":{"rendered":"<p>[vc_row][vc_column][vc_custom_heading text=&#8221;Dokumente zu den exklusiven Schleifmaschinen des Unternehmens &#8221; use_theme_fonts=&#8221;yes&#8221;][\/vc_column][\/vc_row][vc_row][vc_column width=&#8221;1\/2&#8243;][vc_column_text]Das Unternehmen hat im Laufe seiner Geschichte ein besonderes Augenmerk auf Innovationen gelegt und ist immer noch in der Lage, Schleifmaschinen f\u00fcr Holz und andere kundenspezifische Materialien zu entwickeln und zu patentieren, die in der Lage sind, die spezifischen Bed\u00fcrfnisse einiger Kunden zu erf\u00fcllen, die [&hellip;]<\/p>\n","protected":false},"author":4,"featured_media":0,"parent":8797,"menu_order":0,"comment_status":"closed","ping_status":"closed","template":"","meta":[],"yoast_head":"<!-- This site is optimized with the Yoast SEO plugin v19.5.1 - https:\/\/yoast.com\/wordpress\/plugins\/seo\/ -->\n<title>Patente und Zertifizierungen - Volpato LASM<\/title>\n<meta name=\"description\" content=\"Das Unternehmen hat im Laufe seiner Geschichte ein besonderes Augenmerk auf Innovationen gelegt und ist immer noch in der Lage, Schleifmaschinen f\u00fcr Holz\" \/>\n<meta name=\"robots\" content=\"index, follow, max-snippet:-1, max-image-preview:large, max-video-preview:-1\" \/>\n<link rel=\"canonical\" href=\"https:\/\/volpatolasm.com\/de\/wp-json\/wp\/v2\/pages\/9054\/\" \/>\n<meta property=\"og:locale\" content=\"de_DE\" \/>\n<meta property=\"og:type\" content=\"article\" \/>\n<meta property=\"og:title\" content=\"Patente und Zertifizierungen - Volpato LASM\" \/>\n<meta property=\"og:description\" content=\"Das Unternehmen hat im Laufe seiner Geschichte ein besonderes Augenmerk auf Innovationen gelegt und ist immer noch in der Lage, Schleifmaschinen f\u00fcr Holz\" \/>\n<meta property=\"og:url\" content=\"https:\/\/volpatolasm.com\/de\/das-unternehmen\/patente-und-zertifizierungen\/\" \/>\n<meta property=\"og:site_name\" content=\"Volpato LASM\" \/>\n<meta property=\"article:modified_time\" content=\"2020-02-25T09:43:42+00:00\" \/>\n<meta name=\"twitter:card\" content=\"summary_large_image\" \/>\n<meta name=\"twitter:label1\" content=\"Gesch\u00e4tzte Lesezeit\" \/>\n\t<meta name=\"twitter:data1\" content=\"1\u00a0Minute\" \/>\n<!-- \/ Yoast SEO plugin. -->","yoast_head_json":{"title":"Patente und Zertifizierungen - Volpato LASM","description":"Das Unternehmen hat im Laufe seiner Geschichte ein besonderes Augenmerk auf Innovationen gelegt und ist immer noch in der Lage, Schleifmaschinen f\u00fcr Holz","robots":{"index":"index","follow":"follow","max-snippet":"max-snippet:-1","max-image-preview":"max-image-preview:large","max-video-preview":"max-video-preview:-1"},"canonical":"https:\/\/volpatolasm.com\/de\/wp-json\/wp\/v2\/pages\/9054\/","og_locale":"de_DE","og_type":"article","og_title":"Patente und Zertifizierungen - Volpato LASM","og_description":"Das Unternehmen hat im Laufe seiner Geschichte ein besonderes Augenmerk auf Innovationen gelegt und ist immer noch in der Lage, Schleifmaschinen f\u00fcr Holz","og_url":"https:\/\/volpatolasm.com\/de\/das-unternehmen\/patente-und-zertifizierungen\/","og_site_name":"Volpato LASM","article_modified_time":"2020-02-25T09:43:42+00:00","twitter_card":"summary_large_image","twitter_misc":{"Gesch\u00e4tzte Lesezeit":"1\u00a0Minute"},"schema":{"@context":"https:\/\/schema.org","@graph":[{"@type":"WebPage","@id":"https:\/\/volpatolasm.com\/de\/das-unternehmen\/patente-und-zertifizierungen\/","url":"https:\/\/volpatolasm.com\/de\/das-unternehmen\/patente-und-zertifizierungen\/","name":"Patente und Zertifizierungen - Volpato LASM","isPartOf":{"@id":"https:\/\/volpatolasm.com\/#website"},"datePublished":"2020-02-18T12:33:47+00:00","dateModified":"2020-02-25T09:43:42+00:00","description":"Das Unternehmen hat im Laufe seiner Geschichte ein besonderes Augenmerk auf Innovationen gelegt und ist immer noch in der Lage, Schleifmaschinen f\u00fcr Holz","breadcrumb":{"@id":"https:\/\/volpatolasm.com\/de\/das-unternehmen\/patente-und-zertifizierungen\/#breadcrumb"},"inLanguage":"de","potentialAction":[{"@type":"ReadAction","target":["https:\/\/volpatolasm.com\/de\/das-unternehmen\/patente-und-zertifizierungen\/"]}]},{"@type":"BreadcrumbList","@id":"https:\/\/volpatolasm.com\/de\/das-unternehmen\/patente-und-zertifizierungen\/#breadcrumb","itemListElement":[{"@type":"ListItem","position":1,"name":"Home","item":"https:\/\/volpatolasm.com\/de\/"},{"@type":"ListItem","position":2,"name":"Das Unternehmen","item":"https:\/\/volpatolasm.com\/de\/das-unternehmen\/"},{"@type":"ListItem","position":3,"name":"Patente und Zertifizierungen"}]},{"@type":"WebSite","@id":"https:\/\/volpatolasm.com\/#website","url":"https:\/\/volpatolasm.com\/","name":"Volpato LASM","description":"","potentialAction":[{"@type":"SearchAction","target":{"@type":"EntryPoint","urlTemplate":"https:\/\/volpatolasm.com\/?s={search_term_string}"},"query-input":"required name=search_term_string"}],"inLanguage":"de"}]}},"_links":{"self":[{"href":"https:\/\/volpatolasm.com\/de\/wp-json\/wp\/v2\/pages\/9054"}],"collection":[{"href":"https:\/\/volpatolasm.com\/de\/wp-json\/wp\/v2\/pages"}],"about":[{"href":"https:\/\/volpatolasm.com\/de\/wp-json\/wp\/v2\/types\/page"}],"author":[{"embeddable":true,"href":"https:\/\/volpatolasm.com\/de\/wp-json\/wp\/v2\/users\/4"}],"replies":[{"embeddable":true,"href":"https:\/\/volpatolasm.com\/de\/wp-json\/wp\/v2\/comments?post=9054"}],"version-history":[{"count":4,"href":"https:\/\/volpatolasm.com\/de\/wp-json\/wp\/v2\/pages\/9054\/revisions"}],"predecessor-version":[{"id":9071,"href":"https:\/\/volpatolasm.com\/de\/wp-json\/wp\/v2\/pages\/9054\/revisions\/9071"}],"up":[{"embeddable":true,"href":"https:\/\/volpatolasm.com\/de\/wp-json\/wp\/v2\/pages\/8797"}],"wp:attachment":[{"href":"https:\/\/volpatolasm.com\/de\/wp-json\/wp\/v2\/media?parent=9054"}],"curies":[{"name":"wp","href":"https:\/\/api.w.org\/{rel}","templated":true}]}}