{"id":9012,"date":"2020-02-18T13:33:24","date_gmt":"2020-02-18T12:33:24","guid":{"rendered":"https:\/\/www.volpatolasm.com\/das-unternehmen\/made-in-italy\/"},"modified":"2020-02-25T10:23:53","modified_gmt":"2020-02-25T09:23:53","slug":"hergestellt-in-italien","status":"publish","type":"page","link":"https:\/\/volpatolasm.com\/de\/das-unternehmen\/hergestellt-in-italien\/","title":{"rendered":"Hergestellt in Italien"},"content":{"rendered":"<p>[vc_row][vc_column][vc_custom_heading text=&#8221;Die komplett italienischen Schleifmaschinen f\u00fcr Holz, Kunststoff und Aluminium<br \/>\n&#8221; use_theme_fonts=&#8221;yes&#8221;][\/vc_column][\/vc_row][vc_row][vc_column width=&#8221;1\/2&#8243;][vc_column_text]<\/p>\n<div class=\"et_pb_column et_pb_column_1_2 et_pb_column_2 et_pb_css_mix_blend_mode_passthrough\">\n<div class=\"et_pb_module et_pb_text et_pb_text_1 et_pb_text_align_left et_pb_bg_layout_light\">\n<div class=\"et_pb_text_inner\">\n<p>Die\u00a0<strong>italienische Herstellung von Schleifmaschinen verschiedener Materialien<\/strong>\u00a0bietet dem Endverbraucher zahlreiche Vorteile, insbesondere in Bezug auf die Qualit\u00e4tskontrolle, die Verf\u00fcgbarkeit von Ersatzteilen und die Entwicklung von Materialien und anderen innovativen L\u00f6sungen, die sich aus dem Vergleich mit einem hohen Know-how hochspezialisierter Techniker ergeben. Aus diesem Grund werden VOLPATO-Maschinen, mit Ausnahme des Bedienfeldes und der SPS, ausschlie\u00dflich mit Komponenten und Materialien vom italienischen Markt hergestellt, die unter der Aufsicht von kompetenten und zuverl\u00e4ssigen Personen hergestellt werden, die die gesamte Produktionskette genau steuern und \u00fcberwachen, um h\u00f6chste Qualit\u00e4tsstandards zu bieten.<\/p>\n<\/div>\n<\/div>\n<\/div>\n<div class=\"et_pb_column et_pb_column_1_2 et_pb_column_3 et_pb_css_mix_blend_mode_passthrough et-last-child\">\n<div class=\"et_pb_with_border et_pb_module et_pb_gallery et_pb_gallery_0 et_pb_slider et_pb_gallery_fullwidth et_slider_auto et_slider_speed_7000 clearfix et_slide_transition_to_next et_pb_bg_layout_light\">\n<div class=\"et_pb_gallery_items et_post_gallery clearfix\" data-per_page=\"4\">\n<div class=\"et_pb_gallery_item et_pb_bg_layout_light et_pb_gallery_item_0_0 et-pb-active-slide\"><\/div>\n<\/div>\n<\/div>\n<\/div>\n<p>[\/vc_column_text][\/vc_column][vc_column width=&#8221;1\/2&#8243;][vc_gallery type=&#8221;flexslider_slide&#8221; interval=&#8221;5&#8243; images=&#8221;9002,8997,8992&#8243; img_size=&#8221;medium&#8221;][\/vc_column][\/vc_row]<\/p>\n","protected":false},"excerpt":{"rendered":"<p>[vc_row][vc_column][vc_custom_heading text=&#8221;Die komplett italienischen Schleifmaschinen f\u00fcr Holz, Kunststoff und Aluminium &#8221; use_theme_fonts=&#8221;yes&#8221;][\/vc_column][\/vc_row][vc_row][vc_column width=&#8221;1\/2&#8243;][vc_column_text] Die\u00a0italienische Herstellung von Schleifmaschinen verschiedener Materialien\u00a0bietet dem Endverbraucher zahlreiche Vorteile, insbesondere in Bezug auf die Qualit\u00e4tskontrolle, die Verf\u00fcgbarkeit von Ersatzteilen und die Entwicklung von Materialien und anderen innovativen L\u00f6sungen, die sich aus dem Vergleich mit einem hohen Know-how hochspezialisierter Techniker ergeben. Aus [&hellip;]<\/p>\n","protected":false},"author":4,"featured_media":0,"parent":8797,"menu_order":0,"comment_status":"closed","ping_status":"closed","template":"","meta":[],"yoast_head":"<!-- This site is optimized with the Yoast SEO plugin v19.5.1 - https:\/\/yoast.com\/wordpress\/plugins\/seo\/ -->\n<title>Hergestellt in Italien - Volpato LASM<\/title>\n<meta name=\"description\" content=\"Die\u00a0italienische Herstellung von Schleifmaschinen verschiedener Materialien\u00a0bietet dem Endverbraucher zahlreiche Vorteile, insbesondere in Bezug auf die\" \/>\n<meta name=\"robots\" content=\"index, follow, max-snippet:-1, max-image-preview:large, max-video-preview:-1\" \/>\n<link rel=\"canonical\" href=\"https:\/\/volpatolasm.com\/de\/wp-json\/wp\/v2\/pages\/9012\/\" \/>\n<meta property=\"og:locale\" content=\"de_DE\" \/>\n<meta property=\"og:type\" content=\"article\" \/>\n<meta property=\"og:title\" content=\"Hergestellt in Italien - Volpato LASM\" \/>\n<meta property=\"og:description\" content=\"Die\u00a0italienische Herstellung von Schleifmaschinen verschiedener Materialien\u00a0bietet dem Endverbraucher zahlreiche Vorteile, insbesondere in Bezug auf die\" \/>\n<meta property=\"og:url\" content=\"https:\/\/volpatolasm.com\/de\/das-unternehmen\/hergestellt-in-italien\/\" \/>\n<meta property=\"og:site_name\" content=\"Volpato LASM\" \/>\n<meta property=\"article:modified_time\" content=\"2020-02-25T09:23:53+00:00\" \/>\n<meta name=\"twitter:card\" content=\"summary_large_image\" \/>\n<meta name=\"twitter:label1\" content=\"Gesch\u00e4tzte Lesezeit\" \/>\n\t<meta name=\"twitter:data1\" content=\"1\u00a0Minute\" \/>\n<!-- \/ Yoast SEO plugin. -->","yoast_head_json":{"title":"Hergestellt in Italien - Volpato LASM","description":"Die\u00a0italienische Herstellung von Schleifmaschinen verschiedener Materialien\u00a0bietet dem Endverbraucher zahlreiche Vorteile, insbesondere in Bezug auf die","robots":{"index":"index","follow":"follow","max-snippet":"max-snippet:-1","max-image-preview":"max-image-preview:large","max-video-preview":"max-video-preview:-1"},"canonical":"https:\/\/volpatolasm.com\/de\/wp-json\/wp\/v2\/pages\/9012\/","og_locale":"de_DE","og_type":"article","og_title":"Hergestellt in Italien - Volpato LASM","og_description":"Die\u00a0italienische Herstellung von Schleifmaschinen verschiedener Materialien\u00a0bietet dem Endverbraucher zahlreiche Vorteile, insbesondere in Bezug auf die","og_url":"https:\/\/volpatolasm.com\/de\/das-unternehmen\/hergestellt-in-italien\/","og_site_name":"Volpato LASM","article_modified_time":"2020-02-25T09:23:53+00:00","twitter_card":"summary_large_image","twitter_misc":{"Gesch\u00e4tzte Lesezeit":"1\u00a0Minute"},"schema":{"@context":"https:\/\/schema.org","@graph":[{"@type":"WebPage","@id":"https:\/\/volpatolasm.com\/de\/das-unternehmen\/hergestellt-in-italien\/","url":"https:\/\/volpatolasm.com\/de\/das-unternehmen\/hergestellt-in-italien\/","name":"Hergestellt in Italien - Volpato LASM","isPartOf":{"@id":"https:\/\/volpatolasm.com\/#website"},"datePublished":"2020-02-18T12:33:24+00:00","dateModified":"2020-02-25T09:23:53+00:00","description":"Die\u00a0italienische Herstellung von Schleifmaschinen verschiedener Materialien\u00a0bietet dem Endverbraucher zahlreiche Vorteile, insbesondere in Bezug auf die","breadcrumb":{"@id":"https:\/\/volpatolasm.com\/de\/das-unternehmen\/hergestellt-in-italien\/#breadcrumb"},"inLanguage":"de","potentialAction":[{"@type":"ReadAction","target":["https:\/\/volpatolasm.com\/de\/das-unternehmen\/hergestellt-in-italien\/"]}]},{"@type":"BreadcrumbList","@id":"https:\/\/volpatolasm.com\/de\/das-unternehmen\/hergestellt-in-italien\/#breadcrumb","itemListElement":[{"@type":"ListItem","position":1,"name":"Home","item":"https:\/\/volpatolasm.com\/de\/"},{"@type":"ListItem","position":2,"name":"Das Unternehmen","item":"https:\/\/volpatolasm.com\/de\/das-unternehmen\/"},{"@type":"ListItem","position":3,"name":"Hergestellt in Italien"}]},{"@type":"WebSite","@id":"https:\/\/volpatolasm.com\/#website","url":"https:\/\/volpatolasm.com\/","name":"Volpato LASM","description":"","potentialAction":[{"@type":"SearchAction","target":{"@type":"EntryPoint","urlTemplate":"https:\/\/volpatolasm.com\/?s={search_term_string}"},"query-input":"required name=search_term_string"}],"inLanguage":"de"}]}},"_links":{"self":[{"href":"https:\/\/volpatolasm.com\/de\/wp-json\/wp\/v2\/pages\/9012"}],"collection":[{"href":"https:\/\/volpatolasm.com\/de\/wp-json\/wp\/v2\/pages"}],"about":[{"href":"https:\/\/volpatolasm.com\/de\/wp-json\/wp\/v2\/types\/page"}],"author":[{"embeddable":true,"href":"https:\/\/volpatolasm.com\/de\/wp-json\/wp\/v2\/users\/4"}],"replies":[{"embeddable":true,"href":"https:\/\/volpatolasm.com\/de\/wp-json\/wp\/v2\/comments?post=9012"}],"version-history":[{"count":5,"href":"https:\/\/volpatolasm.com\/de\/wp-json\/wp\/v2\/pages\/9012\/revisions"}],"predecessor-version":[{"id":9032,"href":"https:\/\/volpatolasm.com\/de\/wp-json\/wp\/v2\/pages\/9012\/revisions\/9032"}],"up":[{"embeddable":true,"href":"https:\/\/volpatolasm.com\/de\/wp-json\/wp\/v2\/pages\/8797"}],"wp:attachment":[{"href":"https:\/\/volpatolasm.com\/de\/wp-json\/wp\/v2\/media?parent=9012"}],"curies":[{"name":"wp","href":"https:\/\/api.w.org\/{rel}","templated":true}]}}