{"id":8818,"date":"2020-02-18T13:32:37","date_gmt":"2020-02-18T12:32:37","guid":{"rendered":"https:\/\/www.volpatolasm.com\/das-unternehmen\/storia\/"},"modified":"2020-02-24T17:18:34","modified_gmt":"2020-02-24T16:18:34","slug":"geschichte","status":"publish","type":"page","link":"https:\/\/volpatolasm.com\/de\/das-unternehmen\/geschichte\/","title":{"rendered":"Geschichte"},"content":{"rendered":"<p>[vc_row full_width=&#8221;stretch_row&#8221;][vc_column][vc_column_text]<\/p>\n<h2>Von der Herstellung von Standardschleifmaschinen bis hin zur kundenspezifischen Produktion.<\/h2>\n<p>[\/vc_column_text][\/vc_column][\/vc_row][vc_row][vc_column width=&#8221;1\/2&#8243;][vc_column_text]<\/p>\n<div class=\"et_pb_column et_pb_column_1_2 et_pb_column_2 et_pb_css_mix_blend_mode_passthrough\">\n<div class=\"et_pb_module et_pb_text et_pb_text_1 et_pb_text_align_left et_pb_bg_layout_light\">\n<div class=\"et_pb_text_inner\">\n<p>Seit der Gr\u00fcndung im Jahr 1957 hat das Unternehmen den Produktionsstandort gewechselt und 2001 auch den Maschinenpark f\u00fcr die Produktion erneuert. Obwohl es fr\u00fcher als LASM (Akronym f\u00fcr die Namen der Gr\u00fcnder) bekannt war, ist es seitdem unter dem Namen VOLPATO auf dem Markt, der zur eigentlichen operativen Abteilung des Unternehmens geworden ist, mit der \u00c4nderung des Firmennamens von Snc in Srl. In den letzten Jahren hat das Unternehmen immer wieder neue M\u00e4rkte in Bezug auf Geographie und Segmentierung erforscht, ein weltumspannendes Vertriebsnetz aufgebaut und eine wachsende Anzahl von Kunden von kleinen, mittleren und gro\u00dfen Unternehmen befriedigt, die in den unterschiedlichsten Industrie- und Handwerksbereichen t\u00e4tig sind. Genau aus diesem Grund hat sich das Unternehmen von der Herstellung von Holzbearbeitungsmaschinen zur Herstellung von kundenspezifischen Maschinen f\u00fcr das Schleifen verschiedener Materialien wie Kunststoffmischungen, Aluminium, Stahl, Edelmetalle, Gummi und viele andere entwickelt.<\/p>\n<\/div>\n<\/div>\n<\/div>\n<div class=\"et_pb_column et_pb_column_1_2 et_pb_column_3 et_pb_css_mix_blend_mode_passthrough et-last-child\">\n<div class=\"et_pb_module et_pb_gallery et_pb_gallery_0 et_pb_slider et_pb_gallery_fullwidth et_slide_transition_to_2 et_slide_transition_to_1 et_pb_bg_layout_light\">\n<div class=\"et_pb_gallery_items et_post_gallery clearfix\" data-per_page=\"4\">\n<div class=\"et_pb_gallery_item et_pb_bg_layout_light et_pb_gallery_item_0_1 et-pb-active-slide\"><\/div>\n<\/div>\n<\/div>\n<\/div>\n<p>[\/vc_column_text][\/vc_column][vc_column width=&#8221;1\/2&#8243;][vc_images_carousel images=&#8221;8837,8842,8847,8852,8857,8862&#8243; img_size=&#8221;full&#8221; onclick=&#8221;link_no&#8221; autoplay=&#8221;yes&#8221; wrap=&#8221;yes&#8221;][\/vc_column][\/vc_row]<\/p>\n","protected":false},"excerpt":{"rendered":"<p>[vc_row full_width=&#8221;stretch_row&#8221;][vc_column][vc_column_text] Von der Herstellung von Standardschleifmaschinen bis hin zur kundenspezifischen Produktion. [\/vc_column_text][\/vc_column][\/vc_row][vc_row][vc_column width=&#8221;1\/2&#8243;][vc_column_text] Seit der Gr\u00fcndung im Jahr 1957 hat das Unternehmen den Produktionsstandort gewechselt und 2001 auch den Maschinenpark f\u00fcr die Produktion erneuert. Obwohl es fr\u00fcher als LASM (Akronym f\u00fcr die Namen der Gr\u00fcnder) bekannt war, ist es seitdem unter dem Namen VOLPATO [&hellip;]<\/p>\n","protected":false},"author":4,"featured_media":0,"parent":8797,"menu_order":0,"comment_status":"closed","ping_status":"closed","template":"","meta":[],"yoast_head":"<!-- This site is optimized with the Yoast SEO plugin v19.5.1 - https:\/\/yoast.com\/wordpress\/plugins\/seo\/ -->\n<title>Geschichte - Volpato LASM<\/title>\n<meta name=\"description\" content=\"Von der Herstellung von Standardschleifmaschinen bis hin zur kundenspezifischen Produktion. Seit der Gr\u00fcndung im Jahr 1957 hat das Unternehmen den\" \/>\n<meta name=\"robots\" content=\"index, follow, max-snippet:-1, max-image-preview:large, max-video-preview:-1\" \/>\n<link rel=\"canonical\" href=\"https:\/\/volpatolasm.com\/de\/wp-json\/wp\/v2\/pages\/8818\/\" \/>\n<meta property=\"og:locale\" content=\"de_DE\" \/>\n<meta property=\"og:type\" content=\"article\" \/>\n<meta property=\"og:title\" content=\"Geschichte - Volpato LASM\" \/>\n<meta property=\"og:description\" content=\"Von der Herstellung von Standardschleifmaschinen bis hin zur kundenspezifischen Produktion. Seit der Gr\u00fcndung im Jahr 1957 hat das Unternehmen den\" \/>\n<meta property=\"og:url\" content=\"https:\/\/volpatolasm.com\/de\/das-unternehmen\/geschichte\/\" \/>\n<meta property=\"og:site_name\" content=\"Volpato LASM\" \/>\n<meta property=\"article:modified_time\" content=\"2020-02-24T16:18:34+00:00\" \/>\n<meta name=\"twitter:card\" content=\"summary_large_image\" \/>\n<meta name=\"twitter:label1\" content=\"Gesch\u00e4tzte Lesezeit\" \/>\n\t<meta name=\"twitter:data1\" content=\"1\u00a0Minute\" \/>\n<!-- \/ Yoast SEO plugin. -->","yoast_head_json":{"title":"Geschichte - Volpato LASM","description":"Von der Herstellung von Standardschleifmaschinen bis hin zur kundenspezifischen Produktion. Seit der Gr\u00fcndung im Jahr 1957 hat das Unternehmen den","robots":{"index":"index","follow":"follow","max-snippet":"max-snippet:-1","max-image-preview":"max-image-preview:large","max-video-preview":"max-video-preview:-1"},"canonical":"https:\/\/volpatolasm.com\/de\/wp-json\/wp\/v2\/pages\/8818\/","og_locale":"de_DE","og_type":"article","og_title":"Geschichte - Volpato LASM","og_description":"Von der Herstellung von Standardschleifmaschinen bis hin zur kundenspezifischen Produktion. Seit der Gr\u00fcndung im Jahr 1957 hat das Unternehmen den","og_url":"https:\/\/volpatolasm.com\/de\/das-unternehmen\/geschichte\/","og_site_name":"Volpato LASM","article_modified_time":"2020-02-24T16:18:34+00:00","twitter_card":"summary_large_image","twitter_misc":{"Gesch\u00e4tzte Lesezeit":"1\u00a0Minute"},"schema":{"@context":"https:\/\/schema.org","@graph":[{"@type":"WebPage","@id":"https:\/\/volpatolasm.com\/de\/das-unternehmen\/geschichte\/","url":"https:\/\/volpatolasm.com\/de\/das-unternehmen\/geschichte\/","name":"Geschichte - Volpato LASM","isPartOf":{"@id":"https:\/\/volpatolasm.com\/#website"},"datePublished":"2020-02-18T12:32:37+00:00","dateModified":"2020-02-24T16:18:34+00:00","description":"Von der Herstellung von Standardschleifmaschinen bis hin zur kundenspezifischen Produktion. Seit der Gr\u00fcndung im Jahr 1957 hat das Unternehmen den","breadcrumb":{"@id":"https:\/\/volpatolasm.com\/de\/das-unternehmen\/geschichte\/#breadcrumb"},"inLanguage":"de","potentialAction":[{"@type":"ReadAction","target":["https:\/\/volpatolasm.com\/de\/das-unternehmen\/geschichte\/"]}]},{"@type":"BreadcrumbList","@id":"https:\/\/volpatolasm.com\/de\/das-unternehmen\/geschichte\/#breadcrumb","itemListElement":[{"@type":"ListItem","position":1,"name":"Home","item":"https:\/\/volpatolasm.com\/de\/"},{"@type":"ListItem","position":2,"name":"Das Unternehmen","item":"https:\/\/volpatolasm.com\/de\/das-unternehmen\/"},{"@type":"ListItem","position":3,"name":"Geschichte"}]},{"@type":"WebSite","@id":"https:\/\/volpatolasm.com\/#website","url":"https:\/\/volpatolasm.com\/","name":"Volpato LASM","description":"","potentialAction":[{"@type":"SearchAction","target":{"@type":"EntryPoint","urlTemplate":"https:\/\/volpatolasm.com\/?s={search_term_string}"},"query-input":"required name=search_term_string"}],"inLanguage":"de"}]}},"_links":{"self":[{"href":"https:\/\/volpatolasm.com\/de\/wp-json\/wp\/v2\/pages\/8818"}],"collection":[{"href":"https:\/\/volpatolasm.com\/de\/wp-json\/wp\/v2\/pages"}],"about":[{"href":"https:\/\/volpatolasm.com\/de\/wp-json\/wp\/v2\/types\/page"}],"author":[{"embeddable":true,"href":"https:\/\/volpatolasm.com\/de\/wp-json\/wp\/v2\/users\/4"}],"replies":[{"embeddable":true,"href":"https:\/\/volpatolasm.com\/de\/wp-json\/wp\/v2\/comments?post=8818"}],"version-history":[{"count":8,"href":"https:\/\/volpatolasm.com\/de\/wp-json\/wp\/v2\/pages\/8818\/revisions"}],"predecessor-version":[{"id":8870,"href":"https:\/\/volpatolasm.com\/de\/wp-json\/wp\/v2\/pages\/8818\/revisions\/8870"}],"up":[{"embeddable":true,"href":"https:\/\/volpatolasm.com\/de\/wp-json\/wp\/v2\/pages\/8797"}],"wp:attachment":[{"href":"https:\/\/volpatolasm.com\/de\/wp-json\/wp\/v2\/media?parent=8818"}],"curies":[{"name":"wp","href":"https:\/\/api.w.org\/{rel}","templated":true}]}}