{"id":8797,"date":"2020-02-18T13:32:11","date_gmt":"2020-02-18T12:32:11","guid":{"rendered":"https:\/\/www.volpatolasm.com\/azienda\/"},"modified":"2020-02-24T16:49:16","modified_gmt":"2020-02-24T15:49:16","slug":"das-unternehmen","status":"publish","type":"page","link":"https:\/\/volpatolasm.com\/de\/das-unternehmen\/","title":{"rendered":"Das Unternehmen"},"content":{"rendered":"<p>[vc_row][vc_column][vc_column_text]<\/p>\n<h2>Hersteller von kundenspezifischen Schleifmaschinen f\u00fcr Holz, Aluminium und Metall sowie f\u00fcr Kunststoffe.<\/h2>\n<div class=\"col_9 column\">\n<div class=\"inner\">\n<p align=\"justify\">Gegr\u00fcndet im Jahr 1957 unter dem Namen LASM snc von VOLPATO M. &amp; C., sp\u00e4ter VOLPATO SRL, fand das Unternehmen im Bereich der Schleifmaschinen sofort die besten Entwicklungsm\u00f6glichkeiten. Die in diesem Bereich ausgereifte Erfahrung, die Vielfalt der verf\u00fcgbaren Modellen, der Umfang der Leistung, die Robustheit, die Vielseitigkeit, die Zuverl\u00e4ssigkeit, die Benutzerfreundlichkeit und die Wartung sind Faktoren, die zu seinem wachsenden Erfolg beigetragen haben, so dass das Unternehmen bald eine angesehene Position unter den Herstellern von kundenspezifischen Schleifmaschinen f\u00fcr Holz und andere Materialien wie Aluminium, Metall und Kunststoffe erreichte. Der Erfolg in diesem Bereich ist auch auf einen vertrauensw\u00fcrdigen Kundenkreis zur\u00fcckzuf\u00fchren, der dem Unternehmen einen ausgezeichneten Kooperationsgeist bewiesen hat, der es ihm erm\u00f6glicht hat, seine Ger\u00e4te st\u00e4ndig zu verbessern.<\/p>\n<\/div>\n<\/div>\n<p>[\/vc_column_text][\/vc_column][\/vc_row][vc_row][vc_column width=&#8221;1\/3&#8243;][vc_single_image image=&#8221;8764&#8243; img_size=&#8221;full&#8221; alignment=&#8221;center&#8221; onclick=&#8221;custom_link&#8221; link=&#8221;http:\/\/volpatolasm.com\/azienda\/storia\/&#8221;][vc_custom_heading text=&#8221;Geschichte&#8221; font_container=&#8221;tag:h4|text_align:left&#8221; use_theme_fonts=&#8221;yes&#8221;][vc_column_text]<\/p>\n<div class=\"et_pb_column et_pb_column_1_3 et_pb_column_2 et_pb_css_mix_blend_mode_passthrough\">\n<div class=\"et_pb_module et_pb_blurb et_pb_blurb_0 et_pb_text_align_left et_pb_blurb_position_top et_pb_bg_layout_light\">\n<div class=\"et_pb_blurb_content\">\n<div class=\"et_pb_blurb_container\">\n<div class=\"et_pb_blurb_description\">\n<p>Von der Herstellung von Standardschleifmaschinen bis hin zur kundenspezifischen Produktion.<\/p>\n<\/div>\n<\/div>\n<\/div>\n<\/div>\n<\/div>\n<p>[\/vc_column_text][\/vc_column][vc_column width=&#8221;1\/3&#8243;][vc_single_image image=&#8221;8779&#8243; img_size=&#8221;full&#8221; alignment=&#8221;center&#8221; onclick=&#8221;custom_link&#8221; link=&#8221;http:\/\/volpatolasm.com\/azienda\/dove-siamo\/&#8221;][vc_custom_heading text=&#8221;Wo Sie uns finden&#8221; font_container=&#8221;tag:h4|text_align:left&#8221; use_theme_fonts=&#8221;yes&#8221;][vc_column_text]<\/p>\n<div class=\"et_pb_column et_pb_column_1_3 et_pb_column_2 et_pb_css_mix_blend_mode_passthrough\">\n<div class=\"et_pb_module et_pb_blurb et_pb_blurb_0 et_pb_text_align_left et_pb_blurb_position_top et_pb_bg_layout_light\">\n<div class=\"et_pb_blurb_content\">\n<div class=\"et_pb_blurb_container\">\n<div class=\"et_pb_blurb_description\">\n<div class=\"et_pb_column et_pb_column_1_3 et_pb_column_3 et_pb_css_mix_blend_mode_passthrough\">\n<div class=\"et_pb_module et_pb_blurb et_pb_blurb_1 et_pb_text_align_left et_pb_blurb_position_top et_pb_bg_layout_light\">\n<div class=\"et_pb_blurb_content\">\n<div class=\"et_pb_blurb_container\">\n<div class=\"et_pb_blurb_description\">\n<p>So erreichen Sie den Firmensitz<\/p>\n<\/div>\n<\/div>\n<\/div>\n<\/div>\n<\/div>\n<\/div>\n<\/div>\n<\/div>\n<\/div>\n<\/div>\n<p>[\/vc_column_text][\/vc_column][vc_column width=&#8221;1\/3&#8243;][vc_single_image image=&#8221;8789&#8243; img_size=&#8221;full&#8221; alignment=&#8221;center&#8221; onclick=&#8221;custom_link&#8221; link=&#8221;http:\/\/volpatolasm.com\/azienda\/made-in-italy\/&#8221;][vc_custom_heading text=&#8221;Hergestellt in Italien&#8221; font_container=&#8221;tag:h4|text_align:left&#8221; use_theme_fonts=&#8221;yes&#8221;][vc_column_text]<\/p>\n<div class=\"et_pb_column et_pb_column_1_3 et_pb_column_2 et_pb_css_mix_blend_mode_passthrough\">\n<div class=\"et_pb_module et_pb_blurb et_pb_blurb_0 et_pb_text_align_left et_pb_blurb_position_top et_pb_bg_layout_light\">\n<div class=\"et_pb_blurb_content\">\n<div class=\"et_pb_blurb_container\">\n<div class=\"et_pb_blurb_description\">\n<p>Die komplett italienischen Schleifmaschinen f\u00fcr Holz, Kunststoff und Aluminium<\/p>\n<\/div>\n<\/div>\n<\/div>\n<\/div>\n<\/div>\n<p>[\/vc_column_text][\/vc_column][\/vc_row][vc_row][vc_column width=&#8221;1\/3&#8243;][vc_single_image image=&#8221;8769&#8243; img_size=&#8221;full&#8221; alignment=&#8221;center&#8221; onclick=&#8221;custom_link&#8221; link=&#8221;http:\/\/volpatolasm.com\/azienda\/brevetti-e-certificazioni\/&#8221;][vc_custom_heading text=&#8221;Patente und Zertifizierungen&#8221; font_container=&#8221;tag:h4|text_align:left&#8221; use_theme_fonts=&#8221;yes&#8221;][vc_column_text]<\/p>\n<div class=\"et_pb_column et_pb_column_1_3 et_pb_column_2 et_pb_css_mix_blend_mode_passthrough\">\n<div class=\"et_pb_module et_pb_blurb et_pb_blurb_0 et_pb_text_align_left et_pb_blurb_position_top et_pb_bg_layout_light\">\n<div class=\"et_pb_blurb_content\">\n<div class=\"et_pb_blurb_container\">\n<div class=\"et_pb_blurb_description\">\n<div class=\"et_pb_column et_pb_column_1_3 et_pb_column_5 et_pb_css_mix_blend_mode_passthrough\">\n<div class=\"et_pb_module et_pb_blurb et_pb_blurb_3 et_pb_text_align_left et_pb_blurb_position_top et_pb_bg_layout_light\">\n<div class=\"et_pb_blurb_content\">\n<div class=\"et_pb_blurb_container\">\n<div class=\"et_pb_blurb_description\">\n<div class=\"et_pb_column et_pb_column_1_3 et_pb_column_5 et_pb_css_mix_blend_mode_passthrough\">\n<div class=\"et_pb_module et_pb_blurb et_pb_blurb_3 et_pb_text_align_left et_pb_blurb_position_top et_pb_bg_layout_light\">\n<div class=\"et_pb_blurb_content\">\n<div class=\"et_pb_blurb_container\">\n<div class=\"et_pb_blurb_description\">\n<p>Dokumente zu den exklusiven Schleifmaschinen des Unternehmens<\/p>\n<\/div>\n<\/div>\n<\/div>\n<\/div>\n<\/div>\n<div class=\"et_pb_column et_pb_column_1_3 et_pb_column_6 et_pb_css_mix_blend_mode_passthrough\">\n<div class=\"et_pb_module et_pb_blurb et_pb_blurb_4 et_pb_text_align_left et_pb_blurb_position_top et_pb_bg_layout_light\">\n<div class=\"et_pb_blurb_content\">\n<div class=\"et_pb_main_blurb_image\"><\/div>\n<\/div>\n<\/div>\n<\/div>\n<\/div>\n<\/div>\n<\/div>\n<\/div>\n<\/div>\n<\/div>\n<\/div>\n<\/div>\n<\/div>\n<\/div>\n<p>[\/vc_column_text][\/vc_column][vc_column width=&#8221;1\/3&#8243;][vc_single_image image=&#8221;8774&#8243; img_size=&#8221;full&#8221; alignment=&#8221;center&#8221; onclick=&#8221;custom_link&#8221; link=&#8221;http:\/\/volpatolasm.com\/azienda\/tecnologie\/&#8221;][vc_custom_heading text=&#8221;Tecnologie&#8221; font_container=&#8221;tag:h4|text_align:left&#8221; use_theme_fonts=&#8221;yes&#8221;][vc_column_text]<\/p>\n<div class=\"et_pb_column et_pb_column_1_3 et_pb_column_2 et_pb_css_mix_blend_mode_passthrough\">\n<div class=\"et_pb_module et_pb_blurb et_pb_blurb_0 et_pb_text_align_left et_pb_blurb_position_top et_pb_bg_layout_light\">\n<div class=\"et_pb_blurb_content\">\n<div class=\"et_pb_blurb_container\">\n<div class=\"et_pb_blurb_description\">\n<p>Innovative L\u00f6sungen f\u00fcr den Bau von Schleifmaschinen<\/p>\n<\/div>\n<\/div>\n<\/div>\n<\/div>\n<\/div>\n<p>[\/vc_column_text][\/vc_column][vc_column width=&#8221;1\/3&#8243;][vc_single_image image=&#8221;8784&#8243; img_size=&#8221;full&#8221; alignment=&#8221;center&#8221; onclick=&#8221;custom_link&#8221; link=&#8221;http:\/\/volpatolasm.com\/azienda\/ricerca-e-sviluppo\/&#8221;][vc_custom_heading text=&#8221;Forschung und Entwicklung&#8221; font_container=&#8221;tag:h4|text_align:left&#8221; use_theme_fonts=&#8221;yes&#8221;][vc_column_text]<\/p>\n<div class=\"et_pb_column et_pb_column_1_3 et_pb_column_2 et_pb_css_mix_blend_mode_passthrough\">\n<div class=\"et_pb_module et_pb_blurb et_pb_blurb_0 et_pb_text_align_left et_pb_blurb_position_top et_pb_bg_layout_light\">\n<div class=\"et_pb_blurb_content\">\n<div class=\"et_pb_blurb_container\">\n<div class=\"et_pb_blurb_description\">\n<div id=\"main-content\">\n<article id=\"post-3159\" class=\"post-3159 page type-page status-publish hentry\">\n<div class=\"entry-content\">\n<div id=\"et-boc\" class=\"et-boc\">\n<div class=\"et-l et-l--post\">\n<div class=\"et_builder_inner_content et_pb_gutters3\">\n<div class=\"et_pb_section et_pb_section_3 et_section_regular\">\n<div class=\"et_pb_row et_pb_row_3\">\n<div class=\"et_pb_column et_pb_column_1_3 et_pb_column_7 et_pb_css_mix_blend_mode_passthrough et-last-child\">\n<div class=\"et_pb_module et_pb_blurb et_pb_blurb_5 et_pb_text_align_left et_pb_blurb_position_top et_pb_bg_layout_light\">\n<div class=\"et_pb_blurb_content\">\n<div class=\"et_pb_blurb_container\">\n<div class=\"et_pb_blurb_description\">\n<p>Das Team zur Verbesserung der Leistung von Schleifmaschinen<\/p>\n<\/div>\n<\/div>\n<\/div>\n<\/div>\n<\/div>\n<\/div>\n<\/div>\n<\/div>\n<\/div>\n<\/div>\n<\/div>\n<\/article>\n<\/div>\n<\/div>\n<\/div>\n<\/div>\n<\/div>\n<\/div>\n<p>[\/vc_column_text][\/vc_column][\/vc_row]<\/p>\n","protected":false},"excerpt":{"rendered":"<p>[vc_row][vc_column][vc_column_text] Hersteller von kundenspezifischen Schleifmaschinen f\u00fcr Holz, Aluminium und Metall sowie f\u00fcr Kunststoffe. Gegr\u00fcndet im Jahr 1957 unter dem Namen LASM snc von VOLPATO M. &amp; C., sp\u00e4ter VOLPATO SRL, fand das Unternehmen im Bereich der Schleifmaschinen sofort die besten Entwicklungsm\u00f6glichkeiten. Die in diesem Bereich ausgereifte Erfahrung, die Vielfalt der verf\u00fcgbaren Modellen, der Umfang der [&hellip;]<\/p>\n","protected":false},"author":4,"featured_media":0,"parent":0,"menu_order":0,"comment_status":"closed","ping_status":"closed","template":"","meta":[],"yoast_head":"<!-- This site is optimized with the Yoast SEO plugin v19.5.1 - https:\/\/yoast.com\/wordpress\/plugins\/seo\/ -->\n<title>Das Unternehmen - Volpato LASM<\/title>\n<meta name=\"description\" content=\"Hersteller von kundenspezifischen Schleifmaschinen f\u00fcr Holz, Aluminium und Metall sowie f\u00fcr Kunststoffe. Gegr\u00fcndet im Jahr 1957 unter dem Namen LASM snc\" \/>\n<meta name=\"robots\" content=\"index, follow, max-snippet:-1, max-image-preview:large, max-video-preview:-1\" \/>\n<link rel=\"canonical\" href=\"https:\/\/volpatolasm.com\/de\/wp-json\/wp\/v2\/pages\/8797\/\" \/>\n<meta property=\"og:locale\" content=\"de_DE\" \/>\n<meta property=\"og:type\" content=\"article\" \/>\n<meta property=\"og:title\" content=\"Das Unternehmen - Volpato LASM\" \/>\n<meta property=\"og:description\" content=\"Hersteller von kundenspezifischen Schleifmaschinen f\u00fcr Holz, Aluminium und Metall sowie f\u00fcr Kunststoffe. Gegr\u00fcndet im Jahr 1957 unter dem Namen LASM snc\" \/>\n<meta property=\"og:url\" content=\"https:\/\/volpatolasm.com\/de\/das-unternehmen\/\" \/>\n<meta property=\"og:site_name\" content=\"Volpato LASM\" \/>\n<meta property=\"article:modified_time\" content=\"2020-02-24T15:49:16+00:00\" \/>\n<meta name=\"twitter:card\" content=\"summary_large_image\" \/>\n<meta name=\"twitter:label1\" content=\"Gesch\u00e4tzte Lesezeit\" \/>\n\t<meta name=\"twitter:data1\" content=\"2\u00a0Minuten\" \/>\n<!-- \/ Yoast SEO plugin. -->","yoast_head_json":{"title":"Das Unternehmen - Volpato LASM","description":"Hersteller von kundenspezifischen Schleifmaschinen f\u00fcr Holz, Aluminium und Metall sowie f\u00fcr Kunststoffe. Gegr\u00fcndet im Jahr 1957 unter dem Namen LASM snc","robots":{"index":"index","follow":"follow","max-snippet":"max-snippet:-1","max-image-preview":"max-image-preview:large","max-video-preview":"max-video-preview:-1"},"canonical":"https:\/\/volpatolasm.com\/de\/wp-json\/wp\/v2\/pages\/8797\/","og_locale":"de_DE","og_type":"article","og_title":"Das Unternehmen - Volpato LASM","og_description":"Hersteller von kundenspezifischen Schleifmaschinen f\u00fcr Holz, Aluminium und Metall sowie f\u00fcr Kunststoffe. Gegr\u00fcndet im Jahr 1957 unter dem Namen LASM snc","og_url":"https:\/\/volpatolasm.com\/de\/das-unternehmen\/","og_site_name":"Volpato LASM","article_modified_time":"2020-02-24T15:49:16+00:00","twitter_card":"summary_large_image","twitter_misc":{"Gesch\u00e4tzte Lesezeit":"2\u00a0Minuten"},"schema":{"@context":"https:\/\/schema.org","@graph":[{"@type":"WebPage","@id":"https:\/\/volpatolasm.com\/de\/das-unternehmen\/","url":"https:\/\/volpatolasm.com\/de\/das-unternehmen\/","name":"Das Unternehmen - Volpato LASM","isPartOf":{"@id":"https:\/\/volpatolasm.com\/#website"},"datePublished":"2020-02-18T12:32:11+00:00","dateModified":"2020-02-24T15:49:16+00:00","description":"Hersteller von kundenspezifischen Schleifmaschinen f\u00fcr Holz, Aluminium und Metall sowie f\u00fcr Kunststoffe. Gegr\u00fcndet im Jahr 1957 unter dem Namen LASM snc","breadcrumb":{"@id":"https:\/\/volpatolasm.com\/de\/das-unternehmen\/#breadcrumb"},"inLanguage":"de","potentialAction":[{"@type":"ReadAction","target":["https:\/\/volpatolasm.com\/de\/das-unternehmen\/"]}]},{"@type":"BreadcrumbList","@id":"https:\/\/volpatolasm.com\/de\/das-unternehmen\/#breadcrumb","itemListElement":[{"@type":"ListItem","position":1,"name":"Home","item":"https:\/\/volpatolasm.com\/de\/"},{"@type":"ListItem","position":2,"name":"Das Unternehmen"}]},{"@type":"WebSite","@id":"https:\/\/volpatolasm.com\/#website","url":"https:\/\/volpatolasm.com\/","name":"Volpato LASM","description":"","potentialAction":[{"@type":"SearchAction","target":{"@type":"EntryPoint","urlTemplate":"https:\/\/volpatolasm.com\/?s={search_term_string}"},"query-input":"required name=search_term_string"}],"inLanguage":"de"}]}},"_links":{"self":[{"href":"https:\/\/volpatolasm.com\/de\/wp-json\/wp\/v2\/pages\/8797"}],"collection":[{"href":"https:\/\/volpatolasm.com\/de\/wp-json\/wp\/v2\/pages"}],"about":[{"href":"https:\/\/volpatolasm.com\/de\/wp-json\/wp\/v2\/types\/page"}],"author":[{"embeddable":true,"href":"https:\/\/volpatolasm.com\/de\/wp-json\/wp\/v2\/users\/4"}],"replies":[{"embeddable":true,"href":"https:\/\/volpatolasm.com\/de\/wp-json\/wp\/v2\/comments?post=8797"}],"version-history":[{"count":3,"href":"https:\/\/volpatolasm.com\/de\/wp-json\/wp\/v2\/pages\/8797\/revisions"}],"predecessor-version":[{"id":8809,"href":"https:\/\/volpatolasm.com\/de\/wp-json\/wp\/v2\/pages\/8797\/revisions\/8809"}],"wp:attachment":[{"href":"https:\/\/volpatolasm.com\/de\/wp-json\/wp\/v2\/media?parent=8797"}],"curies":[{"name":"wp","href":"https:\/\/api.w.org\/{rel}","templated":true}]}}