{"id":8322,"date":"2020-02-18T13:55:10","date_gmt":"2020-02-18T12:55:10","guid":{"rendered":"https:\/\/www.volpatolasm.com\/contatti\/"},"modified":"2020-02-25T12:46:13","modified_gmt":"2020-02-25T11:46:13","slug":"kontakt","status":"publish","type":"page","link":"https:\/\/volpatolasm.com\/de\/kontakt\/","title":{"rendered":"Kontakt"},"content":{"rendered":"<p>[vc_row][vc_column width=&#8221;2\/3&#8243;][vc_custom_heading text=&#8221;Fordern Sie alle Informationen \u00fcber VOLPATO Bearbeitungsmaschinen und Dienstleistungen an.<br \/>\n&#8221; use_theme_fonts=&#8221;yes&#8221;][vc_column_text]Wenn Sie mehr \u00fcber die von VOLPATO produzierten Bearbeitungsmaschinen f\u00fcr Holz, Aluminium, Kunststoff und Metalle verschiedener Art erfahren m\u00f6chten, f\u00fcllen Sie bitte das Kontaktformular in diesem Abschnitt aus. Wir werden Ihnen so schnell wie m\u00f6glich Antworten!<\/p>\n<p>[\/vc_column_text]<div role=\"form\" class=\"wpcf7\" id=\"wpcf7-f9152-o1\" lang=\"it-IT\" dir=\"ltr\">\n<div class=\"screen-reader-response\"><p role=\"status\" aria-live=\"polite\" aria-atomic=\"true\"><\/p> <ul><\/ul><\/div>\n<form action=\"\/de\/wp-json\/wp\/v2\/pages\/8322#wpcf7-f9152-o1\" method=\"post\" class=\"wpcf7-form init\" novalidate=\"novalidate\" data-status=\"init\">\n<div style=\"display: none;\">\n<input type=\"hidden\" name=\"_wpcf7\" value=\"9152\" \/>\n<input type=\"hidden\" name=\"_wpcf7_version\" value=\"5.6.2\" \/>\n<input type=\"hidden\" name=\"_wpcf7_locale\" value=\"it_IT\" \/>\n<input type=\"hidden\" name=\"_wpcf7_unit_tag\" value=\"wpcf7-f9152-o1\" \/>\n<input type=\"hidden\" name=\"_wpcf7_container_post\" value=\"0\" \/>\n<input type=\"hidden\" name=\"_wpcf7_posted_data_hash\" value=\"\" \/>\n<input type=\"hidden\" name=\"_wpcf7_recaptcha_response\" value=\"\" \/>\n<\/div>\n<div class=\"row\">\n<div class=\"inputBox col-12 col-sm-6\">\n\t\t<span class=\"wpcf7-form-control-wrap\" data-name=\"nome\"><input type=\"text\" name=\"nome\" value=\"\" size=\"40\" class=\"wpcf7-form-control wpcf7-text wpcf7-validates-as-required\" aria-required=\"true\" aria-invalid=\"false\" placeholder=\"Vor- und Nachname*\" \/><\/span>\n\t<\/div>\n<div class=\"inputBox col-12 col-sm-6\">\n\t\t<span class=\"wpcf7-form-control-wrap\" data-name=\"email\"><input type=\"email\" name=\"email\" value=\"\" size=\"40\" class=\"wpcf7-form-control wpcf7-text wpcf7-email wpcf7-validates-as-required wpcf7-validates-as-email\" aria-required=\"true\" aria-invalid=\"false\" placeholder=\"E-Mail*\" \/><\/span>\n\t<\/div>\n<div class=\"inputBox col-12 col-sm-6\">\n\t\t<span class=\"wpcf7-form-control-wrap\" data-name=\"oggetto\"><input type=\"text\" name=\"oggetto\" value=\"\" size=\"40\" class=\"wpcf7-form-control wpcf7-text wpcf7-validates-as-required\" aria-required=\"true\" aria-invalid=\"false\" placeholder=\"Thema\" \/><\/span>\n\t<\/div>\n<div class=\"inputBox col-12 col-sm-6\">\n\t\t<span class=\"wpcf7-form-control-wrap\" data-name=\"telefono\"><input type=\"text\" name=\"telefono\" value=\"\" size=\"40\" class=\"wpcf7-form-control wpcf7-text wpcf7-validates-as-required\" aria-required=\"true\" aria-invalid=\"false\" placeholder=\"Telefon\" \/><\/span>\n\t<\/div>\n<div class=\"inputBox col-12\">\n\t        <span class=\"wpcf7-form-control-wrap\" data-name=\"messaggio\"><textarea name=\"messaggio\" cols=\"40\" rows=\"10\" class=\"wpcf7-form-control wpcf7-textarea wpcf7-validates-as-required\" aria-required=\"true\" aria-invalid=\"false\" placeholder=\"Nachricht\"><\/textarea><\/span>\n\t<\/div>\n<div class=\"inputBox col-12\">\n\t\t<span class=\"wpcf7-form-control-wrap\" data-name=\"privacy\"><span class=\"wpcf7-form-control wpcf7-acceptance\"><span class=\"wpcf7-list-item\"><label><input type=\"checkbox\" name=\"privacy\" value=\"1\" aria-invalid=\"false\" \/><span class=\"wpcf7-list-item-label\">Ich bin mit der Verarbeitung personenbezogener Daten gem\u00e4\u00df den in Punkt B genannten Zwecken einverstanden. Zweck der Verarbeitung der Richtlinie am\n <a href=\"privacy\">(info)*<\/a><\/span><\/label><\/span><\/span><\/span>\n\t<\/div>\n<div class=\"boxSubmit col-12\">\n<div class=\"inputBox col-12\">\n\t\t<span class=\"wpcf7-form-control-wrap\" data-name=\"newsletter\"><span class=\"wpcf7-form-control wpcf7-acceptance optional\"><span class=\"wpcf7-list-item\"><label><input type=\"checkbox\" name=\"newsletter\" value=\"1\" aria-invalid=\"false\" \/><span class=\"wpcf7-list-item-label\">Registriere dich f\u00fcr unseren Newsletter<\/span><\/label><\/span><\/span><\/span>\n\t<\/div>\n<p>\t\t<input type=\"submit\" value=\"Einreichen\" class=\"wpcf7-form-control has-spinner wpcf7-submit\" \/>\n\t<\/p><\/div>\n<\/div>\n<div class=\"wpcf7-response-output\" aria-hidden=\"true\"><\/div><\/form><\/div>[\/vc_column][vc_column width=&#8221;1\/3&#8243;][vc_custom_heading text=&#8221;Volpato S.r.l.&#8221; font_container=&#8221;tag:h2|font_size:23|text_align:left|color:%23fe0000&#8243; use_theme_fonts=&#8221;yes&#8221;][vc_column_text]<img class=\"alignnone size-full wp-image-132\" src=\"http:\/\/volpatolasm.com\/wp-content\/uploads\/2018\/06\/Maps_icon.png\" alt=\"maps\" width=\"12\" \/>\u00a0 Via C. Colombo, 18<br \/>\n35011 Campodarsego (PD) Italy<\/p>\n<p>&nbsp;<\/p>\n<p><img class=\"alignnone size-full wp-image-131\" src=\"http:\/\/volpatolasm.com\/wp-content\/uploads\/2018\/06\/Phone_icon.png\" alt=\"phone\" width=\"12\" \/>\u00a0+39 0495564039<\/p>\n<p><img class=\"alignnone size-full wp-image-130\" src=\"http:\/\/volpatolasm.com\/wp-content\/uploads\/2018\/06\/Fax_icon.png\" alt=\"fax\" width=\"12\" \/>\u00a0+39 0499200960<\/p>\n<p><img class=\"alignnone size-full wp-image-133\" src=\"http:\/\/volpatolasm.com\/wp-content\/uploads\/2018\/06\/mail_icon.png\" alt=\"e-mail\" width=\"12\" \/>\u00a0<a id=\"cta_contacts_sidebar\" href=\"mailto:info@volpatolasm.com\">info@volpatolasm.com<\/a><\/p>\n<p>&nbsp;<\/p>\n<p>p.iva : IT 00328290283<br \/>\nREA 251696<br \/>\nC.S. \u20ac 52.000 i.v<\/p>\n<p>&nbsp;<\/p>\n<p><img loading=\"lazy\" class=\"alignnone size-full wp-image-8166\" src=\"http:\/\/volpatolasm.com\/wp-content\/uploads\/2020\/02\/favicon_volpato.png\" alt=\"\" width=\"166\" height=\"132\" \/>[\/vc_column_text][\/vc_column][\/vc_row]<\/p>\n","protected":false},"excerpt":{"rendered":"<p>[vc_row][vc_column width=&#8221;2\/3&#8243;][vc_custom_heading text=&#8221;Fordern Sie alle Informationen \u00fcber VOLPATO Bearbeitungsmaschinen und Dienstleistungen an. &#8221; use_theme_fonts=&#8221;yes&#8221;][vc_column_text]Wenn Sie mehr \u00fcber die von VOLPATO produzierten Bearbeitungsmaschinen f\u00fcr Holz, Aluminium, Kunststoff und Metalle verschiedener Art erfahren m\u00f6chten, f\u00fcllen Sie bitte das Kontaktformular in diesem Abschnitt aus. Wir werden Ihnen so schnell wie m\u00f6glich Antworten! [\/vc_column_text][\/vc_column][vc_column width=&#8221;1\/3&#8243;][vc_custom_heading text=&#8221;Volpato S.r.l.&#8221; font_container=&#8221;tag:h2|font_size:23|text_align:left|color:%23fe0000&#8243; use_theme_fonts=&#8221;yes&#8221;][vc_column_text]\u00a0 [&hellip;]<\/p>\n","protected":false},"author":4,"featured_media":0,"parent":0,"menu_order":0,"comment_status":"closed","ping_status":"closed","template":"","meta":[],"yoast_head":"<!-- This site is optimized with the Yoast SEO plugin v19.5.1 - https:\/\/yoast.com\/wordpress\/plugins\/seo\/ -->\n<title>Kontakt - Volpato LASM<\/title>\n<meta name=\"description\" content=\"Wenn Sie mehr \u00fcber die von VOLPATO produzierten Bearbeitungsmaschinen f\u00fcr Holz, Aluminium, Kunststoff und Metalle verschiedener Art erfahren m\u00f6chten,\" \/>\n<meta name=\"robots\" content=\"index, follow, max-snippet:-1, max-image-preview:large, max-video-preview:-1\" \/>\n<link rel=\"canonical\" href=\"https:\/\/volpatolasm.com\/de\/wp-json\/wp\/v2\/pages\/8322\/\" \/>\n<meta property=\"og:locale\" content=\"de_DE\" \/>\n<meta property=\"og:type\" content=\"article\" \/>\n<meta property=\"og:title\" content=\"Kontakt - Volpato LASM\" \/>\n<meta property=\"og:description\" content=\"Wenn Sie mehr \u00fcber die von VOLPATO produzierten Bearbeitungsmaschinen f\u00fcr Holz, Aluminium, Kunststoff und Metalle verschiedener Art erfahren m\u00f6chten,\" \/>\n<meta property=\"og:url\" content=\"https:\/\/volpatolasm.com\/de\/kontakt\/\" \/>\n<meta property=\"og:site_name\" content=\"Volpato LASM\" \/>\n<meta property=\"article:modified_time\" content=\"2020-02-25T11:46:13+00:00\" \/>\n<meta property=\"og:image\" content=\"http:\/\/volpatolasm.com\/wp-content\/uploads\/2018\/06\/Maps_icon.png\" \/>\n<meta name=\"twitter:card\" content=\"summary_large_image\" \/>\n<meta name=\"twitter:label1\" content=\"Gesch\u00e4tzte Lesezeit\" \/>\n\t<meta name=\"twitter:data1\" content=\"1\u00a0Minute\" \/>\n<!-- \/ Yoast SEO plugin. -->","yoast_head_json":{"title":"Kontakt - Volpato LASM","description":"Wenn Sie mehr \u00fcber die von VOLPATO produzierten Bearbeitungsmaschinen f\u00fcr Holz, Aluminium, Kunststoff und Metalle verschiedener Art erfahren m\u00f6chten,","robots":{"index":"index","follow":"follow","max-snippet":"max-snippet:-1","max-image-preview":"max-image-preview:large","max-video-preview":"max-video-preview:-1"},"canonical":"https:\/\/volpatolasm.com\/de\/wp-json\/wp\/v2\/pages\/8322\/","og_locale":"de_DE","og_type":"article","og_title":"Kontakt - Volpato LASM","og_description":"Wenn Sie mehr \u00fcber die von VOLPATO produzierten Bearbeitungsmaschinen f\u00fcr Holz, Aluminium, Kunststoff und Metalle verschiedener Art erfahren m\u00f6chten,","og_url":"https:\/\/volpatolasm.com\/de\/kontakt\/","og_site_name":"Volpato LASM","article_modified_time":"2020-02-25T11:46:13+00:00","og_image":[{"url":"http:\/\/volpatolasm.com\/wp-content\/uploads\/2018\/06\/Maps_icon.png"}],"twitter_card":"summary_large_image","twitter_misc":{"Gesch\u00e4tzte Lesezeit":"1\u00a0Minute"},"schema":{"@context":"https:\/\/schema.org","@graph":[{"@type":"WebPage","@id":"https:\/\/volpatolasm.com\/de\/kontakt\/","url":"https:\/\/volpatolasm.com\/de\/kontakt\/","name":"Kontakt - Volpato LASM","isPartOf":{"@id":"https:\/\/volpatolasm.com\/#website"},"datePublished":"2020-02-18T12:55:10+00:00","dateModified":"2020-02-25T11:46:13+00:00","description":"Wenn Sie mehr \u00fcber die von VOLPATO produzierten Bearbeitungsmaschinen f\u00fcr Holz, Aluminium, Kunststoff und Metalle verschiedener Art erfahren m\u00f6chten,","breadcrumb":{"@id":"https:\/\/volpatolasm.com\/de\/kontakt\/#breadcrumb"},"inLanguage":"de","potentialAction":[{"@type":"ReadAction","target":["https:\/\/volpatolasm.com\/de\/kontakt\/"]}]},{"@type":"BreadcrumbList","@id":"https:\/\/volpatolasm.com\/de\/kontakt\/#breadcrumb","itemListElement":[{"@type":"ListItem","position":1,"name":"Home","item":"https:\/\/volpatolasm.com\/de\/"},{"@type":"ListItem","position":2,"name":"Kontakt"}]},{"@type":"WebSite","@id":"https:\/\/volpatolasm.com\/#website","url":"https:\/\/volpatolasm.com\/","name":"Volpato LASM","description":"","potentialAction":[{"@type":"SearchAction","target":{"@type":"EntryPoint","urlTemplate":"https:\/\/volpatolasm.com\/?s={search_term_string}"},"query-input":"required name=search_term_string"}],"inLanguage":"de"}]}},"_links":{"self":[{"href":"https:\/\/volpatolasm.com\/de\/wp-json\/wp\/v2\/pages\/8322"}],"collection":[{"href":"https:\/\/volpatolasm.com\/de\/wp-json\/wp\/v2\/pages"}],"about":[{"href":"https:\/\/volpatolasm.com\/de\/wp-json\/wp\/v2\/types\/page"}],"author":[{"embeddable":true,"href":"https:\/\/volpatolasm.com\/de\/wp-json\/wp\/v2\/users\/4"}],"replies":[{"embeddable":true,"href":"https:\/\/volpatolasm.com\/de\/wp-json\/wp\/v2\/comments?post=8322"}],"version-history":[{"count":4,"href":"https:\/\/volpatolasm.com\/de\/wp-json\/wp\/v2\/pages\/8322\/revisions"}],"predecessor-version":[{"id":9163,"href":"https:\/\/volpatolasm.com\/de\/wp-json\/wp\/v2\/pages\/8322\/revisions\/9163"}],"wp:attachment":[{"href":"https:\/\/volpatolasm.com\/de\/wp-json\/wp\/v2\/media?parent=8322"}],"curies":[{"name":"wp","href":"https:\/\/api.w.org\/{rel}","templated":true}]}}