{"id":6954,"date":"2017-09-13T12:29:58","date_gmt":"2017-09-13T12:29:58","guid":{"rendered":"https:\/\/www.volpatolasm.com\/home\/"},"modified":"2020-03-16T14:06:27","modified_gmt":"2020-03-16T13:06:27","slug":"home","status":"publish","type":"page","link":"https:\/\/volpatolasm.com\/de\/","title":{"rendered":"Homepage"},"content":{"rendered":"<p>[vc_row full_width=&#8221;stretch_row&#8221; css=&#8221;.vc_custom_1582204222215{background-color: #fcfcfc !important;}&#8221; el_id=&#8221;firstRow&#8221;][vc_column][vc_custom_heading text=&#8221;Volpato srl: kundenspezifische Verarbeitungsmaschinen&#8221; font_container=&#8221;tag:h1|text_align:center|color:%23fe0000&#8243; use_theme_fonts=&#8221;yes&#8221; css=&#8221;.vc_custom_1582283422292{margin-bottom: 0px !important;}&#8221;][vc_column_text]<\/p>\n<p style=\"text-align: center;\">VOLPATO ist ein Hersteller von kundenspezifischen Maschinen zum Schleifen von Holzfl\u00e4chen mit Sitz in Campodarsego (PD). Das im Jahre 1957 unter dem Namen LASM Snc gegr\u00fcndete Unternehmen mit Erfahrung auf dem Gebiet des Holzschleifens nimmt eine bedeutende Position im Referenzbereich ein. Erreicht wurde dies durch eine vielseitiges und kompetentes Team, das ihren Kunden besondere Aufmerksamkeit schenkt und ihnen spezielle, auf ihre Bed\u00fcrfnisse zugeschnittene Maschinen anbietet, die in der Lage sind, exzellentes Schleifen von Holz, Metallen und Kunststoffen durchzuf\u00fchren.<\/p>\n<p style=\"text-align: center;\">Bitte teilen Sie uns Ihr Problem mit und wir werden gemeinsam eine L\u00f6sung finden!<\/p>\n<p>[\/vc_column_text][\/vc_column][\/vc_row][vc_row el_id=&#8221;secondRow&#8221;][vc_column][vc_custom_heading text=&#8221;UNSERE WICHTIGSTEN FERTIGUNGSPROZESSE&#8221; font_container=&#8221;tag:h2|text_align:center&#8221; use_theme_fonts=&#8221;yes&#8221;][vc_column_text]<\/p>\n<p style=\"text-align: center;\">VOLPATO entwickelt kundenspezifische Maschinen f\u00fcr die Bearbeitung verschiedener Materialien und garantiert so ein hochwertiges Endprodukt.<\/p>\n<p>[\/vc_column_text][\/vc_column][\/vc_row][vc_row full_width=&#8221;stretch_row_content_no_spaces&#8221; equal_height=&#8221;yes&#8221; content_placement=&#8221;middle&#8221; el_id=&#8221;boxLavorazioni&#8221;][vc_column width=&#8221;1\/6&#8243;][vc_single_image image=&#8221;10323&#8243; img_size=&#8221;medium&#8221; alignment=&#8221;center&#8221; onclick=&#8221;custom_link&#8221; link=&#8221;http:\/\/volpatolasm.com\/de\/verarbeitung\/holz\/&#8221;][vc_custom_heading text=&#8221;Holz&#8221; font_container=&#8221;tag:h4|text_align:center&#8221; use_theme_fonts=&#8221;yes&#8221;][vc_column_text]<\/p>\n<p style=\"text-align: center;\">VOLPATO realisiert hocheffiziente kundenspezifische Maschinen f\u00fcr die Bearbeitung von Holz.<\/p>\n<p>[\/vc_column_text][\/vc_column][vc_column width=&#8221;1\/6&#8243;][vc_single_image image=&#8221;7667&#8243; img_size=&#8221;medium&#8221; alignment=&#8221;center&#8221; onclick=&#8221;custom_link&#8221; link=&#8221;http:\/\/volpatolasm.com\/de\/verarbeitung\/aluminum-de\/&#8221;][vc_custom_heading text=&#8221;Aluminium&#8221; font_container=&#8221;tag:h4|text_align:center&#8221; use_theme_fonts=&#8221;yes&#8221;][vc_column_text]<\/p>\n<p style=\"text-align: center;\">Die von VOLPATO entwickelten Maschinen garantieren eine effiziente Bearbeitung von Aluminium.<\/p>\n<p>[\/vc_column_text][\/vc_column][vc_column width=&#8221;1\/6&#8243;][vc_single_image image=&#8221;7707&#8243; img_size=&#8221;medium&#8221; alignment=&#8221;center&#8221; onclick=&#8221;custom_link&#8221; link=&#8221;http:\/\/volpatolasm.com\/de\/verarbeitung\/kunststoff\/&#8221;][vc_custom_heading text=&#8221;Kunststoff&#8221; font_container=&#8221;tag:h4|text_align:center&#8221; use_theme_fonts=&#8221;yes&#8221;][vc_column_text]<\/p>\n<p style=\"text-align: center;\">Die Maschinen der Marke VOLPATO sind f\u00fcr hocheffiziente Kunststoffveredelungsvorg\u00e4nge konzipiert und hergestellt<\/p>\n<div id=\"gtx-trans\" style=\"position: absolute; left: 296px; top: 38px;\">\n<div class=\"gtx-trans-icon\"><\/div>\n<\/div>\n<p>[\/vc_column_text][\/vc_column][vc_column width=&#8221;1\/6&#8243;][vc_single_image image=&#8221;7697&#8243; img_size=&#8221;medium&#8221; alignment=&#8221;center&#8221; onclick=&#8221;custom_link&#8221; link=&#8221;http:\/\/volpatolasm.com\/de\/verarbeitung\/metall\/&#8221;][vc_custom_heading text=&#8221;Metall&#8221; font_container=&#8221;tag:h4|text_align:center&#8221; use_theme_fonts=&#8221;yes&#8221;][vc_column_text]<\/p>\n<p style=\"text-align: center;\">Die kundenspezifischen Maschinen von VOLPATO sind f\u00fcr die Endbearbeitung verschiedener Metalle konzipiert.<\/p>\n<p>[\/vc_column_text][\/vc_column][vc_column width=&#8221;1\/6&#8243;][vc_single_image image=&#8221;7677&#8243; img_size=&#8221;medium&#8221; alignment=&#8221;center&#8221; onclick=&#8221;custom_link&#8221; link=&#8221;http:\/\/volpatolasm.com\/de\/verarbeitung\/sonstiges\/&#8221;][vc_custom_heading text=&#8221;Sonstiges&#8221; font_container=&#8221;tag:h4|text_align:center&#8221; use_theme_fonts=&#8221;yes&#8221;][vc_column_text]<\/p>\n<p style=\"text-align: center;\">VOLPATO entwickelt auch kundenspezifische Maschinen f\u00fcr die Bearbeitung anderer Materialien.<\/p>\n<p>[\/vc_column_text][\/vc_column][\/vc_row][vc_row el_id=&#8221;boxNewsHome&#8221;][vc_column width=&#8221;1\/2&#8243;][vc_column_text]<\/p>\n<p style=\"text-align: center;\"><strong>AKTUELLE NEUIGKEITEN<\/strong><\/p>\n<p>[\/vc_column_text][vc_single_image image=&#8221;8169&#8243; img_size=&#8221;medium&#8221; alignment=&#8221;center&#8221;][vc_column_text]<\/p>\n<p style=\"text-align: center;\">Bleiben Sie auf dem Laufenden bez\u00fcglich der Neuigkeiten \u00fcber die von VOLPATO entwickelten kundenspezifischen Bearbeitungsmaschinen f\u00fcr Holz, Aluminium, Kunststoff, Metall und andere Materialien sowie \u00fcber die durchgef\u00fchrten Aktivit\u00e4ten wie die Teilnahme an Messen und Branchenveranstaltungen.<\/p>\n<p>[\/vc_column_text][\/vc_column][vc_column width=&#8221;1\/2&#8243;][vc_column_text]<div class=\"boxlistCarousel\">\n\t<div class=\"listCarousel\">\n\t\t\t\t\t\t<div class=\"itemPost\">\n\t\t\t\t\t\t\t\t\t\t<!--<div class=\"imgPost\">\n\t\t\t\t\t\t<a href=\"https:\/\/volpatolasm.com\/de\/volpato-nimmt-an-der-grosten-ausstellung-in-der-tschechischen-republik-der-wood-tec-2019-teil\/\"><img width=\"300\" height=\"150\" src=\"https:\/\/volpatolasm.com\/wp-content\/uploads\/2019\/01\/fiera-WOOD-TEC-510x255-300x150.jpg\" class=\"attachment-medium size-medium wp-post-image\" alt=\"fiera-wood-tec-510x255\" loading=\"lazy\" srcset=\"https:\/\/volpatolasm.com\/wp-content\/uploads\/2019\/01\/fiera-WOOD-TEC-510x255-300x150.jpg 300w, https:\/\/volpatolasm.com\/wp-content\/uploads\/2019\/01\/fiera-WOOD-TEC-510x255.jpg 510w\" sizes=\"(max-width: 300px) 100vw, 300px\" \/><\/a>\n\t\t\t\t\t<\/div>-->\n\t\t\t\t\t<div class=\"boxInfo\">\n\t\t\t\t\t\t<div class=\"postTitle\">\n\t\t\t\t\t\t\t<a href=\"https:\/\/volpatolasm.com\/de\/volpato-nimmt-an-der-grosten-ausstellung-in-der-tschechischen-republik-der-wood-tec-2019-teil\/\">Volpato nimmt an der gr\u00f6\u00dften Ausstellung in der Tschechischen Republik, der WOOD-TEC 2019, teil<\/a>\n\t\t\t\t\t\t<\/div>\n\t\t\t\t\t\t<a href=\"https:\/\/volpatolasm.com\/de\/volpato-nimmt-an-der-grosten-ausstellung-in-der-tschechischen-republik-der-wood-tec-2019-teil\/\" class=\"btn\">Lesen<\/a>\n\t\t\t\t\t<\/div>\t\t\n\t\t\t\t<\/div>\n\t\t\t\t\t\t<div class=\"itemPost\">\n\t\t\t\t\t\t\t\t\t\t<!--<div class=\"imgPost\">\n\t\t\t\t\t\t<a href=\"https:\/\/volpatolasm.com\/de\/volpato-nimmt-an-der-grosten-ausstellung-in-der-schweiz-der-holz-basel-2019-teil\/\"><img width=\"208\" height=\"242\" src=\"https:\/\/volpatolasm.com\/wp-content\/uploads\/2019\/01\/fiera-holz-2019.png\" class=\"attachment-medium size-medium wp-post-image\" alt=\"fiera-holz-2019\" loading=\"lazy\" \/><\/a>\n\t\t\t\t\t<\/div>-->\n\t\t\t\t\t<div class=\"boxInfo\">\n\t\t\t\t\t\t<div class=\"postTitle\">\n\t\t\t\t\t\t\t<a href=\"https:\/\/volpatolasm.com\/de\/volpato-nimmt-an-der-grosten-ausstellung-in-der-schweiz-der-holz-basel-2019-teil\/\">Volpato nimmt an der gr\u00f6\u00dften Ausstellung in der\u00a0Schweiz, der\u00a0HOLZ BASEL 2019, teil.<\/a>\n\t\t\t\t\t\t<\/div>\n\t\t\t\t\t\t<a href=\"https:\/\/volpatolasm.com\/de\/volpato-nimmt-an-der-grosten-ausstellung-in-der-schweiz-der-holz-basel-2019-teil\/\" class=\"btn\">Lesen<\/a>\n\t\t\t\t\t<\/div>\t\t\n\t\t\t\t<\/div>\n\t\t\t\t\t\t<div class=\"itemPost\">\n\t\t\t\t\t\t\t\t\t\t<!--<div class=\"imgPost\">\n\t\t\t\t\t\t<a href=\"https:\/\/volpatolasm.com\/de\/volpato-nimmt-an-der-grosten-ausstellung-in-der-polen-der-drema-2019-teil\/\"><img width=\"300\" height=\"84\" src=\"https:\/\/volpatolasm.com\/wp-content\/uploads\/2018\/12\/fiera-Drema-1-300x84.png\" class=\"attachment-medium size-medium wp-post-image\" alt=\"fiera-drema\" loading=\"lazy\" srcset=\"https:\/\/volpatolasm.com\/wp-content\/uploads\/2018\/12\/fiera-Drema-1-300x84.png 300w, https:\/\/volpatolasm.com\/wp-content\/uploads\/2018\/12\/fiera-Drema-1.png 712w\" sizes=\"(max-width: 300px) 100vw, 300px\" \/><\/a>\n\t\t\t\t\t<\/div>-->\n\t\t\t\t\t<div class=\"boxInfo\">\n\t\t\t\t\t\t<div class=\"postTitle\">\n\t\t\t\t\t\t\t<a href=\"https:\/\/volpatolasm.com\/de\/volpato-nimmt-an-der-grosten-ausstellung-in-der-polen-der-drema-2019-teil\/\">Volpato nimmt an der gr\u00f6\u00dften Ausstellung in der\u00a0Polen, der\u00a0DREMA 2019, teil.<\/a>\n\t\t\t\t\t\t<\/div>\n\t\t\t\t\t\t<a href=\"https:\/\/volpatolasm.com\/de\/volpato-nimmt-an-der-grosten-ausstellung-in-der-polen-der-drema-2019-teil\/\" class=\"btn\">Lesen<\/a>\n\t\t\t\t\t<\/div>\t\t\n\t\t\t\t<\/div>\n\t\t\t\t\t\t<div class=\"itemPost\">\n\t\t\t\t\t\t\t\t\t\t<!--<div class=\"imgPost\">\n\t\t\t\t\t\t<a href=\"https:\/\/volpatolasm.com\/de\/volpato-nimmt-an-der-grosten-ausstellung-in-der-indien-der-awfs-vegas-2019-teil\/\"><img width=\"300\" height=\"156\" src=\"https:\/\/volpatolasm.com\/wp-content\/uploads\/2018\/12\/fiera-LAs-vegas-300x156.jpeg\" class=\"attachment-medium size-medium wp-post-image\" alt=\"fiera-las-vegas\" loading=\"lazy\" srcset=\"https:\/\/volpatolasm.com\/wp-content\/uploads\/2018\/12\/fiera-LAs-vegas-300x156.jpeg 300w, https:\/\/volpatolasm.com\/wp-content\/uploads\/2018\/12\/fiera-LAs-vegas.jpeg 311w\" sizes=\"(max-width: 300px) 100vw, 300px\" \/><\/a>\n\t\t\t\t\t<\/div>-->\n\t\t\t\t\t<div class=\"boxInfo\">\n\t\t\t\t\t\t<div class=\"postTitle\">\n\t\t\t\t\t\t\t<a href=\"https:\/\/volpatolasm.com\/de\/volpato-nimmt-an-der-grosten-ausstellung-in-der-indien-der-awfs-vegas-2019-teil\/\">Volpato nimmt an der gr\u00f6\u00dften Ausstellung in der Indien, der AWFS VEGAS 2019, teil.<\/a>\n\t\t\t\t\t\t<\/div>\n\t\t\t\t\t\t<a href=\"https:\/\/volpatolasm.com\/de\/volpato-nimmt-an-der-grosten-ausstellung-in-der-indien-der-awfs-vegas-2019-teil\/\" class=\"btn\">Lesen<\/a>\n\t\t\t\t\t<\/div>\t\t\n\t\t\t\t<\/div>\n\t\t\t\t\t\t<div class=\"itemPost\">\n\t\t\t\t\t\t\t\t\t\t<!--<div class=\"imgPost\">\n\t\t\t\t\t\t<a href=\"https:\/\/volpatolasm.com\/de\/volpato-auf-der-metallindustrie\/\"><\/a>\n\t\t\t\t\t<\/div>-->\n\t\t\t\t\t<div class=\"boxInfo\">\n\t\t\t\t\t\t<div class=\"postTitle\">\n\t\t\t\t\t\t\t<a href=\"https:\/\/volpatolasm.com\/de\/volpato-auf-der-metallindustrie\/\">Volpato auf der Metallindustrie<\/a>\n\t\t\t\t\t\t<\/div>\n\t\t\t\t\t\t<a href=\"https:\/\/volpatolasm.com\/de\/volpato-auf-der-metallindustrie\/\" class=\"btn\">Lesen<\/a>\n\t\t\t\t\t<\/div>\t\t\n\t\t\t\t<\/div>\n\t\t\t\t\t\t<div class=\"itemPost\">\n\t\t\t\t\t\t\t\t\t\t<!--<div class=\"imgPost\">\n\t\t\t\t\t\t<a href=\"https:\/\/volpatolasm.com\/de\/volpato-nimmt-an-der-grosten-ausstellung-in-der-indien-der-delhi-wood-2019-teil\/\"><\/a>\n\t\t\t\t\t<\/div>-->\n\t\t\t\t\t<div class=\"boxInfo\">\n\t\t\t\t\t\t<div class=\"postTitle\">\n\t\t\t\t\t\t\t<a href=\"https:\/\/volpatolasm.com\/de\/volpato-nimmt-an-der-grosten-ausstellung-in-der-indien-der-delhi-wood-2019-teil\/\">Volpato nimmt an der gr\u00f6\u00dften Ausstellung in der Indien, der DELHI WOOD 2019, teil.<\/a>\n\t\t\t\t\t\t<\/div>\n\t\t\t\t\t\t<a href=\"https:\/\/volpatolasm.com\/de\/volpato-nimmt-an-der-grosten-ausstellung-in-der-indien-der-delhi-wood-2019-teil\/\" class=\"btn\">Lesen<\/a>\n\t\t\t\t\t<\/div>\t\t\n\t\t\t\t<\/div>\n\t\t\t<\/div>\n\t<script type=\"text\/javascript\">\n\t\tjQuery( document ).ready(function() {\n\t\t\tjQuery('.listCarousel').slick({\n\t\t\t  arrows:false,\n\t\t\t  infinite: true,\n\t\t\t  slidesToShow: 1,\n\t\t\t  slidesToScroll: 1,\n\t\t\t  fade: true,\n\t\t\t  drag:true,\t\t\t\t\n\t\t\t  autoplay: true,\n\t\t\t  autoplaySpeed: 6000,\t  \n\t\t\t  dots: true,\n\t\t\t  speed: 300,\n\t\t\t  prevArrow: '<a href=\"javascript:void(0)\" class=\"prevSlick\"><i class=\"fa fa-caret-left\"><\/i><\/a>',\n\t\t\t  nextArrow: '<a href=\"javascript:void(0)\" class=\"nextSlick\"><i class=\"fa fa-caret-right\"><\/i><\/a>',\n\t\t\t  responsive: [\n\t\t\t  {\n\t\t\t      breakpoint: 768,\n\t\t\t      settings: {\n\t\t\t        slidesToShow: 1,\n\t\t\t        slidesToScroll: 1\t\t\t      }\n\t\t\t    },\n\t\t\t    {\n\t\t\t      breakpoint: 480,\n\t\t\t      settings: {\n\t\t\t        slidesToShow: 1,\n\t\t\t        slidesToScroll: 1\t\t\t      }\n\t\t\t    }\n\t\t\t  ]\t\t\t  \n\t\t\t});\n\t\t});\t\t\t\n\t<\/script> \t\t\t\n<\/div>\n\n[\/vc_column_text][\/vc_column][\/vc_row][vc_row full_width=&#8221;stretch_row&#8221; css=&#8221;.vc_custom_1582212341058{background-image: url(http:\/\/volpatolasm.com\/wp-content\/uploads\/2020\/02\/cta.jpg?id=8277) !important;background-position: center !important;background-repeat: no-repeat !important;background-size: cover !important;}&#8221; el_id=&#8221;boxContactUs&#8221;][vc_column][vc_row_inner el_class=&#8221;boxForm&#8221;][vc_column_inner][vc_column_text]<\/p>\n<p style=\"text-align: center;\"><strong>KONTAKTIEREN SIE UNS<\/strong><\/p>\n<p style=\"text-align: center;\">Wenn Sie mehr Informationen \u00fcber die Endbearbeitungsmaschinen f\u00fcr Holz, Aluminium, Kunststoff und Metall sowie andere Materialien und Dienstleistungen von VOLPATO w\u00fcnschen, f\u00fcllen Sie bitte das Kontaktformular aus und in K\u00fcrze werden die Mitarbeiter Ihre Fragen beantworten.<\/p>\n<p>[\/vc_column_text]<div role=\"form\" class=\"wpcf7\" id=\"wpcf7-f8314-o1\" lang=\"it-IT\" dir=\"ltr\">\n<div class=\"screen-reader-response\"><p role=\"status\" aria-live=\"polite\" aria-atomic=\"true\"><\/p> <ul><\/ul><\/div>\n<form action=\"\/de\/wp-json\/wp\/v2\/pages\/6954#wpcf7-f8314-o1\" method=\"post\" class=\"wpcf7-form init\" novalidate=\"novalidate\" data-status=\"init\">\n<div style=\"display: none;\">\n<input type=\"hidden\" name=\"_wpcf7\" value=\"8314\" \/>\n<input type=\"hidden\" name=\"_wpcf7_version\" value=\"5.6.2\" \/>\n<input type=\"hidden\" name=\"_wpcf7_locale\" value=\"it_IT\" \/>\n<input type=\"hidden\" name=\"_wpcf7_unit_tag\" value=\"wpcf7-f8314-o1\" \/>\n<input type=\"hidden\" name=\"_wpcf7_container_post\" value=\"0\" \/>\n<input type=\"hidden\" name=\"_wpcf7_posted_data_hash\" value=\"\" \/>\n<input type=\"hidden\" name=\"_wpcf7_recaptcha_response\" value=\"\" \/>\n<\/div>\n<div class=\"inputBox\">\n<span class=\"wpcf7-form-control-wrap\" data-name=\"nome\"><input type=\"text\" name=\"nome\" value=\"\" size=\"40\" class=\"wpcf7-form-control wpcf7-text wpcf7-validates-as-required\" aria-required=\"true\" aria-invalid=\"false\" placeholder=\"Vor- und Nachname*\" \/><\/span>\n<\/div>\n<div class=\"inputBox\">\n<span class=\"wpcf7-form-control-wrap\" data-name=\"email\"><input type=\"text\" name=\"email\" value=\"\" size=\"40\" class=\"wpcf7-form-control wpcf7-text wpcf7-validates-as-required\" aria-required=\"true\" aria-invalid=\"false\" placeholder=\"E-Mail*\" \/><\/span>\n<\/div>\n<div class=\"inputBox\">\n<span class=\"wpcf7-form-control-wrap\" data-name=\"messaggio\"><input type=\"text\" name=\"messaggio\" value=\"\" size=\"40\" class=\"wpcf7-form-control wpcf7-text wpcf7-validates-as-required\" aria-required=\"true\" aria-invalid=\"false\" placeholder=\"Nachricht*\" \/><\/span>\n<\/div>\n<div class=\"inputBox\">\n<span class=\"wpcf7-form-control-wrap\" data-name=\"privacy\"><span class=\"wpcf7-form-control wpcf7-acceptance\"><span class=\"wpcf7-list-item\"><label><input type=\"checkbox\" name=\"privacy\" value=\"1\" aria-invalid=\"false\" \/><span class=\"wpcf7-list-item-label\">Ich akzeptiere die Verarbeitung von Daten <a href=\"privacy\">(info)*<\/a><\/span><\/label><\/span><\/span><\/span>\n<\/div>\n<div class=\"boxSubmit\">\n<div class=\"inputBox col-12\">\n\t\t<span class=\"wpcf7-form-control-wrap\" data-name=\"newsletter\"><span class=\"wpcf7-form-control wpcf7-acceptance optional\"><span class=\"wpcf7-list-item\"><label><input type=\"checkbox\" name=\"newsletter\" value=\"1\" aria-invalid=\"false\" \/><span class=\"wpcf7-list-item-label\">Registriere dich f\u00fcr unseren Newsletter<\/span><\/label><\/span><\/span><\/span>\n\t<\/div>\n<p><input type=\"submit\" value=\"Einreichen\" class=\"wpcf7-form-control has-spinner wpcf7-submit\" \/>\n<\/p><\/div>\n<div class=\"wpcf7-response-output\" aria-hidden=\"true\"><\/div><\/form><\/div>[\/vc_column_inner][\/vc_row_inner][\/vc_column][\/vc_row]<\/p>\n","protected":false},"excerpt":{"rendered":"<p>[vc_row full_width=&#8221;stretch_row&#8221; css=&#8221;.vc_custom_1582204222215{background-color: #fcfcfc !important;}&#8221; el_id=&#8221;firstRow&#8221;][vc_column][vc_custom_heading text=&#8221;Volpato srl: kundenspezifische Verarbeitungsmaschinen&#8221; font_container=&#8221;tag:h1|text_align:center|color:%23fe0000&#8243; use_theme_fonts=&#8221;yes&#8221; css=&#8221;.vc_custom_1582283422292{margin-bottom: 0px !important;}&#8221;][vc_column_text] VOLPATO ist ein Hersteller von kundenspezifischen Maschinen zum Schleifen von Holzfl\u00e4chen mit Sitz in Campodarsego (PD). Das im Jahre 1957 unter dem Namen LASM Snc gegr\u00fcndete Unternehmen mit Erfahrung auf dem Gebiet des Holzschleifens nimmt eine bedeutende Position im Referenzbereich [&hellip;]<\/p>\n","protected":false},"author":4,"featured_media":0,"parent":0,"menu_order":0,"comment_status":"closed","ping_status":"closed","template":"","meta":[],"yoast_head":"<!-- This site is optimized with the Yoast SEO plugin v19.5.1 - https:\/\/yoast.com\/wordpress\/plugins\/seo\/ -->\n<title>Homepage - Volpato LASM<\/title>\n<meta name=\"description\" content=\"VOLPATO ist ein Hersteller von kundenspezifischen Maschinen zum Schleifen von Holzfl\u00e4chen mit Sitz in Campodarsego (PD). Das im Jahre 1957 unter dem Namen\" \/>\n<meta name=\"robots\" content=\"index, follow, max-snippet:-1, max-image-preview:large, max-video-preview:-1\" \/>\n<link rel=\"canonical\" href=\"https:\/\/volpatolasm.com\/de\/wp-json\/wp\/v2\/pages\/6954\/\" \/>\n<meta property=\"og:locale\" content=\"de_DE\" \/>\n<meta property=\"og:type\" content=\"article\" \/>\n<meta property=\"og:title\" content=\"Homepage - Volpato LASM\" \/>\n<meta property=\"og:description\" content=\"VOLPATO ist ein Hersteller von kundenspezifischen Maschinen zum Schleifen von Holzfl\u00e4chen mit Sitz in Campodarsego (PD). Das im Jahre 1957 unter dem Namen\" \/>\n<meta property=\"og:url\" content=\"https:\/\/volpatolasm.com\/de\/\" \/>\n<meta property=\"og:site_name\" content=\"Volpato LASM\" \/>\n<meta property=\"article:modified_time\" content=\"2020-03-16T13:06:27+00:00\" \/>\n<meta name=\"twitter:card\" content=\"summary_large_image\" \/>\n<meta name=\"twitter:label1\" content=\"Gesch\u00e4tzte Lesezeit\" \/>\n\t<meta name=\"twitter:data1\" content=\"4\u00a0Minuten\" \/>\n<!-- \/ Yoast SEO plugin. -->","yoast_head_json":{"title":"Homepage - Volpato LASM","description":"VOLPATO ist ein Hersteller von kundenspezifischen Maschinen zum Schleifen von Holzfl\u00e4chen mit Sitz in Campodarsego (PD). Das im Jahre 1957 unter dem Namen","robots":{"index":"index","follow":"follow","max-snippet":"max-snippet:-1","max-image-preview":"max-image-preview:large","max-video-preview":"max-video-preview:-1"},"canonical":"https:\/\/volpatolasm.com\/de\/wp-json\/wp\/v2\/pages\/6954\/","og_locale":"de_DE","og_type":"article","og_title":"Homepage - Volpato LASM","og_description":"VOLPATO ist ein Hersteller von kundenspezifischen Maschinen zum Schleifen von Holzfl\u00e4chen mit Sitz in Campodarsego (PD). Das im Jahre 1957 unter dem Namen","og_url":"https:\/\/volpatolasm.com\/de\/","og_site_name":"Volpato LASM","article_modified_time":"2020-03-16T13:06:27+00:00","twitter_card":"summary_large_image","twitter_misc":{"Gesch\u00e4tzte Lesezeit":"4\u00a0Minuten"},"schema":{"@context":"https:\/\/schema.org","@graph":[{"@type":"WebPage","@id":"https:\/\/volpatolasm.com\/de\/","url":"https:\/\/volpatolasm.com\/de\/","name":"Homepage - Volpato LASM","isPartOf":{"@id":"https:\/\/volpatolasm.com\/#website"},"datePublished":"2017-09-13T12:29:58+00:00","dateModified":"2020-03-16T13:06:27+00:00","description":"VOLPATO ist ein Hersteller von kundenspezifischen Maschinen zum Schleifen von Holzfl\u00e4chen mit Sitz in Campodarsego (PD). Das im Jahre 1957 unter dem Namen","breadcrumb":{"@id":"https:\/\/volpatolasm.com\/de\/#breadcrumb"},"inLanguage":"de","potentialAction":[{"@type":"ReadAction","target":["https:\/\/volpatolasm.com\/de\/"]}]},{"@type":"BreadcrumbList","@id":"https:\/\/volpatolasm.com\/de\/#breadcrumb","itemListElement":[{"@type":"ListItem","position":1,"name":"Home","item":"https:\/\/volpatolasm.com\/de\/"},{"@type":"ListItem","position":2,"name":"Homepage"}]},{"@type":"WebSite","@id":"https:\/\/volpatolasm.com\/#website","url":"https:\/\/volpatolasm.com\/","name":"Volpato LASM","description":"","potentialAction":[{"@type":"SearchAction","target":{"@type":"EntryPoint","urlTemplate":"https:\/\/volpatolasm.com\/?s={search_term_string}"},"query-input":"required name=search_term_string"}],"inLanguage":"de"}]}},"_links":{"self":[{"href":"https:\/\/volpatolasm.com\/de\/wp-json\/wp\/v2\/pages\/6954"}],"collection":[{"href":"https:\/\/volpatolasm.com\/de\/wp-json\/wp\/v2\/pages"}],"about":[{"href":"https:\/\/volpatolasm.com\/de\/wp-json\/wp\/v2\/types\/page"}],"author":[{"embeddable":true,"href":"https:\/\/volpatolasm.com\/de\/wp-json\/wp\/v2\/users\/4"}],"replies":[{"embeddable":true,"href":"https:\/\/volpatolasm.com\/de\/wp-json\/wp\/v2\/comments?post=6954"}],"version-history":[{"count":91,"href":"https:\/\/volpatolasm.com\/de\/wp-json\/wp\/v2\/pages\/6954\/revisions"}],"predecessor-version":[{"id":10338,"href":"https:\/\/volpatolasm.com\/de\/wp-json\/wp\/v2\/pages\/6954\/revisions\/10338"}],"wp:attachment":[{"href":"https:\/\/volpatolasm.com\/de\/wp-json\/wp\/v2\/media?parent=6954"}],"curies":[{"name":"wp","href":"https:\/\/api.w.org\/{rel}","templated":true}]}}