{"id":10090,"date":"2020-02-18T14:10:32","date_gmt":"2020-02-18T13:10:32","guid":{"rendered":"https:\/\/www.volpatolasm.com\/case-history-page\/"},"modified":"2020-03-04T09:18:00","modified_gmt":"2020-03-04T08:18:00","slug":"fallbeispiel","status":"publish","type":"page","link":"https:\/\/volpatolasm.com\/de\/fallbeispiel\/","title":{"rendered":"Fallbeispiel"},"content":{"rendered":"<p>[vc_row][vc_column][vc_column_text]<\/p>\n<h2>Die speziellen Bearbeitungsmaschinen von VOLPATO<\/h2>\n<p>Im Laufe seiner Geschichte hat sich das Unternehmen VOLPATO mit der Herstellung von\u00a0<strong>spezialisierten Bearbeitungsmaschinen<\/strong>\u00a0besch\u00e4ftigt, die nach den Bed\u00fcrfnissen und spezifischen Anforderungen der einzelnen Kunden konzipiert wurden. In diesem Abschnitt finden Sie alle Beispiele f\u00fcr kundenspezifische Maschinen, die von dem exzellenten Firmenteam produziert werden, das st\u00e4ndig technologische L\u00f6sungen mit hohem Innovationsgrad entwickelt.[\/vc_column_text][\/vc_column][\/vc_row]<\/p>\n","protected":false},"excerpt":{"rendered":"<p>[vc_row][vc_column][vc_column_text] Die speziellen Bearbeitungsmaschinen von VOLPATO Im Laufe seiner Geschichte hat sich das Unternehmen VOLPATO mit der Herstellung von\u00a0spezialisierten Bearbeitungsmaschinen\u00a0besch\u00e4ftigt, die nach den Bed\u00fcrfnissen und spezifischen Anforderungen der einzelnen Kunden konzipiert wurden. In diesem Abschnitt finden Sie alle Beispiele f\u00fcr kundenspezifische Maschinen, die von dem exzellenten Firmenteam produziert werden, das st\u00e4ndig technologische L\u00f6sungen mit hohem [&hellip;]<\/p>\n","protected":false},"author":4,"featured_media":0,"parent":0,"menu_order":0,"comment_status":"closed","ping_status":"closed","template":"tpl-case-history-list.php","meta":[],"yoast_head":"<!-- This site is optimized with the Yoast SEO plugin v19.5.1 - https:\/\/yoast.com\/wordpress\/plugins\/seo\/ -->\n<title>Fallbeispiel - Volpato LASM<\/title>\n<meta name=\"description\" content=\"Die speziellen Bearbeitungsmaschinen von VOLPATO Im Laufe seiner Geschichte hat sich das Unternehmen VOLPATO mit der Herstellung von\u00a0spezialisierten\" \/>\n<meta name=\"robots\" content=\"index, follow, max-snippet:-1, max-image-preview:large, max-video-preview:-1\" \/>\n<link rel=\"canonical\" href=\"https:\/\/volpatolasm.com\/de\/wp-json\/wp\/v2\/pages\/10090\/\" \/>\n<meta property=\"og:locale\" content=\"de_DE\" \/>\n<meta property=\"og:type\" content=\"article\" \/>\n<meta property=\"og:title\" content=\"Fallbeispiel - Volpato LASM\" \/>\n<meta property=\"og:description\" content=\"Die speziellen Bearbeitungsmaschinen von VOLPATO Im Laufe seiner Geschichte hat sich das Unternehmen VOLPATO mit der Herstellung von\u00a0spezialisierten\" \/>\n<meta property=\"og:url\" content=\"https:\/\/volpatolasm.com\/de\/fallbeispiel\/\" \/>\n<meta property=\"og:site_name\" content=\"Volpato LASM\" \/>\n<meta property=\"article:modified_time\" content=\"2020-03-04T08:18:00+00:00\" \/>\n<meta name=\"twitter:card\" content=\"summary_large_image\" \/>\n<!-- \/ Yoast SEO plugin. -->","yoast_head_json":{"title":"Fallbeispiel - Volpato LASM","description":"Die speziellen Bearbeitungsmaschinen von VOLPATO Im Laufe seiner Geschichte hat sich das Unternehmen VOLPATO mit der Herstellung von\u00a0spezialisierten","robots":{"index":"index","follow":"follow","max-snippet":"max-snippet:-1","max-image-preview":"max-image-preview:large","max-video-preview":"max-video-preview:-1"},"canonical":"https:\/\/volpatolasm.com\/de\/wp-json\/wp\/v2\/pages\/10090\/","og_locale":"de_DE","og_type":"article","og_title":"Fallbeispiel - Volpato LASM","og_description":"Die speziellen Bearbeitungsmaschinen von VOLPATO Im Laufe seiner Geschichte hat sich das Unternehmen VOLPATO mit der Herstellung von\u00a0spezialisierten","og_url":"https:\/\/volpatolasm.com\/de\/fallbeispiel\/","og_site_name":"Volpato LASM","article_modified_time":"2020-03-04T08:18:00+00:00","twitter_card":"summary_large_image","schema":{"@context":"https:\/\/schema.org","@graph":[{"@type":"WebPage","@id":"https:\/\/volpatolasm.com\/de\/fallbeispiel\/","url":"https:\/\/volpatolasm.com\/de\/fallbeispiel\/","name":"Fallbeispiel - Volpato LASM","isPartOf":{"@id":"https:\/\/volpatolasm.com\/#website"},"datePublished":"2020-02-18T13:10:32+00:00","dateModified":"2020-03-04T08:18:00+00:00","description":"Die speziellen Bearbeitungsmaschinen von VOLPATO Im Laufe seiner Geschichte hat sich das Unternehmen VOLPATO mit der Herstellung von\u00a0spezialisierten","breadcrumb":{"@id":"https:\/\/volpatolasm.com\/de\/fallbeispiel\/#breadcrumb"},"inLanguage":"de","potentialAction":[{"@type":"ReadAction","target":["https:\/\/volpatolasm.com\/de\/fallbeispiel\/"]}]},{"@type":"BreadcrumbList","@id":"https:\/\/volpatolasm.com\/de\/fallbeispiel\/#breadcrumb","itemListElement":[{"@type":"ListItem","position":1,"name":"Home","item":"https:\/\/volpatolasm.com\/de\/"},{"@type":"ListItem","position":2,"name":"Fallbeispiel"}]},{"@type":"WebSite","@id":"https:\/\/volpatolasm.com\/#website","url":"https:\/\/volpatolasm.com\/","name":"Volpato LASM","description":"","potentialAction":[{"@type":"SearchAction","target":{"@type":"EntryPoint","urlTemplate":"https:\/\/volpatolasm.com\/?s={search_term_string}"},"query-input":"required name=search_term_string"}],"inLanguage":"de"}]}},"_links":{"self":[{"href":"https:\/\/volpatolasm.com\/de\/wp-json\/wp\/v2\/pages\/10090"}],"collection":[{"href":"https:\/\/volpatolasm.com\/de\/wp-json\/wp\/v2\/pages"}],"about":[{"href":"https:\/\/volpatolasm.com\/de\/wp-json\/wp\/v2\/types\/page"}],"author":[{"embeddable":true,"href":"https:\/\/volpatolasm.com\/de\/wp-json\/wp\/v2\/users\/4"}],"replies":[{"embeddable":true,"href":"https:\/\/volpatolasm.com\/de\/wp-json\/wp\/v2\/comments?post=10090"}],"version-history":[{"count":2,"href":"https:\/\/volpatolasm.com\/de\/wp-json\/wp\/v2\/pages\/10090\/revisions"}],"predecessor-version":[{"id":10098,"href":"https:\/\/volpatolasm.com\/de\/wp-json\/wp\/v2\/pages\/10090\/revisions\/10098"}],"wp:attachment":[{"href":"https:\/\/volpatolasm.com\/de\/wp-json\/wp\/v2\/media?parent=10090"}],"curies":[{"name":"wp","href":"https:\/\/api.w.org\/{rel}","templated":true}]}}